{"id":3675,"date":"2024-09-13T22:39:13","date_gmt":"2024-09-13T14:39:13","guid":{"rendered":"https:\/\/www.jinpinlub.com\/?post_type=product&#038;p=3675"},"modified":"2024-09-13T22:55:23","modified_gmt":"2024-09-13T14:55:23","slug":"sav-2-pozycyjny-zawor-kierunkowy-4-drozny-do-ukladu-dwuliniowego","status":"publish","type":"product","link":"https:\/\/www.jinpinlub.com\/pl\/produkt\/sav-2-pozycyjny-zawor-kierunkowy-4-drozny-do-ukladu-dwuliniowego\/","title":{"rendered":"Zaw\u00f3r kierunkowy 4-dro\u017cny SAV 2-pozycyjny do systemu dwuliniowego"},"content":{"rendered":"<h2>Funkcja<\/h2>\n<p>Zaw\u00f3r kierunkowy 2-pozycyjny 2-dro\u017cny typu SAV wykorzystuje silnik pr\u0105du sta\u0142ego do nap\u0119dzania rdzenia zaworu w celu ruchu. Jest to zintegrowane urz\u0105dzenie steruj\u0105ce z odwracaniem, kt\u00f3re otwiera i zamyka ruroci\u0105g doprowadzaj\u0105cy olej lub zmienia kierunek doprowadzania oleju. Nawet w trudnych warunkach pracy (takich jak smar o niskiej temperaturze lub wysokiej lepko\u015bci) dzia\u0142anie jest nadal do\u015b\u0107 niezawodne. Ten zaw\u00f3r nadaje si\u0119 do stosowania w suchych i cienkich uk\u0142adach centralnego smarowania olejem o ci\u015bnieniu nominalnym poni\u017cej 40 MPa oraz w g\u0142\u00f3wnych ruroci\u0105gach odga\u0142\u0119zie\u0144 uk\u0142ad\u00f3w hydraulicznych. Mo\u017ce by\u0107 r\u00f3wnie\u017c stosowany w trzech typach: 2-pozycyjny 4-dro\u017cny, 2-pozycyjny 3-dro\u017cny i 2-pozycyjny 2-dro\u017cny.<\/p>\n<h2>Specyfikacja<\/h2>\n<table>\n<tbody>\n<tr>\n<td>Model<\/td>\n<td>SAV<\/td>\n<\/tr>\n<tr>\n<td>Ci\u015bnienie robocze<\/td>\n<td>40 MPa<\/td>\n<\/tr>\n<tr>\n<td>Cofanie czasu<\/td>\n<td>0,5 sekundy<\/td>\n<\/tr>\n<tr>\n<td>Moc silnika<\/td>\n<td>40 W<\/td>\n<\/tr>\n<tr>\n<td>Wolta\u017c<\/td>\n<td>220 V AC, 24 V DC<\/td>\n<\/tr>\n<tr>\n<td>Moment obrotowy silnika<\/td>\n<td>20 mil morskich<\/td>\n<\/tr>\n<tr>\n<td>Smar<\/td>\n<td>Smar NLGI 0~3# lub olej \uff1e N68<\/td>\n<\/tr>\n<tr>\n<td>Temperatura pracy<\/td>\n<td>(-20\u2103 ~ +80\u2103)<\/td>\n<\/tr>\n<\/tbody>\n<\/table>\n<h2>Instrukcja<\/h2>\n<p>1. Zaw\u00f3r powinien zosta\u0107 zainstalowany na przednim ko\u0144cu g\u0142\u00f3wnego i odga\u0142\u0119zionego ruroci\u0105gu systemu, w miejscu wentylowanym, suchym i \u0142atwym do sprawdzenia, w kt\u00f3rym nie b\u0119dzie \u017cadnych zak\u0142\u00f3ce\u0144 ze strony ruchomych mechanizm\u00f3w wok\u00f3\u0142 niego.<br \/>\n2. W przypadku stosowania jako zaw\u00f3r dwupozycyjny dwudro\u017cny, otw\u00f3r wylotowy oleju \u201eB\u201d i otw\u00f3r powrotny oleju \u201eR\u201d musz\u0105 by\u0107 zablokowane.<br \/>\n3. W przypadku stosowania jako rozdzielacz tr\u00f3jdro\u017cny dwupozycyjny, wylot oleju \u201eB\u201d musi by\u0107 zablokowany.<br \/>\n4. Pod\u0142\u0105cz przewody sterowania elektronicznego zgodnie z zasad\u0105 przedstawion\u0105 na rysunku powy\u017cej.<\/p>\n<h2>Instrukcje<\/h2>\n<div class=\"sdm_download_button_box_default\"><div class=\"sdm_download_link\"><a href=\"https:\/\/www.jinpinlub.com\/pl\/?sdm_process_download=1&download_id=3659\" class=\"sdm_download white\" title=\"Prywatne: SAV Directional Valve\" target=\"&quot;_blank&quot;\">Wy\u015bwietl arkusz danych - Zaw\u00f3r kierunkowy SAV<\/a><\/div><\/div>","protected":false},"excerpt":{"rendered":"<p>SA-V to dwupozycyjny zaw\u00f3r czterodro\u017cny nap\u0119dzany silnikiem pr\u0105du sta\u0142ego, odpowiedni do uk\u0142ad\u00f3w smarowania i hydraulicznych. Mo\u017ce pracowa\u0107 w trudnych warunkach, takich jak smar o niskiej temperaturze lub wysokiej lepko\u015bci, przy maksymalnym ci\u015bnieniu 40 MPa, czasie prze\u0142\u0105czania 0,5 sekundy.<\/p>","protected":false},"featured_media":3610,"template":"","meta":{"ocean_post_layout":"","ocean_both_sidebars_style":"","ocean_both_sidebars_content_width":0,"ocean_both_sidebars_sidebars_width":0,"ocean_sidebar":"0","ocean_second_sidebar":"0","ocean_disable_margins":"enable","ocean_add_body_class":"","ocean_shortcode_before_top_bar":"","ocean_shortcode_after_top_bar":"","ocean_shortcode_before_header":"","ocean_shortcode_after_header":"","ocean_has_shortcode":"","ocean_shortcode_after_title":"","ocean_shortcode_before_footer_widgets":"","ocean_shortcode_after_footer_widgets":"","ocean_shortcode_before_footer_bottom":"","ocean_shortcode_after_footer_bottom":"","ocean_display_top_bar":"default","ocean_display_header":"default","ocean_header_style":"","ocean_center_header_left_menu":"0","ocean_custom_header_template":"0","ocean_custom_logo":0,"ocean_custom_retina_logo":0,"ocean_custom_logo_max_width":0,"ocean_custom_logo_tablet_max_width":0,"ocean_custom_logo_mobile_max_width":0,"ocean_custom_logo_max_height":0,"ocean_custom_logo_tablet_max_height":0,"ocean_custom_logo_mobile_max_height":0,"ocean_header_custom_menu":"0","ocean_menu_typo_font_family":"0","ocean_menu_typo_font_subset":"","ocean_menu_typo_font_size":0,"ocean_menu_typo_font_size_tablet":0,"ocean_menu_typo_font_size_mobile":0,"ocean_menu_typo_font_size_unit":"px","ocean_menu_typo_font_weight":"","ocean_menu_typo_font_weight_tablet":"","ocean_menu_typo_font_weight_mobile":"","ocean_menu_typo_transform":"","ocean_menu_typo_transform_tablet":"","ocean_menu_typo_transform_mobile":"","ocean_menu_typo_line_height":0,"ocean_menu_typo_line_height_tablet":0,"ocean_menu_typo_line_height_mobile":0,"ocean_menu_typo_line_height_unit":"","ocean_menu_typo_spacing":0,"ocean_menu_typo_spacing_tablet":0,"ocean_menu_typo_spacing_mobile":0,"ocean_menu_typo_spacing_unit":"","ocean_menu_link_color":"","ocean_menu_link_color_hover":"","ocean_menu_link_color_active":"","ocean_menu_link_background":"","ocean_menu_link_hover_background":"","ocean_menu_link_active_background":"","ocean_menu_social_links_bg":"","ocean_menu_social_hover_links_bg":"","ocean_menu_social_links_color":"","ocean_menu_social_hover_links_color":"","ocean_disable_title":"default","ocean_disable_heading":"default","ocean_post_title":"","ocean_post_subheading":"","ocean_post_title_style":"","ocean_post_title_background_color":"","ocean_post_title_background":0,"ocean_post_title_bg_image_position":"","ocean_post_title_bg_image_attachment":"","ocean_post_title_bg_image_repeat":"","ocean_post_title_bg_image_size":"","ocean_post_title_height":0,"ocean_post_title_bg_overlay":0.5,"ocean_post_title_bg_overlay_color":"","ocean_disable_breadcrumbs":"default","ocean_breadcrumbs_color":"","ocean_breadcrumbs_separator_color":"","ocean_breadcrumbs_links_color":"","ocean_breadcrumbs_links_hover_color":"","ocean_display_footer_widgets":"default","ocean_display_footer_bottom":"default","ocean_custom_footer_template":"0","osh_disable_topbar_sticky":"default","osh_disable_header_sticky":"default","osh_sticky_header_style":"default","osh_sticky_header_effect":"","osh_custom_sticky_logo":0,"osh_custom_retina_sticky_logo":0,"osh_custom_sticky_logo_height":0,"osh_background_color":"","osh_links_color":"","osh_links_hover_color":"","osh_links_active_color":"","osh_links_bg_color":"","osh_links_hover_bg_color":"","osh_links_active_bg_color":"","osh_menu_social_links_color":"","osh_menu_social_hover_links_color":""},"product_brand":[],"product_cat":[34,36],"product_tag":[304,303,299],"class_list":{"0":"post-3675","1":"product","2":"type-product","3":"status-publish","4":"has-post-thumbnail","6":"product_cat-dual-line-lubrication-systems","7":"product_cat-dual-line-divider-valves","8":"product_tag-dual-line-reversing-valve","9":"product_tag-lubrication-reversing-valve","10":"product_tag-lubrication-system-reversing-valve","12":"entry","13":"has-media","15":"first","16":"instock","17":"shipping-taxable","18":"product-type-external","19":"col","20":"span_1_of_3","21":"owp-content-center","22":"owp-thumbs-layout-horizontal","23":"owp-btn-very-big","24":"owp-tabs-layout-horizontal"},"_links":{"self":[{"href":"https:\/\/www.jinpinlub.com\/pl\/wp-json\/wp\/v2\/product\/3675","targetHints":{"allow":["GET"]}}],"collection":[{"href":"https:\/\/www.jinpinlub.com\/pl\/wp-json\/wp\/v2\/product"}],"about":[{"href":"https:\/\/www.jinpinlub.com\/pl\/wp-json\/wp\/v2\/types\/product"}],"wp:featuredmedia":[{"embeddable":true,"href":"https:\/\/www.jinpinlub.com\/pl\/wp-json\/wp\/v2\/media\/3610"}],"wp:attachment":[{"href":"https:\/\/www.jinpinlub.com\/pl\/wp-json\/wp\/v2\/media?parent=3675"}],"wp:term":[{"taxonomy":"product_brand","embeddable":true,"href":"https:\/\/www.jinpinlub.com\/pl\/wp-json\/wp\/v2\/product_brand?post=3675"},{"taxonomy":"product_cat","embeddable":true,"href":"https:\/\/www.jinpinlub.com\/pl\/wp-json\/wp\/v2\/product_cat?post=3675"},{"taxonomy":"product_tag","embeddable":true,"href":"https:\/\/www.jinpinlub.com\/pl\/wp-json\/wp\/v2\/product_tag?post=3675"}],"curies":[{"name":"wp","href":"https:\/\/api.w.org\/{rel}","templated":true}]}}