{"id":3677,"date":"2024-09-13T22:58:55","date_gmt":"2024-09-13T14:58:55","guid":{"rendered":"https:\/\/www.jinpinlub.com\/?post_type=product&#038;p=3677"},"modified":"2024-09-13T23:20:47","modified_gmt":"2024-09-13T15:20:47","slug":"zawor-elektromagnetyczny-sv-do-dwuliniowej-pompy-smarowniczej","status":"publish","type":"product","link":"https:\/\/www.jinpinlub.com\/pl\/product\/sv-solenoid-directional-valve-for-dual-line-lubrication-pump\/","title":{"rendered":"Zaw\u00f3r elektromagnetyczny kierunkowy SV do pompy smaruj\u0105cej dwuliniowej"},"content":{"rendered":"<h2>Funkcja<\/h2>\n<p>Jest stosowany w elektrycznym systemie smarowania terminali. Skrzynka sterownicza elektryczna odbiera sygna\u0142 z zaworu regulacji ci\u015bnienia i steruje zaworem, aby zrealizowa\u0107 naprzemienne zasilanie i otwieranie dw\u00f3ch g\u0142\u00f3wnych linii.<br \/>\nCylindryczna konstrukcja zaworu suwakowego zosta\u0142a przyj\u0119ta, aby port zaworu otwiera\u0142 si\u0119 i zamyka\u0142 szczelnie, a tak\u017ce utrzymywa\u0142 wysokie ci\u015bnienie bez wyciek\u00f3w. Mocny elektromagnes i bufor spr\u0119\u017cynowy sprawiaj\u0105, \u017ce prze\u0142\u0105czanie jest niezawodne.<\/p>\n<h2>Specyfikacja<\/h2>\n<table>\n<tbody>\n<tr>\n<td>Model<\/td>\n<td>SV<\/td>\n<\/tr>\n<tr>\n<td>Ci\u015bnienie robocze<\/td>\n<td>20 MPa<\/td>\n<\/tr>\n<tr>\n<td>Port powrotny<\/td>\n<td>10MPa<\/td>\n<\/tr>\n<tr>\n<td>Przep\u0142yw<\/td>\n<td>3L\/min<\/td>\n<\/tr>\n<tr>\n<td>Prze\u0142\u0105czanie<\/td>\n<td>30 cykli\/min<\/td>\n<\/tr>\n<tr>\n<td>Wolta\u017c<\/td>\n<td>220 V AC, 24 V DC<\/td>\n<\/tr>\n<tr>\n<td>Moment obrotowy silnika<\/td>\n<td>20 mil morskich<\/td>\n<\/tr>\n<tr>\n<td>Smar<\/td>\n<td>Smar NLGI 0~1# lub olej \uff1e N68<\/td>\n<\/tr>\n<tr>\n<td>Temperatura pracy<\/td>\n<td>0~50\u2103<\/td>\n<\/tr>\n<tr>\n<td>Typ spr\u0119\u017cynowy<\/td>\n<td>Odszkodowanie<\/td>\n<\/tr>\n<\/tbody>\n<\/table>\n<h2>Aplikacja<\/h2>\n<p>Uk\u0142ad hydrauliczny: Uk\u0142ad SV s\u0142u\u017cy do sterowania kierunkiem ruchu cylindr\u00f3w hydraulicznych i silnik\u00f3w hydraulicznych. Jest powszechnie stosowany w obrabiarkach, sprz\u0119cie metalurgicznym i maszynach in\u017cynieryjnych.<br \/>\nUk\u0142ad smarowania: Elektromagnetyczne zawory odwracaj\u0105ce SV s\u0105 zwykle stosowane w dwuliniowych uk\u0142adach smarowania w celu sterowania naprzemiennym dop\u0142ywem oleju do dw\u00f3ch g\u0142\u00f3wnych przewod\u00f3w smarowniczych.<br \/>\nAutomatyka przemys\u0142owa: W zautomatyzowanych liniach produkcyjnych SV stosuje si\u0119 w po\u0142\u0105czeniu z czujnikami i si\u0142ownikami w celu zapewnienia precyzyjnej kontroli przep\u0142yw\u00f3w proces\u00f3w.<\/p>\n<h2>Instrukcje<\/h2>\n<div class=\"sdm_download_button_box_default\"><div class=\"sdm_download_link\"><a href=\"https:\/\/www.jinpinlub.com\/pl\/?sdm_process_download=1&download_id=3660\" class=\"sdm_download white\" title=\"Prywatne: SV Solenoid Valve\" target=\"&quot;_blank&quot;\">Zobacz arkusz danych - Zaw\u00f3r elektromagnetyczny SV<\/a><\/div><\/div>","protected":false},"excerpt":{"rendered":"<p>SV to zaw\u00f3r stosowany w centralnym systemie smarowania terminali elektrycznych, zwykle u\u017cywany do sterowania naprzemiennym dop\u0142ywem oleju do 2 g\u0142\u00f3wnych linii i ma sterowanie zaworem odwracaj\u0105cym 4\/3 elektrozaworu. Jego konstrukcja umo\u017cliwia utrzymanie stabilnej wydajno\u015bci przy pracy pod wysokim ci\u015bnieniem.<\/p>","protected":false},"featured_media":3614,"template":"","meta":{"ocean_post_layout":"","ocean_both_sidebars_style":"","ocean_both_sidebars_content_width":0,"ocean_both_sidebars_sidebars_width":0,"ocean_sidebar":"0","ocean_second_sidebar":"0","ocean_disable_margins":"enable","ocean_add_body_class":"","ocean_shortcode_before_top_bar":"","ocean_shortcode_after_top_bar":"","ocean_shortcode_before_header":"","ocean_shortcode_after_header":"","ocean_has_shortcode":"","ocean_shortcode_after_title":"","ocean_shortcode_before_footer_widgets":"","ocean_shortcode_after_footer_widgets":"","ocean_shortcode_before_footer_bottom":"","ocean_shortcode_after_footer_bottom":"","ocean_display_top_bar":"default","ocean_display_header":"default","ocean_header_style":"","ocean_center_header_left_menu":"0","ocean_custom_header_template":"0","ocean_custom_logo":0,"ocean_custom_retina_logo":0,"ocean_custom_logo_max_width":0,"ocean_custom_logo_tablet_max_width":0,"ocean_custom_logo_mobile_max_width":0,"ocean_custom_logo_max_height":0,"ocean_custom_logo_tablet_max_height":0,"ocean_custom_logo_mobile_max_height":0,"ocean_header_custom_menu":"0","ocean_menu_typo_font_family":"0","ocean_menu_typo_font_subset":"","ocean_menu_typo_font_size":0,"ocean_menu_typo_font_size_tablet":0,"ocean_menu_typo_font_size_mobile":0,"ocean_menu_typo_font_size_unit":"px","ocean_menu_typo_font_weight":"","ocean_menu_typo_font_weight_tablet":"","ocean_menu_typo_font_weight_mobile":"","ocean_menu_typo_transform":"","ocean_menu_typo_transform_tablet":"","ocean_menu_typo_transform_mobile":"","ocean_menu_typo_line_height":0,"ocean_menu_typo_line_height_tablet":0,"ocean_menu_typo_line_height_mobile":0,"ocean_menu_typo_line_height_unit":"","ocean_menu_typo_spacing":0,"ocean_menu_typo_spacing_tablet":0,"ocean_menu_typo_spacing_mobile":0,"ocean_menu_typo_spacing_unit":"","ocean_menu_link_color":"","ocean_menu_link_color_hover":"","ocean_menu_link_color_active":"","ocean_menu_link_background":"","ocean_menu_link_hover_background":"","ocean_menu_link_active_background":"","ocean_menu_social_links_bg":"","ocean_menu_social_hover_links_bg":"","ocean_menu_social_links_color":"","ocean_menu_social_hover_links_color":"","ocean_disable_title":"default","ocean_disable_heading":"default","ocean_post_title":"","ocean_post_subheading":"","ocean_post_title_style":"","ocean_post_title_background_color":"","ocean_post_title_background":0,"ocean_post_title_bg_image_position":"","ocean_post_title_bg_image_attachment":"","ocean_post_title_bg_image_repeat":"","ocean_post_title_bg_image_size":"","ocean_post_title_height":0,"ocean_post_title_bg_overlay":0.5,"ocean_post_title_bg_overlay_color":"","ocean_disable_breadcrumbs":"default","ocean_breadcrumbs_color":"","ocean_breadcrumbs_separator_color":"","ocean_breadcrumbs_links_color":"","ocean_breadcrumbs_links_hover_color":"","ocean_display_footer_widgets":"default","ocean_display_footer_bottom":"default","ocean_custom_footer_template":"0","osh_disable_topbar_sticky":"default","osh_disable_header_sticky":"default","osh_sticky_header_style":"default","osh_sticky_header_effect":"","osh_custom_sticky_logo":0,"osh_custom_retina_sticky_logo":0,"osh_custom_sticky_logo_height":0,"osh_background_color":"","osh_links_color":"","osh_links_hover_color":"","osh_links_active_color":"","osh_links_bg_color":"","osh_links_hover_bg_color":"","osh_links_active_bg_color":"","osh_menu_social_links_color":"","osh_menu_social_hover_links_color":""},"product_brand":[],"product_cat":[36,34],"product_tag":[297,305,306],"class_list":{"0":"post-3677","1":"product","2":"type-product","3":"status-publish","4":"has-post-thumbnail","6":"product_cat-dual-line-divider-valves","7":"product_cat-dual-line-lubrication-systems","8":"product_tag-hydraulic-reversing-valve","9":"product_tag-hydraulic-solenoid-valve","10":"product_tag-lubrication-solenoid-valve","12":"entry","13":"has-media","15":"first","16":"instock","17":"shipping-taxable","18":"product-type-external","19":"col","20":"span_1_of_3","21":"owp-content-center","22":"owp-thumbs-layout-horizontal","23":"owp-btn-very-big","24":"owp-tabs-layout-horizontal"},"_links":{"self":[{"href":"https:\/\/www.jinpinlub.com\/pl\/wp-json\/wp\/v2\/product\/3677","targetHints":{"allow":["GET"]}}],"collection":[{"href":"https:\/\/www.jinpinlub.com\/pl\/wp-json\/wp\/v2\/product"}],"about":[{"href":"https:\/\/www.jinpinlub.com\/pl\/wp-json\/wp\/v2\/types\/product"}],"wp:featuredmedia":[{"embeddable":true,"href":"https:\/\/www.jinpinlub.com\/pl\/wp-json\/wp\/v2\/media\/3614"}],"wp:attachment":[{"href":"https:\/\/www.jinpinlub.com\/pl\/wp-json\/wp\/v2\/media?parent=3677"}],"wp:term":[{"taxonomy":"product_brand","embeddable":true,"href":"https:\/\/www.jinpinlub.com\/pl\/wp-json\/wp\/v2\/product_brand?post=3677"},{"taxonomy":"product_cat","embeddable":true,"href":"https:\/\/www.jinpinlub.com\/pl\/wp-json\/wp\/v2\/product_cat?post=3677"},{"taxonomy":"product_tag","embeddable":true,"href":"https:\/\/www.jinpinlub.com\/pl\/wp-json\/wp\/v2\/product_tag?post=3677"}],"curies":[{"name":"wp","href":"https:\/\/api.w.org\/{rel}","templated":true}]}}