{"id":3680,"date":"2024-09-13T23:48:18","date_gmt":"2024-09-13T15:48:18","guid":{"rendered":"https:\/\/www.jinpinlub.com\/?post_type=product&#038;p=3680"},"modified":"2024-09-14T00:10:57","modified_gmt":"2024-09-13T16:10:57","slug":"zawory-dozujace-vskv-kr-do-dwuliniowych-ukladow-smarowania","status":"publish","type":"product","link":"https:\/\/www.jinpinlub.com\/pl\/product\/vskv-kr-metering-valves-for-dual-line-lubrication-systems\/","title":{"rendered":"Zawory dozuj\u0105ce VSKV-KR do dwuliniowych system\u00f3w smarowania"},"content":{"rendered":"<h2>Funkcja<\/h2>\n<p>Prz\u00f3d rozdzielacza dwuliniowego VSKV-KR jest wyposa\u017cony w g\u00f3rne i dolne otwory wylotowe. Gdy t\u0142ok rozdzielacza porusza si\u0119 w obu kierunkach, smar jest odprowadzany odpowiednio z g\u00f3rnego i dolnego otworu. Warunki pracy rozdzielacza mo\u017cna r\u00f3wnie\u017c bezpo\u015brednio obserwowa\u0107 na podstawie dzia\u0142ania pr\u0119ta wska\u017anikowego, nat\u0119\u017cenie przep\u0142ywu wylotowego mo\u017cna regulowa\u0107 w okre\u015blonym zakresie, reguluj\u0105c \u015brub\u0119.<br \/>\nVSKV-KR nadaje si\u0119 do centralnego uk\u0142adu smarowania smarem dwuliniowym 40 MPa. Pod naprzemiennym ci\u015bnieniem dw\u00f3ch g\u0142\u00f3wnych linii steruje t\u0142okiem, aby si\u0119 porusza\u0142 i roz\u0142adowywa\u0142, i rozprowadza smar ilo\u015bciowo do punkt\u00f3w smarowania.<\/p>\n<h2>Specyfikacja<\/h2>\n<table>\n<tbody>\n<tr>\n<td>Model<\/td>\n<td>WSKV-KR<\/td>\n<\/tr>\n<tr>\n<td>Ci\u015bnienie robocze<\/td>\n<td>40 MPa<\/td>\n<\/tr>\n<tr>\n<td>Ci\u015bnienie akcji<\/td>\n<td>\u22641,5 MPa<\/td>\n<\/tr>\n<tr>\n<td>Znamionowe roz\u0142adowanie<\/td>\n<td>0 ~ 1,5 ml\/cykl<\/td>\n<\/tr>\n<tr>\n<td>Regulacja przep\u0142ywu \u015bruby<\/td>\n<td>0,05 ml\/k\u00f3\u0142ko<\/td>\n<\/tr>\n<tr>\n<td>Liczba wyj\u015b\u0107<\/td>\n<td>2~8<\/td>\n<\/tr>\n<tr>\n<td>Smar<\/td>\n<td>Smar NLGI 0~2# lub olej \uff1e N68<\/td>\n<\/tr>\n<tr>\n<td>Temperatura pracy<\/td>\n<td>(-10 \u2103 ~ 80 \u2103)<\/td>\n<\/tr>\n<\/tbody>\n<\/table>\n<h2>Aplikacja<\/h2>\n<p>Cementownia: Podczas produkcji cementu smarowanie rozdzielacza VSKV-KR zapewnia p\u0142ynn\u0105 prac\u0119 maszyny i zmniejsza zu\u017cycie.<br \/>\nKoparka g\u00f3rnicza: Sprz\u0119t g\u00f3rniczy zwykle pracuje w trudnych warunkach, a uk\u0142ad smarowania zaworu dozuj\u0105cego VSKV-KR mo\u017ce wyd\u0142u\u017cy\u0107 \u017cywotno\u015b\u0107 sprz\u0119tu.<br \/>\nHuta stali: Sprz\u0119t do produkcji stali musi pracowa\u0107 w warunkach wysokiej temperatury i wysokiego ci\u015bnienia, a rozdzielacz VSKV-KR mo\u017ce zapewni\u0107 precyzyjne smarowanie, gwarantuj\u0105c wydajn\u0105 prac\u0119 sprz\u0119tu.<\/p>\n<h2>Instrukcje<\/h2>\n<div class=\"sdm_download_button_box_default\"><div class=\"sdm_download_link\"><a href=\"https:\/\/www.jinpinlub.com\/pl\/?sdm_process_download=1&download_id=3663\" class=\"sdm_download white\" title=\"Prywatne: VSKV-KR Distributor\" target=\"&quot;_blank&quot;\">Zobacz arkusz danych - Dystrybutor VSKV-KR<\/a><\/div><\/div>","protected":false},"excerpt":{"rendered":"<p>Zawory dozuj\u0105ce VSKV-KR s\u0105 przeznaczone do dwuliniowych uk\u0142ad\u00f3w smarowania i nadaj\u0105 si\u0119 do zastosowa\u0144 przemys\u0142owych, takich jak cementownie, koparki g\u00f3rnicze i huty stali. Wykonane s\u0105 ze stali ocynkowanej, wytrzymuj\u0105 ci\u015bnienie do 400 bar\u00f3w.<\/p>","protected":false},"featured_media":3624,"template":"","meta":{"ocean_post_layout":"","ocean_both_sidebars_style":"","ocean_both_sidebars_content_width":0,"ocean_both_sidebars_sidebars_width":0,"ocean_sidebar":"0","ocean_second_sidebar":"0","ocean_disable_margins":"enable","ocean_add_body_class":"","ocean_shortcode_before_top_bar":"","ocean_shortcode_after_top_bar":"","ocean_shortcode_before_header":"","ocean_shortcode_after_header":"","ocean_has_shortcode":"","ocean_shortcode_after_title":"","ocean_shortcode_before_footer_widgets":"","ocean_shortcode_after_footer_widgets":"","ocean_shortcode_before_footer_bottom":"","ocean_shortcode_after_footer_bottom":"","ocean_display_top_bar":"default","ocean_display_header":"default","ocean_header_style":"","ocean_center_header_left_menu":"0","ocean_custom_header_template":"0","ocean_custom_logo":0,"ocean_custom_retina_logo":0,"ocean_custom_logo_max_width":0,"ocean_custom_logo_tablet_max_width":0,"ocean_custom_logo_mobile_max_width":0,"ocean_custom_logo_max_height":0,"ocean_custom_logo_tablet_max_height":0,"ocean_custom_logo_mobile_max_height":0,"ocean_header_custom_menu":"0","ocean_menu_typo_font_family":"0","ocean_menu_typo_font_subset":"","ocean_menu_typo_font_size":0,"ocean_menu_typo_font_size_tablet":0,"ocean_menu_typo_font_size_mobile":0,"ocean_menu_typo_font_size_unit":"px","ocean_menu_typo_font_weight":"","ocean_menu_typo_font_weight_tablet":"","ocean_menu_typo_font_weight_mobile":"","ocean_menu_typo_transform":"","ocean_menu_typo_transform_tablet":"","ocean_menu_typo_transform_mobile":"","ocean_menu_typo_line_height":0,"ocean_menu_typo_line_height_tablet":0,"ocean_menu_typo_line_height_mobile":0,"ocean_menu_typo_line_height_unit":"","ocean_menu_typo_spacing":0,"ocean_menu_typo_spacing_tablet":0,"ocean_menu_typo_spacing_mobile":0,"ocean_menu_typo_spacing_unit":"","ocean_menu_link_color":"","ocean_menu_link_color_hover":"","ocean_menu_link_color_active":"","ocean_menu_link_background":"","ocean_menu_link_hover_background":"","ocean_menu_link_active_background":"","ocean_menu_social_links_bg":"","ocean_menu_social_hover_links_bg":"","ocean_menu_social_links_color":"","ocean_menu_social_hover_links_color":"","ocean_disable_title":"default","ocean_disable_heading":"default","ocean_post_title":"","ocean_post_subheading":"","ocean_post_title_style":"","ocean_post_title_background_color":"","ocean_post_title_background":0,"ocean_post_title_bg_image_position":"","ocean_post_title_bg_image_attachment":"","ocean_post_title_bg_image_repeat":"","ocean_post_title_bg_image_size":"","ocean_post_title_height":0,"ocean_post_title_bg_overlay":0.5,"ocean_post_title_bg_overlay_color":"","ocean_disable_breadcrumbs":"default","ocean_breadcrumbs_color":"","ocean_breadcrumbs_separator_color":"","ocean_breadcrumbs_links_color":"","ocean_breadcrumbs_links_hover_color":"","ocean_display_footer_widgets":"default","ocean_display_footer_bottom":"default","ocean_custom_footer_template":"0","osh_disable_topbar_sticky":"default","osh_disable_header_sticky":"default","osh_sticky_header_style":"default","osh_sticky_header_effect":"","osh_custom_sticky_logo":0,"osh_custom_retina_sticky_logo":0,"osh_custom_sticky_logo_height":0,"osh_background_color":"","osh_links_color":"","osh_links_hover_color":"","osh_links_active_color":"","osh_links_bg_color":"","osh_links_hover_bg_color":"","osh_links_active_bg_color":"","osh_menu_social_links_color":"","osh_menu_social_hover_links_color":""},"product_brand":[],"product_cat":[36,34],"product_tag":[302,312,301],"class_list":{"0":"post-3680","1":"product","2":"type-product","3":"status-publish","4":"has-post-thumbnail","6":"product_cat-dual-line-divider-valves","7":"product_cat-dual-line-lubrication-systems","8":"product_tag-dual-line-grease-distributor","9":"product_tag-dual-line-lubrication-distributor","10":"product_tag-dual-line-metering-valve","12":"entry","13":"has-media","15":"first","16":"instock","17":"shipping-taxable","18":"product-type-external","19":"col","20":"span_1_of_3","21":"owp-content-center","22":"owp-thumbs-layout-horizontal","23":"owp-btn-very-big","24":"owp-tabs-layout-horizontal"},"_links":{"self":[{"href":"https:\/\/www.jinpinlub.com\/pl\/wp-json\/wp\/v2\/product\/3680","targetHints":{"allow":["GET"]}}],"collection":[{"href":"https:\/\/www.jinpinlub.com\/pl\/wp-json\/wp\/v2\/product"}],"about":[{"href":"https:\/\/www.jinpinlub.com\/pl\/wp-json\/wp\/v2\/types\/product"}],"wp:featuredmedia":[{"embeddable":true,"href":"https:\/\/www.jinpinlub.com\/pl\/wp-json\/wp\/v2\/media\/3624"}],"wp:attachment":[{"href":"https:\/\/www.jinpinlub.com\/pl\/wp-json\/wp\/v2\/media?parent=3680"}],"wp:term":[{"taxonomy":"product_brand","embeddable":true,"href":"https:\/\/www.jinpinlub.com\/pl\/wp-json\/wp\/v2\/product_brand?post=3680"},{"taxonomy":"product_cat","embeddable":true,"href":"https:\/\/www.jinpinlub.com\/pl\/wp-json\/wp\/v2\/product_cat?post=3680"},{"taxonomy":"product_tag","embeddable":true,"href":"https:\/\/www.jinpinlub.com\/pl\/wp-json\/wp\/v2\/product_tag?post=3680"}],"curies":[{"name":"wp","href":"https:\/\/api.w.org\/{rel}","templated":true}]}}