{"id":3685,"date":"2024-09-14T00:12:37","date_gmt":"2024-09-13T16:12:37","guid":{"rendered":"https:\/\/www.jinpinlub.com\/?post_type=product&#038;p=3685"},"modified":"2024-09-14T00:24:20","modified_gmt":"2024-09-13T16:24:20","slug":"rozdzielacz-dwuliniowy-zv-b-do-dwuliniowego-ukladu-smarowania","status":"publish","type":"product","link":"https:\/\/www.jinpinlub.com\/pl\/product\/zv-b-dual-line-distributor-for-dual-line-lubrication-system\/","title":{"rendered":"Rozdzielacz dwuliniowy ZV-B do dwuliniowego uk\u0142adu smarowania"},"content":{"rendered":"<h2>Funkcja<\/h2>\n<p>Rozdzielacz dwuprzewodowy ZVB nadaje si\u0119 do dwuliniowych system\u00f3w smarowania smarem lub olejem 40 MPa. Rozdzielacz mo\u017cna zainstalowa\u0107 z trzema opcjami: \u015bruba dozuj\u0105ca, urz\u0105dzenie regulacyjne i wska\u017anik ruchu.<br \/>\n1. W przypadku ZVB z ryglami pomiarowymi nie mo\u017cna regulowa\u0107 obj\u0119to\u015bci pomiarowej. Obj\u0119to\u015b\u0107 pomiarow\u0105 mo\u017cna zmieni\u0107 tylko poprzez wybranie innego indeksu rygla pomiarowego.<br \/>\n2. ZVB z urz\u0105dzeniem regulacyjnym. Dozowana obj\u0119to\u015b\u0107 mo\u017ce by\u0107 regulowana od zera do zakresu znamionowego. Mo\u017cna oceni\u0107, czy dystrybutor dzia\u0142a prawid\u0142owo, obserwuj\u0105c urz\u0105dzenie regulacyjne.<br \/>\n3. ZVB ze wska\u017anikiem ruchu mo\u017ce regulowa\u0107 mierzon\u0105 g\u0142o\u015bno\u015b\u0107 w zakresie od zera do zakresu znamionowego i mo\u017ce kontrolowa\u0107 mierzon\u0105 g\u0142o\u015bno\u015b\u0107, wysy\u0142aj\u0105c sygna\u0142 przez prze\u0142\u0105cznik monitoruj\u0105cy. Ka\u017cdy dystrybutor mo\u017ce by\u0107 wyposa\u017cony tylko w jedno urz\u0105dzenie regulacyjne.<\/p>\n<h2>Specyfikacja<\/h2>\n<table>\n<tbody>\n<tr>\n<td>Model<\/td>\n<td>ZV-B<\/td>\n<\/tr>\n<tr>\n<td>Ci\u015bnienie robocze<\/td>\n<td>40 MPa<\/td>\n<\/tr>\n<tr>\n<td>Ci\u015bnienie akcji<\/td>\n<td>\u22641,0 MPa<\/td>\n<\/tr>\n<tr>\n<td>Wyj\u015bcie t\u0142oka<\/td>\n<td>0,3 ml<\/td>\n<\/tr>\n<tr>\n<td>Wypisa\u0107<\/td>\n<td>0,5, 1,5, 3,0 ml\/cykl<\/td>\n<\/tr>\n<tr>\n<td>Liczba wyj\u015b\u0107<\/td>\n<td>2~8<\/td>\n<\/tr>\n<tr>\n<td>Smar<\/td>\n<td>Smar NLGI 0~3# lub olej \uff1e N68<\/td>\n<\/tr>\n<tr>\n<td>Temperatura pracy<\/td>\n<td>(-20 \u2103 ~ 80 \u2103)<\/td>\n<\/tr>\n<\/tbody>\n<\/table>\n<h2>Instrukcja<\/h2>\n<p>1. W przypadku stosowania w \u015brodowisku zakurzonym, wilgotnym i trudnym, urz\u0105dzenie powinno by\u0107 wyposa\u017cone w os\u0142on\u0119 ochronn\u0105.<br \/>\n2. W systemie dwuprzewodowym preferowana jest metoda instalacji r\u00f3wnoleg\u0142ej. Po drugie, stosowana jest metoda instalacji szeregowej, a dwa wtyki G3\/8 na wlocie po jednej stronie musz\u0105 zosta\u0107 usuni\u0119te. Maksymalna liczba po\u0142\u0105cze\u0144 szeregowych nie mo\u017ce przekroczy\u0107 dw\u00f3ch i w razie potrzeby mo\u017cna je instalowa\u0107 r\u00f3wnolegle i szeregowo.<br \/>\n3. W przypadku ZVB-S nie ma mo\u017cliwo\u015bci regulacji obj\u0119to\u015bci za pomoc\u0105 \u015bruby dozuj\u0105cej, do zmiany \u015bruby dozuj\u0105cej mo\u017cna wybra\u0107 tylko \u015brub\u0119 dozuj\u0105c\u0105 o innym indeksie.<br \/>\n4. W przypadku ZVB-M z urz\u0105dzeniem regulacyjnym, regulacja g\u0142o\u015bno\u015bci dozowanej powinna odbywa\u0107 si\u0119 poprzez obr\u00f3t \u015bruby regulacyjnej ogranicznika, gdy pr\u0119t jest wsuni\u0119ty.<br \/>\n5. W przypadku ZVB-L ze wska\u017anikiem ruchu regulacj\u0119 g\u0142o\u015bno\u015bci dozowanej nale\u017cy przeprowadza\u0107 przy cofni\u0119tej d\u017awigni wska\u017anika.<br \/>\n6. Je\u015bli liczba wyj\u015b\u0107 musi by\u0107 nieparzysta, wykr\u0119\u0107 \u015bruby pomi\u0119dzy odpowiednimi wyj\u015bciami i zablokuj wyj\u015bcie, kt\u00f3re nie jest u\u017cywane, za pomoc\u0105 kork\u00f3w G1\/4\u201d. Wyj\u015bcia g\u00f3rne i dolne s\u0105 po\u0142\u0105czone, a ruchy t\u0142oka do przodu i do ty\u0142u s\u0105 odprowadzane z tego wyj\u015bcia.<br \/>\n7. Aby u\u0142atwi\u0107 demonta\u017c, najlepiej wygi\u0105\u0107 ruroci\u0105g od ZVB do punkt\u00f3w smarowania pod k\u0105tem 90\u00b0 lub zastosowa\u0107 z\u0142\u0105cze tulejowe.<br \/>\n8. Powierzchnia monta\u017cowa dystrybutora powinna by\u0107 g\u0142adka i p\u0142aska, a \u015bruby monta\u017cowe nie powinny by\u0107 dokr\u0119cane zbyt mocno, aby unikn\u0105\u0107 odkszta\u0142ce\u0144 i wp\u0142ywu na normaln\u0105 prac\u0119 urz\u0105dzenia podczas u\u017cytkowania.<br \/>\n9. Zaleca si\u0119 stosowanie \u015brub GB70-85 M60 x 50 do monta\u017cu i mocowania ZVB-S i ZVB-M. Pomi\u0119dzy powierzchniami monta\u017cowymi ZVB-L nale\u017cy umie\u015bci\u0107 p\u0142yt\u0119 bazow\u0105 o grubo\u015bci 30 mm, a do monta\u017cu i mocowania nale\u017cy u\u017cy\u0107 specjalnych \u015brub GB70-85 M6 x 85.<\/p>\n<h2>Instrukcje<\/h2>\n<div class=\"sdm_download_button_box_default\"><div class=\"sdm_download_link\"><a href=\"https:\/\/www.jinpinlub.com\/pl\/?sdm_process_download=1&download_id=3665\" class=\"sdm_download white\" title=\"Prywatne: ZVB Distributor\" target=\"&quot;_blank&quot;\">Zobacz arkusz danych - Dystrybutor ZVB<\/a><\/div><\/div>","protected":false},"excerpt":{"rendered":"<p>Rozdzielacz ZV-B jest stosowany w dwuliniowych systemach centralnego smarowania i nadaje si\u0119 do oleju i smaru. Mierzy i dostarcza smary do punkt\u00f3w smarowania niezale\u017cnie od ci\u015bnienia zwrotnego. Funkcje obejmuj\u0105 do 8 wyj\u015b\u0107, obj\u0119to\u015bci dozowania od 0,5 do 3,0 ml\/cykl.<\/p>","protected":false},"featured_media":3635,"template":"","meta":{"ocean_post_layout":"","ocean_both_sidebars_style":"","ocean_both_sidebars_content_width":0,"ocean_both_sidebars_sidebars_width":0,"ocean_sidebar":"0","ocean_second_sidebar":"0","ocean_disable_margins":"enable","ocean_add_body_class":"","ocean_shortcode_before_top_bar":"","ocean_shortcode_after_top_bar":"","ocean_shortcode_before_header":"","ocean_shortcode_after_header":"","ocean_has_shortcode":"","ocean_shortcode_after_title":"","ocean_shortcode_before_footer_widgets":"","ocean_shortcode_after_footer_widgets":"","ocean_shortcode_before_footer_bottom":"","ocean_shortcode_after_footer_bottom":"","ocean_display_top_bar":"default","ocean_display_header":"default","ocean_header_style":"","ocean_center_header_left_menu":"0","ocean_custom_header_template":"0","ocean_custom_logo":0,"ocean_custom_retina_logo":0,"ocean_custom_logo_max_width":0,"ocean_custom_logo_tablet_max_width":0,"ocean_custom_logo_mobile_max_width":0,"ocean_custom_logo_max_height":0,"ocean_custom_logo_tablet_max_height":0,"ocean_custom_logo_mobile_max_height":0,"ocean_header_custom_menu":"0","ocean_menu_typo_font_family":"0","ocean_menu_typo_font_subset":"","ocean_menu_typo_font_size":0,"ocean_menu_typo_font_size_tablet":0,"ocean_menu_typo_font_size_mobile":0,"ocean_menu_typo_font_size_unit":"px","ocean_menu_typo_font_weight":"","ocean_menu_typo_font_weight_tablet":"","ocean_menu_typo_font_weight_mobile":"","ocean_menu_typo_transform":"","ocean_menu_typo_transform_tablet":"","ocean_menu_typo_transform_mobile":"","ocean_menu_typo_line_height":0,"ocean_menu_typo_line_height_tablet":0,"ocean_menu_typo_line_height_mobile":0,"ocean_menu_typo_line_height_unit":"","ocean_menu_typo_spacing":0,"ocean_menu_typo_spacing_tablet":0,"ocean_menu_typo_spacing_mobile":0,"ocean_menu_typo_spacing_unit":"","ocean_menu_link_color":"","ocean_menu_link_color_hover":"","ocean_menu_link_color_active":"","ocean_menu_link_background":"","ocean_menu_link_hover_background":"","ocean_menu_link_active_background":"","ocean_menu_social_links_bg":"","ocean_menu_social_hover_links_bg":"","ocean_menu_social_links_color":"","ocean_menu_social_hover_links_color":"","ocean_disable_title":"default","ocean_disable_heading":"default","ocean_post_title":"","ocean_post_subheading":"","ocean_post_title_style":"","ocean_post_title_background_color":"","ocean_post_title_background":0,"ocean_post_title_bg_image_position":"","ocean_post_title_bg_image_attachment":"","ocean_post_title_bg_image_repeat":"","ocean_post_title_bg_image_size":"","ocean_post_title_height":0,"ocean_post_title_bg_overlay":0.5,"ocean_post_title_bg_overlay_color":"","ocean_disable_breadcrumbs":"default","ocean_breadcrumbs_color":"","ocean_breadcrumbs_separator_color":"","ocean_breadcrumbs_links_color":"","ocean_breadcrumbs_links_hover_color":"","ocean_display_footer_widgets":"default","ocean_display_footer_bottom":"default","ocean_custom_footer_template":"0","osh_disable_topbar_sticky":"default","osh_disable_header_sticky":"default","osh_sticky_header_style":"default","osh_sticky_header_effect":"","osh_custom_sticky_logo":0,"osh_custom_retina_sticky_logo":0,"osh_custom_sticky_logo_height":0,"osh_background_color":"","osh_links_color":"","osh_links_hover_color":"","osh_links_active_color":"","osh_links_bg_color":"","osh_links_hover_bg_color":"","osh_links_active_bg_color":"","osh_menu_social_links_color":"","osh_menu_social_hover_links_color":""},"product_brand":[],"product_cat":[36,34],"product_tag":[314,313,301],"class_list":{"0":"post-3685","1":"product","2":"type-product","3":"status-publish","4":"has-post-thumbnail","6":"product_cat-dual-line-divider-valves","7":"product_cat-dual-line-lubrication-systems","8":"product_tag-distributor-zv-b","9":"product_tag-dual-line-metering-device","10":"product_tag-dual-line-metering-valve","12":"entry","13":"has-media","15":"first","16":"instock","17":"shipping-taxable","18":"product-type-external","19":"col","20":"span_1_of_3","21":"owp-content-center","22":"owp-thumbs-layout-horizontal","23":"owp-btn-very-big","24":"owp-tabs-layout-horizontal"},"_links":{"self":[{"href":"https:\/\/www.jinpinlub.com\/pl\/wp-json\/wp\/v2\/product\/3685","targetHints":{"allow":["GET"]}}],"collection":[{"href":"https:\/\/www.jinpinlub.com\/pl\/wp-json\/wp\/v2\/product"}],"about":[{"href":"https:\/\/www.jinpinlub.com\/pl\/wp-json\/wp\/v2\/types\/product"}],"wp:featuredmedia":[{"embeddable":true,"href":"https:\/\/www.jinpinlub.com\/pl\/wp-json\/wp\/v2\/media\/3635"}],"wp:attachment":[{"href":"https:\/\/www.jinpinlub.com\/pl\/wp-json\/wp\/v2\/media?parent=3685"}],"wp:term":[{"taxonomy":"product_brand","embeddable":true,"href":"https:\/\/www.jinpinlub.com\/pl\/wp-json\/wp\/v2\/product_brand?post=3685"},{"taxonomy":"product_cat","embeddable":true,"href":"https:\/\/www.jinpinlub.com\/pl\/wp-json\/wp\/v2\/product_cat?post=3685"},{"taxonomy":"product_tag","embeddable":true,"href":"https:\/\/www.jinpinlub.com\/pl\/wp-json\/wp\/v2\/product_tag?post=3685"}],"curies":[{"name":"wp","href":"https:\/\/api.w.org\/{rel}","templated":true}]}}