{"id":3735,"date":"2024-09-29T20:50:08","date_gmt":"2024-09-29T12:50:08","guid":{"rendered":"https:\/\/www.jinpinlub.com\/?post_type=product&#038;p=3735"},"modified":"2024-10-08T04:04:34","modified_gmt":"2024-10-07T20:04:34","slug":"amg1-automatyczne-elektryczne-pompy-smarownicze-do-smaru-plynnego","status":"publish","type":"product","link":"https:\/\/www.jinpinlub.com\/pl\/product\/jmg1-automatic-electric-lubrication-pumps-for-fluid-grease\/","title":{"rendered":"JMG1 Automatyczne elektryczne pompy smarownicze do smaru p\u0142ynnego"},"content":{"rendered":"<h2>Cechy<\/h2>\n<p>1. Timer mo\u017cna ustawi\u0107 na dwa tryby dzia\u0142ania:<br \/>\n\u2460 Smarowanie: Pompa rozpoczyna odliczanie czasu smarowania. \u2461 Pami\u0119\u0107: Pompa rozpoczyna odliczanie poprzedniego, niezako\u0144czonego interwa\u0142u.<br \/>\n2. Wy\u0142\u0105cznik ci\u015bnieniowy jest opcjonalny i s\u0142u\u017cy do wykrywania przewodu smaruj\u0105cego.<br \/>\n3. Opcjonalny czujnik pojemno\u015bciowy mo\u017ce wykry\u0107 niski poziom oleju i automatycznie wys\u0142a\u0107 sygna\u0142.<br \/>\n4. Za pomoc\u0105 manometru mo\u017cna zmierzy\u0107 ci\u015bnienie robocze pompy. Opcjonalnie mo\u017cna wybra\u0107 przep\u0142yw 500 ml\/min.<br \/>\n5. Timer posiada funkcj\u0119 automatycznej blokady, aby zapobiec nieprawid\u0142owej obs\u0142udze.<br \/>\n6. Za pomoc\u0105 przycisku \u201eRST\u201d mo\u017cna wymusi\u0107 smarowanie lub wyeliminowa\u0107 nieprawid\u0142owe sygna\u0142y alarmowe.<br \/>\n7. Pompa z\u0119bata gruntowa jest wyposa\u017cona w silnik indukcyjny, kt\u00f3ry charakteryzuje si\u0119 stabilnym ci\u015bnieniem, niskim poziomem ha\u0142asu, trwa\u0142o\u015bci\u0105 i niezawodno\u015bci\u0105.<br \/>\n8. AMG1 to progresywna pompa smaruj\u0105ca, kt\u00f3r\u0105 nale\u017cy po\u0142\u0105czy\u0107 z <a href=\"https:\/\/www.jinpinlub.com\/pl\/kategoria-produktu\/progresywne-systemy-smarowania\/progresywne-rozdzielacze-tluszczu\/\" target=\"_blank\" rel=\"noopener\">progresywne dystrybutory smaru<\/a> w celu utworzenia uk\u0142adu smarowania.<\/p>\n<h2>Specyfikacja<\/h2>\n<table>\n<tbody>\n<tr>\n<td>Model<\/td>\n<td>JMG1<\/td>\n<\/tr>\n<tr>\n<td>Czas smarowania<\/td>\n<td>1-999 sek.<\/td>\n<\/tr>\n<tr>\n<td>Czas interwa\u0142u<\/td>\n<td>1-999 minut<\/td>\n<\/tr>\n<tr>\n<td>Temperatura pracy<\/td>\n<td>-10\u2103~ +60\u00b0C (niskie temperatury wymagaj\u0105 smaru zapobiegaj\u0105cego zamarzaniu)<\/td>\n<\/tr>\n<tr>\n<td>Liczba wyj\u015b\u0107<\/td>\n<td>1<\/td>\n<\/tr>\n<tr>\n<td>Pojemno\u015b\u0107 zbiornika<\/td>\n<td>3L (zbiornik na \u017cywic\u0119), 4L, 6L, 8L, 20L (zbiornik metalowy)<\/td>\n<\/tr>\n<tr>\n<td>Uzupe\u0142nianie<\/td>\n<td>Od g\u00f3ry<\/td>\n<\/tr>\n<tr>\n<td>Smar<\/td>\n<td>NLGI 000#~00#<\/td>\n<\/tr>\n<tr>\n<td>Moc silnika<\/td>\n<td>40 W<\/td>\n<\/tr>\n<tr>\n<td>Wypisa\u0107<\/td>\n<td>250 ml\/min<\/td>\n<\/tr>\n<tr>\n<td>Maksymalne ci\u015bnienie robocze<\/td>\n<td>4,0 MPa<\/td>\n<\/tr>\n<tr>\n<td>Gwint przy\u0142\u0105czeniowy<\/td>\n<td>Wylot \u03a66<\/td>\n<\/tr>\n<tr>\n<td>Napi\u0119cie robocze<\/td>\n<td>110 V AC, 220 V AC, 12 V DC, 24 V DC<\/td>\n<\/tr>\n<tr>\n<td>Orzecznictwo<\/td>\n<td>CE<\/td>\n<\/tr>\n<tr>\n<td>Prze\u0142\u0105cznik niskiego poziomu<\/td>\n<td>Kontakt NC<\/td>\n<\/tr>\n<\/tbody>\n<\/table>\n<h2>Aplikacje<\/h2>\n<p>1. Produkcja: Pompy smarownicze serii JMG1 pracuj\u0105 w szerokim zakresie obrot\u00f3w, zapewniaj\u0105c smarowanie przeno\u015bnik\u00f3w, ramion robot\u00f3w i urz\u0105dze\u0144 liniowych, aby zapewni\u0107 ich p\u0142ynn\u0105 prac\u0119.<br \/>\n2. Motoryzacja: Elektryczne pompy smarownicze JMG1 s\u0105 stosowane do smarowania podwozi i konserwacji podwozi na liniach monta\u017cowych w celu zmniejszenia zu\u017cycia ruchomych cz\u0119\u015bci.<br \/>\n3. Maszyny budowlane: Do wyg\u0142adzania ci\u0119\u017ckiego sprz\u0119tu u\u017cywanego przy wykopach, za\u0142adunku i d\u017awigach w celu zwi\u0119kszenia \u017cywotno\u015bci tych maszyn.<br \/>\n4. Przemys\u0142 spo\u017cywczy: Pompy smarownicze JMG1 znajduj\u0105 zastosowanie w maszynach przetw\u00f3rczych i pakuj\u0105cych w celu utrzymania higieny i zmniejszenia obci\u0105\u017ce\u0144 zwi\u0105zanych z konserwacj\u0105.<br \/>\n5. Maszyny drukarskie: Pompy smarownicze modelu JMG1 automatycznie smaruj\u0105 ruchome cz\u0119\u015bci maszyny drukarskiej w celu uzyskania wysokiej jako\u015bci wydruk\u00f3w.<\/p>\n<h2>Instrukcje<\/h2>\n<div class=\"sdm_download_button_box_default\"><div class=\"sdm_download_link\"><a href=\"https:\/\/www.jinpinlub.com\/pl\/?sdm_process_download=1&download_id=3737\" class=\"sdm_download white\" title=\"Prywatne: JMG Grease Pump\" target=\"&quot;_blank&quot;\">Wy\u015bwietl arkusz danych - Pompa smaru JMG<\/a><\/div><\/div>","protected":false},"excerpt":{"rendered":"<p>JMG1 to progresywna pompa smaruj\u0105ca, odpowiednia do smaru przep\u0142ywowego NLGI 000~0#. Przyjmuje pomp\u0119 z\u0119bat\u0105 wykonan\u0105 ze specjalnej stali stopowej i jest dopasowana do silnika indukcyjnego, kt\u00f3ry ma zalety stabilnego ci\u015bnienia wyj\u015bciowego, braku ha\u0142asu i d\u0142ugiej \u017cywotno\u015bci.<\/p>","protected":false},"featured_media":3746,"template":"","meta":{"ocean_post_layout":"","ocean_both_sidebars_style":"","ocean_both_sidebars_content_width":0,"ocean_both_sidebars_sidebars_width":0,"ocean_sidebar":"0","ocean_second_sidebar":"0","ocean_disable_margins":"enable","ocean_add_body_class":"","ocean_shortcode_before_top_bar":"","ocean_shortcode_after_top_bar":"","ocean_shortcode_before_header":"","ocean_shortcode_after_header":"","ocean_has_shortcode":"","ocean_shortcode_after_title":"","ocean_shortcode_before_footer_widgets":"","ocean_shortcode_after_footer_widgets":"","ocean_shortcode_before_footer_bottom":"","ocean_shortcode_after_footer_bottom":"","ocean_display_top_bar":"default","ocean_display_header":"default","ocean_header_style":"","ocean_center_header_left_menu":"0","ocean_custom_header_template":"0","ocean_custom_logo":0,"ocean_custom_retina_logo":0,"ocean_custom_logo_max_width":0,"ocean_custom_logo_tablet_max_width":0,"ocean_custom_logo_mobile_max_width":0,"ocean_custom_logo_max_height":0,"ocean_custom_logo_tablet_max_height":0,"ocean_custom_logo_mobile_max_height":0,"ocean_header_custom_menu":"0","ocean_menu_typo_font_family":"0","ocean_menu_typo_font_subset":"","ocean_menu_typo_font_size":0,"ocean_menu_typo_font_size_tablet":0,"ocean_menu_typo_font_size_mobile":0,"ocean_menu_typo_font_size_unit":"px","ocean_menu_typo_font_weight":"","ocean_menu_typo_font_weight_tablet":"","ocean_menu_typo_font_weight_mobile":"","ocean_menu_typo_transform":"","ocean_menu_typo_transform_tablet":"","ocean_menu_typo_transform_mobile":"","ocean_menu_typo_line_height":0,"ocean_menu_typo_line_height_tablet":0,"ocean_menu_typo_line_height_mobile":0,"ocean_menu_typo_line_height_unit":"","ocean_menu_typo_spacing":0,"ocean_menu_typo_spacing_tablet":0,"ocean_menu_typo_spacing_mobile":0,"ocean_menu_typo_spacing_unit":"","ocean_menu_link_color":"","ocean_menu_link_color_hover":"","ocean_menu_link_color_active":"","ocean_menu_link_background":"","ocean_menu_link_hover_background":"","ocean_menu_link_active_background":"","ocean_menu_social_links_bg":"","ocean_menu_social_hover_links_bg":"","ocean_menu_social_links_color":"","ocean_menu_social_hover_links_color":"","ocean_disable_title":"default","ocean_disable_heading":"default","ocean_post_title":"","ocean_post_subheading":"","ocean_post_title_style":"","ocean_post_title_background_color":"","ocean_post_title_background":0,"ocean_post_title_bg_image_position":"","ocean_post_title_bg_image_attachment":"","ocean_post_title_bg_image_repeat":"","ocean_post_title_bg_image_size":"","ocean_post_title_height":0,"ocean_post_title_bg_overlay":0.5,"ocean_post_title_bg_overlay_color":"","ocean_disable_breadcrumbs":"default","ocean_breadcrumbs_color":"","ocean_breadcrumbs_separator_color":"","ocean_breadcrumbs_links_color":"","ocean_breadcrumbs_links_hover_color":"","ocean_display_footer_widgets":"default","ocean_display_footer_bottom":"default","ocean_custom_footer_template":"0","osh_disable_topbar_sticky":"default","osh_disable_header_sticky":"default","osh_sticky_header_style":"default","osh_sticky_header_effect":"","osh_custom_sticky_logo":0,"osh_custom_retina_sticky_logo":0,"osh_custom_sticky_logo_height":0,"osh_background_color":"","osh_links_color":"","osh_links_hover_color":"","osh_links_active_color":"","osh_links_bg_color":"","osh_links_hover_bg_color":"","osh_links_active_bg_color":"","osh_menu_social_links_color":"","osh_menu_social_hover_links_color":""},"product_brand":[],"product_cat":[42,41],"product_tag":[74,73,77,196,72],"class_list":{"0":"post-3735","1":"product","2":"type-product","3":"status-publish","4":"has-post-thumbnail","6":"product_cat-electric-progressive-pumps","7":"product_cat-progressive-grease-systems","8":"product_tag-automatic-lubrication-pump","9":"product_tag-electric-lubrication-pump","10":"product_tag-grease-lubrication-pump","11":"product_tag-grease-lubrication-system","12":"product_tag-lubrication-system","14":"entry","15":"has-media","17":"first","18":"instock","19":"shipping-taxable","20":"product-type-external","21":"col","22":"span_1_of_3","23":"owp-content-center","24":"owp-thumbs-layout-horizontal","25":"owp-btn-very-big","26":"owp-tabs-layout-horizontal"},"_links":{"self":[{"href":"https:\/\/www.jinpinlub.com\/pl\/wp-json\/wp\/v2\/product\/3735","targetHints":{"allow":["GET"]}}],"collection":[{"href":"https:\/\/www.jinpinlub.com\/pl\/wp-json\/wp\/v2\/product"}],"about":[{"href":"https:\/\/www.jinpinlub.com\/pl\/wp-json\/wp\/v2\/types\/product"}],"wp:featuredmedia":[{"embeddable":true,"href":"https:\/\/www.jinpinlub.com\/pl\/wp-json\/wp\/v2\/media\/3746"}],"wp:attachment":[{"href":"https:\/\/www.jinpinlub.com\/pl\/wp-json\/wp\/v2\/media?parent=3735"}],"wp:term":[{"taxonomy":"product_brand","embeddable":true,"href":"https:\/\/www.jinpinlub.com\/pl\/wp-json\/wp\/v2\/product_brand?post=3735"},{"taxonomy":"product_cat","embeddable":true,"href":"https:\/\/www.jinpinlub.com\/pl\/wp-json\/wp\/v2\/product_cat?post=3735"},{"taxonomy":"product_tag","embeddable":true,"href":"https:\/\/www.jinpinlub.com\/pl\/wp-json\/wp\/v2\/product_tag?post=3735"}],"curies":[{"name":"wp","href":"https:\/\/api.w.org\/{rel}","templated":true}]}}