{"id":3738,"date":"2024-09-29T23:25:43","date_gmt":"2024-09-29T15:25:43","guid":{"rendered":"https:\/\/www.jinpinlub.com\/?post_type=product&#038;p=3738"},"modified":"2024-10-08T03:57:25","modified_gmt":"2024-10-07T19:57:25","slug":"pompy-smarownicze-elektryczne-sterowane-przeplywem-smaru-amg2-plc","status":"publish","type":"product","link":"https:\/\/www.jinpinlub.com\/pl\/product\/jmg2-plc-controlled-flow-grease-electric-lubrication-pumps\/","title":{"rendered":"Pompy smarownicze elektryczne JMG2 PLC sterowane przep\u0142ywem smaru"},"content":{"rendered":"<h2>Cechy<\/h2>\n<p>1. Smarowanie i odst\u0119py czasu s\u0105 kontrolowane przez sterownik PLC.<br \/>\n2. Opcjonalnie mo\u017cna zainstalowa\u0107 wy\u0142\u0105cznik ci\u015bnieniowy w celu wykrycia uszkodzenia obwodu olejowego.<br \/>\n3. Opcjonalny czujnik pojemno\u015bciowy mo\u017ce wykry\u0107 niski poziom cieczy i automatycznie wys\u0142a\u0107 sygna\u0142.<br \/>\n4. Za pomoc\u0105 manometru mo\u017cna zmierzy\u0107 ci\u015bnienie robocze pompy olejowej. Opcjonalnie mo\u017cna ustawi\u0107 wydatek 500 ml\/min.<br \/>\n5. Z przyciskiem wymuszonego dop\u0142ywu oleju i kontrolk\u0105 smarowania.<br \/>\n6. Pompa z\u0119bata gruntowa jest wyposa\u017cona w silnik indukcyjny, kt\u00f3ry zapewnia stabilne ci\u015bnienie, niski poziom ha\u0142asu, jest trwa\u0142y i niezawodny.<br \/>\n7. Ta jednostka pompy smarowniczej zosta\u0142a zaprojektowana w spos\u00f3b progresywny, tworz\u0105c progresywny uk\u0142ad smarowania z <a href=\"https:\/\/www.jinpinlub.com\/pl\/kategoria-produktu\/progresywne-systemy-smarowania\/progresywne-rozdzielacze-tluszczu\/\" target=\"_blank\" rel=\"noopener\">progresywne rozdzielacze t\u0142uszczu<\/a>.<\/p>\n<h2>Specyfikacja<\/h2>\n<table>\n<tbody>\n<tr>\n<td>Model<\/td>\n<td>JMG2<\/td>\n<\/tr>\n<tr>\n<td>Czas smarowania<\/td>\n<td>PLC<\/td>\n<\/tr>\n<tr>\n<td>Czas interwa\u0142u<\/td>\n<td>PLC<\/td>\n<\/tr>\n<tr>\n<td>Temperatura pracy<\/td>\n<td>-10\u2103~ +60\u00b0C (niskie temperatury wymagaj\u0105 smaru zapobiegaj\u0105cego zamarzaniu)<\/td>\n<\/tr>\n<tr>\n<td>Liczba wyj\u015b\u0107<\/td>\n<td>1<\/td>\n<\/tr>\n<tr>\n<td>Pojemno\u015b\u0107 zbiornika<\/td>\n<td>3L (zbiornik na \u017cywic\u0119), 4L, 6L, 8L, 20L (zbiornik metalowy)<\/td>\n<\/tr>\n<tr>\n<td>Uzupe\u0142nianie<\/td>\n<td>Od g\u00f3ry<\/td>\n<\/tr>\n<tr>\n<td>Smar<\/td>\n<td>NLGI 000#~00#<\/td>\n<\/tr>\n<tr>\n<td>Moc silnika<\/td>\n<td>40 W<\/td>\n<\/tr>\n<tr>\n<td>Wypisa\u0107<\/td>\n<td>250 ml\/min<\/td>\n<\/tr>\n<tr>\n<td>Maksymalne ci\u015bnienie robocze<\/td>\n<td>4,0 MPa<\/td>\n<\/tr>\n<tr>\n<td>Gwint przy\u0142\u0105czeniowy<\/td>\n<td>Wylot \u03a66<\/td>\n<\/tr>\n<tr>\n<td>Napi\u0119cie robocze<\/td>\n<td>110 V AC, 220 V AC, 12 V DC, 24 V DC, 3~ 220 V, 3~ 380 V, 3~ 440 V, 3~ 460 V<\/td>\n<\/tr>\n<tr>\n<td>Orzecznictwo<\/td>\n<td>CE<\/td>\n<\/tr>\n<tr>\n<td>Prze\u0142\u0105cznik niskiego poziomu<\/td>\n<td>Kontakt NC<\/td>\n<\/tr>\n<\/tbody>\n<\/table>\n<h2>Aplikacje<\/h2>\n<p>Rolnictwo: Pompy smarownicze JMG2 smaruj\u0105 maszyny, aby zapewni\u0107 d\u0142ug\u0105 \u017cywotno\u015b\u0107. Dotyczy to ci\u0105gnik\u00f3w, kombajn\u00f3w i innego sprz\u0119tu rolniczego.<br \/>\nBudownictwo i g\u00f3rnictwo: Automatyczne systemy smarowania s\u0105 niezb\u0119dne w przypadku ci\u0119\u017ckiego sprz\u0119tu, takiego jak koparki, \u0142adowarki i sprz\u0119t g\u00f3rniczy, gdy\u017c pozwalaj\u0105 zmniejszy\u0107 liczb\u0119 awarii.<br \/>\nMaszyny przemys\u0142owe: Stosowane w obrabiarkach, maszynach do obr\u00f3bki drewna, maszynach tekstylnych, maszynach pakuj\u0105cych itp. Elektryczne pompy smarownicze zapewniaj\u0105 precyzyjne smarowanie i zwi\u0119kszaj\u0105 wydajno\u015b\u0107 urz\u0105dze\u0144.<br \/>\nPrzemys\u0142 spo\u017cywczy: Pompy smarownicze JMG2 zapewniaj\u0105 higieniczne i wydajne smarowanie maszyn do przetw\u00f3rstwa \u017cywno\u015bci.<br \/>\nSprz\u0119t morski: Pompy smarowe smaruj\u0105 ruchome cz\u0119\u015bci maszyn morskich, zapewniaj\u0105c ich p\u0142ynn\u0105 prac\u0119 i ograniczaj\u0105c potrzeb\u0119 konserwacji.<\/p>\n<h2>Instrukcje<\/h2>\n<div class=\"sdm_download_button_box_default\"><div class=\"sdm_download_link\"><a href=\"https:\/\/www.jinpinlub.com\/pl\/?sdm_process_download=1&download_id=3737\" class=\"sdm_download white\" title=\"Prywatne: JMG Grease Pump\" target=\"&quot;_blank&quot;\">Wy\u015bwietl arkusz danych - Pompa smaru JMG<\/a><\/div><\/div>","protected":false},"excerpt":{"rendered":"<p>Progresywna pompa smaruj\u0105ca JMG2 to elektryczna pompa smaruj\u0105ca nap\u0119dzana przez pomp\u0119 z\u0119bat\u0105. Mo\u017ce by\u0107 wyposa\u017cona w wy\u0142\u0105cznik ci\u015bnieniowy i czujnik niskiego poziomu. Jej silnik nap\u0119dowy ma niskie zu\u017cycie energii, stabilne ci\u015bnienie, niski poziom ha\u0142asu, jest trwa\u0142y i niezawodny.<\/p>","protected":false},"featured_media":3747,"template":"","meta":{"ocean_post_layout":"","ocean_both_sidebars_style":"","ocean_both_sidebars_content_width":0,"ocean_both_sidebars_sidebars_width":0,"ocean_sidebar":"0","ocean_second_sidebar":"0","ocean_disable_margins":"enable","ocean_add_body_class":"","ocean_shortcode_before_top_bar":"","ocean_shortcode_after_top_bar":"","ocean_shortcode_before_header":"","ocean_shortcode_after_header":"","ocean_has_shortcode":"","ocean_shortcode_after_title":"","ocean_shortcode_before_footer_widgets":"","ocean_shortcode_after_footer_widgets":"","ocean_shortcode_before_footer_bottom":"","ocean_shortcode_after_footer_bottom":"","ocean_display_top_bar":"default","ocean_display_header":"default","ocean_header_style":"","ocean_center_header_left_menu":"0","ocean_custom_header_template":"0","ocean_custom_logo":0,"ocean_custom_retina_logo":0,"ocean_custom_logo_max_width":0,"ocean_custom_logo_tablet_max_width":0,"ocean_custom_logo_mobile_max_width":0,"ocean_custom_logo_max_height":0,"ocean_custom_logo_tablet_max_height":0,"ocean_custom_logo_mobile_max_height":0,"ocean_header_custom_menu":"0","ocean_menu_typo_font_family":"0","ocean_menu_typo_font_subset":"","ocean_menu_typo_font_size":0,"ocean_menu_typo_font_size_tablet":0,"ocean_menu_typo_font_size_mobile":0,"ocean_menu_typo_font_size_unit":"px","ocean_menu_typo_font_weight":"","ocean_menu_typo_font_weight_tablet":"","ocean_menu_typo_font_weight_mobile":"","ocean_menu_typo_transform":"","ocean_menu_typo_transform_tablet":"","ocean_menu_typo_transform_mobile":"","ocean_menu_typo_line_height":0,"ocean_menu_typo_line_height_tablet":0,"ocean_menu_typo_line_height_mobile":0,"ocean_menu_typo_line_height_unit":"","ocean_menu_typo_spacing":0,"ocean_menu_typo_spacing_tablet":0,"ocean_menu_typo_spacing_mobile":0,"ocean_menu_typo_spacing_unit":"","ocean_menu_link_color":"","ocean_menu_link_color_hover":"","ocean_menu_link_color_active":"","ocean_menu_link_background":"","ocean_menu_link_hover_background":"","ocean_menu_link_active_background":"","ocean_menu_social_links_bg":"","ocean_menu_social_hover_links_bg":"","ocean_menu_social_links_color":"","ocean_menu_social_hover_links_color":"","ocean_disable_title":"default","ocean_disable_heading":"default","ocean_post_title":"","ocean_post_subheading":"","ocean_post_title_style":"","ocean_post_title_background_color":"","ocean_post_title_background":0,"ocean_post_title_bg_image_position":"","ocean_post_title_bg_image_attachment":"","ocean_post_title_bg_image_repeat":"","ocean_post_title_bg_image_size":"","ocean_post_title_height":0,"ocean_post_title_bg_overlay":0.5,"ocean_post_title_bg_overlay_color":"","ocean_disable_breadcrumbs":"default","ocean_breadcrumbs_color":"","ocean_breadcrumbs_separator_color":"","ocean_breadcrumbs_links_color":"","ocean_breadcrumbs_links_hover_color":"","ocean_display_footer_widgets":"default","ocean_display_footer_bottom":"default","ocean_custom_footer_template":"0","osh_disable_topbar_sticky":"default","osh_disable_header_sticky":"default","osh_sticky_header_style":"default","osh_sticky_header_effect":"","osh_custom_sticky_logo":0,"osh_custom_retina_sticky_logo":0,"osh_custom_sticky_logo_height":0,"osh_background_color":"","osh_links_color":"","osh_links_hover_color":"","osh_links_active_color":"","osh_links_bg_color":"","osh_links_hover_bg_color":"","osh_links_active_bg_color":"","osh_menu_social_links_color":"","osh_menu_social_hover_links_color":""},"product_brand":[],"product_cat":[42,41],"product_tag":[74,112,185,73,77],"class_list":{"0":"post-3738","1":"product","2":"type-product","3":"status-publish","4":"has-post-thumbnail","6":"product_cat-electric-progressive-pumps","7":"product_cat-progressive-grease-systems","8":"product_tag-automatic-lubrication-pump","9":"product_tag-centralized-lubrication-system","10":"product_tag-electric-grease-pump","11":"product_tag-electric-lubrication-pump","12":"product_tag-grease-lubrication-pump","14":"entry","15":"has-media","17":"first","18":"instock","19":"shipping-taxable","20":"product-type-external","21":"col","22":"span_1_of_3","23":"owp-content-center","24":"owp-thumbs-layout-horizontal","25":"owp-btn-very-big","26":"owp-tabs-layout-horizontal"},"_links":{"self":[{"href":"https:\/\/www.jinpinlub.com\/pl\/wp-json\/wp\/v2\/product\/3738","targetHints":{"allow":["GET"]}}],"collection":[{"href":"https:\/\/www.jinpinlub.com\/pl\/wp-json\/wp\/v2\/product"}],"about":[{"href":"https:\/\/www.jinpinlub.com\/pl\/wp-json\/wp\/v2\/types\/product"}],"wp:featuredmedia":[{"embeddable":true,"href":"https:\/\/www.jinpinlub.com\/pl\/wp-json\/wp\/v2\/media\/3747"}],"wp:attachment":[{"href":"https:\/\/www.jinpinlub.com\/pl\/wp-json\/wp\/v2\/media?parent=3738"}],"wp:term":[{"taxonomy":"product_brand","embeddable":true,"href":"https:\/\/www.jinpinlub.com\/pl\/wp-json\/wp\/v2\/product_brand?post=3738"},{"taxonomy":"product_cat","embeddable":true,"href":"https:\/\/www.jinpinlub.com\/pl\/wp-json\/wp\/v2\/product_cat?post=3738"},{"taxonomy":"product_tag","embeddable":true,"href":"https:\/\/www.jinpinlub.com\/pl\/wp-json\/wp\/v2\/product_tag?post=3738"}],"curies":[{"name":"wp","href":"https:\/\/api.w.org\/{rel}","templated":true}]}}