{"id":3772,"date":"2024-10-10T10:57:37","date_gmt":"2024-10-10T02:57:37","guid":{"rendered":"https:\/\/www.jinpinlub.com\/?post_type=product&#038;p=3772"},"modified":"2024-10-10T11:04:21","modified_gmt":"2024-10-10T03:04:21","slug":"pompy-smarownicze-elektryczne-sterowane-przeplywem-smaru-amg2-plc-2","status":"publish","type":"product","link":"https:\/\/www.jinpinlub.com\/pl\/product\/jmg2-progressive-electric-lubrication-grease-pump-for-cnc\/","title":{"rendered":"JMG2 Progresywna elektryczna pompa smaruj\u0105ca do CNC"},"content":{"rendered":"<h2>Cechy<\/h2>\n<p>1. Pompa smarownicza JMG ma wysokie ci\u015bnienie 4 MPa przy maksymalnym wydatku 400 ml\/min. Dlatego gwarantuje ona wydajno\u015b\u0107 dostarczania smaru w spos\u00f3b stabilny i wydajny, spe\u0142niaj\u0105c potrzeby w wi\u0119kszo\u015bci dziedzin przemys\u0142owych.<br \/>\n2. Pompa smaruj\u0105ca JMG wykorzystuje pomp\u0119 z\u0119bat\u0105 z nap\u0119dem silnika indukcyjnego. Silnik pracuje cicho, minimalizuj\u0105c w ten spos\u00f3b zanieczyszczenie ha\u0142asem i utrat\u0119 energii, a tak\u017ce ochron\u0119 \u015brodowiska.<br \/>\n3. Pompa smarownicza JMG oferuje kilka opcjonalnych opcji wydajno\u015bci, a tak\u017ce mo\u017ce by\u0107 dostosowywana do r\u00f3\u017cnych warunk\u00f3w pracy.<br \/>\n4. Pompa smarownicza JMG mo\u017ce by\u0107 pod\u0142\u0105czona do sterownika PLC maszyny w celu sterowania; w ten spos\u00f3b mo\u017cna monitorowa\u0107 w czasie rzeczywistym stan smarowania i wydajno\u015b\u0107 pracy.<br \/>\n5. Og\u00f3lna budowa pompy jest zwarta, co ogranicza liczb\u0119 punkt\u00f3w awarii, a \u0142atwa do demonta\u017cu konstrukcja pozwala na szybk\u0105 wymian\u0119 cz\u0119\u015bci.<br \/>\n6. JMG <a href=\"https:\/\/en.wikipedia.org\/wiki\/Automatic_lubrication_system\">automatyczny system smarowania<\/a> mo\u017ce by\u0107 wyposa\u017cony w czujnik ci\u015bnienia i czujnik niskiego poziomu cieczy, umo\u017cliwiaj\u0105cy monitorowanie stanu pracy pompy smaruj\u0105cej w czasie rzeczywistym i automatyczne wysy\u0142anie sygna\u0142u.<\/p>\n<h2>Specyfikacja<\/h2>\n<table>\n<tbody>\n<tr>\n<td>Model<\/td>\n<td>JMG2<\/td>\n<\/tr>\n<tr>\n<td>Czas smarowania<\/td>\n<td>PLC<\/td>\n<\/tr>\n<tr>\n<td>Czas interwa\u0142u<\/td>\n<td>PLC<\/td>\n<\/tr>\n<tr>\n<td>Temperatura pracy<\/td>\n<td>-10\u2103~ +60\u00b0C (niskie temperatury wymagaj\u0105 smaru zapobiegaj\u0105cego zamarzaniu)<\/td>\n<\/tr>\n<tr>\n<td>Liczba wyj\u015b\u0107<\/td>\n<td>1<\/td>\n<\/tr>\n<tr>\n<td>Pojemno\u015b\u0107 zbiornika<\/td>\n<td>3L (zbiornik na \u017cywic\u0119), 4L, 6L, 8L, 20L (zbiornik metalowy)<\/td>\n<\/tr>\n<tr>\n<td>Uzupe\u0142nianie<\/td>\n<td>Od g\u00f3ry<\/td>\n<\/tr>\n<tr>\n<td>Smar<\/td>\n<td>NLGI 000#~00#<\/td>\n<\/tr>\n<tr>\n<td>Moc silnika<\/td>\n<td>40 W<\/td>\n<\/tr>\n<tr>\n<td>Wypisa\u0107<\/td>\n<td>250 ml\/min<\/td>\n<\/tr>\n<tr>\n<td>Maksymalne ci\u015bnienie robocze<\/td>\n<td>4,0 MPa<\/td>\n<\/tr>\n<tr>\n<td>Gwint przy\u0142\u0105czeniowy<\/td>\n<td>Wylot \u03a66<\/td>\n<\/tr>\n<tr>\n<td>Napi\u0119cie robocze<\/td>\n<td>110 V AC, 220 V AC, 12 V DC, 24 V DC, 3~ 220 V, 3~ 380 V, 3~ 440 V, 3~ 460 V<\/td>\n<\/tr>\n<tr>\n<td>Orzecznictwo<\/td>\n<td>CE<\/td>\n<\/tr>\n<tr>\n<td>Prze\u0142\u0105cznik niskiego poziomu<\/td>\n<td>Kontakt NC<\/td>\n<\/tr>\n<\/tbody>\n<\/table>\n<h2>Aplikacje<\/h2>\n<p>1. Smarowanie urz\u0105dze\u0144 mechanicznych: Pompa smarowa JMG jest szeroko stosowana w r\u00f3\u017cnych obrabiarkach, maszynach w\u0142\u00f3kienniczych, sprz\u0119cie drukarskim i innych zastosowaniach wymagaj\u0105cych regularnego smarowania.<br \/>\n2. Przemys\u0142 ci\u0119\u017cki i g\u00f3rnictwo: JMG odgrywa kluczow\u0105 rol\u0119 w produkcji maszyn g\u00f3rniczych, maszyn in\u017cynieryjnych i ci\u0119\u017ckiego sprz\u0119tu.<br \/>\n3. Petrochemia: Pompa smarowa JMG nadaje si\u0119 do stosowania w sprz\u0119cie wiertniczym, rafineriach i powi\u0105zanych obiektach zak\u0142ad\u00f3w chemicznych.<br \/>\n4. Transport: JMG zaspokaja potrzeby smarownicze lokomotyw kolejowych, statk\u00f3w i przemys\u0142u motoryzacyjnego.<br \/>\n5. Energia elektryczna: JMG jest stosowany w uk\u0142adach smarowania kluczowych urz\u0105dze\u0144, takich jak turbiny i generatory w elektrowniach.<br \/>\n6. Przemys\u0142 spo\u017cywczy i napojowy: JMG spe\u0142nia standardy higieniczne i mo\u017ce by\u0107 stosowany do smarowania maszyn do przetw\u00f3rstwa \u017cywno\u015bci.<\/p>\n<h2>Instrukcje<\/h2>\n<div class=\"sdm_download_button_box_default\"><div class=\"sdm_download_link\"><a href=\"https:\/\/www.jinpinlub.com\/pl\/?sdm_process_download=1&download_id=3737\" class=\"sdm_download white\" title=\"Prywatne: JMG Grease Pump\" target=\"&quot;_blank&quot;\">Wy\u015bwietl arkusz danych - Pompa smaru JMG<\/a><\/div><\/div>","protected":false},"excerpt":{"rendered":"<p>JMG2 to elektryczna progresywna pompa smaruj\u0105ca p\u0142ynem o ci\u015bnieniu 4,0 MPa i wydajno\u015bci 250 ml\/min. Tworzy progresywny system smarowania smarem z progresywnymi dystrybutorami. Jest wydajna, niezawodna i jest stosowana do smarowania r\u00f3\u017cnych urz\u0105dze\u0144 przemys\u0142owych.<\/p>","protected":false},"featured_media":3776,"template":"","meta":{"ocean_post_layout":"","ocean_both_sidebars_style":"","ocean_both_sidebars_content_width":0,"ocean_both_sidebars_sidebars_width":0,"ocean_sidebar":"0","ocean_second_sidebar":"0","ocean_disable_margins":"enable","ocean_add_body_class":"","ocean_shortcode_before_top_bar":"","ocean_shortcode_after_top_bar":"","ocean_shortcode_before_header":"","ocean_shortcode_after_header":"","ocean_has_shortcode":"","ocean_shortcode_after_title":"","ocean_shortcode_before_footer_widgets":"","ocean_shortcode_after_footer_widgets":"","ocean_shortcode_before_footer_bottom":"","ocean_shortcode_after_footer_bottom":"","ocean_display_top_bar":"default","ocean_display_header":"default","ocean_header_style":"","ocean_center_header_left_menu":"0","ocean_custom_header_template":"0","ocean_custom_logo":0,"ocean_custom_retina_logo":0,"ocean_custom_logo_max_width":0,"ocean_custom_logo_tablet_max_width":0,"ocean_custom_logo_mobile_max_width":0,"ocean_custom_logo_max_height":0,"ocean_custom_logo_tablet_max_height":0,"ocean_custom_logo_mobile_max_height":0,"ocean_header_custom_menu":"0","ocean_menu_typo_font_family":"0","ocean_menu_typo_font_subset":"","ocean_menu_typo_font_size":0,"ocean_menu_typo_font_size_tablet":0,"ocean_menu_typo_font_size_mobile":0,"ocean_menu_typo_font_size_unit":"px","ocean_menu_typo_font_weight":"","ocean_menu_typo_font_weight_tablet":"","ocean_menu_typo_font_weight_mobile":"","ocean_menu_typo_transform":"","ocean_menu_typo_transform_tablet":"","ocean_menu_typo_transform_mobile":"","ocean_menu_typo_line_height":0,"ocean_menu_typo_line_height_tablet":0,"ocean_menu_typo_line_height_mobile":0,"ocean_menu_typo_line_height_unit":"","ocean_menu_typo_spacing":0,"ocean_menu_typo_spacing_tablet":0,"ocean_menu_typo_spacing_mobile":0,"ocean_menu_typo_spacing_unit":"","ocean_menu_link_color":"","ocean_menu_link_color_hover":"","ocean_menu_link_color_active":"","ocean_menu_link_background":"","ocean_menu_link_hover_background":"","ocean_menu_link_active_background":"","ocean_menu_social_links_bg":"","ocean_menu_social_hover_links_bg":"","ocean_menu_social_links_color":"","ocean_menu_social_hover_links_color":"","ocean_disable_title":"default","ocean_disable_heading":"default","ocean_post_title":"","ocean_post_subheading":"","ocean_post_title_style":"","ocean_post_title_background_color":"","ocean_post_title_background":0,"ocean_post_title_bg_image_position":"","ocean_post_title_bg_image_attachment":"","ocean_post_title_bg_image_repeat":"","ocean_post_title_bg_image_size":"","ocean_post_title_height":0,"ocean_post_title_bg_overlay":0.5,"ocean_post_title_bg_overlay_color":"","ocean_disable_breadcrumbs":"default","ocean_breadcrumbs_color":"","ocean_breadcrumbs_separator_color":"","ocean_breadcrumbs_links_color":"","ocean_breadcrumbs_links_hover_color":"","ocean_display_footer_widgets":"default","ocean_display_footer_bottom":"default","ocean_custom_footer_template":"0","osh_disable_topbar_sticky":"default","osh_disable_header_sticky":"default","osh_sticky_header_style":"default","osh_sticky_header_effect":"","osh_custom_sticky_logo":0,"osh_custom_retina_sticky_logo":0,"osh_custom_sticky_logo_height":0,"osh_background_color":"","osh_links_color":"","osh_links_hover_color":"","osh_links_active_color":"","osh_links_bg_color":"","osh_links_hover_bg_color":"","osh_links_active_bg_color":"","osh_menu_social_links_color":"","osh_menu_social_hover_links_color":""},"product_brand":[],"product_cat":[42,41],"product_tag":[74,322,73,77,72],"class_list":{"0":"post-3772","1":"product","2":"type-product","3":"status-publish","4":"has-post-thumbnail","6":"product_cat-electric-progressive-pumps","7":"product_cat-progressive-grease-systems","8":"product_tag-automatic-lubrication-pump","9":"product_tag-centralized-lubrication","10":"product_tag-electric-lubrication-pump","11":"product_tag-grease-lubrication-pump","12":"product_tag-lubrication-system","14":"entry","15":"has-media","17":"first","18":"instock","19":"shipping-taxable","20":"product-type-external","21":"col","22":"span_1_of_3","23":"owp-content-center","24":"owp-thumbs-layout-horizontal","25":"owp-btn-very-big","26":"owp-tabs-layout-horizontal"},"_links":{"self":[{"href":"https:\/\/www.jinpinlub.com\/pl\/wp-json\/wp\/v2\/product\/3772","targetHints":{"allow":["GET"]}}],"collection":[{"href":"https:\/\/www.jinpinlub.com\/pl\/wp-json\/wp\/v2\/product"}],"about":[{"href":"https:\/\/www.jinpinlub.com\/pl\/wp-json\/wp\/v2\/types\/product"}],"wp:featuredmedia":[{"embeddable":true,"href":"https:\/\/www.jinpinlub.com\/pl\/wp-json\/wp\/v2\/media\/3776"}],"wp:attachment":[{"href":"https:\/\/www.jinpinlub.com\/pl\/wp-json\/wp\/v2\/media?parent=3772"}],"wp:term":[{"taxonomy":"product_brand","embeddable":true,"href":"https:\/\/www.jinpinlub.com\/pl\/wp-json\/wp\/v2\/product_brand?post=3772"},{"taxonomy":"product_cat","embeddable":true,"href":"https:\/\/www.jinpinlub.com\/pl\/wp-json\/wp\/v2\/product_cat?post=3772"},{"taxonomy":"product_tag","embeddable":true,"href":"https:\/\/www.jinpinlub.com\/pl\/wp-json\/wp\/v2\/product_tag?post=3772"}],"curies":[{"name":"wp","href":"https:\/\/api.w.org\/{rel}","templated":true}]}}