{"id":3778,"date":"2024-10-10T12:11:34","date_gmt":"2024-10-10T04:11:34","guid":{"rendered":"https:\/\/www.jinpinlub.com\/?post_type=product&#038;p=3778"},"modified":"2024-10-10T12:15:26","modified_gmt":"2024-10-10T04:15:26","slug":"amg1-automatyczne-elektryczne-pompy-smarownicze-do-smaru-plynnego-3","status":"publish","type":"product","link":"https:\/\/www.jinpinlub.com\/pl\/product\/jmg1-progressive-motor-driven-grease-lubrication-gear-pump\/","title":{"rendered":"Pompa z\u0119bata smaruj\u0105ca JMG1 nap\u0119dzana silnikiem progresywnym"},"content":{"rendered":"<h2>Cechy<\/h2>\n<p>1. Uk\u0142ad smarowania ma dwa opcjonalne tryby uruchamiania: tryb smarowania i tryb pami\u0119ci. W trybie pami\u0119ci, po ponownym pod\u0142\u0105czeniu zasilania, niedoko\u0144czone smarowanie lub dzia\u0142anie interwa\u0142owe mo\u017ce zosta\u0107 wznowione.<br \/>\n2. Umo\u017cliwia regulacj\u0119 smarowania i odst\u0119pu czasu, poprzez wyb\u00f3r spo\u015br\u00f3d wielu jednostek, takich jak sekundy, minuty i godziny, co zapewnia elastyczno\u015b\u0107 smarowania.<br \/>\n3. Zaw\u00f3r bezpiecze\u0144stwa, kt\u00f3rego funkcja sta\u0142ego ci\u015bnienia utrzymuje dobry stan i zapobiega wyst\u0105pieniu nadmiernie wysokiego ci\u015bnienia w uk\u0142adzie.<br \/>\n4. Pompa smarownicza JMG wyposa\u017cona jest w timer; stan roboczy i nieprawid\u0142owo\u015bci w dzia\u0142aniu smarownicy mo\u017cna wy\u015bwietli\u0107 na ekranie panelu oraz za pomoc\u0105 kontrolki.<br \/>\n5. Przycisk wymuszonego smarowania \u201eRES\u201d na pompie smarowniczej JMG1 umo\u017cliwia zresetowanie i ponowne uruchomienie cyklu pracy pompy.<br \/>\n6. W zale\u017cno\u015bci od rzeczywistych warunk\u00f3w wymaganych przez klienta, mo\u017cna wybra\u0107 wy\u0142\u0105cznik ci\u015bnieniowy w celu realizacji sterowania automatycznego.<br \/>\n7. Ten <a href=\"https:\/\/en.wikipedia.org\/wiki\/Induction_motor\" target=\"_blank\" rel=\"noopener\">silnik indukcyjny<\/a> stosowany w pompie smarowniczej JMG1 charakteryzuje si\u0119 najwy\u017csz\u0105 jako\u015bci\u0105 i umo\u017cliwia d\u0142ugotrwa\u0142\u0105 eksploatacj\u0119; mo\u017cna go przystosowa\u0107 do d\u0142ugotrwa\u0142ych operacji smarowania.<\/p>\n<h2>Specyfikacja<\/h2>\n<table>\n<tbody>\n<tr>\n<td>Model<\/td>\n<td>JMG1<\/td>\n<\/tr>\n<tr>\n<td>Czas smarowania<\/td>\n<td>1-999 sek.<\/td>\n<\/tr>\n<tr>\n<td>Czas interwa\u0142u<\/td>\n<td>1-999 minut<\/td>\n<\/tr>\n<tr>\n<td>Temperatura pracy<\/td>\n<td>-10\u2103~ +60\u00b0C (niskie temperatury wymagaj\u0105 smaru zapobiegaj\u0105cego zamarzaniu)<\/td>\n<\/tr>\n<tr>\n<td>Liczba wyj\u015b\u0107<\/td>\n<td>1<\/td>\n<\/tr>\n<tr>\n<td>Pojemno\u015b\u0107 zbiornika<\/td>\n<td>3L (zbiornik na \u017cywic\u0119), 4L, 6L, 8L, 20L (zbiornik metalowy)<\/td>\n<\/tr>\n<tr>\n<td>Uzupe\u0142nianie<\/td>\n<td>Od g\u00f3ry<\/td>\n<\/tr>\n<tr>\n<td>Smar<\/td>\n<td>NLGI 000#~00#<\/td>\n<\/tr>\n<tr>\n<td>Moc silnika<\/td>\n<td>40 W<\/td>\n<\/tr>\n<tr>\n<td>Wypisa\u0107<\/td>\n<td>250 ml\/min<\/td>\n<\/tr>\n<tr>\n<td>Maksymalne ci\u015bnienie robocze<\/td>\n<td>4,0 MPa<\/td>\n<\/tr>\n<tr>\n<td>Gwint przy\u0142\u0105czeniowy<\/td>\n<td>Wylot \u03a66<\/td>\n<\/tr>\n<tr>\n<td>Napi\u0119cie robocze<\/td>\n<td>110 V AC, 220 V AC, 12 V DC, 24 V DC<\/td>\n<\/tr>\n<tr>\n<td>Orzecznictwo<\/td>\n<td>CE<\/td>\n<\/tr>\n<tr>\n<td>Prze\u0142\u0105cznik niskiego poziomu<\/td>\n<td>Kontakt NC<\/td>\n<\/tr>\n<\/tbody>\n<\/table>\n<h2>Aplikacje<\/h2>\n<p>Przemys\u0142 obrabiarkowy: W przemy\u015ble obrabiarkowym pompa smaruj\u0105ca dostarcza smary do kluczowych cz\u0119\u015bci obrabiarek w odpowiednim czasie i ilo\u015bci, takich jak szyny prowadz\u0105ce, \u015bruby poci\u0105gowe, \u0142o\u017cyska itp., w celu zmniejszenia tarcia i zu\u017cycia.<br \/>\nMaszyny do obr\u00f3bki tworzyw sztucznych: JMG1 mo\u017cna stosowa\u0107 w maszynach do obr\u00f3bki tworzyw sztucznych, aby zapewni\u0107 normalne smarowanie urz\u0105dze\u0144, takich jak maszyny do formowania wtryskowego i wyt\u0142aczarki. Okre\u015blona ilo\u015b\u0107 smaru zapewnia, \u017ce przegrzanie mechaniki jest hamowane i utrzymuje dok\u0142adno\u015b\u0107 mechaniczn\u0105 i stabilno\u015b\u0107.<br \/>\nMaszyna odlewnicza: W linii produkcyjnej odlew\u00f3w ci\u015bnieniowych urz\u0105dzenie JMG1 smaruje r\u00f3\u017cne \u015blizgowe cz\u0119\u015bci maszyny odlewniczej i zmniejsza \u015bcieranie form i cz\u0119\u015bci mechanicznych.<br \/>\nProdukcja procesowa: W obszarach produkcji procesowej w przetw\u00f3rstwie i pakowaniu \u017cywno\u015bci pompa smaruj\u0105ca utrzymuje ta\u015bmy przeno\u015bnikowe, maszyny do butelkowania, silniki i \u0142o\u017cyska w czysto\u015bci i zapewnia cich\u0105 prac\u0119 przy du\u017cej pr\u0119dko\u015bci i minimalnym zu\u017cyciu.<\/p>\n<h2>Instrukcje<\/h2>\n<div class=\"sdm_download_button_box_default\"><div class=\"sdm_download_link\"><a href=\"https:\/\/www.jinpinlub.com\/pl\/?sdm_process_download=1&download_id=3737\" class=\"sdm_download white\" title=\"Prywatne: JMG Grease Pump\" target=\"&quot;_blank&quot;\">Wy\u015bwietl arkusz danych - Pompa smaru JMG<\/a><\/div><\/div>","protected":false},"excerpt":{"rendered":"<p>Pompa smarownicza JMG1 jest stosowana w r\u00f3\u017cnych scentralizowanych systemach smarowania, takich jak obrabiarki, maszyny do przetw\u00f3rstwa tworzyw sztucznych, maszyny do odlewania ci\u015bnieniowego itp. Zawiera automatyczne urz\u0105dzenie czasowe, czujnik niskiego poziomu cieczy, czujnik ci\u015bnienia itp. w celu zwi\u0119kszenia niezawodno\u015bci uk\u0142adu smarowania.<\/p>","protected":false},"featured_media":3779,"template":"","meta":{"ocean_post_layout":"","ocean_both_sidebars_style":"","ocean_both_sidebars_content_width":0,"ocean_both_sidebars_sidebars_width":0,"ocean_sidebar":"0","ocean_second_sidebar":"0","ocean_disable_margins":"enable","ocean_add_body_class":"","ocean_shortcode_before_top_bar":"","ocean_shortcode_after_top_bar":"","ocean_shortcode_before_header":"","ocean_shortcode_after_header":"","ocean_has_shortcode":"","ocean_shortcode_after_title":"","ocean_shortcode_before_footer_widgets":"","ocean_shortcode_after_footer_widgets":"","ocean_shortcode_before_footer_bottom":"","ocean_shortcode_after_footer_bottom":"","ocean_display_top_bar":"default","ocean_display_header":"default","ocean_header_style":"","ocean_center_header_left_menu":"0","ocean_custom_header_template":"0","ocean_custom_logo":0,"ocean_custom_retina_logo":0,"ocean_custom_logo_max_width":0,"ocean_custom_logo_tablet_max_width":0,"ocean_custom_logo_mobile_max_width":0,"ocean_custom_logo_max_height":0,"ocean_custom_logo_tablet_max_height":0,"ocean_custom_logo_mobile_max_height":0,"ocean_header_custom_menu":"0","ocean_menu_typo_font_family":"0","ocean_menu_typo_font_subset":"","ocean_menu_typo_font_size":0,"ocean_menu_typo_font_size_tablet":0,"ocean_menu_typo_font_size_mobile":0,"ocean_menu_typo_font_size_unit":"px","ocean_menu_typo_font_weight":"","ocean_menu_typo_font_weight_tablet":"","ocean_menu_typo_font_weight_mobile":"","ocean_menu_typo_transform":"","ocean_menu_typo_transform_tablet":"","ocean_menu_typo_transform_mobile":"","ocean_menu_typo_line_height":0,"ocean_menu_typo_line_height_tablet":0,"ocean_menu_typo_line_height_mobile":0,"ocean_menu_typo_line_height_unit":"","ocean_menu_typo_spacing":0,"ocean_menu_typo_spacing_tablet":0,"ocean_menu_typo_spacing_mobile":0,"ocean_menu_typo_spacing_unit":"","ocean_menu_link_color":"","ocean_menu_link_color_hover":"","ocean_menu_link_color_active":"","ocean_menu_link_background":"","ocean_menu_link_hover_background":"","ocean_menu_link_active_background":"","ocean_menu_social_links_bg":"","ocean_menu_social_hover_links_bg":"","ocean_menu_social_links_color":"","ocean_menu_social_hover_links_color":"","ocean_disable_title":"default","ocean_disable_heading":"default","ocean_post_title":"","ocean_post_subheading":"","ocean_post_title_style":"","ocean_post_title_background_color":"","ocean_post_title_background":0,"ocean_post_title_bg_image_position":"","ocean_post_title_bg_image_attachment":"","ocean_post_title_bg_image_repeat":"","ocean_post_title_bg_image_size":"","ocean_post_title_height":0,"ocean_post_title_bg_overlay":0.5,"ocean_post_title_bg_overlay_color":"","ocean_disable_breadcrumbs":"default","ocean_breadcrumbs_color":"","ocean_breadcrumbs_separator_color":"","ocean_breadcrumbs_links_color":"","ocean_breadcrumbs_links_hover_color":"","ocean_display_footer_widgets":"default","ocean_display_footer_bottom":"default","ocean_custom_footer_template":"0","osh_disable_topbar_sticky":"default","osh_disable_header_sticky":"default","osh_sticky_header_style":"default","osh_sticky_header_effect":"","osh_custom_sticky_logo":0,"osh_custom_retina_sticky_logo":0,"osh_custom_sticky_logo_height":0,"osh_background_color":"","osh_links_color":"","osh_links_hover_color":"","osh_links_active_color":"","osh_links_bg_color":"","osh_links_hover_bg_color":"","osh_links_active_bg_color":"","osh_menu_social_links_color":"","osh_menu_social_hover_links_color":""},"product_brand":[],"product_cat":[42,41],"product_tag":[74,73,77,196,72],"class_list":{"0":"post-3778","1":"product","2":"type-product","3":"status-publish","4":"has-post-thumbnail","6":"product_cat-electric-progressive-pumps","7":"product_cat-progressive-grease-systems","8":"product_tag-automatic-lubrication-pump","9":"product_tag-electric-lubrication-pump","10":"product_tag-grease-lubrication-pump","11":"product_tag-grease-lubrication-system","12":"product_tag-lubrication-system","14":"entry","15":"has-media","17":"first","18":"instock","19":"shipping-taxable","20":"product-type-external","21":"col","22":"span_1_of_3","23":"owp-content-center","24":"owp-thumbs-layout-horizontal","25":"owp-btn-very-big","26":"owp-tabs-layout-horizontal"},"_links":{"self":[{"href":"https:\/\/www.jinpinlub.com\/pl\/wp-json\/wp\/v2\/product\/3778","targetHints":{"allow":["GET"]}}],"collection":[{"href":"https:\/\/www.jinpinlub.com\/pl\/wp-json\/wp\/v2\/product"}],"about":[{"href":"https:\/\/www.jinpinlub.com\/pl\/wp-json\/wp\/v2\/types\/product"}],"wp:featuredmedia":[{"embeddable":true,"href":"https:\/\/www.jinpinlub.com\/pl\/wp-json\/wp\/v2\/media\/3779"}],"wp:attachment":[{"href":"https:\/\/www.jinpinlub.com\/pl\/wp-json\/wp\/v2\/media?parent=3778"}],"wp:term":[{"taxonomy":"product_brand","embeddable":true,"href":"https:\/\/www.jinpinlub.com\/pl\/wp-json\/wp\/v2\/product_brand?post=3778"},{"taxonomy":"product_cat","embeddable":true,"href":"https:\/\/www.jinpinlub.com\/pl\/wp-json\/wp\/v2\/product_cat?post=3778"},{"taxonomy":"product_tag","embeddable":true,"href":"https:\/\/www.jinpinlub.com\/pl\/wp-json\/wp\/v2\/product_tag?post=3778"}],"curies":[{"name":"wp","href":"https:\/\/api.w.org\/{rel}","templated":true}]}}