{"id":3826,"date":"2024-10-21T11:11:19","date_gmt":"2024-10-21T03:11:19","guid":{"rendered":"https:\/\/www.jinpinlub.com\/?post_type=product&#038;p=3826"},"modified":"2024-10-21T11:51:36","modified_gmt":"2024-10-21T03:51:36","slug":"kvt-reczny-pret-ciagnacy-60-mpa-pistolet-smarowy-do-napelniania-srodkiem-smarnym","status":"publish","type":"product","link":"https:\/\/www.jinpinlub.com\/pl\/product\/kvt-manual-pull-rod-60-mpa-grease-gun-for-lubricant-filling\/","title":{"rendered":"KVT R\u0119czny pr\u0119t \u015bci\u0105gaj\u0105cy 60 MPa Smarownica do nape\u0142niania \u015brodkiem smarnym"},"content":{"rendered":"<h2>Cechy<\/h2>\n<p>Pistolet smarowy jest wyposa\u017cony w przemys\u0142owe uszczelnienie olejowe, kt\u00f3re nie przecieka oleju. Du\u017cy t\u0142ok i konstrukcja pojedynczego podw\u00f3jnego t\u0142oka zapewniaj\u0105 wysokie ci\u015bnienie i szybkie roz\u0142adowanie.<br \/>\nG\u0142owica pistoletu jest odlewana w ca\u0142o\u015bci i wytrzymuje maksymalne ci\u015bnienie robocze 60 MPa.<br \/>\nWyposa\u017cono j\u0105 w grub\u0105 spr\u0119\u017cyn\u0119, a przemys\u0142owa obr\u00f3bka cieplna gwarantuje, \u017ce nie ulega ona \u0142atwo odkszta\u0142ceniom ani starzeniu.<br \/>\nPistolet smarowy posiada teksturowan\u0105 gumow\u0105 tulej\u0119, kt\u00f3ra skutecznie zapobiega \u015blizganiu si\u0119 i zu\u017cyciu.<br \/>\nMa szerokie zastosowanie jako \u015brodek smarny do maszyn rolniczych, maszyn in\u017cynieryjnych, sprz\u0119tu samochodowego i okr\u0119towego oraz sprz\u0119tu ci\u0119\u017ckiego i lekkiego.<\/p>\n<h2>Specyfikacja<\/h2>\n<table>\n<tbody>\n<tr>\n<td>Model<\/td>\n<td>KVT<\/td>\n<\/tr>\n<tr>\n<td>Czas smarowania<\/td>\n<td>Podr\u0119cznik<\/td>\n<\/tr>\n<tr>\n<td>Temperatura pracy<\/td>\n<td>(-20\u2103~ +60\u00b0C, Warunki niskiej temperatury wymagaj\u0105 smaru zapobiegaj\u0105cego zamarzaniu)<\/td>\n<\/tr>\n<tr>\n<td>Liczba wyj\u015b\u0107<\/td>\n<td>1<\/td>\n<\/tr>\n<tr>\n<td>Pojemno\u015b\u0107 zbiornika<\/td>\n<td>600 ml<\/td>\n<\/tr>\n<tr>\n<td>Smar<\/td>\n<td>Do NLGI #3<\/td>\n<\/tr>\n<tr>\n<td>T\u0142ok<\/td>\n<td>\u015arednica 8mm<\/td>\n<\/tr>\n<tr>\n<td>Maksymalne ci\u015bnienie robocze<\/td>\n<td>60 MPa<\/td>\n<\/tr>\n<tr>\n<td>Orzecznictwo<\/td>\n<td>CE<\/td>\n<\/tr>\n<\/tbody>\n<\/table>\n<h2>\u015arodki ostro\u017cno\u015bci<\/h2>\n<p>1. Odkr\u0119\u0107 g\u0142owic\u0119 smarownicy, aby oddzieli\u0107 j\u0105 od lufy.<br \/>\n2. Zablokuj p\u0142ytk\u0119 blokuj\u0105c\u0105 na ko\u0144cu lufy i wci\u015bnij uchwyt na ko\u0144cu lufy do ko\u0144ca.<br \/>\n3. Zanurz ko\u0144c\u00f3wk\u0119 pistoletu do smaru w beczce ze smarem na g\u0142\u0119boko\u015b\u0107 oko\u0142o 30 mm, poci\u0105gnij za uchwyt na ko\u0144cu beczki, aby zassa\u0107 smar do beczki.<br \/>\n4. Ponownie przykr\u0119\u0107 g\u0142owic\u0119 smarownicy, naci\u015bnij p\u0142ytk\u0119 blokuj\u0105c\u0105 na ko\u0144cu lufy i naci\u015bnij uchwyt nap\u0119dzany, aby rozpocz\u0105\u0107 wypompowywanie.<br \/>\n5. U\u017cyj koniuszk\u00f3w palc\u00f3w, aby kontrolowa\u0107 otw\u00f3r wydechowy. Gdy zobaczysz, \u017ce smar wydostaje si\u0119 z otworu wydechowego, wydech jest kompletny.<br \/>\n6. Po nape\u0142nieniu sprawd\u017a pozycj\u0119 urz\u0105dzenia do dodawania smaru, zako\u0144cz pod\u0142\u0105czanie dyszy i u\u017cyj si\u0142y r\u0119ki, aby potrz\u0105sn\u0105\u0107 uchwytem, aby doda\u0107 smar.<\/p>\n<h2>Instrukcje<\/h2>\n<div class=\"sdm_download_button_box_default\"><div class=\"sdm_download_link\"><a href=\"https:\/\/www.jinpinlub.com\/pl\/?sdm_process_download=1&download_id=3824\" class=\"sdm_download white\" title=\"Prywatne: KVT Manual Grease Gun\" target=\"&quot;_blank&quot;\">Zobacz kart\u0119 danych - Smarownica r\u0119czna KVT<\/a><\/div><\/div>","protected":false},"excerpt":{"rendered":"<p>R\u0119czny pistolet smarowy to r\u0119czne narz\u0119dzie s\u0142u\u017c\u0105ce do nape\u0142niania urz\u0105dze\u0144 mechanicznych smarem. Ma du\u017c\u0105 pojemno\u015b\u0107, du\u017c\u0105 odporno\u015b\u0107 na ci\u015bnienie, bezpieczn\u0105 konstrukcj\u0119, prost\u0105 obs\u0142ug\u0119 i jest \u0142atwy do przenoszenia. Jest niezb\u0119dnym narz\u0119dziem dla operator\u00f3w maszyn rolniczych i centr\u00f3w konserwacji.<\/p>","protected":false},"featured_media":3818,"template":"","meta":{"ocean_post_layout":"","ocean_both_sidebars_style":"","ocean_both_sidebars_content_width":0,"ocean_both_sidebars_sidebars_width":0,"ocean_sidebar":"0","ocean_second_sidebar":"0","ocean_disable_margins":"enable","ocean_add_body_class":"","ocean_shortcode_before_top_bar":"","ocean_shortcode_after_top_bar":"","ocean_shortcode_before_header":"","ocean_shortcode_after_header":"","ocean_has_shortcode":"","ocean_shortcode_after_title":"","ocean_shortcode_before_footer_widgets":"","ocean_shortcode_after_footer_widgets":"","ocean_shortcode_before_footer_bottom":"","ocean_shortcode_after_footer_bottom":"","ocean_display_top_bar":"default","ocean_display_header":"default","ocean_header_style":"","ocean_center_header_left_menu":"0","ocean_custom_header_template":"0","ocean_custom_logo":0,"ocean_custom_retina_logo":0,"ocean_custom_logo_max_width":0,"ocean_custom_logo_tablet_max_width":0,"ocean_custom_logo_mobile_max_width":0,"ocean_custom_logo_max_height":0,"ocean_custom_logo_tablet_max_height":0,"ocean_custom_logo_mobile_max_height":0,"ocean_header_custom_menu":"0","ocean_menu_typo_font_family":"0","ocean_menu_typo_font_subset":"","ocean_menu_typo_font_size":0,"ocean_menu_typo_font_size_tablet":0,"ocean_menu_typo_font_size_mobile":0,"ocean_menu_typo_font_size_unit":"px","ocean_menu_typo_font_weight":"","ocean_menu_typo_font_weight_tablet":"","ocean_menu_typo_font_weight_mobile":"","ocean_menu_typo_transform":"","ocean_menu_typo_transform_tablet":"","ocean_menu_typo_transform_mobile":"","ocean_menu_typo_line_height":0,"ocean_menu_typo_line_height_tablet":0,"ocean_menu_typo_line_height_mobile":0,"ocean_menu_typo_line_height_unit":"","ocean_menu_typo_spacing":0,"ocean_menu_typo_spacing_tablet":0,"ocean_menu_typo_spacing_mobile":0,"ocean_menu_typo_spacing_unit":"","ocean_menu_link_color":"","ocean_menu_link_color_hover":"","ocean_menu_link_color_active":"","ocean_menu_link_background":"","ocean_menu_link_hover_background":"","ocean_menu_link_active_background":"","ocean_menu_social_links_bg":"","ocean_menu_social_hover_links_bg":"","ocean_menu_social_links_color":"","ocean_menu_social_hover_links_color":"","ocean_disable_title":"default","ocean_disable_heading":"default","ocean_post_title":"","ocean_post_subheading":"","ocean_post_title_style":"","ocean_post_title_background_color":"","ocean_post_title_background":0,"ocean_post_title_bg_image_position":"","ocean_post_title_bg_image_attachment":"","ocean_post_title_bg_image_repeat":"","ocean_post_title_bg_image_size":"","ocean_post_title_height":0,"ocean_post_title_bg_overlay":0.5,"ocean_post_title_bg_overlay_color":"","ocean_disable_breadcrumbs":"default","ocean_breadcrumbs_color":"","ocean_breadcrumbs_separator_color":"","ocean_breadcrumbs_links_color":"","ocean_breadcrumbs_links_hover_color":"","ocean_display_footer_widgets":"default","ocean_display_footer_bottom":"default","ocean_custom_footer_template":"0","osh_disable_topbar_sticky":"default","osh_disable_header_sticky":"default","osh_sticky_header_style":"default","osh_sticky_header_effect":"","osh_custom_sticky_logo":0,"osh_custom_retina_sticky_logo":0,"osh_custom_sticky_logo_height":0,"osh_background_color":"","osh_links_color":"","osh_links_hover_color":"","osh_links_active_color":"","osh_links_bg_color":"","osh_links_hover_bg_color":"","osh_links_active_bg_color":"","osh_menu_social_links_color":"","osh_menu_social_hover_links_color":""},"product_brand":[],"product_cat":[32],"product_tag":[327,326,328,325,324],"class_list":{"0":"post-3826","1":"product","2":"type-product","3":"status-publish","4":"has-post-thumbnail","6":"product_cat-lubricant-filling-pumps","7":"product_tag-grease-filler","8":"product_tag-grease-filling-gun","9":"product_tag-grease-syringe","10":"product_tag-hand-operated-grease-gun","11":"product_tag-manual-grease-gun","13":"entry","14":"has-media","16":"first","17":"instock","18":"shipping-taxable","19":"product-type-external","20":"col","21":"span_1_of_3","22":"owp-content-center","23":"owp-thumbs-layout-horizontal","24":"owp-btn-very-big","25":"owp-tabs-layout-horizontal"},"_links":{"self":[{"href":"https:\/\/www.jinpinlub.com\/pl\/wp-json\/wp\/v2\/product\/3826","targetHints":{"allow":["GET"]}}],"collection":[{"href":"https:\/\/www.jinpinlub.com\/pl\/wp-json\/wp\/v2\/product"}],"about":[{"href":"https:\/\/www.jinpinlub.com\/pl\/wp-json\/wp\/v2\/types\/product"}],"wp:featuredmedia":[{"embeddable":true,"href":"https:\/\/www.jinpinlub.com\/pl\/wp-json\/wp\/v2\/media\/3818"}],"wp:attachment":[{"href":"https:\/\/www.jinpinlub.com\/pl\/wp-json\/wp\/v2\/media?parent=3826"}],"wp:term":[{"taxonomy":"product_brand","embeddable":true,"href":"https:\/\/www.jinpinlub.com\/pl\/wp-json\/wp\/v2\/product_brand?post=3826"},{"taxonomy":"product_cat","embeddable":true,"href":"https:\/\/www.jinpinlub.com\/pl\/wp-json\/wp\/v2\/product_cat?post=3826"},{"taxonomy":"product_tag","embeddable":true,"href":"https:\/\/www.jinpinlub.com\/pl\/wp-json\/wp\/v2\/product_tag?post=3826"}],"curies":[{"name":"wp","href":"https:\/\/api.w.org\/{rel}","templated":true}]}}