{"id":3828,"date":"2024-10-21T15:11:16","date_gmt":"2024-10-21T07:11:16","guid":{"rendered":"https:\/\/www.jinpinlub.com\/?post_type=product&#038;p=3828"},"modified":"2024-10-29T17:04:52","modified_gmt":"2024-10-29T09:04:52","slug":"jdy-50s-ultrawysokocisnieniowa-maszyna-do-napelniania-smarem-litowym","status":"publish","type":"product","link":"https:\/\/www.jinpinlub.com\/pl\/product\/jdy-50s-ultra-high-pressure-lithium-grease-filling-machine\/","title":{"rendered":"Maszyna do nape\u0142niania smarem litowym o bardzo wysokim ci\u015bnieniu JDY-50S"},"content":{"rendered":"<h2>Cechy<\/h2>\n<p>Otw\u00f3r ss\u0105cy oleju pompy smarowniczej jest wyposa\u017cony w filtr zapobiegaj\u0105cy przedostawaniu si\u0119 zanieczyszcze\u0144 do korpusu pompy. Rdze\u0144 pompy wykorzystuje wysokiej jako\u015bci poliuretanowe uszczelki olejowe o wi\u0119kszej odporno\u015bci na zu\u017cycie. Jest specjalnie zaprojektowany do smar\u00f3w o wysokiej lepko\u015bci i jest lepiej kompatybilny ze smarami o wysokiej lepko\u015bci. Wlot powietrza pneumatycznej g\u0142owicy pompy jest wyposa\u017cony w podw\u00f3jny separator oleju i wody. Ta maszyna do nape\u0142niania jest kompatybilna z olejami niekorozyjnymi i nadaje si\u0119 do: smaru na bazie litu NLGI 00#~3# i specjalnego smaru odpornego na wysokie temperatury.<\/p>\n<h2>Specyfikacja<\/h2>\n<table>\n<tbody>\n<tr>\n<td>Stosunek ci\u015bnie\u0144<\/td>\n<td>80:1<\/td>\n<\/tr>\n<tr>\n<td>Maksymalne ci\u015bnienie<\/td>\n<td>80MPa<\/td>\n<\/tr>\n<tr>\n<td>Maksymalna szybko\u015b\u0107 przep\u0142ywu<\/td>\n<td>600-900g\/min<\/td>\n<\/tr>\n<tr>\n<td>Smar<\/td>\n<td>NLGI 00# ~ 3#<\/td>\n<\/tr>\n<tr>\n<td>Zakres ci\u015bnienia<\/td>\n<td>0,5-0,9 MPa<\/td>\n<\/tr>\n<tr>\n<td>Temperatura<\/td>\n<td>80\u2103<\/td>\n<\/tr>\n<tr>\n<td>G\u0142owica transportowa<\/td>\n<td>80m<\/td>\n<\/tr>\n<tr>\n<td>D\u0142ugo\u015b\u0107 rury<\/td>\n<td>10m\/15m<\/td>\n<\/tr>\n<tr>\n<td>Nadzienie t\u0142uszczowe<\/td>\n<td>Beczki 15-20kg<\/td>\n<\/tr>\n<tr>\n<td>Waga<\/td>\n<td>15kg<\/td>\n<\/tr>\n<tr>\n<td>Opakowanie<\/td>\n<td>800*400*400mm<\/td>\n<\/tr>\n<\/tbody>\n<\/table>\n<h2>\u015arodki ostro\u017cno\u015bci<\/h2>\n<p>1. Jest to pneumatyczna maszyna do nape\u0142niania smarem, wi\u0119c przed u\u017cyciem nale\u017cy j\u0105 pod\u0142\u0105czy\u0107 do \u017ar\u00f3d\u0142a spr\u0119\u017conego powietrza.<br \/>\n2. Surowo zabrania si\u0119 stosowania \u0142atwopalnego gazu w urz\u0105dzeniach smaruj\u0105cych. W przeciwnym razie ponosisz ryzyko konsekwencji.<br \/>\n3. Maszyny do nape\u0142niania smarem musz\u0105 by\u0107 kompatybilne z r\u00f3\u017cnymi \u015brodkami smarnymi, zale\u017cnie od pory roku: NLGI 1#~2# wiosn\u0105 i jesieni\u0105, NLGI 2#~3# latem i NLGI 0#~2# zim\u0105.<br \/>\n4. Je\u017celi nie ma konieczno\u015bci pracy, nie nale\u017cy u\u017cywa\u0107 smarownicy bez obci\u0105\u017cenia przez d\u0142u\u017cszy czas, aby unikn\u0105\u0107 uszkodzenia jej cz\u0119\u015bci wewn\u0119trznych.<br \/>\n5. Zabrania si\u0119 u\u017cywania urz\u0105dzenia do opryskiwania ludzi i zwierz\u0105t.<br \/>\n6. Gdy smarownica przestanie dzia\u0142a\u0107, wy\u0142\u0105cz dop\u0142yw powietrza i spu\u015b\u0107 powietrze, aby uwolni\u0107 ci\u015bnienie w w\u0119\u017cu.<br \/>\n7. Nale\u017cy regularnie konserwowa\u0107 smarownic\u0119 i czy\u015bci\u0107 w\u0105\u017c.<\/p>\n<h2>Instrukcje<\/h2>\n<div class=\"sdm_download_button_box_default\"><div class=\"sdm_download_link\"><a href=\"https:\/\/www.jinpinlub.com\/pl\/?sdm_process_download=1&download_id=3825\" class=\"sdm_download white\" title=\"Prywatne: JDY-50S Filling Pump\" target=\"&quot;_blank&quot;\">Wy\u015bwietl kart\u0119 katalogow\u0105 - Pompa nape\u0142niaj\u0105ca JDY-50S<\/a><\/div><\/div>","protected":false},"excerpt":{"rendered":"<p>JDY-50 to wysokoci\u015bnieniowa maszyna do nape\u0142niania smarem o wysokim ci\u015bnieniu, prostej obs\u0142udze i wysokim przep\u0142ywie. Jest u\u017cywana do konserwacji samochod\u00f3w, malowania, transportu, narz\u0119dzi mechanicznych, in\u017cynierii wiatrowej, elektrowni, maszyn rolniczych, produkcji metali itp.<\/p>","protected":false},"featured_media":3814,"template":"","meta":{"ocean_post_layout":"","ocean_both_sidebars_style":"","ocean_both_sidebars_content_width":0,"ocean_both_sidebars_sidebars_width":0,"ocean_sidebar":"0","ocean_second_sidebar":"0","ocean_disable_margins":"enable","ocean_add_body_class":"","ocean_shortcode_before_top_bar":"","ocean_shortcode_after_top_bar":"","ocean_shortcode_before_header":"","ocean_shortcode_after_header":"","ocean_has_shortcode":"","ocean_shortcode_after_title":"","ocean_shortcode_before_footer_widgets":"","ocean_shortcode_after_footer_widgets":"","ocean_shortcode_before_footer_bottom":"","ocean_shortcode_after_footer_bottom":"","ocean_display_top_bar":"default","ocean_display_header":"default","ocean_header_style":"","ocean_center_header_left_menu":"0","ocean_custom_header_template":"0","ocean_custom_logo":0,"ocean_custom_retina_logo":0,"ocean_custom_logo_max_width":0,"ocean_custom_logo_tablet_max_width":0,"ocean_custom_logo_mobile_max_width":0,"ocean_custom_logo_max_height":0,"ocean_custom_logo_tablet_max_height":0,"ocean_custom_logo_mobile_max_height":0,"ocean_header_custom_menu":"0","ocean_menu_typo_font_family":"0","ocean_menu_typo_font_subset":"","ocean_menu_typo_font_size":0,"ocean_menu_typo_font_size_tablet":0,"ocean_menu_typo_font_size_mobile":0,"ocean_menu_typo_font_size_unit":"px","ocean_menu_typo_font_weight":"","ocean_menu_typo_font_weight_tablet":"","ocean_menu_typo_font_weight_mobile":"","ocean_menu_typo_transform":"","ocean_menu_typo_transform_tablet":"","ocean_menu_typo_transform_mobile":"","ocean_menu_typo_line_height":0,"ocean_menu_typo_line_height_tablet":0,"ocean_menu_typo_line_height_mobile":0,"ocean_menu_typo_line_height_unit":"","ocean_menu_typo_spacing":0,"ocean_menu_typo_spacing_tablet":0,"ocean_menu_typo_spacing_mobile":0,"ocean_menu_typo_spacing_unit":"","ocean_menu_link_color":"","ocean_menu_link_color_hover":"","ocean_menu_link_color_active":"","ocean_menu_link_background":"","ocean_menu_link_hover_background":"","ocean_menu_link_active_background":"","ocean_menu_social_links_bg":"","ocean_menu_social_hover_links_bg":"","ocean_menu_social_links_color":"","ocean_menu_social_hover_links_color":"","ocean_disable_title":"default","ocean_disable_heading":"default","ocean_post_title":"","ocean_post_subheading":"","ocean_post_title_style":"","ocean_post_title_background_color":"","ocean_post_title_background":0,"ocean_post_title_bg_image_position":"","ocean_post_title_bg_image_attachment":"","ocean_post_title_bg_image_repeat":"","ocean_post_title_bg_image_size":"","ocean_post_title_height":0,"ocean_post_title_bg_overlay":0.5,"ocean_post_title_bg_overlay_color":"","ocean_disable_breadcrumbs":"default","ocean_breadcrumbs_color":"","ocean_breadcrumbs_separator_color":"","ocean_breadcrumbs_links_color":"","ocean_breadcrumbs_links_hover_color":"","ocean_display_footer_widgets":"default","ocean_display_footer_bottom":"default","ocean_custom_footer_template":"0","osh_disable_topbar_sticky":"default","osh_disable_header_sticky":"default","osh_sticky_header_style":"default","osh_sticky_header_effect":"","osh_custom_sticky_logo":0,"osh_custom_retina_sticky_logo":0,"osh_custom_sticky_logo_height":0,"osh_background_color":"","osh_links_color":"","osh_links_hover_color":"","osh_links_active_color":"","osh_links_bg_color":"","osh_links_hover_bg_color":"","osh_links_active_bg_color":"","osh_menu_social_links_color":"","osh_menu_social_hover_links_color":""},"product_brand":[],"product_cat":[32],"product_tag":[331,333,332,330,329],"class_list":{"0":"post-3828","1":"product","2":"type-product","3":"status-publish","4":"has-post-thumbnail","6":"product_cat-lubricant-filling-pumps","7":"product_tag-butter-filling-gun","8":"product_tag-high-pressure-grease-injector","9":"product_tag-mobile-grease-machine","10":"product_tag-oil-filling-machine","11":"product_tag-pneumatic-butter-machine","13":"entry","14":"has-media","16":"first","17":"instock","18":"shipping-taxable","19":"product-type-external","20":"col","21":"span_1_of_3","22":"owp-content-center","23":"owp-thumbs-layout-horizontal","24":"owp-btn-very-big","25":"owp-tabs-layout-horizontal"},"_links":{"self":[{"href":"https:\/\/www.jinpinlub.com\/pl\/wp-json\/wp\/v2\/product\/3828","targetHints":{"allow":["GET"]}}],"collection":[{"href":"https:\/\/www.jinpinlub.com\/pl\/wp-json\/wp\/v2\/product"}],"about":[{"href":"https:\/\/www.jinpinlub.com\/pl\/wp-json\/wp\/v2\/types\/product"}],"wp:featuredmedia":[{"embeddable":true,"href":"https:\/\/www.jinpinlub.com\/pl\/wp-json\/wp\/v2\/media\/3814"}],"wp:attachment":[{"href":"https:\/\/www.jinpinlub.com\/pl\/wp-json\/wp\/v2\/media?parent=3828"}],"wp:term":[{"taxonomy":"product_brand","embeddable":true,"href":"https:\/\/www.jinpinlub.com\/pl\/wp-json\/wp\/v2\/product_brand?post=3828"},{"taxonomy":"product_cat","embeddable":true,"href":"https:\/\/www.jinpinlub.com\/pl\/wp-json\/wp\/v2\/product_cat?post=3828"},{"taxonomy":"product_tag","embeddable":true,"href":"https:\/\/www.jinpinlub.com\/pl\/wp-json\/wp\/v2\/product_tag?post=3828"}],"curies":[{"name":"wp","href":"https:\/\/api.w.org\/{rel}","templated":true}]}}