{"id":3838,"date":"2024-11-01T03:13:38","date_gmt":"2024-10-31T19:13:38","guid":{"rendered":"https:\/\/www.jinpinlub.com\/?post_type=product&#038;p=3838"},"modified":"2024-11-01T03:36:26","modified_gmt":"2024-10-31T19:36:26","slug":"szczotka-olejowa-nylonowa-z-podstawa-do-smarowania-prowadnicy-lancucha","status":"publish","type":"product","link":"https:\/\/www.jinpinlub.com\/pl\/product\/nylon-oil-brush-with-base-for-chain-guide-rail-lubrication\/","title":{"rendered":"Szczotka olejowa nylonowa z podstaw\u0105 do smarowania prowadnicy \u0142a\u0144cucha"},"content":{"rendered":"<h2>Cechy<\/h2>\n<p>Aby rozwi\u0105za\u0107 problemy zwi\u0105zane z r\u0119cznym smarowaniem \u0142a\u0144cucha, zalecamy stosowanie automatycznego smarowania czasowego w po\u0142\u0105czeniu ze szczotkami olejowymi zapewniaj\u0105cymi dobre smarowanie.<br \/>\n1. Wyd\u0142u\u017ca \u017cywotno\u015b\u0107 \u0142a\u0144cucha.<br \/>\n2. Zmniejsz liczb\u0119 przestoj\u00f3w i przerw w pracy.<br \/>\n3. Zmniejsz straty energii.<br \/>\n4. Szczotka olejowa mo\u017ce ograniczy\u0107 utrat\u0119 oleju smaruj\u0105cego.<br \/>\n5. Szczotka olejowa mo\u017ce poch\u0142ania\u0107 drgania i uderzenia \u0142a\u0144cucha, redukuj\u0105c ha\u0142as.<br \/>\n6. Zmniejsz temperatur\u0119 \u0142a\u0144cucha pracuj\u0105cego z du\u017c\u0105 pr\u0119dko\u015bci\u0105.<br \/>\n7. Szczotka olejowa usuwa kurz i zanieczyszczenia itp., a tak\u017ce tworzy lepsz\u0105 warstw\u0119 oleju chroni\u0105c\u0105 przek\u0142adni\u0119 \u0142a\u0144cucha.<br \/>\nOpcjonalne, powszechnie dost\u0119pne rozmiary szczotek \u0142a\u0144cuchowych to 30 mm, 45 mm, 60 mm i 80 mm.<\/p>\n<h2>Specyfikacja<\/h2>\n<figure id=\"attachment_3839\" aria-describedby=\"caption-attachment-3839\" style=\"width: 800px\" class=\"wp-caption alignnone\"><img loading=\"lazy\" decoding=\"async\" class=\"size-full wp-image-3839\" src=\"https:\/\/www.jinpinlub.com\/wp-content\/uploads\/2024\/11\/Nylon-oil-brush-5.jpg\" alt=\"P\u0119dzel do oleju nylonowy (5)\" width=\"800\" height=\"326\" srcset=\"https:\/\/www.jinpinlub.com\/wp-content\/uploads\/2024\/11\/Nylon-oil-brush-5.jpg 800w, https:\/\/www.jinpinlub.com\/wp-content\/uploads\/2024\/11\/Nylon-oil-brush-5-300x122.jpg 300w, https:\/\/www.jinpinlub.com\/wp-content\/uploads\/2024\/11\/Nylon-oil-brush-5-768x313.jpg 768w, https:\/\/www.jinpinlub.com\/wp-content\/uploads\/2024\/11\/Nylon-oil-brush-5-18x7.jpg 18w\" sizes=\"auto, (max-width: 800px) 100vw, 800px\" \/><figcaption id=\"caption-attachment-3839\" class=\"wp-caption-text\">P\u0119dzel do oleju nylonowy (5)<\/figcaption><\/figure>\n<table>\n<tbody>\n<tr>\n<td>Model<\/td>\n<td>Gwint \u017ce\u0144ski<\/td>\n<td>P\u00f3\u0142nocny zach\u00f3d (g)<\/td>\n<\/tr>\n<tr>\n<td>OM408<\/td>\n<td>M8xP1.0<\/td>\n<td>11<\/td>\n<\/tr>\n<tr>\n<td>OM610<\/td>\n<td>M10xP1.0<\/td>\n<td>15<\/td>\n<\/tr>\n<tr>\n<td>OM601<\/td>\n<td>PT1\/8<\/td>\n<td>17<\/td>\n<\/tr>\n<tr>\n<td>OML601<\/td>\n<td>PT1\/8<\/td>\n<td>25<\/td>\n<\/tr>\n<tr>\n<td>OML401<\/td>\n<td>PT1\/8<\/td>\n<td>27<\/td>\n<\/tr>\n<\/tbody>\n<\/table>\n<h2>Aplikacja<\/h2>\n<p>Najcz\u0119\u015bciej stosowanym zastosowaniem szczotek automatycznego systemu smarowania jest smarowanie \u0142a\u0144cuch\u00f3w. Obejmuje to g\u0142\u00f3wnie \u0142a\u0144cuchy przeno\u015bnikowe, \u0142a\u0144cuchy transmisyjne, specjalne \u0142a\u0144cuchy profesjonalne, \u0142a\u0144cuchy ci\u0105gn\u0105ce itp. Przek\u0142adnia \u0142a\u0144cuchowa jest szeroko stosowana w dziedzinie przek\u0142adni mechanicznych. Wi\u0119kszo\u015b\u0107 tradycyjnych \u0142a\u0144cuch\u00f3w wykorzystuje olej smarny o wysokiej lepko\u015bci i smar, kt\u00f3re s\u0105 r\u0119cznie nak\u0142adane na powierzchni\u0119 \u0142a\u0144cucha. Automatyczny system smarowania \u0142a\u0144cucha ze szczotkami olejowymi mo\u017ce rozwi\u0105za\u0107 wi\u0119kszo\u015b\u0107 awarii \u0142a\u0144cucha, takich jak:<br \/>\nGdy wewn\u0119trzna strona \u0142a\u0144cucha nie jest odpowiednio nasmarowana, \u0142atwo o zu\u017cycie i korozj\u0119, kt\u00f3re mog\u0105 doprowadzi\u0107 do poluzowania lub za\u0142amania \u0142a\u0144cucha.<br \/>\nPodczas pracy \u0142a\u0144cucha wysoka pr\u0119dko\u015b\u0107 powoduje utrat\u0119 oleju smaruj\u0105cego, kt\u00f3ry znajduje si\u0119 na powierzchni, przez co \u0142a\u0144cuch traci ochron\u0119 oleju smaruj\u0105cego.<br \/>\nGdy \u0142a\u0144cuch pracuje w wilgotnym lub zakurzonym otoczeniu, kurz i inne zanieczyszczenia mog\u0105 przedosta\u0107 si\u0119 do wn\u0119trza \u0142a\u0144cucha, powoduj\u0105c jego zu\u017cycie i korozj\u0119.<\/p>\n<h2>Instrukcje<\/h2>\n<div class=\"sdm_download_button_box_default\"><div class=\"sdm_download_link\"><a href=\"https:\/\/www.jinpinlub.com\/pl\/?sdm_process_download=1&download_id=3171\" class=\"sdm_download white\" title=\"Prywatne: OM\/JD\/PKD\/PJD\/PJDB\" target=\"&quot;_blank&quot;\">Zobacz arkusz danych - OM\/JD\/PKD\/PJD\/PJDB<\/a><\/div><\/div>","protected":false},"excerpt":{"rendered":"<p>Nylonowe szczotki olejowe s\u0105 u\u017cywane w automatycznych systemach smarowania, do smarowania \u0142a\u0144cuch\u00f3w, smarowania prowadnic itp. Mog\u0105 nie tylko zapewni\u0107 wystarczaj\u0105ce smarowanie infiltracyjne cz\u0119\u015bci smarowanych, ale tak\u017ce usun\u0105\u0107 zanieczyszczenia, takie jak kurz i zanieczyszczenia przyklejone do cz\u0119\u015bci smarowanych.<\/p>","protected":false},"featured_media":3842,"template":"","meta":{"ocean_post_layout":"","ocean_both_sidebars_style":"","ocean_both_sidebars_content_width":0,"ocean_both_sidebars_sidebars_width":0,"ocean_sidebar":"0","ocean_second_sidebar":"0","ocean_disable_margins":"enable","ocean_add_body_class":"","ocean_shortcode_before_top_bar":"","ocean_shortcode_after_top_bar":"","ocean_shortcode_before_header":"","ocean_shortcode_after_header":"","ocean_has_shortcode":"","ocean_shortcode_after_title":"","ocean_shortcode_before_footer_widgets":"","ocean_shortcode_after_footer_widgets":"","ocean_shortcode_before_footer_bottom":"","ocean_shortcode_after_footer_bottom":"","ocean_display_top_bar":"default","ocean_display_header":"default","ocean_header_style":"","ocean_center_header_left_menu":"0","ocean_custom_header_template":"0","ocean_custom_logo":0,"ocean_custom_retina_logo":0,"ocean_custom_logo_max_width":0,"ocean_custom_logo_tablet_max_width":0,"ocean_custom_logo_mobile_max_width":0,"ocean_custom_logo_max_height":0,"ocean_custom_logo_tablet_max_height":0,"ocean_custom_logo_mobile_max_height":0,"ocean_header_custom_menu":"0","ocean_menu_typo_font_family":"0","ocean_menu_typo_font_subset":"","ocean_menu_typo_font_size":0,"ocean_menu_typo_font_size_tablet":0,"ocean_menu_typo_font_size_mobile":0,"ocean_menu_typo_font_size_unit":"px","ocean_menu_typo_font_weight":"","ocean_menu_typo_font_weight_tablet":"","ocean_menu_typo_font_weight_mobile":"","ocean_menu_typo_transform":"","ocean_menu_typo_transform_tablet":"","ocean_menu_typo_transform_mobile":"","ocean_menu_typo_line_height":0,"ocean_menu_typo_line_height_tablet":0,"ocean_menu_typo_line_height_mobile":0,"ocean_menu_typo_line_height_unit":"","ocean_menu_typo_spacing":0,"ocean_menu_typo_spacing_tablet":0,"ocean_menu_typo_spacing_mobile":0,"ocean_menu_typo_spacing_unit":"","ocean_menu_link_color":"","ocean_menu_link_color_hover":"","ocean_menu_link_color_active":"","ocean_menu_link_background":"","ocean_menu_link_hover_background":"","ocean_menu_link_active_background":"","ocean_menu_social_links_bg":"","ocean_menu_social_hover_links_bg":"","ocean_menu_social_links_color":"","ocean_menu_social_hover_links_color":"","ocean_disable_title":"default","ocean_disable_heading":"default","ocean_post_title":"","ocean_post_subheading":"","ocean_post_title_style":"","ocean_post_title_background_color":"","ocean_post_title_background":0,"ocean_post_title_bg_image_position":"","ocean_post_title_bg_image_attachment":"","ocean_post_title_bg_image_repeat":"","ocean_post_title_bg_image_size":"","ocean_post_title_height":0,"ocean_post_title_bg_overlay":0.5,"ocean_post_title_bg_overlay_color":"","ocean_disable_breadcrumbs":"default","ocean_breadcrumbs_color":"","ocean_breadcrumbs_separator_color":"","ocean_breadcrumbs_links_color":"","ocean_breadcrumbs_links_hover_color":"","ocean_display_footer_widgets":"default","ocean_display_footer_bottom":"default","ocean_custom_footer_template":"0","osh_disable_topbar_sticky":"default","osh_disable_header_sticky":"default","osh_sticky_header_style":"default","osh_sticky_header_effect":"","osh_custom_sticky_logo":0,"osh_custom_retina_sticky_logo":0,"osh_custom_sticky_logo_height":0,"osh_background_color":"","osh_links_color":"","osh_links_hover_color":"","osh_links_active_color":"","osh_links_bg_color":"","osh_links_hover_bg_color":"","osh_links_active_bg_color":"","osh_menu_social_links_color":"","osh_menu_social_hover_links_color":""},"product_brand":[],"product_cat":[31],"product_tag":[339,342,343,341,340],"class_list":{"0":"post-3838","1":"product","2":"type-product","3":"status-publish","4":"has-post-thumbnail","6":"product_cat-lube-system-accessories","7":"product_tag-automatic-lubrication-brush","8":"product_tag-chain-lubricating-oil-brush","9":"product_tag-escalator-lubrication-brush","10":"product_tag-lubrication-system-brush","11":"product_tag-nylon-oil-brush","13":"entry","14":"has-media","16":"first","17":"instock","18":"shipping-taxable","19":"product-type-external","20":"col","21":"span_1_of_3","22":"owp-content-center","23":"owp-thumbs-layout-horizontal","24":"owp-btn-very-big","25":"owp-tabs-layout-horizontal"},"_links":{"self":[{"href":"https:\/\/www.jinpinlub.com\/pl\/wp-json\/wp\/v2\/product\/3838","targetHints":{"allow":["GET"]}}],"collection":[{"href":"https:\/\/www.jinpinlub.com\/pl\/wp-json\/wp\/v2\/product"}],"about":[{"href":"https:\/\/www.jinpinlub.com\/pl\/wp-json\/wp\/v2\/types\/product"}],"wp:featuredmedia":[{"embeddable":true,"href":"https:\/\/www.jinpinlub.com\/pl\/wp-json\/wp\/v2\/media\/3842"}],"wp:attachment":[{"href":"https:\/\/www.jinpinlub.com\/pl\/wp-json\/wp\/v2\/media?parent=3838"}],"wp:term":[{"taxonomy":"product_brand","embeddable":true,"href":"https:\/\/www.jinpinlub.com\/pl\/wp-json\/wp\/v2\/product_brand?post=3838"},{"taxonomy":"product_cat","embeddable":true,"href":"https:\/\/www.jinpinlub.com\/pl\/wp-json\/wp\/v2\/product_cat?post=3838"},{"taxonomy":"product_tag","embeddable":true,"href":"https:\/\/www.jinpinlub.com\/pl\/wp-json\/wp\/v2\/product_tag?post=3838"}],"curies":[{"name":"wp","href":"https:\/\/api.w.org\/{rel}","templated":true}]}}