{"id":3854,"date":"2024-11-19T19:35:28","date_gmt":"2024-11-19T11:35:28","guid":{"rendered":"https:\/\/www.jinpinlub.com\/?post_type=product&#038;p=3854"},"modified":"2024-11-26T16:48:43","modified_gmt":"2024-11-26T08:48:43","slug":"pa6-transparentna-nylonowa-rurka-smarujaca-do-smarowania-maszyn","status":"publish","type":"product","link":"https:\/\/www.jinpinlub.com\/pl\/product\/pa6-transparent-nylon-lubricating-oil-tube-for-machine-lube\/","title":{"rendered":"PA6 Przezroczysta nylonowa rurka do smarowania olejem do maszyn"},"content":{"rendered":"<h2>Funkcja<\/h2>\n<p>Materia\u0142y u\u017cywane do produkcji rurek nylonowych s\u0105 \u015bci\u015ble wyselekcjonowane i nie s\u0105 materia\u0142ami pochodz\u0105cymi z recyklingu. Gotowe rurki nylonowe s\u0105 grube, niezawodne pod wzgl\u0119dem jako\u015bci, wytrzyma\u0142e i maj\u0105 d\u0142ug\u0105 \u017cywotno\u015b\u0107.<br \/>\nRurki nylonowe produkowane s\u0105 przy u\u017cyciu zautomatyzowanego sprz\u0119tu, kt\u00f3ry \u015bci\u015ble kontroluje standardy produkcji, aby utrzyma\u0107 b\u0142\u0105d w dopuszczalnym zakresie, a si\u0142a dzia\u0142aj\u0105ca na wszystkie cz\u0119\u015bci rurek by\u0142a jednakowa.<br \/>\nWewn\u0119trzna \u015bciana rurki nylonowej jest g\u0142adka, wsp\u00f3\u0142czynnik tarcia jest niski, a \u015brednia przepustowo\u015b\u0107 jest wysoka.<br \/>\nMo\u017cemy przyj\u0105\u0107 niestandardowe rozwi\u0105zania w zakresie drukowania, OEM, ODM i niestandardowe rozwi\u0105zania dla rurek do oleju smarowego niskoci\u015bnieniowego.<\/p>\n<h2>Specyfikacja<\/h2>\n<table>\n<tbody>\n<tr>\n<td>Model<\/td>\n<td>PST-4<\/td>\n<td>PST-6<\/td>\n<\/tr>\n<tr>\n<td>Armatura<\/td>\n<td>\u03a64<\/td>\n<td>\u03a66<\/td>\n<\/tr>\n<tr>\n<td>Maksymalne ci\u015bnienie<\/td>\n<td>10MPa<\/td>\n<td>15MPa<\/td>\n<\/tr>\n<tr>\n<td>Minimalny promie\u0144 gi\u0119cia<\/td>\n<td>R20<\/td>\n<td>40 z\u0142<\/td>\n<\/tr>\n<tr>\n<td>D\u0142ugo\u015b\u0107 (m)<\/td>\n<td colspan=\"2\">Personalizacja<\/td>\n<\/tr>\n<\/tbody>\n<\/table>\n<h2>Aplikacja<\/h2>\n<p>Maszyny przemys\u0142owe: Rurka nylonowa PA6 s\u0142u\u017cy do przesy\u0142ania oleju smarowego w r\u00f3\u017cnych maszynach i urz\u0105dzeniach przemys\u0142owych w celu wyg\u0142adzania ich cz\u0119\u015bci mechanicznych.<br \/>\nPrzemys\u0142 samochodowy: Rurki nylonowe PA6 s\u0105 produkowane do wykorzystania w szerokim zakresie zastosowa\u0144, np. w przewodach smarowych silnik\u00f3w, skrzy\u0144 bieg\u00f3w i innych cz\u0119\u015bci, zapewniaj\u0105c niezawodne smarowanie.<br \/>\nLotnictwo i kosmonautyka: W bran\u017cy lotniczej, gdzie panuje du\u017ce zapotrzebowanie, rurki nylonowe PA6 s\u0105 stosowane w silnikach lotniczych i innych kluczowych elementach uk\u0142adu smarowania przek\u0142adni ze wzgl\u0119du na wysok\u0105 wytrzyma\u0142o\u015b\u0107 i odporno\u015b\u0107 na wysok\u0105 temperatur\u0119 tego produktu.<\/p>\n<h2>Instrukcje<\/h2>\n<div class=\"sdm_download_button_box_default\"><div class=\"sdm_download_link\"><a href=\"https:\/\/www.jinpinlub.com\/pl\/?sdm_process_download=1&download_id=3866\" class=\"sdm_download white\" title=\"Prywatne: Lubricant Tube\" target=\"&quot;_blank&quot;\">Zobacz kart\u0119 danych - Tuba ze \u015brodkiem smarnym<\/a><\/div><\/div>","protected":false},"excerpt":{"rendered":"<p>W\u0105\u017c pleciony sk\u0142ada si\u0119 z w\u0119\u017ca plecionego i z\u0142\u0105cza zaciskowego. W\u0105\u017c sk\u0142ada si\u0119 z trzech warstw: wewn\u0119trznej gumowej wy\u015bci\u00f3\u0142ki, \u015brodkowego w\u0142\u00f3kna wzmacniaj\u0105cego i zewn\u0119trznej plecionej siatki. Zakres temperatur stosowania wynosi -40\u2103~80\u2103.<\/p>","protected":false},"featured_media":3862,"template":"","meta":{"ocean_post_layout":"","ocean_both_sidebars_style":"","ocean_both_sidebars_content_width":0,"ocean_both_sidebars_sidebars_width":0,"ocean_sidebar":"0","ocean_second_sidebar":"0","ocean_disable_margins":"enable","ocean_add_body_class":"","ocean_shortcode_before_top_bar":"","ocean_shortcode_after_top_bar":"","ocean_shortcode_before_header":"","ocean_shortcode_after_header":"","ocean_has_shortcode":"","ocean_shortcode_after_title":"","ocean_shortcode_before_footer_widgets":"","ocean_shortcode_after_footer_widgets":"","ocean_shortcode_before_footer_bottom":"","ocean_shortcode_after_footer_bottom":"","ocean_display_top_bar":"default","ocean_display_header":"default","ocean_header_style":"","ocean_center_header_left_menu":"0","ocean_custom_header_template":"0","ocean_custom_logo":0,"ocean_custom_retina_logo":0,"ocean_custom_logo_max_width":0,"ocean_custom_logo_tablet_max_width":0,"ocean_custom_logo_mobile_max_width":0,"ocean_custom_logo_max_height":0,"ocean_custom_logo_tablet_max_height":0,"ocean_custom_logo_mobile_max_height":0,"ocean_header_custom_menu":"0","ocean_menu_typo_font_family":"0","ocean_menu_typo_font_subset":"","ocean_menu_typo_font_size":0,"ocean_menu_typo_font_size_tablet":0,"ocean_menu_typo_font_size_mobile":0,"ocean_menu_typo_font_size_unit":"px","ocean_menu_typo_font_weight":"","ocean_menu_typo_font_weight_tablet":"","ocean_menu_typo_font_weight_mobile":"","ocean_menu_typo_transform":"","ocean_menu_typo_transform_tablet":"","ocean_menu_typo_transform_mobile":"","ocean_menu_typo_line_height":0,"ocean_menu_typo_line_height_tablet":0,"ocean_menu_typo_line_height_mobile":0,"ocean_menu_typo_line_height_unit":"","ocean_menu_typo_spacing":0,"ocean_menu_typo_spacing_tablet":0,"ocean_menu_typo_spacing_mobile":0,"ocean_menu_typo_spacing_unit":"","ocean_menu_link_color":"","ocean_menu_link_color_hover":"","ocean_menu_link_color_active":"","ocean_menu_link_background":"","ocean_menu_link_hover_background":"","ocean_menu_link_active_background":"","ocean_menu_social_links_bg":"","ocean_menu_social_hover_links_bg":"","ocean_menu_social_links_color":"","ocean_menu_social_hover_links_color":"","ocean_disable_title":"default","ocean_disable_heading":"default","ocean_post_title":"","ocean_post_subheading":"","ocean_post_title_style":"","ocean_post_title_background_color":"","ocean_post_title_background":0,"ocean_post_title_bg_image_position":"","ocean_post_title_bg_image_attachment":"","ocean_post_title_bg_image_repeat":"","ocean_post_title_bg_image_size":"","ocean_post_title_height":0,"ocean_post_title_bg_overlay":0.5,"ocean_post_title_bg_overlay_color":"","ocean_disable_breadcrumbs":"default","ocean_breadcrumbs_color":"","ocean_breadcrumbs_separator_color":"","ocean_breadcrumbs_links_color":"","ocean_breadcrumbs_links_hover_color":"","ocean_display_footer_widgets":"default","ocean_display_footer_bottom":"default","ocean_custom_footer_template":"0","osh_disable_topbar_sticky":"default","osh_disable_header_sticky":"default","osh_sticky_header_style":"default","osh_sticky_header_effect":"","osh_custom_sticky_logo":0,"osh_custom_retina_sticky_logo":0,"osh_custom_sticky_logo_height":0,"osh_background_color":"","osh_links_color":"","osh_links_hover_color":"","osh_links_active_color":"","osh_links_bg_color":"","osh_links_hover_bg_color":"","osh_links_active_bg_color":"","osh_menu_social_links_color":"","osh_menu_social_hover_links_color":""},"product_brand":[],"product_cat":[31],"product_tag":[350,352,353,349,351],"class_list":{"0":"post-3854","1":"product","2":"type-product","3":"status-publish","4":"has-post-thumbnail","6":"product_cat-lube-system-accessories","7":"product_tag-lubricating-oil-tube","8":"product_tag-lubricating-pipes","9":"product_tag-lubrication-oil-pipeline","10":"product_tag-pa6-nylon-tube","11":"product_tag-transparent-oil-circuit","13":"entry","14":"has-media","16":"first","17":"instock","18":"shipping-taxable","19":"product-type-external","20":"col","21":"span_1_of_3","22":"owp-content-center","23":"owp-thumbs-layout-horizontal","24":"owp-btn-very-big","25":"owp-tabs-layout-horizontal"},"_links":{"self":[{"href":"https:\/\/www.jinpinlub.com\/pl\/wp-json\/wp\/v2\/product\/3854","targetHints":{"allow":["GET"]}}],"collection":[{"href":"https:\/\/www.jinpinlub.com\/pl\/wp-json\/wp\/v2\/product"}],"about":[{"href":"https:\/\/www.jinpinlub.com\/pl\/wp-json\/wp\/v2\/types\/product"}],"wp:featuredmedia":[{"embeddable":true,"href":"https:\/\/www.jinpinlub.com\/pl\/wp-json\/wp\/v2\/media\/3862"}],"wp:attachment":[{"href":"https:\/\/www.jinpinlub.com\/pl\/wp-json\/wp\/v2\/media?parent=3854"}],"wp:term":[{"taxonomy":"product_brand","embeddable":true,"href":"https:\/\/www.jinpinlub.com\/pl\/wp-json\/wp\/v2\/product_brand?post=3854"},{"taxonomy":"product_cat","embeddable":true,"href":"https:\/\/www.jinpinlub.com\/pl\/wp-json\/wp\/v2\/product_cat?post=3854"},{"taxonomy":"product_tag","embeddable":true,"href":"https:\/\/www.jinpinlub.com\/pl\/wp-json\/wp\/v2\/product_tag?post=3854"}],"curies":[{"name":"wp","href":"https:\/\/api.w.org\/{rel}","templated":true}]}}