{"id":3906,"date":"2024-11-29T15:26:22","date_gmt":"2024-11-29T07:26:22","guid":{"rendered":"https:\/\/www.jinpinlub.com\/?post_type=product&#038;p=3906"},"modified":"2024-12-01T03:26:54","modified_gmt":"2024-11-30T19:26:54","slug":"zawory-dozujace-wtryskiwacze-smaru-cisnieniowego-mgk-seria-mg","status":"publish","type":"product","link":"https:\/\/www.jinpinlub.com\/pl\/product\/mgk-pressurized-grease-injector-metering-valves-series-mg\/","title":{"rendered":"Zawory dozuj\u0105ce do wtryskiwaczy smaru ci\u015bnieniowego MGK seria MG"},"content":{"rendered":"<h2>Funkcja<\/h2>\n<p>Precyzyjna kontrola smarowania: Zawory rozdzielcze zapewniaj\u0105 dok\u0142adno\u015b\u0107 obj\u0119to\u015bci wyp\u0142ywu w zakresie od 0,03 ml do 0,5 ml, co zapewnia dobre smarowanie.<br \/>\nMetody pod\u0142\u0105czania: Zawory rozdzielcze oferowane s\u0105 z r\u00f3\u017cnymi metodami pod\u0142\u0105czania, m.in. za pomoc\u0105 tulei, nakr\u0119tki, po\u0142\u0105cze\u0144 jednopunktowych, kt\u00f3re mo\u017cna \u0142atwo dostosowa\u0107 do bie\u017c\u0105cej konfiguracji.<br \/>\nTrwa\u0142y materia\u0142: korpusy zawor\u00f3w wykonane s\u0105 z mosi\u0105dzu, co zapewnia im wytrzyma\u0142o\u015b\u0107 i odporno\u015b\u0107 na korozj\u0119.<br \/>\nWysokie ci\u015bnienie robocze: Zawory dystrybucyjne wytrzymuj\u0105 ci\u015bnienie robocze wynosz\u0105ce co najmniej 1,2 MPa, dzi\u0119ki czemu nadaj\u0105 si\u0119 do zastosowa\u0144 wysokoci\u015bnieniowych.<br \/>\nNiskie ci\u015bnienie powrotne: Ci\u015bnienie powrotne wynosi 0,5 MPa. Przyczynia si\u0119 to do skuteczno\u015bci systemu.<br \/>\nKompaktowa konstrukcja: Wymiary s\u0105 zr\u00f3\u017cnicowane, dzi\u0119ki czemu pasuj\u0105 do r\u00f3\u017cnych maszyn i urz\u0105dze\u0144.<\/p>\n<h2>Specyfikacja<\/h2>\n<table>\n<tbody>\n<tr>\n<td>Zasada dzia\u0142ania<\/td>\n<td>Zaw\u00f3r dozuj\u0105cy nadmiar ci\u015bnienia<\/td>\n<\/tr>\n<tr>\n<td>Liczba punkt\u00f3w sprzeda\u017cy<\/td>\n<td>1~12<\/td>\n<\/tr>\n<tr>\n<td>Ilo\u015b\u0107 dozowania<\/td>\n<td>0,03, 0,05, 0,13, 0,20, 0,30, 0,50 ml\/cykl<\/td>\n<\/tr>\n<tr>\n<td>Smar<\/td>\n<td>Smar NLGI 000#, 00#.<\/td>\n<\/tr>\n<tr>\n<td>Temperatura pracy<\/td>\n<td>-20 do +80 \u00b0C<\/td>\n<\/tr>\n<tr>\n<td>Ci\u015bnienie robocze<\/td>\n<td>0,5~1,5 MPa<\/td>\n<\/tr>\n<tr>\n<td>Tworzywo<\/td>\n<td>Mied\u017a, aluminium<\/td>\n<\/tr>\n<tr>\n<td>Gniazdo przy\u0142\u0105czeniowe<\/td>\n<td>Wlot Rc1\/8, Wylot \u03a64(Rc1\/8)<\/td>\n<\/tr>\n<tr>\n<td>Z\u0142\u0105czki wylotowe<\/td>\n<td>Typ r\u0119kawa, Typ szybki<\/td>\n<\/tr>\n<tr>\n<td>Pozycja monta\u017cowa<\/td>\n<td>Ka\u017cdy<\/td>\n<\/tr>\n<\/tbody>\n<\/table>\n<h2>Rozwi\u0105zywanie problem\u00f3w<\/h2>\n<p>Sprawd\u017a, czy nie ma blokad: Upewnij si\u0119, \u017ce nie ma \u017cadnych blokad w zaworze dozuj\u0105cym lub rurach. Wyczy\u015b\u0107 wszelkie cz\u0105stki lub osady, kt\u00f3re prawdopodobnie blokuj\u0105 po\u015blizg.<br \/>\nSprawd\u017a po\u0142\u0105czenia: Upewnij si\u0119, \u017ce wszystkie po\u0142\u0105czenia s\u0105 bezpieczne i nie ma \u017cadnych przeciek\u00f3w. Lu\u017ane lub wadliwe po\u0142\u0105czenia mog\u0105 mie\u0107 wp\u0142yw na dzia\u0142anie zaworu dozuj\u0105cego.<br \/>\nSprawd\u017a pod k\u0105tem zu\u017cycia: Sprawd\u017a zaw\u00f3r dozuj\u0105cy pod k\u0105tem oznak zu\u017cycia, korozji lub uszkodze\u0144. W razie potrzeby wymie\u0144 zu\u017cyte elementy.<br \/>\nMonitoruj poziomy ci\u015bnienia: Upewnij si\u0119, \u017ce napr\u0119\u017cenie robocze i napr\u0119\u017cenie powrotne mieszcz\u0105 si\u0119 w okre\u015blonym zakresie. Nieprawid\u0142owe poziomy napr\u0119\u017cenia mog\u0105 powodowa\u0107 problemy ze smarowaniem.<br \/>\nSmarowanie: Regularnie smaruj zaw\u00f3r dozuj\u0105cy, aby zapewni\u0107 \u0142atw\u0105 obs\u0142ug\u0119 i zapobiec przywieraniu.<\/p>\n<h2>Instrukcje<\/h2>\n<div class=\"sdm_download_button_box_default\"><div class=\"sdm_download_link\"><a href=\"https:\/\/www.jinpinlub.com\/pl\/?sdm_process_download=1&download_id=2470\" class=\"sdm_download white\" title=\"Prywatne: MGK Metering Valve\" target=\"&quot;_blank&quot;\">Zobacz arkusz danych - Zaw\u00f3r dozuj\u0105cy MGK<\/a><\/div><\/div>","protected":false},"excerpt":{"rendered":"<p>Zaw\u00f3r dozuj\u0105cy serii MGK jest cz\u0119\u015bci\u0105 jednoliniowego uk\u0142adu smarowania smarem z odci\u0105\u017ceniem ci\u015bnienia. Te zawory rozdzielcze s\u0105 zaprojektowane tak, aby zapewni\u0107 precyzyjn\u0105 kontrol\u0119 smarowania dla r\u00f3\u017cnych zastosowa\u0144 przemys\u0142owych. S\u0105 dok\u0142adne w wydajno\u015bci, elastyczne w monta\u017cu, stabilne i trwa\u0142e.<\/p>","protected":false},"featured_media":3907,"template":"","meta":{"ocean_post_layout":"","ocean_both_sidebars_style":"","ocean_both_sidebars_content_width":0,"ocean_both_sidebars_sidebars_width":0,"ocean_sidebar":"0","ocean_second_sidebar":"0","ocean_disable_margins":"enable","ocean_add_body_class":"","ocean_shortcode_before_top_bar":"","ocean_shortcode_after_top_bar":"","ocean_shortcode_before_header":"","ocean_shortcode_after_header":"","ocean_has_shortcode":"","ocean_shortcode_after_title":"","ocean_shortcode_before_footer_widgets":"","ocean_shortcode_after_footer_widgets":"","ocean_shortcode_before_footer_bottom":"","ocean_shortcode_after_footer_bottom":"","ocean_display_top_bar":"default","ocean_display_header":"default","ocean_header_style":"","ocean_center_header_left_menu":"0","ocean_custom_header_template":"0","ocean_custom_logo":0,"ocean_custom_retina_logo":0,"ocean_custom_logo_max_width":0,"ocean_custom_logo_tablet_max_width":0,"ocean_custom_logo_mobile_max_width":0,"ocean_custom_logo_max_height":0,"ocean_custom_logo_tablet_max_height":0,"ocean_custom_logo_mobile_max_height":0,"ocean_header_custom_menu":"0","ocean_menu_typo_font_family":"0","ocean_menu_typo_font_subset":"","ocean_menu_typo_font_size":0,"ocean_menu_typo_font_size_tablet":0,"ocean_menu_typo_font_size_mobile":0,"ocean_menu_typo_font_size_unit":"px","ocean_menu_typo_font_weight":"","ocean_menu_typo_font_weight_tablet":"","ocean_menu_typo_font_weight_mobile":"","ocean_menu_typo_transform":"","ocean_menu_typo_transform_tablet":"","ocean_menu_typo_transform_mobile":"","ocean_menu_typo_line_height":0,"ocean_menu_typo_line_height_tablet":0,"ocean_menu_typo_line_height_mobile":0,"ocean_menu_typo_line_height_unit":"","ocean_menu_typo_spacing":0,"ocean_menu_typo_spacing_tablet":0,"ocean_menu_typo_spacing_mobile":0,"ocean_menu_typo_spacing_unit":"","ocean_menu_link_color":"","ocean_menu_link_color_hover":"","ocean_menu_link_color_active":"","ocean_menu_link_background":"","ocean_menu_link_hover_background":"","ocean_menu_link_active_background":"","ocean_menu_social_links_bg":"","ocean_menu_social_hover_links_bg":"","ocean_menu_social_links_color":"","ocean_menu_social_hover_links_color":"","ocean_disable_title":"default","ocean_disable_heading":"default","ocean_post_title":"","ocean_post_subheading":"","ocean_post_title_style":"","ocean_post_title_background_color":"","ocean_post_title_background":0,"ocean_post_title_bg_image_position":"","ocean_post_title_bg_image_attachment":"","ocean_post_title_bg_image_repeat":"","ocean_post_title_bg_image_size":"","ocean_post_title_height":0,"ocean_post_title_bg_overlay":0.5,"ocean_post_title_bg_overlay_color":"","ocean_disable_breadcrumbs":"default","ocean_breadcrumbs_color":"","ocean_breadcrumbs_separator_color":"","ocean_breadcrumbs_links_color":"","ocean_breadcrumbs_links_hover_color":"","ocean_display_footer_widgets":"default","ocean_display_footer_bottom":"default","ocean_custom_footer_template":"0","osh_disable_topbar_sticky":"default","osh_disable_header_sticky":"default","osh_sticky_header_style":"default","osh_sticky_header_effect":"","osh_custom_sticky_logo":0,"osh_custom_retina_sticky_logo":0,"osh_custom_sticky_logo_height":0,"osh_background_color":"","osh_links_color":"","osh_links_hover_color":"","osh_links_active_color":"","osh_links_bg_color":"","osh_links_hover_bg_color":"","osh_links_active_bg_color":"","osh_menu_social_links_color":"","osh_menu_social_hover_links_color":""},"product_brand":[],"product_cat":[40,37],"product_tag":[87,97,361,85,86],"class_list":{"0":"post-3906","1":"product","2":"type-product","3":"status-publish","4":"has-post-thumbnail","6":"product_cat-pressure-relief-metering-valves","7":"product_cat-single-line-grease-systems","8":"product_tag-grease-distributor","9":"product_tag-grease-injector","10":"product_tag-metering-valves","11":"product_tag-pressure-relief-metering-valve","12":"product_tag-single-line-distributor","14":"entry","15":"has-media","17":"first","18":"instock","19":"shipping-taxable","20":"product-type-external","21":"col","22":"span_1_of_3","23":"owp-content-center","24":"owp-thumbs-layout-horizontal","25":"owp-btn-very-big","26":"owp-tabs-layout-horizontal"},"_links":{"self":[{"href":"https:\/\/www.jinpinlub.com\/pl\/wp-json\/wp\/v2\/product\/3906","targetHints":{"allow":["GET"]}}],"collection":[{"href":"https:\/\/www.jinpinlub.com\/pl\/wp-json\/wp\/v2\/product"}],"about":[{"href":"https:\/\/www.jinpinlub.com\/pl\/wp-json\/wp\/v2\/types\/product"}],"wp:featuredmedia":[{"embeddable":true,"href":"https:\/\/www.jinpinlub.com\/pl\/wp-json\/wp\/v2\/media\/3907"}],"wp:attachment":[{"href":"https:\/\/www.jinpinlub.com\/pl\/wp-json\/wp\/v2\/media?parent=3906"}],"wp:term":[{"taxonomy":"product_brand","embeddable":true,"href":"https:\/\/www.jinpinlub.com\/pl\/wp-json\/wp\/v2\/product_brand?post=3906"},{"taxonomy":"product_cat","embeddable":true,"href":"https:\/\/www.jinpinlub.com\/pl\/wp-json\/wp\/v2\/product_cat?post=3906"},{"taxonomy":"product_tag","embeddable":true,"href":"https:\/\/www.jinpinlub.com\/pl\/wp-json\/wp\/v2\/product_tag?post=3906"}],"curies":[{"name":"wp","href":"https:\/\/api.w.org\/{rel}","templated":true}]}}