{"id":3916,"date":"2024-11-29T23:45:15","date_gmt":"2024-11-29T15:45:15","guid":{"rendered":"https:\/\/www.jinpinlub.com\/?post_type=product&#038;p=3916"},"modified":"2024-12-01T03:26:42","modified_gmt":"2024-11-30T19:26:42","slug":"mgk-12-odlaczany-wtryskiwacz-smaru-cisnieniowego","status":"publish","type":"product","link":"https:\/\/www.jinpinlub.com\/pl\/product\/mgk-12-detachable-pressurized-grease-distribution-injector\/","title":{"rendered":"MGK-12 Od\u0142\u0105czany wtryskiwacz smaru pod ci\u015bnieniem"},"content":{"rendered":"<h2>Funkcja<\/h2>\n<p>Rozdzielacz oleju MGK jest odpowiedni do smar\u00f3w NLGI 000#, 00# i nale\u017cy go stosowa\u0107 z pomp\u0105 smarownicz\u0105 wyporow\u0105.<br \/>\nZaw\u00f3r dozuj\u0105cy smar pod ci\u015bnieniem MG uwalnia smar, gdy uk\u0142ad smarowania jest pod ci\u015bnieniem, a zaw\u00f3r dozuj\u0105cy przechowuje olej w \u015brodku, gdy uk\u0142ad jest odpr\u0119\u017cony. Jest odpowiedni do obj\u0119to\u015bciowych uk\u0142ad\u00f3w smarowania okresowego.<br \/>\nDystrybutor MGK mo\u017ce ilo\u015bciowo dostarcza\u0107 olej smarowy do punkt\u00f3w smarowania zgodnie z wybran\u0105 obj\u0119to\u015bci\u0105 wyj\u015bciow\u0105. Jest odpowiedni do uk\u0142ad\u00f3w smarowania o ci\u015bnieniu roboczym 1,0-3,5 MPa i ma wysok\u0105 precyzj\u0119.<br \/>\nTen zaw\u00f3r dozuj\u0105cy ma 10 modeli obj\u0119to\u015bci wyj\u015bciowej, wszystkie z gwintem wewn\u0119trznym M8*1, pod\u0142\u0105czone do 4 mm rurek nylonowych lub rurek miedzianych i aluminiowych. Zaw\u00f3r dozuj\u0105cy jest podzielony na 3, 5, 10, 20, 30 i 50 zgodnie z oznaczeniem wyj\u015bciowym, a dla przy\u0142\u0105czy wylotowych istniej\u0105 opcje typu tulejowego i typu szybkoz\u0142\u0105czki.<\/p>\n<h2>Specyfikacja<\/h2>\n<table>\n<tbody>\n<tr>\n<td>Zasada dzia\u0142ania<\/td>\n<td>Zaw\u00f3r dozuj\u0105cy nadmiar ci\u015bnienia<\/td>\n<\/tr>\n<tr>\n<td>Liczba punkt\u00f3w sprzeda\u017cy<\/td>\n<td>1~12<\/td>\n<\/tr>\n<tr>\n<td>Ilo\u015b\u0107 dozowania<\/td>\n<td>0,03, 0,05, 0,13, 0,20, 0,30, 0,50 ml\/cykl<\/td>\n<\/tr>\n<tr>\n<td>Smar<\/td>\n<td>Smar NLGI 000#, 00#.<\/td>\n<\/tr>\n<tr>\n<td>Temperatura pracy<\/td>\n<td>-20 do +80 \u00b0C<\/td>\n<\/tr>\n<tr>\n<td>Ci\u015bnienie robocze<\/td>\n<td>0,5~1,5 MPa<\/td>\n<\/tr>\n<tr>\n<td>Tworzywo<\/td>\n<td>Mied\u017a, aluminium<\/td>\n<\/tr>\n<tr>\n<td>Gniazdo przy\u0142\u0105czeniowe<\/td>\n<td>Wlot Rc1\/8, Wylot \u03a64(Rc1\/8)<\/td>\n<\/tr>\n<tr>\n<td>Z\u0142\u0105czki wylotowe<\/td>\n<td>Typ r\u0119kawa, Typ szybki<\/td>\n<\/tr>\n<tr>\n<td>Pozycja monta\u017cowa<\/td>\n<td>Ka\u017cdy<\/td>\n<\/tr>\n<\/tbody>\n<\/table>\n<h2>Zasada<\/h2>\n<p>Gdy pompa smaruj\u0105ca pracuje i jest pod ci\u015bnieniem, dystrybutor smaru dostarcza ilo\u015bciowy smar przechowywany wewn\u0105trz do punktu smarowania. Po dostarczeniu ilo\u015bciowego smaru wewn\u0105trz, przestaje on wypuszcza\u0107, uzyskuj\u0105c efekt ilo\u015bciowego i dok\u0142adnego dostarczania oleju za ka\u017cdym razem. Po zatrzymaniu pracy pompy smaruj\u0105cej (dekompresji), g\u0142\u00f3wna rura smaruj\u0105ca zostaje zdekompresowana, t\u0142ok dystrybutora zostaje zresetowany, a nowy olej w tym samym czasie dostaje si\u0119 do cylindra t\u0142okowego. Po zako\u0144czeniu magazynowania oleju nale\u017cy odczeka\u0107, a\u017c pompa smaruj\u0105ca zacznie pracowa\u0107 i wstrzykn\u0105\u0107 ilo\u015bciowy smar do cylindra t\u0142okowego do punktu smarowania.<\/p>\n<h2>Instrukcje<\/h2>\n<div class=\"sdm_download_button_box_default\"><div class=\"sdm_download_link\"><a href=\"https:\/\/www.jinpinlub.com\/pl\/?sdm_process_download=1&download_id=2470\" class=\"sdm_download white\" title=\"Prywatne: MGK Metering Valve\" target=\"&quot;_blank&quot;\">Zobacz arkusz danych - Zaw\u00f3r dozuj\u0105cy MGK<\/a><\/div><\/div>","protected":false},"excerpt":{"rendered":"<p>MGK to od\u0142\u0105czany rozdzielacz ci\u015bnieniowy z rozmontowanym zaworem dozuj\u0105cym. Zaw\u00f3r dozuj\u0105cy ma sta\u0142\u0105 wydajno\u015b\u0107 na cykl. Liczba wyj\u015b\u0107 rozdzielacza mo\u017ce by\u0107 oparta na kombinacji zastosowa\u0144, a dla ka\u017cdego wyj\u015bcia mo\u017cna wybra\u0107 r\u00f3\u017cne nat\u0119\u017cenia przep\u0142ywu.<\/p>","protected":false},"featured_media":3919,"template":"","meta":{"ocean_post_layout":"","ocean_both_sidebars_style":"","ocean_both_sidebars_content_width":0,"ocean_both_sidebars_sidebars_width":0,"ocean_sidebar":"0","ocean_second_sidebar":"0","ocean_disable_margins":"enable","ocean_add_body_class":"","ocean_shortcode_before_top_bar":"","ocean_shortcode_after_top_bar":"","ocean_shortcode_before_header":"","ocean_shortcode_after_header":"","ocean_has_shortcode":"","ocean_shortcode_after_title":"","ocean_shortcode_before_footer_widgets":"","ocean_shortcode_after_footer_widgets":"","ocean_shortcode_before_footer_bottom":"","ocean_shortcode_after_footer_bottom":"","ocean_display_top_bar":"default","ocean_display_header":"default","ocean_header_style":"","ocean_center_header_left_menu":"0","ocean_custom_header_template":"0","ocean_custom_logo":0,"ocean_custom_retina_logo":0,"ocean_custom_logo_max_width":0,"ocean_custom_logo_tablet_max_width":0,"ocean_custom_logo_mobile_max_width":0,"ocean_custom_logo_max_height":0,"ocean_custom_logo_tablet_max_height":0,"ocean_custom_logo_mobile_max_height":0,"ocean_header_custom_menu":"0","ocean_menu_typo_font_family":"0","ocean_menu_typo_font_subset":"","ocean_menu_typo_font_size":0,"ocean_menu_typo_font_size_tablet":0,"ocean_menu_typo_font_size_mobile":0,"ocean_menu_typo_font_size_unit":"px","ocean_menu_typo_font_weight":"","ocean_menu_typo_font_weight_tablet":"","ocean_menu_typo_font_weight_mobile":"","ocean_menu_typo_transform":"","ocean_menu_typo_transform_tablet":"","ocean_menu_typo_transform_mobile":"","ocean_menu_typo_line_height":0,"ocean_menu_typo_line_height_tablet":0,"ocean_menu_typo_line_height_mobile":0,"ocean_menu_typo_line_height_unit":"","ocean_menu_typo_spacing":0,"ocean_menu_typo_spacing_tablet":0,"ocean_menu_typo_spacing_mobile":0,"ocean_menu_typo_spacing_unit":"","ocean_menu_link_color":"","ocean_menu_link_color_hover":"","ocean_menu_link_color_active":"","ocean_menu_link_background":"","ocean_menu_link_hover_background":"","ocean_menu_link_active_background":"","ocean_menu_social_links_bg":"","ocean_menu_social_hover_links_bg":"","ocean_menu_social_links_color":"","ocean_menu_social_hover_links_color":"","ocean_disable_title":"default","ocean_disable_heading":"default","ocean_post_title":"","ocean_post_subheading":"","ocean_post_title_style":"","ocean_post_title_background_color":"","ocean_post_title_background":0,"ocean_post_title_bg_image_position":"","ocean_post_title_bg_image_attachment":"","ocean_post_title_bg_image_repeat":"","ocean_post_title_bg_image_size":"","ocean_post_title_height":0,"ocean_post_title_bg_overlay":0.5,"ocean_post_title_bg_overlay_color":"","ocean_disable_breadcrumbs":"default","ocean_breadcrumbs_color":"","ocean_breadcrumbs_separator_color":"","ocean_breadcrumbs_links_color":"","ocean_breadcrumbs_links_hover_color":"","ocean_display_footer_widgets":"default","ocean_display_footer_bottom":"default","ocean_custom_footer_template":"0","osh_disable_topbar_sticky":"default","osh_disable_header_sticky":"default","osh_sticky_header_style":"default","osh_sticky_header_effect":"","osh_custom_sticky_logo":0,"osh_custom_retina_sticky_logo":0,"osh_custom_sticky_logo_height":0,"osh_background_color":"","osh_links_color":"","osh_links_hover_color":"","osh_links_active_color":"","osh_links_bg_color":"","osh_links_hover_bg_color":"","osh_links_active_bg_color":"","osh_menu_social_links_color":"","osh_menu_social_hover_links_color":""},"product_brand":[],"product_cat":[40,37],"product_tag":[141,362,240,360,363],"class_list":{"0":"post-3916","1":"product","2":"type-product","3":"status-publish","4":"has-post-thumbnail","6":"product_cat-pressure-relief-metering-valves","7":"product_cat-single-line-grease-systems","8":"product_tag-lubrication-distributor","9":"product_tag-metering-device","10":"product_tag-pressurized-distributor","11":"product_tag-pressurized-injector","12":"product_tag-quantitative-valve","14":"entry","15":"has-media","17":"first","18":"instock","19":"shipping-taxable","20":"product-type-external","21":"col","22":"span_1_of_3","23":"owp-content-center","24":"owp-thumbs-layout-horizontal","25":"owp-btn-very-big","26":"owp-tabs-layout-horizontal"},"_links":{"self":[{"href":"https:\/\/www.jinpinlub.com\/pl\/wp-json\/wp\/v2\/product\/3916","targetHints":{"allow":["GET"]}}],"collection":[{"href":"https:\/\/www.jinpinlub.com\/pl\/wp-json\/wp\/v2\/product"}],"about":[{"href":"https:\/\/www.jinpinlub.com\/pl\/wp-json\/wp\/v2\/types\/product"}],"wp:featuredmedia":[{"embeddable":true,"href":"https:\/\/www.jinpinlub.com\/pl\/wp-json\/wp\/v2\/media\/3919"}],"wp:attachment":[{"href":"https:\/\/www.jinpinlub.com\/pl\/wp-json\/wp\/v2\/media?parent=3916"}],"wp:term":[{"taxonomy":"product_brand","embeddable":true,"href":"https:\/\/www.jinpinlub.com\/pl\/wp-json\/wp\/v2\/product_brand?post=3916"},{"taxonomy":"product_cat","embeddable":true,"href":"https:\/\/www.jinpinlub.com\/pl\/wp-json\/wp\/v2\/product_cat?post=3916"},{"taxonomy":"product_tag","embeddable":true,"href":"https:\/\/www.jinpinlub.com\/pl\/wp-json\/wp\/v2\/product_tag?post=3916"}],"curies":[{"name":"wp","href":"https:\/\/api.w.org\/{rel}","templated":true}]}}