{"id":3922,"date":"2024-11-30T02:48:33","date_gmt":"2024-11-29T18:48:33","guid":{"rendered":"https:\/\/www.jinpinlub.com\/?post_type=product&#038;p=3922"},"modified":"2024-12-01T03:28:41","modified_gmt":"2024-11-30T19:28:41","slug":"zawor-dozujacy-mok-5-do-ukladu-smarowania-wyporowego","status":"publish","type":"product","link":"https:\/\/www.jinpinlub.com\/pl\/product\/mok-5-metering-valve-for-positive-displacement-lube-system\/","title":{"rendered":"Zaw\u00f3r dozuj\u0105cy MOK-5 do uk\u0142adu smarowania wyporowego"},"content":{"rendered":"<h2>Funkcja<\/h2>\n<p>Precyzyjna kontrola: Ruch t\u0142oka rozdzielacza gwarantuje wtryskiwanie dok\u0142adnej obj\u0119to\u015bci oleju w ka\u017cdym cyklu.<br \/>\nJednorodno\u015b\u0107: Rozdzielacz ma za zadanie zapewni\u0107 r\u00f3wnomierne smarowanie, co jest wa\u017cne dla niezawodnej pracy maszyn.<br \/>\nNiezawodno\u015b\u0107: Dzi\u0119ki wyporno\u015bci, nawet przy zmianach ci\u015bnienia, obj\u0119to\u015b\u0107 dostarczanego oleju pozostaje sta\u0142a.<br \/>\nWszechstronno\u015b\u0107: Zapewnia, \u017ce krytyczne elementy maszyn przemys\u0142owych s\u0105 zawsze dobrze nasmarowane, aby unikn\u0105\u0107 zu\u017cycia. Stosowany w uk\u0142adach smarowania w celu utrzymania silnika samochodowego i innych ruchomych cz\u0119\u015bci w dobrym stanie. Utrzymuje dzia\u0142anie sprz\u0119tu produkcyjnego poprzez precyzyjne dozowanie \u015brodka smarnego.<\/p>\n<h2>Specyfikacja<\/h2>\n<table>\n<tbody>\n<tr>\n<td>Zasada dzia\u0142ania<\/td>\n<td>Zaw\u00f3r dozuj\u0105cy nadmiar ci\u015bnienia<\/td>\n<\/tr>\n<tr>\n<td>Liczba punkt\u00f3w sprzeda\u017cy<\/td>\n<td>1~12<\/td>\n<\/tr>\n<tr>\n<td>Ilo\u015b\u0107 dozowania<\/td>\n<td>0,03, 0,05, 0,13, 0,20, 0,30, 0,50 ml\/cykl<\/td>\n<\/tr>\n<tr>\n<td>Smar<\/td>\n<td>15-90 Cst w temperaturze 40\u2103<\/td>\n<\/tr>\n<tr>\n<td>Temperatura pracy<\/td>\n<td>-20 do +80 \u00b0C<\/td>\n<\/tr>\n<tr>\n<td>Ci\u015bnienie robocze<\/td>\n<td>Minimum 1,0 MPa<\/td>\n<\/tr>\n<tr>\n<td>Tworzywo<\/td>\n<td>Mied\u017a, aluminium<\/td>\n<\/tr>\n<tr>\n<td>Gniazdo przy\u0142\u0105czeniowe<\/td>\n<td>Wlot Rc1\/8, Wylot \u03a64(Rc1\/8)<\/td>\n<\/tr>\n<tr>\n<td>Z\u0142\u0105czki wylotowe<\/td>\n<td>Typ r\u0119kawa, Typ szybki<\/td>\n<\/tr>\n<tr>\n<td>Pozycja monta\u017cowa<\/td>\n<td>Ka\u017cdy<\/td>\n<\/tr>\n<\/tbody>\n<\/table>\n<h2>Zasada<\/h2>\n<p><span id=\"input-sentence~0\">Zbiornik oleju i ssanie: T\u0142ok w zaworze dozuj\u0105cym porusza si\u0119, gdy system jest w\u0142\u0105czony, i wytwarza podci\u015bnienie, kt\u00f3re zasysa olej ze zbiornika do komory.<br \/>\nNape\u0142nianie komory: W miar\u0119 cofania si\u0119 t\u0142oka zaworu dozuj\u0105cego otwiera si\u0119 otw\u00f3r wlotowy, przez kt\u00f3ry olej wp\u0142ywa do komory.<\/span><span id=\"input-sentence~1\"> Ilo\u015b\u0107 oleju wprowadzanego do komory jest precyzyjnie kontrolowana, co gwarantuje dok\u0142adne dozowanie.<br \/>\nKompresja i wtrysk: Gdy komora zostanie wype\u0142niona wymagan\u0105 ilo\u015bci\u0105 oleju, t\u0142ok przesuwa si\u0119 do przodu. Ten ruch do przodu zamyka otw\u00f3r wlotowy i kompresuje olej w komorze.<\/span><span id=\"input-sentence~2\"><br \/>\nWyp\u0142yw: Spr\u0119\u017cony olej jest odprowadzany przez otw\u00f3r wylotowy. Ten otw\u00f3r wylotowy prowadzi do punktu smarowania, gdzie olej jest potrzebny.<br \/>\nMechanizm resetowania: Po opr\u00f3\u017cnieniu oleju t\u0142ok powraca do pierwotnej pozycji. To resetowanie umo\u017cliwia komorze ponowne nape\u0142nienie si\u0119 olejem na potrzeby nast\u0119pnego cyklu.<\/span><\/p>\n<h2>Instrukcje<\/h2>\n<div class=\"sdm_download_button_box_default\"><div class=\"sdm_download_link\"><a href=\"https:\/\/www.jinpinlub.com\/pl\/?sdm_process_download=1&download_id=3886\" class=\"sdm_download white\" title=\"Prywatne: MOK Metering Valve\" target=\"&quot;_blank&quot;\">Zobacz kart\u0119 katalogow\u0105 - Zaw\u00f3r dozuj\u0105cy MOK<\/a><\/div><\/div>","protected":false},"excerpt":{"rendered":"<p>Zaw\u00f3r wtryskowy wyporowy MO2\/MO2C to mechaniczny zaw\u00f3r dozuj\u0105cy do uk\u0142ad\u00f3w smarowania olejem. Ten zaw\u00f3r dozuj\u0105cy, w po\u0142\u0105czeniu z aluminiowym blokiem przy\u0142\u0105czeniowym, mo\u017ce tworzy\u0107 1-12-punktowy rozdzielacz oleju pod ci\u015bnieniem do stosowania w uk\u0142adach smarowania obj\u0119to\u015bciowego.<\/p>","protected":false},"featured_media":3926,"template":"","meta":{"ocean_post_layout":"","ocean_both_sidebars_style":"","ocean_both_sidebars_content_width":0,"ocean_both_sidebars_sidebars_width":0,"ocean_sidebar":"0","ocean_second_sidebar":"0","ocean_disable_margins":"enable","ocean_add_body_class":"","ocean_shortcode_before_top_bar":"","ocean_shortcode_after_top_bar":"","ocean_shortcode_before_header":"","ocean_shortcode_after_header":"","ocean_has_shortcode":"","ocean_shortcode_after_title":"","ocean_shortcode_before_footer_widgets":"","ocean_shortcode_after_footer_widgets":"","ocean_shortcode_before_footer_bottom":"","ocean_shortcode_after_footer_bottom":"","ocean_display_top_bar":"default","ocean_display_header":"default","ocean_header_style":"","ocean_center_header_left_menu":"0","ocean_custom_header_template":"0","ocean_custom_logo":0,"ocean_custom_retina_logo":0,"ocean_custom_logo_max_width":0,"ocean_custom_logo_tablet_max_width":0,"ocean_custom_logo_mobile_max_width":0,"ocean_custom_logo_max_height":0,"ocean_custom_logo_tablet_max_height":0,"ocean_custom_logo_mobile_max_height":0,"ocean_header_custom_menu":"0","ocean_menu_typo_font_family":"0","ocean_menu_typo_font_subset":"","ocean_menu_typo_font_size":0,"ocean_menu_typo_font_size_tablet":0,"ocean_menu_typo_font_size_mobile":0,"ocean_menu_typo_font_size_unit":"px","ocean_menu_typo_font_weight":"","ocean_menu_typo_font_weight_tablet":"","ocean_menu_typo_font_weight_mobile":"","ocean_menu_typo_transform":"","ocean_menu_typo_transform_tablet":"","ocean_menu_typo_transform_mobile":"","ocean_menu_typo_line_height":0,"ocean_menu_typo_line_height_tablet":0,"ocean_menu_typo_line_height_mobile":0,"ocean_menu_typo_line_height_unit":"","ocean_menu_typo_spacing":0,"ocean_menu_typo_spacing_tablet":0,"ocean_menu_typo_spacing_mobile":0,"ocean_menu_typo_spacing_unit":"","ocean_menu_link_color":"","ocean_menu_link_color_hover":"","ocean_menu_link_color_active":"","ocean_menu_link_background":"","ocean_menu_link_hover_background":"","ocean_menu_link_active_background":"","ocean_menu_social_links_bg":"","ocean_menu_social_hover_links_bg":"","ocean_menu_social_links_color":"","ocean_menu_social_hover_links_color":"","ocean_disable_title":"default","ocean_disable_heading":"default","ocean_post_title":"","ocean_post_subheading":"","ocean_post_title_style":"","ocean_post_title_background_color":"","ocean_post_title_background":0,"ocean_post_title_bg_image_position":"","ocean_post_title_bg_image_attachment":"","ocean_post_title_bg_image_repeat":"","ocean_post_title_bg_image_size":"","ocean_post_title_height":0,"ocean_post_title_bg_overlay":0.5,"ocean_post_title_bg_overlay_color":"","ocean_disable_breadcrumbs":"default","ocean_breadcrumbs_color":"","ocean_breadcrumbs_separator_color":"","ocean_breadcrumbs_links_color":"","ocean_breadcrumbs_links_hover_color":"","ocean_display_footer_widgets":"default","ocean_display_footer_bottom":"default","ocean_custom_footer_template":"0","osh_disable_topbar_sticky":"default","osh_disable_header_sticky":"default","osh_sticky_header_style":"default","osh_sticky_header_effect":"","osh_custom_sticky_logo":0,"osh_custom_retina_sticky_logo":0,"osh_custom_sticky_logo_height":0,"osh_background_color":"","osh_links_color":"","osh_links_hover_color":"","osh_links_active_color":"","osh_links_bg_color":"","osh_links_hover_bg_color":"","osh_links_active_bg_color":"","osh_menu_social_links_color":"","osh_menu_social_hover_links_color":""},"product_brand":[],"product_cat":[49,47],"product_tag":[139,229,364,82,240],"class_list":{"0":"post-3922","1":"product","2":"type-product","3":"status-publish","4":"has-post-thumbnail","6":"product_cat-volumetric-oil-injectors","7":"product_cat-volumetric-thin-oil-systems","8":"product_tag-oil-distributor","9":"product_tag-oil-metering-valve","10":"product_tag-positive-displacement-distributor","11":"product_tag-positive-displacement-injector","12":"product_tag-pressurized-distributor","14":"entry","15":"has-media","17":"first","18":"instock","19":"shipping-taxable","20":"product-type-external","21":"col","22":"span_1_of_3","23":"owp-content-center","24":"owp-thumbs-layout-horizontal","25":"owp-btn-very-big","26":"owp-tabs-layout-horizontal"},"_links":{"self":[{"href":"https:\/\/www.jinpinlub.com\/pl\/wp-json\/wp\/v2\/product\/3922","targetHints":{"allow":["GET"]}}],"collection":[{"href":"https:\/\/www.jinpinlub.com\/pl\/wp-json\/wp\/v2\/product"}],"about":[{"href":"https:\/\/www.jinpinlub.com\/pl\/wp-json\/wp\/v2\/types\/product"}],"wp:featuredmedia":[{"embeddable":true,"href":"https:\/\/www.jinpinlub.com\/pl\/wp-json\/wp\/v2\/media\/3926"}],"wp:attachment":[{"href":"https:\/\/www.jinpinlub.com\/pl\/wp-json\/wp\/v2\/media?parent=3922"}],"wp:term":[{"taxonomy":"product_brand","embeddable":true,"href":"https:\/\/www.jinpinlub.com\/pl\/wp-json\/wp\/v2\/product_brand?post=3922"},{"taxonomy":"product_cat","embeddable":true,"href":"https:\/\/www.jinpinlub.com\/pl\/wp-json\/wp\/v2\/product_cat?post=3922"},{"taxonomy":"product_tag","embeddable":true,"href":"https:\/\/www.jinpinlub.com\/pl\/wp-json\/wp\/v2\/product_tag?post=3922"}],"curies":[{"name":"wp","href":"https:\/\/api.w.org\/{rel}","templated":true}]}}