{"id":3930,"date":"2024-11-30T03:21:08","date_gmt":"2024-11-29T19:21:08","guid":{"rendered":"https:\/\/www.jinpinlub.com\/?post_type=product&#038;p=3930"},"modified":"2024-12-01T03:28:50","modified_gmt":"2024-11-30T19:28:50","slug":"zawory-dozujace-olej-mok-6-z-wtryskiem-wyporowym","status":"publish","type":"product","link":"https:\/\/www.jinpinlub.com\/pl\/product\/mok-6-positive-displacement-injection-oil-metering-valves\/","title":{"rendered":"Zawory dozuj\u0105ce olej z wtryskiem wyporowym MOK-6"},"content":{"rendered":"<h2>Funkcja<\/h2>\n<p>1. Zaw\u00f3r dozuj\u0105cy ci\u015bnieniowy (obj\u0119to\u015bciowy) jest zaworem o bezpo\u015brednim dzia\u0142aniu ci\u015bnienia.<br \/>\nOlej pod ci\u015bnieniem dostarczany przez pomp\u0119 smaruj\u0105c\u0105 popycha t\u0142ok wbudowany w zaw\u00f3r dozuj\u0105cy, aby si\u0119 przesun\u0105\u0142 i wymusi\u0142 wyp\u0142yw ilo\u015bciowego oleju. Gdy pompa smaruj\u0105ca przestaje dzia\u0142a\u0107, t\u0142ok cz\u0119\u015bci dozuj\u0105cej zostaje zresetowany pod wp\u0142ywem si\u0142y spr\u0119\u017cyny, czyli nast\u0119puje dozowanie i magazynowanie ilo\u015bciowego oleju.<br \/>\n2. Zaw\u00f3r dozuj\u0105cy ma dok\u0142adny wyp\u0142yw oleju, a cz\u0119\u015b\u0107 dozuj\u0105ca wypuszcza olej tylko raz w jednym cyklu dostarczania oleju. Odleg\u0142o\u015b\u0107 mi\u0119dzy zaworami dozuj\u0105cymi w uk\u0142adzie smarowania jest du\u017ca, ma\u0142a, du\u017ca, ma\u0142a i pozioma lub pionowa. Nie ma to wp\u0142ywu na jego przemieszczenie.<br \/>\n3. Zaw\u00f3r dozuj\u0105cy jest czu\u0142y i wykorzystuje dwa uszczelnienia, aby zapobiec cofaniu si\u0119 oleju.<br \/>\n4. Zaw\u00f3r dozuj\u0105cy i z\u0142\u0105cze s\u0105 strukturami dzielonymi. W zale\u017cno\u015bci od oleju wymaganego przez ka\u017cdy punkt smarowania, odpowiedni zaw\u00f3r dozuj\u0105cy mo\u017cna wybra\u0107 wed\u0142ug uznania i po\u0142\u0105czy\u0107 ze z\u0142\u0105czem MOJ (dost\u0119pne s\u0105 zar\u00f3wno kombinacje szeregowe, jak i r\u00f3wnoleg\u0142e).<br \/>\n5. \u015arednica wylotowa zaworu dozuj\u0105cego wynosi \u03a64 i istniej\u0105 dwa sposoby jego pod\u0142\u0105czenia.<br \/>\nTyp koszulki na kart\u0119: rurk\u0119 nale\u017cy stosowa\u0107 w po\u0142\u0105czeniu z tulej\u0105 kompresyjn\u0105 PA4 i koszulk\u0105 PB4.<br \/>\nTyp z szybkim w\u0142o\u017ceniem: bezpo\u015brednie w\u0142o\u017cenie rurki \u03a64.<\/p>\n<h2>Specyfikacja<\/h2>\n<table>\n<tbody>\n<tr>\n<td>Zasada dzia\u0142ania<\/td>\n<td>Zaw\u00f3r dozuj\u0105cy nadmiar ci\u015bnienia<\/td>\n<\/tr>\n<tr>\n<td>Liczba punkt\u00f3w sprzeda\u017cy<\/td>\n<td>1~12<\/td>\n<\/tr>\n<tr>\n<td>Ilo\u015b\u0107 dozowania<\/td>\n<td>0,03, 0,05, 0,13, 0,20, 0,30, 0,50 ml\/cykl<\/td>\n<\/tr>\n<tr>\n<td>Smar<\/td>\n<td>15-90 Cst w temperaturze 40\u2103<\/td>\n<\/tr>\n<tr>\n<td>Temperatura pracy<\/td>\n<td>-20 do +80 \u00b0C<\/td>\n<\/tr>\n<tr>\n<td>Ci\u015bnienie robocze<\/td>\n<td>Minimum 1,0 MPa<\/td>\n<\/tr>\n<tr>\n<td>Tworzywo<\/td>\n<td>Mied\u017a, aluminium<\/td>\n<\/tr>\n<tr>\n<td>Gniazdo przy\u0142\u0105czeniowe<\/td>\n<td>Wlot Rc1\/8, Wylot \u03a64(Rc1\/8)<\/td>\n<\/tr>\n<tr>\n<td>Z\u0142\u0105czki wylotowe<\/td>\n<td>Typ r\u0119kawa, Typ szybki<\/td>\n<\/tr>\n<tr>\n<td>Pozycja monta\u017cowa<\/td>\n<td>Ka\u017cdy<\/td>\n<\/tr>\n<\/tbody>\n<\/table>\n<h2>Aplikacja<\/h2>\n<p><span id=\"input-sentence~0\">Maszyny przemys\u0142owe<br \/>\nMaszyny CNC: Smaruj\u0105 najwa\u017cniejsze ruchome cz\u0119\u015bci, zapewniaj\u0105c p\u0142ynn\u0105 prac\u0119.<br \/>\nPrzeno\u015bniki: Smaruj\u0105 \u0142o\u017cyska i rolki, zmniejszaj\u0105c tarcie i zu\u017cycie.<br \/>\nMaszyny w\u0142\u00f3kiennicze: zapewniaj\u0105 p\u0142ynn\u0105 prac\u0119 podzespo\u0142\u00f3w, takich jak wrzeciona i ko\u0142a z\u0119bate.<br \/>\nAutomobilowy<br \/>\nSilniki: Dostarczaj\u0105 dok\u0142adn\u0105 ilo\u015b\u0107 oleju do r\u00f3\u017cnych cz\u0119\u015bci silnika, poprawiaj\u0105c jego osi\u0105gi i trwa\u0142o\u015b\u0107.<\/span><span id=\"input-sentence~1\"><br \/>\nSmarowanie podwozia: zapewnia p\u0142ynny ruch zawieszenia i uk\u0142adu kierowniczego.<br \/>\nProdukcja<br \/>\nRamiona robota: Smarowanie staw\u00f3w i ruchomych cz\u0119\u015bci zapewnia p\u0142ynny i precyzyjny ruch.<br \/>\nUrz\u0105dzenia pakuj\u0105ce: Zapewniaj\u0105 smarowanie przek\u0142adni i innych element\u00f3w mechanicznych w celu utrzymania wydajno\u015bci.<br \/>\nCi\u0119\u017cki sprz\u0119t<br \/>\nMaszyny budowlane: Uk\u0142ady hydrauliczne i inne wa\u017cne podzespo\u0142y maszyn budowlanych s\u0105 dobrze nasmarowane.<br \/>\nSprz\u0119t rolniczy: Przek\u0142adnie, \u0142a\u0144cuchy i inne ruchome cz\u0119\u015bci s\u0105 smarowane w celu zmniejszenia zu\u017cycia.<\/span><\/p>\n<h2>Instrukcje<\/h2>\n<div class=\"sdm_download_button_box_default\"><div class=\"sdm_download_link\"><a href=\"https:\/\/www.jinpinlub.com\/pl\/?sdm_process_download=1&download_id=3886\" class=\"sdm_download white\" title=\"Prywatne: MOK Metering Valve\" target=\"&quot;_blank&quot;\">Zobacz kart\u0119 katalogow\u0105 - Zaw\u00f3r dozuj\u0105cy MOK<\/a><\/div><\/div>","protected":false},"excerpt":{"rendered":"<p>Ilo\u015bciowy dystrybutor oleju ci\u015bnieniowego MOK to obj\u0119to\u015bciowy zaw\u00f3r dozuj\u0105cy olej cienki zaprojektowany do centralnego uk\u0142adu smarowania wyporowego. Jego g\u0142\u00f3wne cechy to dok\u0142adne wydawanie oleju, dostosowywalny przep\u0142yw i odporno\u015b\u0107 na korozj\u0119.<\/p>","protected":false},"featured_media":3933,"template":"","meta":{"ocean_post_layout":"","ocean_both_sidebars_style":"","ocean_both_sidebars_content_width":0,"ocean_both_sidebars_sidebars_width":0,"ocean_sidebar":"0","ocean_second_sidebar":"0","ocean_disable_margins":"enable","ocean_add_body_class":"","ocean_shortcode_before_top_bar":"","ocean_shortcode_after_top_bar":"","ocean_shortcode_before_header":"","ocean_shortcode_after_header":"","ocean_has_shortcode":"","ocean_shortcode_after_title":"","ocean_shortcode_before_footer_widgets":"","ocean_shortcode_after_footer_widgets":"","ocean_shortcode_before_footer_bottom":"","ocean_shortcode_after_footer_bottom":"","ocean_display_top_bar":"default","ocean_display_header":"default","ocean_header_style":"","ocean_center_header_left_menu":"0","ocean_custom_header_template":"0","ocean_custom_logo":0,"ocean_custom_retina_logo":0,"ocean_custom_logo_max_width":0,"ocean_custom_logo_tablet_max_width":0,"ocean_custom_logo_mobile_max_width":0,"ocean_custom_logo_max_height":0,"ocean_custom_logo_tablet_max_height":0,"ocean_custom_logo_mobile_max_height":0,"ocean_header_custom_menu":"0","ocean_menu_typo_font_family":"0","ocean_menu_typo_font_subset":"","ocean_menu_typo_font_size":0,"ocean_menu_typo_font_size_tablet":0,"ocean_menu_typo_font_size_mobile":0,"ocean_menu_typo_font_size_unit":"px","ocean_menu_typo_font_weight":"","ocean_menu_typo_font_weight_tablet":"","ocean_menu_typo_font_weight_mobile":"","ocean_menu_typo_transform":"","ocean_menu_typo_transform_tablet":"","ocean_menu_typo_transform_mobile":"","ocean_menu_typo_line_height":0,"ocean_menu_typo_line_height_tablet":0,"ocean_menu_typo_line_height_mobile":0,"ocean_menu_typo_line_height_unit":"","ocean_menu_typo_spacing":0,"ocean_menu_typo_spacing_tablet":0,"ocean_menu_typo_spacing_mobile":0,"ocean_menu_typo_spacing_unit":"","ocean_menu_link_color":"","ocean_menu_link_color_hover":"","ocean_menu_link_color_active":"","ocean_menu_link_background":"","ocean_menu_link_hover_background":"","ocean_menu_link_active_background":"","ocean_menu_social_links_bg":"","ocean_menu_social_hover_links_bg":"","ocean_menu_social_links_color":"","ocean_menu_social_hover_links_color":"","ocean_disable_title":"default","ocean_disable_heading":"default","ocean_post_title":"","ocean_post_subheading":"","ocean_post_title_style":"","ocean_post_title_background_color":"","ocean_post_title_background":0,"ocean_post_title_bg_image_position":"","ocean_post_title_bg_image_attachment":"","ocean_post_title_bg_image_repeat":"","ocean_post_title_bg_image_size":"","ocean_post_title_height":0,"ocean_post_title_bg_overlay":0.5,"ocean_post_title_bg_overlay_color":"","ocean_disable_breadcrumbs":"default","ocean_breadcrumbs_color":"","ocean_breadcrumbs_separator_color":"","ocean_breadcrumbs_links_color":"","ocean_breadcrumbs_links_hover_color":"","ocean_display_footer_widgets":"default","ocean_display_footer_bottom":"default","ocean_custom_footer_template":"0","osh_disable_topbar_sticky":"default","osh_disable_header_sticky":"default","osh_sticky_header_style":"default","osh_sticky_header_effect":"","osh_custom_sticky_logo":0,"osh_custom_retina_sticky_logo":0,"osh_custom_sticky_logo_height":0,"osh_background_color":"","osh_links_color":"","osh_links_hover_color":"","osh_links_active_color":"","osh_links_bg_color":"","osh_links_hover_bg_color":"","osh_links_active_bg_color":"","osh_menu_social_links_color":"","osh_menu_social_hover_links_color":""},"product_brand":[],"product_cat":[49,47],"product_tag":[139,229,364,82,240],"class_list":{"0":"post-3930","1":"product","2":"type-product","3":"status-publish","4":"has-post-thumbnail","6":"product_cat-volumetric-oil-injectors","7":"product_cat-volumetric-thin-oil-systems","8":"product_tag-oil-distributor","9":"product_tag-oil-metering-valve","10":"product_tag-positive-displacement-distributor","11":"product_tag-positive-displacement-injector","12":"product_tag-pressurized-distributor","14":"entry","15":"has-media","17":"first","18":"instock","19":"shipping-taxable","20":"product-type-external","21":"col","22":"span_1_of_3","23":"owp-content-center","24":"owp-thumbs-layout-horizontal","25":"owp-btn-very-big","26":"owp-tabs-layout-horizontal"},"_links":{"self":[{"href":"https:\/\/www.jinpinlub.com\/pl\/wp-json\/wp\/v2\/product\/3930","targetHints":{"allow":["GET"]}}],"collection":[{"href":"https:\/\/www.jinpinlub.com\/pl\/wp-json\/wp\/v2\/product"}],"about":[{"href":"https:\/\/www.jinpinlub.com\/pl\/wp-json\/wp\/v2\/types\/product"}],"wp:featuredmedia":[{"embeddable":true,"href":"https:\/\/www.jinpinlub.com\/pl\/wp-json\/wp\/v2\/media\/3933"}],"wp:attachment":[{"href":"https:\/\/www.jinpinlub.com\/pl\/wp-json\/wp\/v2\/media?parent=3930"}],"wp:term":[{"taxonomy":"product_brand","embeddable":true,"href":"https:\/\/www.jinpinlub.com\/pl\/wp-json\/wp\/v2\/product_brand?post=3930"},{"taxonomy":"product_cat","embeddable":true,"href":"https:\/\/www.jinpinlub.com\/pl\/wp-json\/wp\/v2\/product_cat?post=3930"},{"taxonomy":"product_tag","embeddable":true,"href":"https:\/\/www.jinpinlub.com\/pl\/wp-json\/wp\/v2\/product_tag?post=3930"}],"curies":[{"name":"wp","href":"https:\/\/api.w.org\/{rel}","templated":true}]}}