{"id":3935,"date":"2024-11-30T10:05:10","date_gmt":"2024-11-30T02:05:10","guid":{"rendered":"https:\/\/www.jinpinlub.com\/?post_type=product&#038;p=3935"},"modified":"2024-12-01T03:28:56","modified_gmt":"2024-11-30T19:28:56","slug":"msk-9-wtrysk-wyporowy-rozdzielacz-oleju-o-malej-objetosci","status":"publish","type":"product","link":"https:\/\/www.jinpinlub.com\/pl\/produkt\/msk-9-wtrysk-wyporowy-rozdzielacz-oleju-o-malej-objetosci\/","title":{"rendered":"MSK-9 Dystrybutor oleju o wtrysku wyporowym i ma\u0142ej obj\u0119to\u015bci"},"content":{"rendered":"<h2>Funkcja<\/h2>\n<p><span id=\"input-sentence~0\">Obj\u0119to\u015b\u0107 r\u00f3\u017cnych wyrzut\u00f3w: Dost\u0119pne w r\u00f3\u017cnych modelach, obj\u0119to\u015b\u0107 wyrzutu waha si\u0119 od 0,03 do 0,5 ml.<br \/>\nPraca pod wysokim ci\u015bnieniem: Ci\u015bnienie robocze mo\u017ce wynosi\u0107 nawet 1,0 MPa.<br \/>\nSzybki reset: Ci\u015bnienie resetowania wynosi 0,3 MPa, co umo\u017cliwia szybszy powr\u00f3t do stanu pocz\u0105tkowego pomi\u0119dzy cyklami.<\/span><span id=\"input-sentence~1\"><br \/>\nWykonanie: Rozdzielacz wykonany z mosi\u0105dzu, dzi\u0119ki czemu jest solidny i odporny na zu\u017cycie.<br \/>\n\u0141atwo\u015b\u0107 konserwacji: \u0141atwy monta\u017c i demonta\u017c sprawiaj\u0105, \u017ce konserwacja jest mo\u017cliwie naj\u0142atwiejsza, przy minimalnej stracie produkcji.<br \/>\nOdporno\u015b\u0107 na korozj\u0119: Materia\u0142y konstrukcyjne s\u0105 odporne na korozj\u0119, co pozwala zaworowi d\u0142ugo s\u0142u\u017cy\u0107 w niesprzyjaj\u0105cych warunkach.<br \/>\nMo\u017cliwo\u015b\u0107 dostosowania: Dystrybutor jest dost\u0119pny w r\u00f3\u017cnych rozmiarach i specyfikacjach, kt\u00f3re spe\u0142niaj\u0105 r\u00f3\u017cne potrzeby i wymagania ka\u017cdej aplikacji.<\/span><\/p>\n<h2>Specyfikacja<\/h2>\n<table>\n<tbody>\n<tr>\n<td>Zasada dzia\u0142ania<\/td>\n<td>Wtryskiwacz wyporowy<\/td>\n<\/tr>\n<tr>\n<td>Liczba punkt\u00f3w sprzeda\u017cy<\/td>\n<td>1~12<\/td>\n<\/tr>\n<tr>\n<td>Ilo\u015b\u0107 dozowania<\/td>\n<td>0,03, 0,05, 0,13, 0,20, 0,30, 0,50 ml\/cykl<\/td>\n<\/tr>\n<tr>\n<td>Smar<\/td>\n<td>15-90 Cst w temperaturze 40\u2103<\/td>\n<\/tr>\n<tr>\n<td>Temperatura pracy<\/td>\n<td>-20 do +80 \u00b0C<\/td>\n<\/tr>\n<tr>\n<td>Ci\u015bnienie robocze<\/td>\n<td>Minimum 1,0 MPa<\/td>\n<\/tr>\n<tr>\n<td>Tworzywo<\/td>\n<td>Mied\u017a, aluminium<\/td>\n<\/tr>\n<tr>\n<td>Gniazdo przy\u0142\u0105czeniowe<\/td>\n<td>Wlot Rc1\/8, Wylot \u03a64(Rc1\/8)<\/td>\n<\/tr>\n<tr>\n<td>Z\u0142\u0105czki wylotowe<\/td>\n<td>Typ r\u0119kawa, Typ szybki<\/td>\n<\/tr>\n<tr>\n<td>Pozycja monta\u017cowa<\/td>\n<td>Ka\u017cdy<\/td>\n<\/tr>\n<\/tbody>\n<\/table>\n<h2>Testowanie<\/h2>\n<p>Kontrola wizualna: Sprawd\u017a wtryskiwacz i wszystkie jego po\u0142\u0105czenia pod k\u0105tem oznak uszkodzenia lub nieszczelno\u015bci.<br \/>\nTest ci\u015bnieniowy: Pod\u0142\u0105cz wtryskiwacz do \u017ar\u00f3d\u0142a ci\u015bnienia i stopniowo zwi\u0119kszaj ci\u015bnienie do poziomu roboczego 1,0 MPa. Sprawd\u017a, czy nie ma wyciek\u00f3w lub innych nieprawid\u0142owo\u015bci.<br \/>\nTest przep\u0142ywu: Zmierz obj\u0119to\u015b\u0107 wyp\u0142ywu, aby sprawdzi\u0107, czy mie\u015bci si\u0119 ona w zakresie od 0,03 do 0,5 ml na skok. Mo\u017cna to zrobi\u0107, wykorzystuj\u0105c skalibrowane urz\u0105dzenie pomiarowe.<br \/>\nTest resetowania: Sprawd\u017a, czy wtryskiwacz resetuje si\u0119 prawid\u0142owo przy ustawionym ci\u015bnieniu resetowania wynosz\u0105cym 0,3 MPa.<br \/>\nTest operacyjny: Przeprowad\u017a kilka cykli pracy wtryskiwacza, aby upewni\u0107 si\u0119, \u017ce dzia\u0142a on sp\u00f3jnie i sprawd\u017a, czy nie wyst\u0119puj\u0105 \u017cadne nieprawid\u0142owo\u015bci w jego dzia\u0142aniu.<\/p>\n<h2>Instrukcje<\/h2>\n<div class=\"sdm_download_button_box_default\"><div class=\"sdm_download_link\"><a href=\"https:\/\/www.jinpinlub.com\/pl\/?sdm_process_download=1&download_id=3889\" class=\"sdm_download white\" title=\"Prywatne: MSK Metering Valve\" target=\"&quot;_blank&quot;\">Zobacz kart\u0119 katalogow\u0105 - Zaw\u00f3r dozuj\u0105cy MSK<\/a><\/div><\/div>","protected":false},"excerpt":{"rendered":"<p>Zaw\u00f3r strumieniowy wyporowy MSK to zaw\u00f3r strumieniowy stosowany w r\u00f3\u017cnych zastosowaniach przemys\u0142owych. Zaprojektowano go w celu zapewnienia precyzyjnego rozpylania p\u0142ynu. Zawory te s\u0142u\u017c\u0105 do dok\u0142adnego i niezawodnego dostarczania p\u0142ynu, zazwyczaj w uk\u0142adach smarowania.<\/p>","protected":false},"featured_media":3938,"template":"","meta":{"ocean_post_layout":"","ocean_both_sidebars_style":"","ocean_both_sidebars_content_width":0,"ocean_both_sidebars_sidebars_width":0,"ocean_sidebar":"0","ocean_second_sidebar":"0","ocean_disable_margins":"enable","ocean_add_body_class":"","ocean_shortcode_before_top_bar":"","ocean_shortcode_after_top_bar":"","ocean_shortcode_before_header":"","ocean_shortcode_after_header":"","ocean_has_shortcode":"","ocean_shortcode_after_title":"","ocean_shortcode_before_footer_widgets":"","ocean_shortcode_after_footer_widgets":"","ocean_shortcode_before_footer_bottom":"","ocean_shortcode_after_footer_bottom":"","ocean_display_top_bar":"default","ocean_display_header":"default","ocean_header_style":"","ocean_center_header_left_menu":"0","ocean_custom_header_template":"0","ocean_custom_logo":0,"ocean_custom_retina_logo":0,"ocean_custom_logo_max_width":0,"ocean_custom_logo_tablet_max_width":0,"ocean_custom_logo_mobile_max_width":0,"ocean_custom_logo_max_height":0,"ocean_custom_logo_tablet_max_height":0,"ocean_custom_logo_mobile_max_height":0,"ocean_header_custom_menu":"0","ocean_menu_typo_font_family":"0","ocean_menu_typo_font_subset":"","ocean_menu_typo_font_size":0,"ocean_menu_typo_font_size_tablet":0,"ocean_menu_typo_font_size_mobile":0,"ocean_menu_typo_font_size_unit":"px","ocean_menu_typo_font_weight":"","ocean_menu_typo_font_weight_tablet":"","ocean_menu_typo_font_weight_mobile":"","ocean_menu_typo_transform":"","ocean_menu_typo_transform_tablet":"","ocean_menu_typo_transform_mobile":"","ocean_menu_typo_line_height":0,"ocean_menu_typo_line_height_tablet":0,"ocean_menu_typo_line_height_mobile":0,"ocean_menu_typo_line_height_unit":"","ocean_menu_typo_spacing":0,"ocean_menu_typo_spacing_tablet":0,"ocean_menu_typo_spacing_mobile":0,"ocean_menu_typo_spacing_unit":"","ocean_menu_link_color":"","ocean_menu_link_color_hover":"","ocean_menu_link_color_active":"","ocean_menu_link_background":"","ocean_menu_link_hover_background":"","ocean_menu_link_active_background":"","ocean_menu_social_links_bg":"","ocean_menu_social_hover_links_bg":"","ocean_menu_social_links_color":"","ocean_menu_social_hover_links_color":"","ocean_disable_title":"default","ocean_disable_heading":"default","ocean_post_title":"","ocean_post_subheading":"","ocean_post_title_style":"","ocean_post_title_background_color":"","ocean_post_title_background":0,"ocean_post_title_bg_image_position":"","ocean_post_title_bg_image_attachment":"","ocean_post_title_bg_image_repeat":"","ocean_post_title_bg_image_size":"","ocean_post_title_height":0,"ocean_post_title_bg_overlay":0.5,"ocean_post_title_bg_overlay_color":"","ocean_disable_breadcrumbs":"default","ocean_breadcrumbs_color":"","ocean_breadcrumbs_separator_color":"","ocean_breadcrumbs_links_color":"","ocean_breadcrumbs_links_hover_color":"","ocean_display_footer_widgets":"default","ocean_display_footer_bottom":"default","ocean_custom_footer_template":"0","osh_disable_topbar_sticky":"default","osh_disable_header_sticky":"default","osh_sticky_header_style":"default","osh_sticky_header_effect":"","osh_custom_sticky_logo":0,"osh_custom_retina_sticky_logo":0,"osh_custom_sticky_logo_height":0,"osh_background_color":"","osh_links_color":"","osh_links_hover_color":"","osh_links_active_color":"","osh_links_bg_color":"","osh_links_hover_bg_color":"","osh_links_active_bg_color":"","osh_menu_social_links_color":"","osh_menu_social_hover_links_color":""},"product_brand":[],"product_cat":[47,49],"product_tag":[139,229,364,82,240],"class_list":{"0":"post-3935","1":"product","2":"type-product","3":"status-publish","4":"has-post-thumbnail","6":"product_cat-volumetric-thin-oil-systems","7":"product_cat-volumetric-oil-injectors","8":"product_tag-oil-distributor","9":"product_tag-oil-metering-valve","10":"product_tag-positive-displacement-distributor","11":"product_tag-positive-displacement-injector","12":"product_tag-pressurized-distributor","14":"entry","15":"has-media","17":"first","18":"instock","19":"shipping-taxable","20":"product-type-external","21":"col","22":"span_1_of_3","23":"owp-content-center","24":"owp-thumbs-layout-horizontal","25":"owp-btn-very-big","26":"owp-tabs-layout-horizontal"},"_links":{"self":[{"href":"https:\/\/www.jinpinlub.com\/pl\/wp-json\/wp\/v2\/product\/3935","targetHints":{"allow":["GET"]}}],"collection":[{"href":"https:\/\/www.jinpinlub.com\/pl\/wp-json\/wp\/v2\/product"}],"about":[{"href":"https:\/\/www.jinpinlub.com\/pl\/wp-json\/wp\/v2\/types\/product"}],"wp:featuredmedia":[{"embeddable":true,"href":"https:\/\/www.jinpinlub.com\/pl\/wp-json\/wp\/v2\/media\/3938"}],"wp:attachment":[{"href":"https:\/\/www.jinpinlub.com\/pl\/wp-json\/wp\/v2\/media?parent=3935"}],"wp:term":[{"taxonomy":"product_brand","embeddable":true,"href":"https:\/\/www.jinpinlub.com\/pl\/wp-json\/wp\/v2\/product_brand?post=3935"},{"taxonomy":"product_cat","embeddable":true,"href":"https:\/\/www.jinpinlub.com\/pl\/wp-json\/wp\/v2\/product_cat?post=3935"},{"taxonomy":"product_tag","embeddable":true,"href":"https:\/\/www.jinpinlub.com\/pl\/wp-json\/wp\/v2\/product_tag?post=3935"}],"curies":[{"name":"wp","href":"https:\/\/api.w.org\/{rel}","templated":true}]}}