{"id":3943,"date":"2024-11-30T11:25:08","date_gmt":"2024-11-30T03:25:08","guid":{"rendered":"https:\/\/www.jinpinlub.com\/?post_type=product&#038;p=3943"},"modified":"2024-12-01T03:29:03","modified_gmt":"2024-11-30T19:29:03","slug":"msk-odlaczalny-cienki-smarujacy-rozdzielacz-objetosciowy","status":"publish","type":"product","link":"https:\/\/www.jinpinlub.com\/pl\/product\/msk-detachable-thin-oil-lubrication-volumetric-distributor\/","title":{"rendered":"MSK Od\u0142\u0105czalny, cienki, obj\u0119to\u015bciowy dystrybutor oleju smaruj\u0105cego"},"content":{"rendered":"<h2>Funkcja<\/h2>\n<p>Zr\u00f3\u017cnicowana obj\u0119to\u015b\u0107 wyp\u0142ywu: rozdzielacz oleju serii MSK mo\u017ce zapewnia\u0107 zr\u00f3\u017cnicowan\u0105 obj\u0119to\u015b\u0107 wyp\u0142ywu od 0,01 do 1,5 ml na ka\u017cdy skok, spe\u0142niaj\u0105c potrzeby smarowania w r\u00f3\u017cnych sytuacjach.<br \/>\nCi\u015bnienie robocze i przeciwci\u015bnienie: Ci\u015bnienie robocze zawor\u00f3w olejowych tej serii wynosi przewa\u017cnie 1,0 MPa, a przeciwci\u015bnienie wynosi 0,3 MPa, co zapewnia stabiln\u0105 prac\u0119 rozdzielacza.<br \/>\nMateria\u0142: G\u0142\u00f3wna cz\u0119\u015b\u0107 rozdzielacza oleju serii MSK wykonana jest z mosi\u0105dzu, kt\u00f3ry charakteryzuje si\u0119 dobr\u0105 odporno\u015bci\u0105 na korozj\u0119 i dobrymi w\u0142a\u015bciwo\u015bciami mechanicznymi.<br \/>\nModel i numer cz\u0119\u015bci: Dystrybutor oleju MSK oferuje r\u00f3\u017cnorodne modele, ka\u017cdy model ma sw\u00f3j w\u0142asny numer cz\u0119\u015bci, co u\u0142atwia u\u017cytkownikom wyb\u00f3r odpowiedniego modelu i z\u0142o\u017cenie zam\u00f3wienia zgodnie z ich potrzebami.<br \/>\n\u0141atwa konserwacja: rozdzielacz oleju MSK jest \u0142atwy w monta\u017cu i demonta\u017cu, co u\u0142atwia konserwacj\u0119 i minimalizuje przestoje.<\/p>\n<h2>Specyfikacja<\/h2>\n<table>\n<tbody>\n<tr>\n<td>Zasada dzia\u0142ania<\/td>\n<td>Wtryskiwacz wyporowy<\/td>\n<\/tr>\n<tr>\n<td>Liczba punkt\u00f3w sprzeda\u017cy<\/td>\n<td>1~12<\/td>\n<\/tr>\n<tr>\n<td>Ilo\u015b\u0107 dozowania<\/td>\n<td>0,03, 0,05, 0,13, 0,20, 0,30, 0,50 ml\/cykl<\/td>\n<\/tr>\n<tr>\n<td>Smar<\/td>\n<td>15-90 Cst w temperaturze 40\u2103<\/td>\n<\/tr>\n<tr>\n<td>Temperatura pracy<\/td>\n<td>-20 do +80 \u00b0C<\/td>\n<\/tr>\n<tr>\n<td>Ci\u015bnienie robocze<\/td>\n<td>Minimum 1,0 MPa<\/td>\n<\/tr>\n<tr>\n<td>Tworzywo<\/td>\n<td>Mied\u017a, aluminium<\/td>\n<\/tr>\n<tr>\n<td>Gniazdo przy\u0142\u0105czeniowe<\/td>\n<td>Wlot Rc1\/8, Wylot \u03a64(Rc1\/8)<\/td>\n<\/tr>\n<tr>\n<td>Z\u0142\u0105czki wylotowe<\/td>\n<td>Typ r\u0119kawa, Typ szybki<\/td>\n<\/tr>\n<tr>\n<td>Pozycja monta\u017cowa<\/td>\n<td>Ka\u017cdy<\/td>\n<\/tr>\n<\/tbody>\n<\/table>\n<h2>Instalacja<\/h2>\n<p>Przygotowanie: Nale\u017cy mie\u0107 pod r\u0119k\u0105 wszystkie niezb\u0119dne narz\u0119dzia i materia\u0142y, w tym m.in. zaw\u00f3r, rurk\u0119, z\u0142\u0105czki, uszczelniacz i adaptery (je\u015bli dotyczy).<br \/>\nMonta\u017c: Zamontuj rozdzielacz w wybranym miejscu, solidnie go zamocuj i ustaw tak, aby by\u0142 wyr\u00f3wnany z systemem rur.<br \/>\nPod\u0142\u0105czanie rur: Pod\u0142\u0105cz rur\u0119 do dystrybutora za pomoc\u0105 z\u0142\u0105czek zaciskowych w przypadku niekt\u00f3rych modeli lub z\u0142\u0105czek typu push-to-connect w przypadku innych. Upewnij si\u0119, \u017ce po\u0142\u0105czenia s\u0105 dobre i solidne, aby zapobiec wyciekom.<br \/>\nUszczelnienie: Nanie\u015b odpowiedni \u015brodek uszczelniaj\u0105cy na po\u0142\u0105czenia gwintowane, aby zapobiec przeciekom podczas monta\u017cu.<br \/>\nPr\u00f3ba ci\u015bnieniowa: Po prawid\u0142owym monta\u017cu nale\u017cy przeprowadzi\u0107 pr\u00f3b\u0119 ci\u015bnieniow\u0105, aby sprawdzi\u0107, czy w zamontowanym zaworze nie ma nieszczelno\u015bci i czy dzia\u0142a on prawid\u0142owo.<br \/>\nOstateczne regulacje: Sfinalizuj wszystkie ustawienia i po\u0142\u0105czenia dystrybutora, aby zoptymalizowa\u0107 wydajno\u015b\u0107.<\/p>\n<h2>Instrukcje<\/h2>\n<div class=\"sdm_download_button_box_default\"><div class=\"sdm_download_link\"><a href=\"https:\/\/www.jinpinlub.com\/pl\/?sdm_process_download=1&download_id=3889\" class=\"sdm_download white\" title=\"Prywatne: MSK Metering Valve\" target=\"&quot;_blank&quot;\">Zobacz kart\u0119 katalogow\u0105 - Zaw\u00f3r dozuj\u0105cy MSK<\/a><\/div><\/div>","protected":false},"excerpt":{"rendered":"<p>Zaw\u00f3r wtryskowy wyporowy MSK to rozdzielacz zaprojektowany do precyzyjnego wtrysku cienkiego oleju. Korpus zaworu jest zwykle wykonany z mosi\u0105dzu odpornego na korozj\u0119 i jest szeroko stosowany w uk\u0142adach smarowania i procesach produkcyjnych w celu zapewnienia niezawodno\u015bci i d\u0142ugiej \u017cywotno\u015bci.<\/p>","protected":false},"featured_media":3944,"template":"","meta":{"ocean_post_layout":"","ocean_both_sidebars_style":"","ocean_both_sidebars_content_width":0,"ocean_both_sidebars_sidebars_width":0,"ocean_sidebar":"0","ocean_second_sidebar":"0","ocean_disable_margins":"enable","ocean_add_body_class":"","ocean_shortcode_before_top_bar":"","ocean_shortcode_after_top_bar":"","ocean_shortcode_before_header":"","ocean_shortcode_after_header":"","ocean_has_shortcode":"","ocean_shortcode_after_title":"","ocean_shortcode_before_footer_widgets":"","ocean_shortcode_after_footer_widgets":"","ocean_shortcode_before_footer_bottom":"","ocean_shortcode_after_footer_bottom":"","ocean_display_top_bar":"default","ocean_display_header":"default","ocean_header_style":"","ocean_center_header_left_menu":"0","ocean_custom_header_template":"0","ocean_custom_logo":0,"ocean_custom_retina_logo":0,"ocean_custom_logo_max_width":0,"ocean_custom_logo_tablet_max_width":0,"ocean_custom_logo_mobile_max_width":0,"ocean_custom_logo_max_height":0,"ocean_custom_logo_tablet_max_height":0,"ocean_custom_logo_mobile_max_height":0,"ocean_header_custom_menu":"0","ocean_menu_typo_font_family":"0","ocean_menu_typo_font_subset":"","ocean_menu_typo_font_size":0,"ocean_menu_typo_font_size_tablet":0,"ocean_menu_typo_font_size_mobile":0,"ocean_menu_typo_font_size_unit":"px","ocean_menu_typo_font_weight":"","ocean_menu_typo_font_weight_tablet":"","ocean_menu_typo_font_weight_mobile":"","ocean_menu_typo_transform":"","ocean_menu_typo_transform_tablet":"","ocean_menu_typo_transform_mobile":"","ocean_menu_typo_line_height":0,"ocean_menu_typo_line_height_tablet":0,"ocean_menu_typo_line_height_mobile":0,"ocean_menu_typo_line_height_unit":"","ocean_menu_typo_spacing":0,"ocean_menu_typo_spacing_tablet":0,"ocean_menu_typo_spacing_mobile":0,"ocean_menu_typo_spacing_unit":"","ocean_menu_link_color":"","ocean_menu_link_color_hover":"","ocean_menu_link_color_active":"","ocean_menu_link_background":"","ocean_menu_link_hover_background":"","ocean_menu_link_active_background":"","ocean_menu_social_links_bg":"","ocean_menu_social_hover_links_bg":"","ocean_menu_social_links_color":"","ocean_menu_social_hover_links_color":"","ocean_disable_title":"default","ocean_disable_heading":"default","ocean_post_title":"","ocean_post_subheading":"","ocean_post_title_style":"","ocean_post_title_background_color":"","ocean_post_title_background":0,"ocean_post_title_bg_image_position":"","ocean_post_title_bg_image_attachment":"","ocean_post_title_bg_image_repeat":"","ocean_post_title_bg_image_size":"","ocean_post_title_height":0,"ocean_post_title_bg_overlay":0.5,"ocean_post_title_bg_overlay_color":"","ocean_disable_breadcrumbs":"default","ocean_breadcrumbs_color":"","ocean_breadcrumbs_separator_color":"","ocean_breadcrumbs_links_color":"","ocean_breadcrumbs_links_hover_color":"","ocean_display_footer_widgets":"default","ocean_display_footer_bottom":"default","ocean_custom_footer_template":"0","osh_disable_topbar_sticky":"default","osh_disable_header_sticky":"default","osh_sticky_header_style":"default","osh_sticky_header_effect":"","osh_custom_sticky_logo":0,"osh_custom_retina_sticky_logo":0,"osh_custom_sticky_logo_height":0,"osh_background_color":"","osh_links_color":"","osh_links_hover_color":"","osh_links_active_color":"","osh_links_bg_color":"","osh_links_hover_bg_color":"","osh_links_active_bg_color":"","osh_menu_social_links_color":"","osh_menu_social_hover_links_color":""},"product_brand":[],"product_cat":[49,47],"product_tag":[229,364,82,240,228],"class_list":{"0":"post-3943","1":"product","2":"type-product","3":"status-publish","4":"has-post-thumbnail","6":"product_cat-volumetric-oil-injectors","7":"product_cat-volumetric-thin-oil-systems","8":"product_tag-oil-metering-valve","9":"product_tag-positive-displacement-distributor","10":"product_tag-positive-displacement-injector","11":"product_tag-pressurized-distributor","12":"product_tag-thin-oil-injector","14":"entry","15":"has-media","17":"first","18":"instock","19":"shipping-taxable","20":"product-type-external","21":"col","22":"span_1_of_3","23":"owp-content-center","24":"owp-thumbs-layout-horizontal","25":"owp-btn-very-big","26":"owp-tabs-layout-horizontal"},"_links":{"self":[{"href":"https:\/\/www.jinpinlub.com\/pl\/wp-json\/wp\/v2\/product\/3943","targetHints":{"allow":["GET"]}}],"collection":[{"href":"https:\/\/www.jinpinlub.com\/pl\/wp-json\/wp\/v2\/product"}],"about":[{"href":"https:\/\/www.jinpinlub.com\/pl\/wp-json\/wp\/v2\/types\/product"}],"wp:featuredmedia":[{"embeddable":true,"href":"https:\/\/www.jinpinlub.com\/pl\/wp-json\/wp\/v2\/media\/3944"}],"wp:attachment":[{"href":"https:\/\/www.jinpinlub.com\/pl\/wp-json\/wp\/v2\/media?parent=3943"}],"wp:term":[{"taxonomy":"product_brand","embeddable":true,"href":"https:\/\/www.jinpinlub.com\/pl\/wp-json\/wp\/v2\/product_brand?post=3943"},{"taxonomy":"product_cat","embeddable":true,"href":"https:\/\/www.jinpinlub.com\/pl\/wp-json\/wp\/v2\/product_cat?post=3943"},{"taxonomy":"product_tag","embeddable":true,"href":"https:\/\/www.jinpinlub.com\/pl\/wp-json\/wp\/v2\/product_tag?post=3943"}],"curies":[{"name":"wp","href":"https:\/\/api.w.org\/{rel}","templated":true}]}}