{"id":3948,"date":"2024-12-01T00:46:54","date_gmt":"2024-11-30T16:46:54","guid":{"rendered":"https:\/\/www.jinpinlub.com\/?post_type=product&#038;p=3948"},"modified":"2024-12-01T01:25:25","modified_gmt":"2024-11-30T17:25:25","slug":"typ-u-216-wyjscia-rozdzielacz-progresywny-rozdzielacz-zawory","status":"publish","type":"product","link":"https:\/\/www.jinpinlub.com\/pl\/product\/u-type-216-outlets-progressive-distributor-divider-valves\/","title":{"rendered":"Zawory rozdzielaj\u0105ce rozdzielacza progresywnego typu U 2~16 wyj\u015b\u0107"},"content":{"rendered":"<h2>Funkcja<\/h2>\n<p>Zintegrowany rozdzielacz oleju progresywnego typu \u222a mo\u017ce by\u0107 stosowany w warunkach \u015bredniego ci\u015bnienia i szerokich zmian temperatury. Mo\u017ce tworzy\u0107 jednoliniowy uk\u0142ad smarowania z pompami r\u0119cznymi, elektrycznymi, pneumatycznymi itp. Jest stosowany w r\u00f3\u017cnych ma\u0142ych obrabiarkach i sprz\u0119cie do obr\u00f3bki tworzyw sztucznych lub jako podrozdzielacz du\u017cego jednoliniowego uk\u0142adu smarowania.<br \/>\nTypowy zestaw rozdzielaczy typu U mo\u017ce zazwyczaj zapewni\u0107 smarowanie dla 4, 6, 8, 10 lub 12 punkt\u00f3w smarowania. Rozdzielacz typu U ma tylko jedn\u0105 specyfikacj\u0119 przemieszczenia 0,3 ml\/cykl. Nale\u017cy pami\u0119ta\u0107, \u017ce w przypadku wylotu oleju rozdzielacza, \u017caden wylot oleju nie mo\u017ce zosta\u0107 zablokowany, aby wp\u0142yn\u0105\u0107 na jego normaln\u0105 prac\u0119, w przeciwnym razie rozdzielacz zostanie uszkodzony.<\/p>\n<h2>Specyfikacja<\/h2>\n<p>1. Maksymalne ci\u015bnienie nominalne: 15MPa<br \/>\n2. Standardowe przemieszczenie: 0,3 ml\/cykl<br \/>\n3. Zakres smar\u00f3w (w standardowej temperaturze): Olej smarowy \u2265 N68, smar NLGI 000#~1#<br \/>\n4. Temperatura otoczenia roboczego: -10\u2103 ~ +60\u2103<br \/>\n5. Maksymalna pr\u0119dko\u015b\u0107 cyrkulacji pary t\u0142ok\u00f3w wska\u017anika cyklu mechanicznego: 60cykli\/min<br \/>\n6. Maksymalna pr\u0119dko\u015b\u0107 cyrkulacji pary t\u0142ok\u00f3w: 200cykli\/min<br \/>\n7. Ilo\u015b\u0107 punkt\u00f3w smarowania: 4, 6, 8, 10, 12<br \/>\n8. D\u0142ugo\u015b\u0107 ruroci\u0105gu: \u03a64\/0,5~2,5m, \u03a66\/1,2~3,5m<br \/>\n9. Materia\u0142 korpusu zaworu: stop aluminium<\/p>\n<h2>Zasada<\/h2>\n<p>Dystrybutor w kszta\u0142cie litery U to rozdzielacz progresywny, kt\u00f3ry dostarcza okre\u015blon\u0105 ilo\u015b\u0107 smaru z ka\u017cdego t\u0142oka roboczego w korpusie zaworu do punkt\u00f3w smarowania w okre\u015blonej kolejno\u015bci. Ka\u017cda para t\u0142ok\u00f3w roboczych dostarcza smar ilo\u015bciowy do punktu smarowania w oparciu o zasad\u0119 si\u0142y hydraulicznej generowanej przez dzia\u0142anie progresywne. Aby rozdzielacz mia\u0142 sta\u0142\u0105 wydajno\u015b\u0107, rozdzielacz w kszta\u0142cie litery U musi by\u0107 zasilany smarem o okre\u015blonym ci\u015bnieniu. W przeciwnym razie para t\u0142ok\u00f3w roboczych nie dostarczy smaru do punktu smarowania w spos\u00f3b progresywny w okre\u015blonej kolejno\u015bci. W ten sam spos\u00f3b, gdy dostarczony smar ci\u015bnieniowy przestanie p\u0142yn\u0105\u0107, para t\u0142ok\u00f3w roboczych rozdzielacza r\u00f3wnie\u017c przestanie si\u0119 porusza\u0107. Dopiero gdy smar pod ci\u015bnieniem zacznie ponownie p\u0142yn\u0105\u0107 w korpusie zaworu, ka\u017cda para t\u0142ok\u00f3w roboczych w rozdzielaczu powt\u00f3rzy sw\u00f3j cykl nape\u0142niania olejem w tym samym punkcie.<\/p>\n<h2>Instrukcje<\/h2>\n<div class=\"sdm_download_button_box_default\"><div class=\"sdm_download_link\"><a href=\"https:\/\/www.jinpinlub.com\/pl\/?sdm_process_download=1&download_id=3949\" class=\"sdm_download white\" title=\"Prywatne: U-type Distributor\" target=\"&quot;_blank&quot;\">Zobacz kart\u0119 katalogow\u0105 - Dystrybutor typu U<\/a><\/div><\/div>","protected":false},"excerpt":{"rendered":"<p>Liczba wyj\u015b\u0107 rozdzielacza progresywnego typu U wynosi 2, 4, 6, 8, 10, 12, a obj\u0119to\u015b\u0107 wyj\u015bciowa wynosi 0,3 ml\/cykl. Ten rozdzielacz mo\u017cna \u0142\u0105czy\u0107 z pompami r\u0119cznymi, elektrycznymi i pneumatycznymi, tworz\u0105c jednoliniowy system smarowania progresywnego.<\/p>","protected":false},"featured_media":3951,"template":"","meta":{"ocean_post_layout":"","ocean_both_sidebars_style":"","ocean_both_sidebars_content_width":0,"ocean_both_sidebars_sidebars_width":0,"ocean_sidebar":"0","ocean_second_sidebar":"0","ocean_disable_margins":"enable","ocean_add_body_class":"","ocean_shortcode_before_top_bar":"","ocean_shortcode_after_top_bar":"","ocean_shortcode_before_header":"","ocean_shortcode_after_header":"","ocean_has_shortcode":"","ocean_shortcode_after_title":"","ocean_shortcode_before_footer_widgets":"","ocean_shortcode_after_footer_widgets":"","ocean_shortcode_before_footer_bottom":"","ocean_shortcode_after_footer_bottom":"","ocean_display_top_bar":"default","ocean_display_header":"default","ocean_header_style":"","ocean_center_header_left_menu":"0","ocean_custom_header_template":"0","ocean_custom_logo":0,"ocean_custom_retina_logo":0,"ocean_custom_logo_max_width":0,"ocean_custom_logo_tablet_max_width":0,"ocean_custom_logo_mobile_max_width":0,"ocean_custom_logo_max_height":0,"ocean_custom_logo_tablet_max_height":0,"ocean_custom_logo_mobile_max_height":0,"ocean_header_custom_menu":"0","ocean_menu_typo_font_family":"0","ocean_menu_typo_font_subset":"","ocean_menu_typo_font_size":0,"ocean_menu_typo_font_size_tablet":0,"ocean_menu_typo_font_size_mobile":0,"ocean_menu_typo_font_size_unit":"px","ocean_menu_typo_font_weight":"","ocean_menu_typo_font_weight_tablet":"","ocean_menu_typo_font_weight_mobile":"","ocean_menu_typo_transform":"","ocean_menu_typo_transform_tablet":"","ocean_menu_typo_transform_mobile":"","ocean_menu_typo_line_height":0,"ocean_menu_typo_line_height_tablet":0,"ocean_menu_typo_line_height_mobile":0,"ocean_menu_typo_line_height_unit":"","ocean_menu_typo_spacing":0,"ocean_menu_typo_spacing_tablet":0,"ocean_menu_typo_spacing_mobile":0,"ocean_menu_typo_spacing_unit":"","ocean_menu_link_color":"","ocean_menu_link_color_hover":"","ocean_menu_link_color_active":"","ocean_menu_link_background":"","ocean_menu_link_hover_background":"","ocean_menu_link_active_background":"","ocean_menu_social_links_bg":"","ocean_menu_social_hover_links_bg":"","ocean_menu_social_links_color":"","ocean_menu_social_hover_links_color":"","ocean_disable_title":"default","ocean_disable_heading":"default","ocean_post_title":"","ocean_post_subheading":"","ocean_post_title_style":"","ocean_post_title_background_color":"","ocean_post_title_background":0,"ocean_post_title_bg_image_position":"","ocean_post_title_bg_image_attachment":"","ocean_post_title_bg_image_repeat":"","ocean_post_title_bg_image_size":"","ocean_post_title_height":0,"ocean_post_title_bg_overlay":0.5,"ocean_post_title_bg_overlay_color":"","ocean_disable_breadcrumbs":"default","ocean_breadcrumbs_color":"","ocean_breadcrumbs_separator_color":"","ocean_breadcrumbs_links_color":"","ocean_breadcrumbs_links_hover_color":"","ocean_display_footer_widgets":"default","ocean_display_footer_bottom":"default","ocean_custom_footer_template":"0","osh_disable_topbar_sticky":"default","osh_disable_header_sticky":"default","osh_sticky_header_style":"default","osh_sticky_header_effect":"","osh_custom_sticky_logo":0,"osh_custom_retina_sticky_logo":0,"osh_custom_sticky_logo_height":0,"osh_background_color":"","osh_links_color":"","osh_links_hover_color":"","osh_links_active_color":"","osh_links_bg_color":"","osh_links_hover_bg_color":"","osh_links_active_bg_color":"","osh_menu_social_links_color":"","osh_menu_social_hover_links_color":""},"product_brand":[],"product_cat":[44,41],"product_tag":[87,366,230,99,365],"class_list":{"0":"post-3948","1":"product","2":"type-product","3":"status-publish","4":"has-post-thumbnail","6":"product_cat-progressive-grease-dividers","7":"product_cat-progressive-grease-systems","8":"product_tag-grease-distributor","9":"product_tag-ihi-pump-divider","10":"product_tag-lubrication-metering-device","11":"product_tag-progressive-distributor","12":"product_tag-u-type-divider","14":"entry","15":"has-media","17":"first","18":"instock","19":"shipping-taxable","20":"product-type-external","21":"col","22":"span_1_of_3","23":"owp-content-center","24":"owp-thumbs-layout-horizontal","25":"owp-btn-very-big","26":"owp-tabs-layout-horizontal"},"_links":{"self":[{"href":"https:\/\/www.jinpinlub.com\/pl\/wp-json\/wp\/v2\/product\/3948","targetHints":{"allow":["GET"]}}],"collection":[{"href":"https:\/\/www.jinpinlub.com\/pl\/wp-json\/wp\/v2\/product"}],"about":[{"href":"https:\/\/www.jinpinlub.com\/pl\/wp-json\/wp\/v2\/types\/product"}],"wp:featuredmedia":[{"embeddable":true,"href":"https:\/\/www.jinpinlub.com\/pl\/wp-json\/wp\/v2\/media\/3951"}],"wp:attachment":[{"href":"https:\/\/www.jinpinlub.com\/pl\/wp-json\/wp\/v2\/media?parent=3948"}],"wp:term":[{"taxonomy":"product_brand","embeddable":true,"href":"https:\/\/www.jinpinlub.com\/pl\/wp-json\/wp\/v2\/product_brand?post=3948"},{"taxonomy":"product_cat","embeddable":true,"href":"https:\/\/www.jinpinlub.com\/pl\/wp-json\/wp\/v2\/product_cat?post=3948"},{"taxonomy":"product_tag","embeddable":true,"href":"https:\/\/www.jinpinlub.com\/pl\/wp-json\/wp\/v2\/product_tag?post=3948"}],"curies":[{"name":"wp","href":"https:\/\/api.w.org\/{rel}","templated":true}]}}