{"id":3966,"date":"2024-12-11T15:44:55","date_gmt":"2024-12-11T07:44:55","guid":{"rendered":"https:\/\/www.jinpinlub.com\/?post_type=product&#038;p=3966"},"modified":"2024-12-11T16:36:42","modified_gmt":"2024-12-11T08:36:42","slug":"teflon-ptfe-turcite-b-cnc-prowadnica-odporna-na-zuzycie-arkusz","status":"publish","type":"product","link":"https:\/\/www.jinpinlub.com\/pl\/product\/teflon-ptfe-turcite-b-cnc-guide-rail-wear-resistant-sheet\/","title":{"rendered":"Arkusz odporny na zu\u017cycie szyny prowadz\u0105cej CNC z teflonu PTFE Turcite-B"},"content":{"rendered":"<h2>Funkcja<\/h2>\n<p>\u00b7 Wysoka odporno\u015b\u0107 na zu\u017cycie: Odporno\u015b\u0107 na zu\u017cycie jest 10-krotnie wi\u0119ksza ni\u017c w przypadku prowadnic \u017celiwnych, a prowadnice charakteryzuj\u0105 si\u0119 dobr\u0105 precyzj\u0105 utrzymania.<br \/>\n\u00b7Niskie tarcie: wsp\u00f3\u0142czynnik tarcia wynosi &lt;0,04, co stanowi zaledwie 1\/3 wsp\u00f3\u0142czynnika w przypadku prowadnic \u017celiwnych, co znacznie zmniejsza zu\u017cycie energii nap\u0119dowej.<br \/>\n\u00b7Brak pe\u0142zania: wsp\u00f3\u0142czynniki tarcia dynamicznego i statycznego s\u0105 zbli\u017cone, pozycjonowanie mikroposuwu jest dobre, a praca jest p\u0142ynna.<br \/>\n\u00b7 Dobra amortyzacja wstrz\u0105s\u00f3w: mo\u017ce zmniejszy\u0107 ha\u0142as i wibracje oraz poprawi\u0107 dok\u0142adno\u015b\u0107 przetwarzania.<br \/>\n\u00b7 Dobre smarowanie: Dobre w\u0142a\u015bciwo\u015bci samosmaruj\u0105ce. Nawet je\u015bli uk\u0142ad smarowania zawiedzie, mo\u017cna unikn\u0105\u0107 zarysowa\u0144 szyny prowadz\u0105cej.<br \/>\n\u00b7\u0141atwy w utrzymaniu: Poniewa\u017c twardo\u015b\u0107 mi\u0119kkiego pasa jest znacznie ni\u017csza ni\u017c metalu, zu\u017cycie dotyczy g\u0142\u00f3wnie mi\u0119kkiego pasa. Konserwacja wymaga jedynie wymiany nowego mi\u0119kkiego pasa, a tak\u017ce ca\u0142kowicie eliminuje wkl\u0119s\u0142o\u015b\u0107 szyny prowadz\u0105cej \u0142\u00f3\u017cko.<\/p>\n<h2>Specyfikacja<\/h2>\n<figure id=\"attachment_3971\" aria-describedby=\"caption-attachment-3971\" style=\"width: 850px\" class=\"wp-caption alignnone\"><img loading=\"lazy\" decoding=\"async\" class=\"size-full wp-image-3971\" src=\"https:\/\/www.jinpinlub.com\/wp-content\/uploads\/2024\/12\/GT15-Turcite-B-5.jpg\" alt=\"GT15 Turcyt-B (5)\" width=\"850\" height=\"589\" srcset=\"https:\/\/www.jinpinlub.com\/wp-content\/uploads\/2024\/12\/GT15-Turcite-B-5.jpg 850w, https:\/\/www.jinpinlub.com\/wp-content\/uploads\/2024\/12\/GT15-Turcite-B-5-300x208.jpg 300w, https:\/\/www.jinpinlub.com\/wp-content\/uploads\/2024\/12\/GT15-Turcite-B-5-768x532.jpg 768w, https:\/\/www.jinpinlub.com\/wp-content\/uploads\/2024\/12\/GT15-Turcite-B-5-18x12.jpg 18w, https:\/\/www.jinpinlub.com\/wp-content\/uploads\/2024\/12\/GT15-Turcite-B-5-800x554.jpg 800w\" sizes=\"auto, (max-width: 850px) 100vw, 850px\" \/><figcaption id=\"caption-attachment-3971\" class=\"wp-caption-text\">GT15 Turcyt-B (5)<\/figcaption><\/figure>\n<h2>Aplikacja<\/h2>\n<p>W przypadku prowadnicy sto\u0142u roboczego obrabiarki tarcie mi\u0119dzy sto\u0142em roboczym a prowadnic\u0105 \u0142o\u017ca mo\u017cna zmniejszy\u0107 po wklejeniu. Na przyk\u0142ad, gdy st\u00f3\u0142 roboczy frezarki si\u0119 porusza, mo\u017ce si\u0119 porusza\u0107 dok\u0142adnie przy niskiej sile nap\u0119dowej. Podczas instalacji prowadnica musi zosta\u0107 wyczyszczona i wypoziomowana, a tak\u017ce nale\u017cy wyci\u0105\u0107 odpowiedni rozmiar odpornej na zu\u017cycie blachy. Jest ona wklejana, zag\u0119szczana i mocowana specjalnym klejem.<br \/>\nW przypadku szyny prowadz\u0105cej \u0142\u00f3\u017cko jako podstawowego podparcia obrabiarki, gdy uchwyt narz\u0119dziowy tokarki si\u0119 porusza, mo\u017ce zmniejszy\u0107 ha\u0142as wibracji, poprawi\u0107 dok\u0142adno\u015b\u0107 i zapobiec korozji. Przed wklejeniem sprawd\u017a i napraw szyn\u0119 prowadz\u0105c\u0105, zwracaj\u0105c uwag\u0119 na kierunek dopasowania i grubo\u015b\u0107 kleju.<br \/>\nW przypadku prowadnicy kolumny obrabiarki mo\u017ce ona zapewni\u0107 p\u0142ynny i dok\u0142adny ruch pionowy skrzynki wrzeciona i innych cz\u0119\u015bci, takich jak ruch osi Z skrzynki wrzeciona centrum obr\u00f3bczego. Podczas wklejania nale\u017cy zwr\u00f3ci\u0107 uwag\u0119 na p\u0142ynno\u015b\u0107 i pionowo\u015b\u0107 kleju oraz sprawdzi\u0107 dok\u0142adno\u015b\u0107 po utwardzeniu.<\/p>\n<h2>Instrukcje<\/h2>\n<div class=\"sdm_download_button_box_default\"><div class=\"sdm_download_link\"><a href=\"https:\/\/www.jinpinlub.com\/pl\/?sdm_process_download=1&download_id=3964\" class=\"sdm_download white\" title=\"Prywatne: PTFE Turcite-B Sheet\" target=\"&quot;_blank&quot;\">Wy\u015bwietl kart\u0119 katalogow\u0105 - Arkusz Turcite-B<\/a><\/div><\/div>","protected":false},"excerpt":{"rendered":"<p>Poprzez przymocowanie materia\u0142u teflonowego do powierzchni szyny prowadz\u0105cej obrabiarki mo\u017cna poprawi\u0107 odporno\u015b\u0107 na zu\u017cycie i \u017cywotno\u015b\u0107 szyny prowadz\u0105cej. Proces ten mo\u017cna stosowa\u0107 do r\u00f3\u017cnych typ\u00f3w szyn prowadz\u0105cych, w tym szyn prowadz\u0105cych liniowych, szyn prowadz\u0105cych tocznych i szyn prowadz\u0105cych przesuwnych.<\/p>","protected":false},"featured_media":3968,"template":"","meta":{"ocean_post_layout":"","ocean_both_sidebars_style":"","ocean_both_sidebars_content_width":0,"ocean_both_sidebars_sidebars_width":0,"ocean_sidebar":"0","ocean_second_sidebar":"0","ocean_disable_margins":"enable","ocean_add_body_class":"","ocean_shortcode_before_top_bar":"","ocean_shortcode_after_top_bar":"","ocean_shortcode_before_header":"","ocean_shortcode_after_header":"","ocean_has_shortcode":"","ocean_shortcode_after_title":"","ocean_shortcode_before_footer_widgets":"","ocean_shortcode_after_footer_widgets":"","ocean_shortcode_before_footer_bottom":"","ocean_shortcode_after_footer_bottom":"","ocean_display_top_bar":"default","ocean_display_header":"default","ocean_header_style":"","ocean_center_header_left_menu":"0","ocean_custom_header_template":"0","ocean_custom_logo":0,"ocean_custom_retina_logo":0,"ocean_custom_logo_max_width":0,"ocean_custom_logo_tablet_max_width":0,"ocean_custom_logo_mobile_max_width":0,"ocean_custom_logo_max_height":0,"ocean_custom_logo_tablet_max_height":0,"ocean_custom_logo_mobile_max_height":0,"ocean_header_custom_menu":"0","ocean_menu_typo_font_family":"0","ocean_menu_typo_font_subset":"","ocean_menu_typo_font_size":0,"ocean_menu_typo_font_size_tablet":0,"ocean_menu_typo_font_size_mobile":0,"ocean_menu_typo_font_size_unit":"px","ocean_menu_typo_font_weight":"","ocean_menu_typo_font_weight_tablet":"","ocean_menu_typo_font_weight_mobile":"","ocean_menu_typo_transform":"","ocean_menu_typo_transform_tablet":"","ocean_menu_typo_transform_mobile":"","ocean_menu_typo_line_height":0,"ocean_menu_typo_line_height_tablet":0,"ocean_menu_typo_line_height_mobile":0,"ocean_menu_typo_line_height_unit":"","ocean_menu_typo_spacing":0,"ocean_menu_typo_spacing_tablet":0,"ocean_menu_typo_spacing_mobile":0,"ocean_menu_typo_spacing_unit":"","ocean_menu_link_color":"","ocean_menu_link_color_hover":"","ocean_menu_link_color_active":"","ocean_menu_link_background":"","ocean_menu_link_hover_background":"","ocean_menu_link_active_background":"","ocean_menu_social_links_bg":"","ocean_menu_social_hover_links_bg":"","ocean_menu_social_links_color":"","ocean_menu_social_hover_links_color":"","ocean_disable_title":"default","ocean_disable_heading":"default","ocean_post_title":"","ocean_post_subheading":"","ocean_post_title_style":"","ocean_post_title_background_color":"","ocean_post_title_background":0,"ocean_post_title_bg_image_position":"","ocean_post_title_bg_image_attachment":"","ocean_post_title_bg_image_repeat":"","ocean_post_title_bg_image_size":"","ocean_post_title_height":0,"ocean_post_title_bg_overlay":0.5,"ocean_post_title_bg_overlay_color":"","ocean_disable_breadcrumbs":"default","ocean_breadcrumbs_color":"","ocean_breadcrumbs_separator_color":"","ocean_breadcrumbs_links_color":"","ocean_breadcrumbs_links_hover_color":"","ocean_display_footer_widgets":"default","ocean_display_footer_bottom":"default","ocean_custom_footer_template":"0","osh_disable_topbar_sticky":"default","osh_disable_header_sticky":"default","osh_sticky_header_style":"default","osh_sticky_header_effect":"","osh_custom_sticky_logo":0,"osh_custom_retina_sticky_logo":0,"osh_custom_sticky_logo_height":0,"osh_background_color":"","osh_links_color":"","osh_links_hover_color":"","osh_links_active_color":"","osh_links_bg_color":"","osh_links_hover_bg_color":"","osh_links_active_bg_color":"","osh_menu_social_links_color":"","osh_menu_social_hover_links_color":""},"product_brand":[],"product_cat":[31],"product_tag":[371,367,368,369,370],"class_list":{"0":"post-3966","1":"product","2":"type-product","3":"status-publish","4":"has-post-thumbnail","6":"product_cat-lube-system-accessories","7":"product_tag-cnc-plastic-strip","8":"product_tag-guide-rail-wear-resistant-sheet","9":"product_tag-ptfe-guide-rail-belt","10":"product_tag-teflon-soft-belt","11":"product_tag-turcite-b","13":"entry","14":"has-media","16":"first","17":"instock","18":"shipping-taxable","19":"product-type-external","20":"col","21":"span_1_of_3","22":"owp-content-center","23":"owp-thumbs-layout-horizontal","24":"owp-btn-very-big","25":"owp-tabs-layout-horizontal"},"_links":{"self":[{"href":"https:\/\/www.jinpinlub.com\/pl\/wp-json\/wp\/v2\/product\/3966","targetHints":{"allow":["GET"]}}],"collection":[{"href":"https:\/\/www.jinpinlub.com\/pl\/wp-json\/wp\/v2\/product"}],"about":[{"href":"https:\/\/www.jinpinlub.com\/pl\/wp-json\/wp\/v2\/types\/product"}],"wp:featuredmedia":[{"embeddable":true,"href":"https:\/\/www.jinpinlub.com\/pl\/wp-json\/wp\/v2\/media\/3968"}],"wp:attachment":[{"href":"https:\/\/www.jinpinlub.com\/pl\/wp-json\/wp\/v2\/media?parent=3966"}],"wp:term":[{"taxonomy":"product_brand","embeddable":true,"href":"https:\/\/www.jinpinlub.com\/pl\/wp-json\/wp\/v2\/product_brand?post=3966"},{"taxonomy":"product_cat","embeddable":true,"href":"https:\/\/www.jinpinlub.com\/pl\/wp-json\/wp\/v2\/product_cat?post=3966"},{"taxonomy":"product_tag","embeddable":true,"href":"https:\/\/www.jinpinlub.com\/pl\/wp-json\/wp\/v2\/product_tag?post=3966"}],"curies":[{"name":"wp","href":"https:\/\/api.w.org\/{rel}","templated":true}]}}