{"id":3972,"date":"2024-12-11T16:39:53","date_gmt":"2024-12-11T08:39:53","guid":{"rendered":"https:\/\/www.jinpinlub.com\/?post_type=product&#038;p=3972"},"modified":"2024-12-11T17:18:14","modified_gmt":"2024-12-11T09:18:14","slug":"j100-3d-300ml-odlaczany-zbiornik-elektryczna-pompa-smarujaca","status":"publish","type":"product","link":"https:\/\/www.jinpinlub.com\/pl\/product\/j100-3d-300ml-detachable-reservoir-electric-lubrication-pump\/","title":{"rendered":"J100-3D 300 ml od\u0142\u0105czana pompa smaruj\u0105ca elektryczna"},"content":{"rendered":"<h2>Cechy<\/h2>\n<p>\u2013 Stabilna praca: Urz\u0105dzenie mo\u017ce niezawodnie pracowa\u0107 w jednoliniowych systemach smarowania obejmuj\u0105cych do 20 punkt\u00f3w smarowania i d\u0142ugo\u015b\u0107 g\u0142\u00f3wnego przewodu wynosz\u0105c\u0105 prawie 15 metr\u00f3w.<br \/>\n\u2013 Zintegrowana funkcja redukcji ci\u015bnienia: Opcjonalny zintegrowany zaw\u00f3r redukcji ci\u015bnienia spe\u0142nia wymagania pomp jednoprzewodowych uk\u0142ad\u00f3w smarowania i mo\u017ce by\u0107 stabilnie stosowany w <a href=\"https:\/\/www.jinpinlub.com\/pl\/kategoria-produktu\/systemy-smarowania-jednoliniowego\/\" target=\"_blank\" rel=\"noopener\">jednoliniowe automatyczne systemy smarowania<\/a>.<br \/>\n\u2013 Elastyczna liczba wyj\u015b\u0107: Dost\u0119pne s\u0105 modele z 1 lub 2 wyj\u015bciami oleju, kt\u00f3re mo\u017cna wybra\u0107 zale\u017cnie od rzeczywistych potrzeb.<br \/>\n\u2013 \u0141atwa instalacja: \u015aruba odpowietrzaj\u0105ca jest \u0142atwo dost\u0119pna, co umo\u017cliwia prost\u0105 instalacj\u0119 i uruchomienie.<br \/>\n\u2013 Monitorowanie poziomu cieczy: Zapewnia monitorowanie poziomu nape\u0142nienia z funkcj\u0105 wczesnego ostrzegania, kt\u00f3ra mo\u017ce monitorowa\u0107 poziom cieczy w zbiorniku oleju lub wk\u0142adzie smarowym.<br \/>\n\u2013 R\u00f3\u017cne pojemno\u015bci: Dost\u0119pne s\u0105 trzy wersje zbiornika: wersja ze zbiornikiem sta\u0142ym, wersja ze zbiornikiem wyjmowanym i wersja z wymiennym wk\u0142adem. Ka\u017cda wersja ma inn\u0105 pojemno\u015b\u0107.<br \/>\n\u2013 Kompaktowa konstrukcja: Og\u00f3lny rozmiar jest stosunkowo niewielki, nie zajmuje zbyt du\u017co miejsca, mo\u017cna go dostosowa\u0107 do bardziej kompaktowego \u015brodowiska instalacji i jest wygodny w u\u017cyciu w r\u00f3\u017cnych ma\u0142ych maszynach lub urz\u0105dzeniach.<\/p>\n<h2>Specyfikacja<\/h2>\n<table>\n<tbody>\n<tr>\n<td>Model<\/td>\n<td>J100-3D<\/td>\n<\/tr>\n<tr>\n<td>Czas smarowania<\/td>\n<td>PLC lub sterownik zewn\u0119trzny<\/td>\n<\/tr>\n<tr>\n<td>Czas interwa\u0142u<\/td>\n<td>PLC lub sterownik zewn\u0119trzny<\/td>\n<\/tr>\n<tr>\n<td>Temperatura pracy<\/td>\n<td>0\u2103~ +50\u00b0C (niskie temperatury wymagaj\u0105 smaru zapobiegaj\u0105cego zamarzaniu)<\/td>\n<\/tr>\n<tr>\n<td>Liczba wyj\u015b\u0107<\/td>\n<td>1 lub 2<\/td>\n<\/tr>\n<tr>\n<td>Pojemno\u015b\u0107 zbiornika<\/td>\n<td>0,3 l, 0,5 l, 0,7 l, 1,5 l<\/td>\n<\/tr>\n<tr>\n<td>Uzupe\u0142nianie<\/td>\n<td>Port nape\u0142niania\/wyjmowany\/wk\u0142ad<\/td>\n<\/tr>\n<tr>\n<td>Smar<\/td>\n<td>NLGI 000#~2#<\/td>\n<\/tr>\n<tr>\n<td>Zaw\u00f3r bezpiecze\u0144stwa<\/td>\n<td>Fakultatywny<\/td>\n<\/tr>\n<tr>\n<td>Wypisa\u0107<\/td>\n<td>15 ml\/min<\/td>\n<\/tr>\n<tr>\n<td>Maksymalne ci\u015bnienie robocze<\/td>\n<td>8,0 MPa<\/td>\n<\/tr>\n<tr>\n<td>Gwint przy\u0142\u0105czeniowy<\/td>\n<td>Wylot \u03a66<\/td>\n<\/tr>\n<tr>\n<td>Napi\u0119cie robocze<\/td>\n<td>24 V pr\u0105du sta\u0142ego<\/td>\n<\/tr>\n<tr>\n<td>Orzecznictwo<\/td>\n<td>CE<\/td>\n<\/tr>\n<tr>\n<td>Prze\u0142\u0105cznik niskiego poziomu<\/td>\n<td>Kontakt NC<\/td>\n<\/tr>\n<\/tbody>\n<\/table>\n<h2>Ruroci\u0105g<\/h2>\n<p>Pod wzgl\u0119dem materia\u0142\u00f3w i specyfikacji rur nale\u017cy dobra\u0107 odpowiednie rury odporne na olej i korozj\u0119, bior\u0105c pod uwag\u0119 w\u0142a\u015bciwo\u015bci \u015brodka smaruj\u0105cego, ci\u015bnienie w uk\u0142adzie i \u015brodowisko.<br \/>\nCzyszczenie rur jest bardzo wa\u017cne. Przed instalacj\u0105 konieczne jest dok\u0142adne usuni\u0119cie zanieczyszcze\u0144 za pomoc\u0105 przedmuchu spr\u0119\u017conym powietrzem i czyszczenia chemicznego, aby zapobiec przedostawaniu si\u0119 cia\u0142 obcych do pompy smaruj\u0105cej, co mog\u0142oby uszkodzi\u0107 cz\u0119\u015bci i zak\u0142\u00f3ci\u0107 dzia\u0142anie, a tak\u017ce zapewni\u0107 p\u0142ynny i czysty przep\u0142yw \u015brodka smaruj\u0105cego.<br \/>\nPodczas pod\u0142\u0105czania nale\u017cy starannie dobra\u0107 uszczelki, a nakr\u0119tki i \u015bruby dokr\u0119ci\u0107 zgodnie z okre\u015blonym momentem obrotowym, aby zapewni\u0107 dobre i solidne uszczelnienie. Nale\u017cy r\u00f3wnie\u017c regularnie sprawdza\u0107, czy nie ma wyciek\u00f3w.<br \/>\nPod wzgl\u0119dem uk\u0142adu nale\u017cy zmniejszy\u0107 liczb\u0119 rur, unika\u0107 ostrych zakr\u0119t\u00f3w i skr\u0119t\u00f3w, zapewni\u0107 p\u0142ynny przep\u0142yw \u015brodk\u00f3w smarnych, zapewni\u0107 odpowiednie wsparcie i mocowanie oraz zapobiega\u0107 przemieszczeniom spowodowanym wibracjami.<br \/>\nNa koniec wydech po instalacji. Ustaw zaw\u00f3r wydechowy w najwy\u017cszym punkcie, powoli otw\u00f3rz i wypu\u015b\u0107 powietrze, a nast\u0119pnie poczekaj, a\u017c \u015brodek smarny wyp\u0142ynie bez p\u0119cherzyk\u00f3w, aby zapobiec nier\u00f3wnomiernemu smarowaniu i pracy pompy na biegu ja\u0142owym.<\/p>\n<h2>Instrukcje<\/h2>\n<div class=\"sdm_download_button_box_default\"><div class=\"sdm_download_link\"><a href=\"https:\/\/www.jinpinlub.com\/pl\/?sdm_process_download=1&download_id=3960\" class=\"sdm_download white\" title=\"Prywatne: J100 Electric Grease Pump\" target=\"&quot;_blank&quot;\">Wy\u015bwietl kart\u0119 danych - Pompa smaru J100<\/a><\/div><\/div>","protected":false},"excerpt":{"rendered":"<p>Kompaktowa pompa smarownicza J100 jest niezawodna i trwa\u0142a, z wieloma pojemno\u015bciami, kt\u00f3re mo\u017cna dostosowa\u0107 do r\u00f3\u017cnych rodzaj\u00f3w \u015brodk\u00f3w smarnych. Jest \u0142atwa i wygodna w obs\u0142udze i konserwacji, a tak\u017ce mo\u017ce by\u0107 sterowana przez PLC, zapewniaj\u0105c wydajne rozwi\u0105zania dla operacji smarowania.<\/p>","protected":false},"featured_media":3973,"template":"","meta":{"ocean_post_layout":"","ocean_both_sidebars_style":"","ocean_both_sidebars_content_width":0,"ocean_both_sidebars_sidebars_width":0,"ocean_sidebar":"0","ocean_second_sidebar":"0","ocean_disable_margins":"enable","ocean_add_body_class":"","ocean_shortcode_before_top_bar":"","ocean_shortcode_after_top_bar":"","ocean_shortcode_before_header":"","ocean_shortcode_after_header":"","ocean_has_shortcode":"","ocean_shortcode_after_title":"","ocean_shortcode_before_footer_widgets":"","ocean_shortcode_after_footer_widgets":"","ocean_shortcode_before_footer_bottom":"","ocean_shortcode_after_footer_bottom":"","ocean_display_top_bar":"default","ocean_display_header":"default","ocean_header_style":"","ocean_center_header_left_menu":"0","ocean_custom_header_template":"0","ocean_custom_logo":0,"ocean_custom_retina_logo":0,"ocean_custom_logo_max_width":0,"ocean_custom_logo_tablet_max_width":0,"ocean_custom_logo_mobile_max_width":0,"ocean_custom_logo_max_height":0,"ocean_custom_logo_tablet_max_height":0,"ocean_custom_logo_mobile_max_height":0,"ocean_header_custom_menu":"0","ocean_menu_typo_font_family":"0","ocean_menu_typo_font_subset":"","ocean_menu_typo_font_size":0,"ocean_menu_typo_font_size_tablet":0,"ocean_menu_typo_font_size_mobile":0,"ocean_menu_typo_font_size_unit":"px","ocean_menu_typo_font_weight":"","ocean_menu_typo_font_weight_tablet":"","ocean_menu_typo_font_weight_mobile":"","ocean_menu_typo_transform":"","ocean_menu_typo_transform_tablet":"","ocean_menu_typo_transform_mobile":"","ocean_menu_typo_line_height":0,"ocean_menu_typo_line_height_tablet":0,"ocean_menu_typo_line_height_mobile":0,"ocean_menu_typo_line_height_unit":"","ocean_menu_typo_spacing":0,"ocean_menu_typo_spacing_tablet":0,"ocean_menu_typo_spacing_mobile":0,"ocean_menu_typo_spacing_unit":"","ocean_menu_link_color":"","ocean_menu_link_color_hover":"","ocean_menu_link_color_active":"","ocean_menu_link_background":"","ocean_menu_link_hover_background":"","ocean_menu_link_active_background":"","ocean_menu_social_links_bg":"","ocean_menu_social_hover_links_bg":"","ocean_menu_social_links_color":"","ocean_menu_social_hover_links_color":"","ocean_disable_title":"default","ocean_disable_heading":"default","ocean_post_title":"","ocean_post_subheading":"","ocean_post_title_style":"","ocean_post_title_background_color":"","ocean_post_title_background":0,"ocean_post_title_bg_image_position":"","ocean_post_title_bg_image_attachment":"","ocean_post_title_bg_image_repeat":"","ocean_post_title_bg_image_size":"","ocean_post_title_height":0,"ocean_post_title_bg_overlay":0.5,"ocean_post_title_bg_overlay_color":"","ocean_disable_breadcrumbs":"default","ocean_breadcrumbs_color":"","ocean_breadcrumbs_separator_color":"","ocean_breadcrumbs_links_color":"","ocean_breadcrumbs_links_hover_color":"","ocean_display_footer_widgets":"default","ocean_display_footer_bottom":"default","ocean_custom_footer_template":"0","osh_disable_topbar_sticky":"default","osh_disable_header_sticky":"default","osh_sticky_header_style":"default","osh_sticky_header_effect":"","osh_custom_sticky_logo":0,"osh_custom_retina_sticky_logo":0,"osh_custom_sticky_logo_height":0,"osh_background_color":"","osh_links_color":"","osh_links_hover_color":"","osh_links_active_color":"","osh_links_bg_color":"","osh_links_hover_bg_color":"","osh_links_active_bg_color":"","osh_menu_social_links_color":"","osh_menu_social_hover_links_color":""},"product_brand":[],"product_cat":[42,41],"product_tag":[372,73,77,373,91],"class_list":{"0":"post-3972","1":"product","2":"type-product","3":"status-publish","4":"has-post-thumbnail","6":"product_cat-electric-progressive-pumps","7":"product_cat-progressive-grease-systems","8":"product_tag-compact-lubrication-pump","9":"product_tag-electric-lubrication-pump","10":"product_tag-grease-lubrication-pump","11":"product_tag-grease-lubricator","12":"product_tag-progressive-lubrication-pump","14":"entry","15":"has-media","17":"first","18":"instock","19":"shipping-taxable","20":"product-type-external","21":"col","22":"span_1_of_3","23":"owp-content-center","24":"owp-thumbs-layout-horizontal","25":"owp-btn-very-big","26":"owp-tabs-layout-horizontal"},"_links":{"self":[{"href":"https:\/\/www.jinpinlub.com\/pl\/wp-json\/wp\/v2\/product\/3972","targetHints":{"allow":["GET"]}}],"collection":[{"href":"https:\/\/www.jinpinlub.com\/pl\/wp-json\/wp\/v2\/product"}],"about":[{"href":"https:\/\/www.jinpinlub.com\/pl\/wp-json\/wp\/v2\/types\/product"}],"wp:featuredmedia":[{"embeddable":true,"href":"https:\/\/www.jinpinlub.com\/pl\/wp-json\/wp\/v2\/media\/3973"}],"wp:attachment":[{"href":"https:\/\/www.jinpinlub.com\/pl\/wp-json\/wp\/v2\/media?parent=3972"}],"wp:term":[{"taxonomy":"product_brand","embeddable":true,"href":"https:\/\/www.jinpinlub.com\/pl\/wp-json\/wp\/v2\/product_brand?post=3972"},{"taxonomy":"product_cat","embeddable":true,"href":"https:\/\/www.jinpinlub.com\/pl\/wp-json\/wp\/v2\/product_cat?post=3972"},{"taxonomy":"product_tag","embeddable":true,"href":"https:\/\/www.jinpinlub.com\/pl\/wp-json\/wp\/v2\/product_tag?post=3972"}],"curies":[{"name":"wp","href":"https:\/\/api.w.org\/{rel}","templated":true}]}}