{"id":3977,"date":"2024-12-11T17:28:20","date_gmt":"2024-12-11T09:28:20","guid":{"rendered":"https:\/\/www.jinpinlub.com\/?post_type=product&#038;p=3977"},"modified":"2024-12-11T18:11:05","modified_gmt":"2024-12-11T10:11:05","slug":"j100-3d-pompa-smarownicza-jednoliniowa-z-zaworem-bezpieczenstwa","status":"publish","type":"product","link":"https:\/\/www.jinpinlub.com\/pl\/product\/j100-3d-single-line-lubrication-pump-with-pressure-relief\/","title":{"rendered":"Pompa smarownicza jednoprzewodowa J100-3D z redukcj\u0105 ci\u015bnienia"},"content":{"rendered":"<h2>Cechy<\/h2>\n<p>\u2013 Pompa smaruj\u0105ca J100 jest nap\u0119dzana silnikiem, kt\u00f3ry nap\u0119dza pomp\u0119 t\u0142okow\u0105, aby porusza\u0142a si\u0119 tam i z powrotem, dostarczaj\u0105c smar do wylotu pompy, a nast\u0119pnie do punktu smarowania przez dystrybutor ci\u015bnieniowy. Po osi\u0105gni\u0119ciu ustawionego ci\u015bnienia silnik przestaje pracowa\u0107, a zaw\u00f3r bezpiecze\u0144stwa zaczyna dzia\u0142a\u0107 odpowiednio, uwalniaj\u0105c ci\u015bnienie w systemie, a cykl zostaje zako\u0144czony.<br \/>\n\u2013 Pompa smaruj\u0105ca mo\u017ce by\u0107 sterowana przez zewn\u0119trzny uk\u0142ad sterowania, kt\u00f3ry g\u0142\u00f3wnie ustawia cz\u0119stotliwo\u015b\u0107 smarowania, czas pod\u0142\u0105czenia i czas przerwy.<br \/>\n\u2013 Ci\u015bnienie w uk\u0142adzie mo\u017cna monitorowa\u0107 za pomoc\u0105 wy\u0142\u0105cznika ci\u015bnieniowego, kt\u00f3ry zwykle jest zainstalowany w rurze olejowej ostatniego dystrybutora. Gdy wy\u0142\u0105cznik ci\u015bnieniowy wysy\u0142a sygna\u0142 do jednostki steruj\u0105cej, sygna\u0142 zatrzymuje pomp\u0119.<br \/>\n\u2013 Maksymalne ci\u015bnienie pompy smarowniczej J100 wynosi 8 MPa, minimalny odst\u0119p mi\u0119dzy smarowaniami wynosi 5 minut, a d\u0142ugo\u015b\u0107 g\u0142\u00f3wnego przewodu wynosi 15 metr\u00f3w. Nadaje si\u0119 do ma\u0142ych i \u015brednich urz\u0105dze\u0144 z maksymalnie 100 punktami smarowania do u\u017cytku wewn\u0105trz pomieszcze\u0144.<\/p>\n<h2>Specyfikacja<\/h2>\n<table>\n<tbody>\n<tr>\n<td>Model<\/td>\n<td>J100-3D<\/td>\n<\/tr>\n<tr>\n<td>Czas smarowania<\/td>\n<td>PLC lub sterownik zewn\u0119trzny<\/td>\n<\/tr>\n<tr>\n<td>Czas interwa\u0142u<\/td>\n<td>PLC lub sterownik zewn\u0119trzny<\/td>\n<\/tr>\n<tr>\n<td>Temperatura pracy<\/td>\n<td>0\u2103~ +50\u00b0C (niskie temperatury wymagaj\u0105 smaru zapobiegaj\u0105cego zamarzaniu)<\/td>\n<\/tr>\n<tr>\n<td>Liczba wyj\u015b\u0107<\/td>\n<td>1 lub 2<\/td>\n<\/tr>\n<tr>\n<td>Pojemno\u015b\u0107 zbiornika<\/td>\n<td>0,3 l, 0,5 l, 0,7 l, 1,5 l<\/td>\n<\/tr>\n<tr>\n<td>Uzupe\u0142nianie<\/td>\n<td>Port nape\u0142niania\/wyjmowany\/wk\u0142ad<\/td>\n<\/tr>\n<tr>\n<td>Smar<\/td>\n<td>NLGI 000#~2#<\/td>\n<\/tr>\n<tr>\n<td>Zaw\u00f3r bezpiecze\u0144stwa<\/td>\n<td>Fakultatywny<\/td>\n<\/tr>\n<tr>\n<td>Wypisa\u0107<\/td>\n<td>15 ml\/min<\/td>\n<\/tr>\n<tr>\n<td>Maksymalne ci\u015bnienie robocze<\/td>\n<td>8,0 MPa<\/td>\n<\/tr>\n<tr>\n<td>Gwint przy\u0142\u0105czeniowy<\/td>\n<td>Wylot \u03a66<\/td>\n<\/tr>\n<tr>\n<td>Napi\u0119cie robocze<\/td>\n<td>24 V pr\u0105du sta\u0142ego<\/td>\n<\/tr>\n<tr>\n<td>Orzecznictwo<\/td>\n<td>CE<\/td>\n<\/tr>\n<tr>\n<td>Prze\u0142\u0105cznik niskiego poziomu<\/td>\n<td>Kontakt NC<\/td>\n<\/tr>\n<\/tbody>\n<\/table>\n<h2>Montowanie<\/h2>\n<p>\u2013 Zamocuj pomp\u0119 smaruj\u0105c\u0105 na pionowej i p\u0142askiej powierzchni, kt\u00f3ra b\u0119dzie w stanie w pe\u0142ni unie\u015b\u0107 ci\u0119\u017car pompy.<br \/>\n\u2013 Zamontuj i zamocuj pomp\u0119 smaruj\u0105c\u0105 za pomoc\u0105 6 \u015brub M8 przez otwory \u03c69.<br \/>\n\u2013 Zaleca si\u0119 stosowanie kleju antywibracyjnego, gdy pompa smaruj\u0105ca jest nara\u017cona na drgania.<br \/>\n\u2013 Pomp\u0119 smaruj\u0105c\u0105 nale\u017cy zamontowa\u0107 w miejscu, kt\u00f3re nie b\u0119dzie mia\u0142o kontaktu z wod\u0105, olejem, wi\u00f3rami i py\u0142em.<br \/>\n\u2013 Wibracje w miejscu instalacji musz\u0105 wynosi\u0107 9 G (88 m\/s2) lub mniej.<br \/>\n\u2013 W przypadku pod\u0142\u0105czenia elektrycznego jednostki pompy smaruj\u0105cej nale\u017cy podj\u0105\u0107 odpowiednie \u015brodki, aby zapobiec zak\u0142\u00f3ceniom mi\u0119dzy sygna\u0142ami spowodowanym przez indukcyjno\u015b\u0107, pojemno\u015b\u0107 lub sprz\u0119\u017cenie elektromagnetyczne. Chocia\u017c kable s\u0105 umieszczone osobno, nale\u017cy stosowa\u0107 kable przeciwzak\u0142\u00f3ceniowe w miejscach, w kt\u00f3rych pola zak\u0142\u00f3ce\u0144 elektrycznych mog\u0105 zak\u0142\u00f3ca\u0107 transmisj\u0119 sygna\u0142u.<\/p>\n<h2>Instrukcje<\/h2>\n<div class=\"sdm_download_button_box_default\"><div class=\"sdm_download_link\"><a href=\"https:\/\/www.jinpinlub.com\/pl\/?sdm_process_download=1&download_id=3960\" class=\"sdm_download white\" title=\"Prywatne: J100 Electric Grease Pump\" target=\"&quot;_blank&quot;\">Wy\u015bwietl kart\u0119 danych - Pompa smaru J100<\/a><\/div><\/div>","protected":false},"excerpt":{"rendered":"<p>Pompa smaruj\u0105ca J100 jest wysoce wydajna i \u0142atwa w obs\u0142udze. Jest przeznaczona do ma\u0142ych i \u015brednich maszyn. Posiada r\u00f3\u017cne pojemno\u015bci i wiele sposob\u00f3w nape\u0142niania. Mo\u017ce tworzy\u0107 jednoliniowy scentralizowany system smarowania i progresywny system smarowania.<\/p>","protected":false},"featured_media":3978,"template":"","meta":{"ocean_post_layout":"","ocean_both_sidebars_style":"","ocean_both_sidebars_content_width":0,"ocean_both_sidebars_sidebars_width":0,"ocean_sidebar":"0","ocean_second_sidebar":"0","ocean_disable_margins":"enable","ocean_add_body_class":"","ocean_shortcode_before_top_bar":"","ocean_shortcode_after_top_bar":"","ocean_shortcode_before_header":"","ocean_shortcode_after_header":"","ocean_has_shortcode":"","ocean_shortcode_after_title":"","ocean_shortcode_before_footer_widgets":"","ocean_shortcode_after_footer_widgets":"","ocean_shortcode_before_footer_bottom":"","ocean_shortcode_after_footer_bottom":"","ocean_display_top_bar":"default","ocean_display_header":"default","ocean_header_style":"","ocean_center_header_left_menu":"0","ocean_custom_header_template":"0","ocean_custom_logo":0,"ocean_custom_retina_logo":0,"ocean_custom_logo_max_width":0,"ocean_custom_logo_tablet_max_width":0,"ocean_custom_logo_mobile_max_width":0,"ocean_custom_logo_max_height":0,"ocean_custom_logo_tablet_max_height":0,"ocean_custom_logo_mobile_max_height":0,"ocean_header_custom_menu":"0","ocean_menu_typo_font_family":"0","ocean_menu_typo_font_subset":"","ocean_menu_typo_font_size":0,"ocean_menu_typo_font_size_tablet":0,"ocean_menu_typo_font_size_mobile":0,"ocean_menu_typo_font_size_unit":"px","ocean_menu_typo_font_weight":"","ocean_menu_typo_font_weight_tablet":"","ocean_menu_typo_font_weight_mobile":"","ocean_menu_typo_transform":"","ocean_menu_typo_transform_tablet":"","ocean_menu_typo_transform_mobile":"","ocean_menu_typo_line_height":0,"ocean_menu_typo_line_height_tablet":0,"ocean_menu_typo_line_height_mobile":0,"ocean_menu_typo_line_height_unit":"","ocean_menu_typo_spacing":0,"ocean_menu_typo_spacing_tablet":0,"ocean_menu_typo_spacing_mobile":0,"ocean_menu_typo_spacing_unit":"","ocean_menu_link_color":"","ocean_menu_link_color_hover":"","ocean_menu_link_color_active":"","ocean_menu_link_background":"","ocean_menu_link_hover_background":"","ocean_menu_link_active_background":"","ocean_menu_social_links_bg":"","ocean_menu_social_hover_links_bg":"","ocean_menu_social_links_color":"","ocean_menu_social_hover_links_color":"","ocean_disable_title":"default","ocean_disable_heading":"default","ocean_post_title":"","ocean_post_subheading":"","ocean_post_title_style":"","ocean_post_title_background_color":"","ocean_post_title_background":0,"ocean_post_title_bg_image_position":"","ocean_post_title_bg_image_attachment":"","ocean_post_title_bg_image_repeat":"","ocean_post_title_bg_image_size":"","ocean_post_title_height":0,"ocean_post_title_bg_overlay":0.5,"ocean_post_title_bg_overlay_color":"","ocean_disable_breadcrumbs":"default","ocean_breadcrumbs_color":"","ocean_breadcrumbs_separator_color":"","ocean_breadcrumbs_links_color":"","ocean_breadcrumbs_links_hover_color":"","ocean_display_footer_widgets":"default","ocean_display_footer_bottom":"default","ocean_custom_footer_template":"0","osh_disable_topbar_sticky":"default","osh_disable_header_sticky":"default","osh_sticky_header_style":"default","osh_sticky_header_effect":"","osh_custom_sticky_logo":0,"osh_custom_retina_sticky_logo":0,"osh_custom_sticky_logo_height":0,"osh_background_color":"","osh_links_color":"","osh_links_hover_color":"","osh_links_active_color":"","osh_links_bg_color":"","osh_links_hover_bg_color":"","osh_links_active_bg_color":"","osh_menu_social_links_color":"","osh_menu_social_hover_links_color":""},"product_brand":[],"product_cat":[38,37],"product_tag":[372,73,77,373,92],"class_list":{"0":"post-3977","1":"product","2":"type-product","3":"status-publish","4":"has-post-thumbnail","6":"product_cat-electric-pressure-relief-pumps","7":"product_cat-single-line-grease-systems","8":"product_tag-compact-lubrication-pump","9":"product_tag-electric-lubrication-pump","10":"product_tag-grease-lubrication-pump","11":"product_tag-grease-lubricator","12":"product_tag-single-line-lubrication-pump","14":"entry","15":"has-media","17":"first","18":"instock","19":"shipping-taxable","20":"product-type-external","21":"col","22":"span_1_of_3","23":"owp-content-center","24":"owp-thumbs-layout-horizontal","25":"owp-btn-very-big","26":"owp-tabs-layout-horizontal"},"_links":{"self":[{"href":"https:\/\/www.jinpinlub.com\/pl\/wp-json\/wp\/v2\/product\/3977","targetHints":{"allow":["GET"]}}],"collection":[{"href":"https:\/\/www.jinpinlub.com\/pl\/wp-json\/wp\/v2\/product"}],"about":[{"href":"https:\/\/www.jinpinlub.com\/pl\/wp-json\/wp\/v2\/types\/product"}],"wp:featuredmedia":[{"embeddable":true,"href":"https:\/\/www.jinpinlub.com\/pl\/wp-json\/wp\/v2\/media\/3978"}],"wp:attachment":[{"href":"https:\/\/www.jinpinlub.com\/pl\/wp-json\/wp\/v2\/media?parent=3977"}],"wp:term":[{"taxonomy":"product_brand","embeddable":true,"href":"https:\/\/www.jinpinlub.com\/pl\/wp-json\/wp\/v2\/product_brand?post=3977"},{"taxonomy":"product_cat","embeddable":true,"href":"https:\/\/www.jinpinlub.com\/pl\/wp-json\/wp\/v2\/product_cat?post=3977"},{"taxonomy":"product_tag","embeddable":true,"href":"https:\/\/www.jinpinlub.com\/pl\/wp-json\/wp\/v2\/product_tag?post=3977"}],"curies":[{"name":"wp","href":"https:\/\/api.w.org\/{rel}","templated":true}]}}