{"id":3982,"date":"2024-12-12T00:54:08","date_gmt":"2024-12-11T16:54:08","guid":{"rendered":"https:\/\/www.jinpinlub.com\/?post_type=product&#038;p=3982"},"modified":"2024-12-12T01:58:51","modified_gmt":"2024-12-11T17:58:51","slug":"j100-3r-300ml-pompa-smarownicza-z-napedem-elektrycznym","status":"publish","type":"product","link":"https:\/\/www.jinpinlub.com\/pl\/product\/j100-3r-300ml-electrically-driven-grease-lubrication-pump\/","title":{"rendered":"J100-3R 300ml Elektrycznie nap\u0119dzana pompa smaruj\u0105ca"},"content":{"rendered":"<h2>Cechy<\/h2>\n<p>\u2013 Przeznaczenie: Pompa smarownicza J100 do smarowania \u0142o\u017cysk i prowadnic liniowych w ma\u0142ych maszynach, przeznaczona do pracy zar\u00f3wno z olejem, jak i smarem p\u0142ynnym.<br \/>\n\u2013 Wbudowana funkcja redukcji ci\u015bnienia: Funkcja redukcji ci\u015bnienia zintegrowana z pomp\u0105 sprawia, \u017ce pompa smaruj\u0105ca J100 spe\u0142nia wszystkie wymagania stawiane pompom w jednoliniowych uk\u0142adach smarowania.<br \/>\n\u2013 Wymagania dotycz\u0105ce zasilania: Dzia\u0142a na zasilaniu 24 V DC. Sterowanie mo\u017ce by\u0107 zapewnione z programowalnego PLC maszyny.<br \/>\n\u2013 Monitorowanie poziomu: Mo\u017cna u\u017cywa\u0107 z opcjonalnym czujnikiem poziomu w celu monitorowania poziomu oleju w zbiorniku lub wk\u0142adu smarowego.<br \/>\n\u2013 Zgodno\u015b\u0107: Pompa smarownicza J100 jest kompatybilna ze smarami o klasie NLGI 000 i 1#.<br \/>\n\u2013 Konstrukcja wylotu: Pompa smarownicza J100 ma 2 wyloty i mo\u017ce zasila\u0107 dwa przewody smarownicze jednocze\u015bnie.<br \/>\n\u2013 R\u00f3\u017cne pojemno\u015bci: Dost\u0119pne z wymiennymi zbiornikami na \u015brodek smarny o pojemno\u015bci od 0,3 do 1,5 l lub z \u0142atwo wymiennymi standardowymi wk\u0142adami smarnymi o pojemno\u015bci 0,3 i 0,7 l.<\/p>\n<h2>Specyfikacja<\/h2>\n<table>\n<tbody>\n<tr>\n<td>Model<\/td>\n<td>J100-3R<\/td>\n<\/tr>\n<tr>\n<td>Czas smarowania<\/td>\n<td>PLC lub sterownik zewn\u0119trzny<\/td>\n<\/tr>\n<tr>\n<td>Czas interwa\u0142u<\/td>\n<td>PLC lub sterownik zewn\u0119trzny<\/td>\n<\/tr>\n<tr>\n<td>Temperatura pracy<\/td>\n<td>0\u2103~ +50\u00b0C (niskie temperatury wymagaj\u0105 smaru zapobiegaj\u0105cego zamarzaniu)<\/td>\n<\/tr>\n<tr>\n<td>Liczba wyj\u015b\u0107<\/td>\n<td>1 lub 2<\/td>\n<\/tr>\n<tr>\n<td>Pojemno\u015b\u0107 zbiornika<\/td>\n<td>0,3 l, 0,5 l, 0,7 l, 1,5 l<\/td>\n<\/tr>\n<tr>\n<td>Uzupe\u0142nianie<\/td>\n<td>Port nape\u0142niania\/wyjmowany\/wk\u0142ad<\/td>\n<\/tr>\n<tr>\n<td>Smar<\/td>\n<td>NLGI 000#~2#<\/td>\n<\/tr>\n<tr>\n<td>Zaw\u00f3r bezpiecze\u0144stwa<\/td>\n<td>Fakultatywny<\/td>\n<\/tr>\n<tr>\n<td>Wypisa\u0107<\/td>\n<td>15 ml\/min<\/td>\n<\/tr>\n<tr>\n<td>Maksymalne ci\u015bnienie robocze<\/td>\n<td>8,0 MPa<\/td>\n<\/tr>\n<tr>\n<td>Gwint przy\u0142\u0105czeniowy<\/td>\n<td>Wylot \u03a66<\/td>\n<\/tr>\n<tr>\n<td>Napi\u0119cie robocze<\/td>\n<td>24 V pr\u0105du sta\u0142ego<\/td>\n<\/tr>\n<tr>\n<td>Orzecznictwo<\/td>\n<td>CE<\/td>\n<\/tr>\n<tr>\n<td>Prze\u0142\u0105cznik niskiego poziomu<\/td>\n<td>Kontakt NC<\/td>\n<\/tr>\n<\/tbody>\n<\/table>\n<h2>Aplikacja<\/h2>\n<p><span id=\"input-sentence~0\">\u2013 Przemys\u0142 obrabiarkowy: J100 stosuje si\u0119 do smarowania \u0142o\u017cysk i prowadnic liniowych wewn\u0105trz obrabiarek w celu zmniejszenia zu\u017cycia i wyd\u0142u\u017cenia \u017cywotno\u015bci urz\u0105dze\u0144.<br \/>\n\u2013 Linia produkcyjna do pakowania: W maszynach pakuj\u0105cych J100 zapewnia dobre smarowanie \u0142o\u017cysk i ruchomych cz\u0119\u015bci, co zwi\u0119ksza wydajno\u015b\u0107 produkcji.<\/span><span id=\"input-sentence~1\"><br \/>\n\u2013 Sprz\u0119t automatyki: W przypadku konieczno\u015bci precyzyjnej kontroli smarowania pompa smarownicza J100 mo\u017ce zagwarantowa\u0107 niezawodno\u015b\u0107 sprz\u0119tu operacyjnego w linii produkcyjnej automatyki lub w z\u0142\u0105czu robota.<br \/>\n\u2013 \u017bywno\u015b\u0107 i napoje: Niekt\u00f3re urz\u0105dzenia do przetwarzania \u017cywno\u015bci i napoj\u00f3w wymagaj\u0105 specjalnej klasy oleju smarowego lub smaru, do kt\u00f3rego seria J100 mo\u017ce si\u0119 \u0142atwo dostosowa\u0107.<\/span><\/p>\n<h2>Instrukcje<\/h2>\n<div class=\"sdm_download_button_box_default\"><div class=\"sdm_download_link\"><a href=\"https:\/\/www.jinpinlub.com\/pl\/?sdm_process_download=1&download_id=3960\" class=\"sdm_download white\" title=\"Prywatne: J100 Electric Grease Pump\" target=\"&quot;_blank&quot;\">Wy\u015bwietl kart\u0119 danych - Pompa smaru J100<\/a><\/div><\/div>","protected":false},"excerpt":{"rendered":"<p>J100-3R to elektryczna pompa do smarowania \u0142o\u017cysk i prowadnic ma\u0142ych maszyn, z wbudowan\u0105 funkcj\u0105 redukcji ci\u015bnienia, wyposa\u017cona w r\u0119czny wy\u0142\u0105cznik cyklu dodatkowego smarowania i opcjonalny monitoring poziomu, z 2 wyj\u015bciami do jednoczesnej obs\u0142ugi dw\u00f3ch linii smarowniczych.<\/p>","protected":false},"featured_media":3983,"template":"","meta":{"ocean_post_layout":"","ocean_both_sidebars_style":"","ocean_both_sidebars_content_width":0,"ocean_both_sidebars_sidebars_width":0,"ocean_sidebar":"0","ocean_second_sidebar":"0","ocean_disable_margins":"enable","ocean_add_body_class":"","ocean_shortcode_before_top_bar":"","ocean_shortcode_after_top_bar":"","ocean_shortcode_before_header":"","ocean_shortcode_after_header":"","ocean_has_shortcode":"","ocean_shortcode_after_title":"","ocean_shortcode_before_footer_widgets":"","ocean_shortcode_after_footer_widgets":"","ocean_shortcode_before_footer_bottom":"","ocean_shortcode_after_footer_bottom":"","ocean_display_top_bar":"default","ocean_display_header":"default","ocean_header_style":"","ocean_center_header_left_menu":"0","ocean_custom_header_template":"0","ocean_custom_logo":0,"ocean_custom_retina_logo":0,"ocean_custom_logo_max_width":0,"ocean_custom_logo_tablet_max_width":0,"ocean_custom_logo_mobile_max_width":0,"ocean_custom_logo_max_height":0,"ocean_custom_logo_tablet_max_height":0,"ocean_custom_logo_mobile_max_height":0,"ocean_header_custom_menu":"0","ocean_menu_typo_font_family":"0","ocean_menu_typo_font_subset":"","ocean_menu_typo_font_size":0,"ocean_menu_typo_font_size_tablet":0,"ocean_menu_typo_font_size_mobile":0,"ocean_menu_typo_font_size_unit":"px","ocean_menu_typo_font_weight":"","ocean_menu_typo_font_weight_tablet":"","ocean_menu_typo_font_weight_mobile":"","ocean_menu_typo_transform":"","ocean_menu_typo_transform_tablet":"","ocean_menu_typo_transform_mobile":"","ocean_menu_typo_line_height":0,"ocean_menu_typo_line_height_tablet":0,"ocean_menu_typo_line_height_mobile":0,"ocean_menu_typo_line_height_unit":"","ocean_menu_typo_spacing":0,"ocean_menu_typo_spacing_tablet":0,"ocean_menu_typo_spacing_mobile":0,"ocean_menu_typo_spacing_unit":"","ocean_menu_link_color":"","ocean_menu_link_color_hover":"","ocean_menu_link_color_active":"","ocean_menu_link_background":"","ocean_menu_link_hover_background":"","ocean_menu_link_active_background":"","ocean_menu_social_links_bg":"","ocean_menu_social_hover_links_bg":"","ocean_menu_social_links_color":"","ocean_menu_social_hover_links_color":"","ocean_disable_title":"default","ocean_disable_heading":"default","ocean_post_title":"","ocean_post_subheading":"","ocean_post_title_style":"","ocean_post_title_background_color":"","ocean_post_title_background":0,"ocean_post_title_bg_image_position":"","ocean_post_title_bg_image_attachment":"","ocean_post_title_bg_image_repeat":"","ocean_post_title_bg_image_size":"","ocean_post_title_height":0,"ocean_post_title_bg_overlay":0.5,"ocean_post_title_bg_overlay_color":"","ocean_disable_breadcrumbs":"default","ocean_breadcrumbs_color":"","ocean_breadcrumbs_separator_color":"","ocean_breadcrumbs_links_color":"","ocean_breadcrumbs_links_hover_color":"","ocean_display_footer_widgets":"default","ocean_display_footer_bottom":"default","ocean_custom_footer_template":"0","osh_disable_topbar_sticky":"default","osh_disable_header_sticky":"default","osh_sticky_header_style":"default","osh_sticky_header_effect":"","osh_custom_sticky_logo":0,"osh_custom_retina_sticky_logo":0,"osh_custom_sticky_logo_height":0,"osh_background_color":"","osh_links_color":"","osh_links_hover_color":"","osh_links_active_color":"","osh_links_bg_color":"","osh_links_hover_bg_color":"","osh_links_active_bg_color":"","osh_menu_social_links_color":"","osh_menu_social_hover_links_color":""},"product_brand":[],"product_cat":[42,41],"product_tag":[190,185,73,374,375],"class_list":{"0":"post-3982","1":"product","2":"type-product","3":"status-publish","4":"has-post-thumbnail","6":"product_cat-electric-progressive-pumps","7":"product_cat-progressive-grease-systems","8":"product_tag-bearing-lubrication-pump","9":"product_tag-electric-grease-pump","10":"product_tag-electric-lubrication-pump","11":"product_tag-guideway-lubrication-pump","12":"product_tag-lubrication-pump-unit","14":"entry","15":"has-media","17":"first","18":"instock","19":"shipping-taxable","20":"product-type-external","21":"col","22":"span_1_of_3","23":"owp-content-center","24":"owp-thumbs-layout-horizontal","25":"owp-btn-very-big","26":"owp-tabs-layout-horizontal"},"_links":{"self":[{"href":"https:\/\/www.jinpinlub.com\/pl\/wp-json\/wp\/v2\/product\/3982","targetHints":{"allow":["GET"]}}],"collection":[{"href":"https:\/\/www.jinpinlub.com\/pl\/wp-json\/wp\/v2\/product"}],"about":[{"href":"https:\/\/www.jinpinlub.com\/pl\/wp-json\/wp\/v2\/types\/product"}],"wp:featuredmedia":[{"embeddable":true,"href":"https:\/\/www.jinpinlub.com\/pl\/wp-json\/wp\/v2\/media\/3983"}],"wp:attachment":[{"href":"https:\/\/www.jinpinlub.com\/pl\/wp-json\/wp\/v2\/media?parent=3982"}],"wp:term":[{"taxonomy":"product_brand","embeddable":true,"href":"https:\/\/www.jinpinlub.com\/pl\/wp-json\/wp\/v2\/product_brand?post=3982"},{"taxonomy":"product_cat","embeddable":true,"href":"https:\/\/www.jinpinlub.com\/pl\/wp-json\/wp\/v2\/product_cat?post=3982"},{"taxonomy":"product_tag","embeddable":true,"href":"https:\/\/www.jinpinlub.com\/pl\/wp-json\/wp\/v2\/product_tag?post=3982"}],"curies":[{"name":"wp","href":"https:\/\/api.w.org\/{rel}","templated":true}]}}