{"id":3992,"date":"2024-12-12T03:47:40","date_gmt":"2024-12-11T19:47:40","guid":{"rendered":"https:\/\/www.jinpinlub.com\/?post_type=product&#038;p=3992"},"modified":"2024-12-12T04:01:46","modified_gmt":"2024-12-11T20:01:46","slug":"j100-7c-automatyczne-pompy-smarownicze-cnc-progresywne","status":"publish","type":"product","link":"https:\/\/www.jinpinlub.com\/pl\/product\/j100-7c-automatic-cnc-progressive-graese-lubrication-pumps\/","title":{"rendered":"Pompy smarownicze automatyczne CNC J100-7C Progressive"},"content":{"rendered":"<h2>Cechy<\/h2>\n<p>\u2013 Wysoka dok\u0142adno\u015b\u0107 dozowania, pompa smarownicza J100 mo\u017ce mierzy\u0107 ilo\u015b\u0107 smaru p\u0142ynnego do 15 ml\/min, co pozwala dok\u0142adnie kontrolowa\u0107 wydajno\u015b\u0107 smarowania i zapewnia stabilny i niezawodny efekt smarowania.<br \/>\n\u2013 Ci\u015bnienie robocze pompy smarowniczej J100 mo\u017ce osi\u0105gn\u0105\u0107 maksymalnie 80 bar\u00f3w, co spe\u0142nia wymagania ci\u015bnieniowe wi\u0119kszo\u015bci uk\u0142ad\u00f3w smarowania i gwarantuje skuteczne dostarczanie \u015brodka smarnego do punktu smarowania.<br \/>\n\u2013 J100 posiada funkcj\u0119 monitorowania poziomu cieczy i wczesnego ostrzegania, kt\u00f3ra mo\u017ce monitorowa\u0107 poziom oleju w zbiorniku lub w kartrid\u017cu w czasie rzeczywistym, generowa\u0107 wczesne ostrze\u017cenie i zapobiega\u0107 awariom sprz\u0119tu spowodowanym niewystarczaj\u0105c\u0105 ilo\u015bci\u0105 \u015brodka smarnego.<br \/>\n\u2013 J100 wykorzystuje napi\u0119cie robocze 24 V DC o niskim zu\u017cyciu energii, co spe\u0142nia wymagania nowoczesnego sprz\u0119tu w zakresie oszcz\u0119dzania energii, obni\u017ca koszty eksploatacji i zmniejsza wp\u0142yw na sie\u0107 energetyczn\u0105, zapewniaj\u0105c stabilne zasilanie systemu.<br \/>\n\u2013 Wiele metod instalacji, pompa J100 zapewnia maksymaln\u0105 elastyczno\u015b\u0107 instalacji dzi\u0119ki p\u0142ycie monta\u017cowej z 4 opcjonalnymi otworami monta\u017cowymi.<br \/>\n\u2013 \u0141atwa obs\u0142uga, r\u0119czny przycisk smarowania s\u0142u\u017cy do uruchamiania lub opr\u00f3\u017cniania uk\u0142adu smarowania, a \u015bruba wydechowa sprawia, \u017ce proces opr\u00f3\u017cniania po uruchomieniu uk\u0142adu lub wymianie wk\u0142adu jest prosty i \u0142atwy, \u0142atwy w obs\u0142udze dla personelu konserwacyjnego i debugowania sprz\u0119tu.<\/p>\n<h2>Specyfikacja<\/h2>\n<table>\n<tbody>\n<tr>\n<td>Model<\/td>\n<td>J100-7C<\/td>\n<\/tr>\n<tr>\n<td>Czas smarowania<\/td>\n<td>PLC lub sterownik zewn\u0119trzny<\/td>\n<\/tr>\n<tr>\n<td>Czas interwa\u0142u<\/td>\n<td>PLC lub sterownik zewn\u0119trzny<\/td>\n<\/tr>\n<tr>\n<td>Temperatura pracy<\/td>\n<td>0\u2103~ +50\u00b0C (niskie temperatury wymagaj\u0105 smaru zapobiegaj\u0105cego zamarzaniu)<\/td>\n<\/tr>\n<tr>\n<td>Liczba wyj\u015b\u0107<\/td>\n<td>1 lub 2<\/td>\n<\/tr>\n<tr>\n<td>Pojemno\u015b\u0107 zbiornika<\/td>\n<td>0,3 l, 0,5 l, 0,7 l, 1,5 l<\/td>\n<\/tr>\n<tr>\n<td>Uzupe\u0142nianie<\/td>\n<td>Port nape\u0142niania\/wyjmowany\/wk\u0142ad<\/td>\n<\/tr>\n<tr>\n<td>Smar<\/td>\n<td>NLGI 000#~2#<\/td>\n<\/tr>\n<tr>\n<td>Zaw\u00f3r bezpiecze\u0144stwa<\/td>\n<td>Fakultatywny<\/td>\n<\/tr>\n<tr>\n<td>Wypisa\u0107<\/td>\n<td>15 ml\/min<\/td>\n<\/tr>\n<tr>\n<td>Maksymalne ci\u015bnienie robocze<\/td>\n<td>8,0 MPa<\/td>\n<\/tr>\n<tr>\n<td>Gwint przy\u0142\u0105czeniowy<\/td>\n<td>Wylot \u03a66<\/td>\n<\/tr>\n<tr>\n<td>Napi\u0119cie robocze<\/td>\n<td>24 V pr\u0105du sta\u0142ego<\/td>\n<\/tr>\n<tr>\n<td>Orzecznictwo<\/td>\n<td>CE<\/td>\n<\/tr>\n<tr>\n<td>Prze\u0142\u0105cznik niskiego poziomu<\/td>\n<td>Kontakt NC<\/td>\n<\/tr>\n<\/tbody>\n<\/table>\n<h2>\u015arodki ostro\u017cno\u015bci<\/h2>\n<p>\u2013 Wyj\u0119cie nieu\u017cywanego wk\u0142adu smarowego i pod\u0142\u0105czenie go do pompy smaruj\u0105cej mo\u017ce spowodowa\u0107 awari\u0119 z powodu resztkowego powietrza w wk\u0142adzie. Przed wymian\u0105 upewnij si\u0119, \u017ce smar zosta\u0142 ca\u0142kowicie zu\u017cyty.<br \/>\n\u2013 Nie w\u0142\u0105czaj zasilania, gdy wyj\u0119ty jest pusty wk\u0142ad, w przeciwnym razie pompa smaruj\u0105ca J100 zassie powietrze lub cia\u0142a obce, co mo\u017ce spowodowa\u0107 jej nieprawid\u0142owe dzia\u0142anie.<br \/>\n\u2013 Podczas wymiany wk\u0142adu nie nale\u017cy przeciera\u0107 okolic wlotu pompy smaruj\u0105cej brudn\u0105 szmatk\u0105, poniewa\u017c mo\u017ce to spowodowa\u0107 zassanie cia\u0142 obcych przez pomp\u0119 smaruj\u0105c\u0105 i jej nieprawid\u0142owe dzia\u0142anie.<br \/>\n\u2013 Obs\u0142ugiwane s\u0105 tylko standardowe wk\u0142ady. U\u017cycie innego smaru mo\u017ce spowodowa\u0107 awari\u0119 systemu.<br \/>\n\u2013 Nigdy nie wstrzykiwa\u0107 smaru do zu\u017cytego, pustego wk\u0142adu i nie u\u017cywa\u0107 go ponownie, poniewa\u017c mo\u017ce to spowodowa\u0107 p\u0119kni\u0119cie wk\u0142adu lub awari\u0119 pompy smaruj\u0105cej z powodu przedostania si\u0119 powietrza lub cia\u0142 obcych.<\/p>\n<h2>Instrukcje<\/h2>\n<div class=\"sdm_download_button_box_default\"><div class=\"sdm_download_link\"><a href=\"https:\/\/www.jinpinlub.com\/pl\/?sdm_process_download=1&download_id=3960\" class=\"sdm_download white\" title=\"Prywatne: J100 Electric Grease Pump\" target=\"&quot;_blank&quot;\">Wy\u015bwietl kart\u0119 danych - Pompa smaru J100<\/a><\/div><\/div>","protected":false},"excerpt":{"rendered":"<p>J100 dzia\u0142a przy 24 V, 80 barach i szerokim zakresie temperatur. Posiada funkcje takie jak monitorowanie poziomu i r\u0119czne smarowanie, aby zmniejszy\u0107 przestoje. Posiada r\u00f3\u017cnorodne specyfikacje zbiornik\u00f3w i metody pod\u0142\u0105czania, elastyczn\u0105 instalacj\u0119 i jest szeroko stosowany w wielu dziedzinach.<\/p>","protected":false},"featured_media":3993,"template":"","meta":{"ocean_post_layout":"","ocean_both_sidebars_style":"","ocean_both_sidebars_content_width":0,"ocean_both_sidebars_sidebars_width":0,"ocean_sidebar":"0","ocean_second_sidebar":"0","ocean_disable_margins":"enable","ocean_add_body_class":"","ocean_shortcode_before_top_bar":"","ocean_shortcode_after_top_bar":"","ocean_shortcode_before_header":"","ocean_shortcode_after_header":"","ocean_has_shortcode":"","ocean_shortcode_after_title":"","ocean_shortcode_before_footer_widgets":"","ocean_shortcode_after_footer_widgets":"","ocean_shortcode_before_footer_bottom":"","ocean_shortcode_after_footer_bottom":"","ocean_display_top_bar":"default","ocean_display_header":"default","ocean_header_style":"","ocean_center_header_left_menu":"0","ocean_custom_header_template":"0","ocean_custom_logo":0,"ocean_custom_retina_logo":0,"ocean_custom_logo_max_width":0,"ocean_custom_logo_tablet_max_width":0,"ocean_custom_logo_mobile_max_width":0,"ocean_custom_logo_max_height":0,"ocean_custom_logo_tablet_max_height":0,"ocean_custom_logo_mobile_max_height":0,"ocean_header_custom_menu":"0","ocean_menu_typo_font_family":"0","ocean_menu_typo_font_subset":"","ocean_menu_typo_font_size":0,"ocean_menu_typo_font_size_tablet":0,"ocean_menu_typo_font_size_mobile":0,"ocean_menu_typo_font_size_unit":"px","ocean_menu_typo_font_weight":"","ocean_menu_typo_font_weight_tablet":"","ocean_menu_typo_font_weight_mobile":"","ocean_menu_typo_transform":"","ocean_menu_typo_transform_tablet":"","ocean_menu_typo_transform_mobile":"","ocean_menu_typo_line_height":0,"ocean_menu_typo_line_height_tablet":0,"ocean_menu_typo_line_height_mobile":0,"ocean_menu_typo_line_height_unit":"","ocean_menu_typo_spacing":0,"ocean_menu_typo_spacing_tablet":0,"ocean_menu_typo_spacing_mobile":0,"ocean_menu_typo_spacing_unit":"","ocean_menu_link_color":"","ocean_menu_link_color_hover":"","ocean_menu_link_color_active":"","ocean_menu_link_background":"","ocean_menu_link_hover_background":"","ocean_menu_link_active_background":"","ocean_menu_social_links_bg":"","ocean_menu_social_hover_links_bg":"","ocean_menu_social_links_color":"","ocean_menu_social_hover_links_color":"","ocean_disable_title":"default","ocean_disable_heading":"default","ocean_post_title":"","ocean_post_subheading":"","ocean_post_title_style":"","ocean_post_title_background_color":"","ocean_post_title_background":0,"ocean_post_title_bg_image_position":"","ocean_post_title_bg_image_attachment":"","ocean_post_title_bg_image_repeat":"","ocean_post_title_bg_image_size":"","ocean_post_title_height":0,"ocean_post_title_bg_overlay":0.5,"ocean_post_title_bg_overlay_color":"","ocean_disable_breadcrumbs":"default","ocean_breadcrumbs_color":"","ocean_breadcrumbs_separator_color":"","ocean_breadcrumbs_links_color":"","ocean_breadcrumbs_links_hover_color":"","ocean_display_footer_widgets":"default","ocean_display_footer_bottom":"default","ocean_custom_footer_template":"0","osh_disable_topbar_sticky":"default","osh_disable_header_sticky":"default","osh_sticky_header_style":"default","osh_sticky_header_effect":"","osh_custom_sticky_logo":0,"osh_custom_retina_sticky_logo":0,"osh_custom_sticky_logo_height":0,"osh_background_color":"","osh_links_color":"","osh_links_hover_color":"","osh_links_active_color":"","osh_links_bg_color":"","osh_links_hover_bg_color":"","osh_links_active_bg_color":"","osh_menu_social_links_color":"","osh_menu_social_hover_links_color":""},"product_brand":[],"product_cat":[42,41],"product_tag":[321,112,76,196,221],"class_list":{"0":"post-3992","1":"product","2":"type-product","3":"status-publish","4":"has-post-thumbnail","6":"product_cat-electric-progressive-pumps","7":"product_cat-progressive-grease-systems","8":"product_tag-automatic-lubrication-system","9":"product_tag-centralized-lubrication-system","10":"product_tag-electric-lubrication-system","11":"product_tag-grease-lubrication-system","12":"product_tag-progressive-lubrication-system","14":"entry","15":"has-media","17":"first","18":"instock","19":"shipping-taxable","20":"product-type-external","21":"col","22":"span_1_of_3","23":"owp-content-center","24":"owp-thumbs-layout-horizontal","25":"owp-btn-very-big","26":"owp-tabs-layout-horizontal"},"_links":{"self":[{"href":"https:\/\/www.jinpinlub.com\/pl\/wp-json\/wp\/v2\/product\/3992","targetHints":{"allow":["GET"]}}],"collection":[{"href":"https:\/\/www.jinpinlub.com\/pl\/wp-json\/wp\/v2\/product"}],"about":[{"href":"https:\/\/www.jinpinlub.com\/pl\/wp-json\/wp\/v2\/types\/product"}],"wp:featuredmedia":[{"embeddable":true,"href":"https:\/\/www.jinpinlub.com\/pl\/wp-json\/wp\/v2\/media\/3993"}],"wp:attachment":[{"href":"https:\/\/www.jinpinlub.com\/pl\/wp-json\/wp\/v2\/media?parent=3992"}],"wp:term":[{"taxonomy":"product_brand","embeddable":true,"href":"https:\/\/www.jinpinlub.com\/pl\/wp-json\/wp\/v2\/product_brand?post=3992"},{"taxonomy":"product_cat","embeddable":true,"href":"https:\/\/www.jinpinlub.com\/pl\/wp-json\/wp\/v2\/product_cat?post=3992"},{"taxonomy":"product_tag","embeddable":true,"href":"https:\/\/www.jinpinlub.com\/pl\/wp-json\/wp\/v2\/product_tag?post=3992"}],"curies":[{"name":"wp","href":"https:\/\/api.w.org\/{rel}","templated":true}]}}