{"id":3997,"date":"2024-12-12T04:17:42","date_gmt":"2024-12-11T20:17:42","guid":{"rendered":"https:\/\/www.jinpinlub.com\/?post_type=product&#038;p=3997"},"modified":"2024-12-12T04:29:59","modified_gmt":"2024-12-11T20:29:59","slug":"j100-24vdc-elektryczna-pompa-tlokowa-smarujaca-tlokowa","status":"publish","type":"product","link":"https:\/\/www.jinpinlub.com\/pl\/product\/j100-24vdc-electric-lubrication-greasing-plunger-piston-pump\/","title":{"rendered":"J100 24VDC Elektryczna pompa smaruj\u0105ca t\u0142okowa t\u0142okowa"},"content":{"rendered":"<h2>Cechy<\/h2>\n<p>\u2013 Kompaktowa konstrukcja: Pompa smarownicza J100 ma niewielkie rozmiary i nadaje si\u0119 do monta\u017cu w miejscach o ograniczonej przestrzeni.<br \/>\n\u2013 Adaptacja do temperatury: mo\u017ce pracowa\u0107 stabilnie w zakresie temperatur od 0 do 50\u00b0C, dostosowuj\u0105c si\u0119 do r\u00f3\u017cnych warunk\u00f3w \u015brodowiskowych w pomieszczeniu.<br \/>\n\u2013 Konfiguracja z dwoma wyj\u015bciami: J100 ma dwa wyj\u015bcia, kt\u00f3re mog\u0105 zapewnia\u0107 smarowanie dw\u00f3ch g\u0142\u00f3wnych linii uk\u0142adu smarowania w tym samym czasie, zwi\u0119kszaj\u0105c wydajno\u015b\u0107 uk\u0142adu.<br \/>\n\u2013 Monitorowanie poziomu cieczy i wczesne ostrzeganie: Pompa smaruj\u0105ca J100 ma wbudowan\u0105 funkcj\u0119 monitorowania poziomu cieczy, kt\u00f3ra mo\u017ce zapewni\u0107 wczesne ostrze\u017cenie, gdy poziom \u015brodka smaruj\u0105cego w zbiorniku i kartrid\u017cu jest niski.<br \/>\n\u2013 Elastyczno\u015b\u0107 instalacji: Pompa smarownicza J100 oferuje wiele opcji monta\u017cu, w tym standardowe wsporniki i wiele otwor\u00f3w monta\u017cowych, aby spe\u0142ni\u0107 r\u00f3\u017cne wymagania instalacyjne.<br \/>\n\u2013 \u0141atwa konserwacja: Zbiornik pompy smaruj\u0105cej jest dost\u0119pny w r\u00f3\u017cnych pojemno\u015bciach, a dzi\u0119ki \u0142atwo dost\u0119pnej \u015brubie odpowietrzaj\u0105cej instalacja, obs\u0142uga i konserwacja s\u0105 proste.<\/p>\n<h2>Specyfikacja<\/h2>\n<table>\n<tbody>\n<tr>\n<td>Model<\/td>\n<td>J100-3R<\/td>\n<\/tr>\n<tr>\n<td>Czas smarowania<\/td>\n<td>PLC lub sterownik zewn\u0119trzny<\/td>\n<\/tr>\n<tr>\n<td>Czas interwa\u0142u<\/td>\n<td>PLC lub sterownik zewn\u0119trzny<\/td>\n<\/tr>\n<tr>\n<td>Temperatura pracy<\/td>\n<td>0\u2103~ +50\u00b0C (niskie temperatury wymagaj\u0105 smaru zapobiegaj\u0105cego zamarzaniu)<\/td>\n<\/tr>\n<tr>\n<td>Liczba wyj\u015b\u0107<\/td>\n<td>1 lub 2<\/td>\n<\/tr>\n<tr>\n<td>Pojemno\u015b\u0107 zbiornika<\/td>\n<td>0,3 l, 0,5 l, 0,7 l, 1,5 l<\/td>\n<\/tr>\n<tr>\n<td>Uzupe\u0142nianie<\/td>\n<td>Port nape\u0142niania\/wyjmowany\/wk\u0142ad<\/td>\n<\/tr>\n<tr>\n<td>Smar<\/td>\n<td>NLGI 000#~2#<\/td>\n<\/tr>\n<tr>\n<td>Zaw\u00f3r bezpiecze\u0144stwa<\/td>\n<td>Fakultatywny<\/td>\n<\/tr>\n<tr>\n<td>Wypisa\u0107<\/td>\n<td>15 ml\/min<\/td>\n<\/tr>\n<tr>\n<td>Maksymalne ci\u015bnienie robocze<\/td>\n<td>8,0 MPa<\/td>\n<\/tr>\n<tr>\n<td>Gwint przy\u0142\u0105czeniowy<\/td>\n<td>Wylot \u03a66<\/td>\n<\/tr>\n<tr>\n<td>Napi\u0119cie robocze<\/td>\n<td>24 V pr\u0105du sta\u0142ego<\/td>\n<\/tr>\n<tr>\n<td>Orzecznictwo<\/td>\n<td>CE<\/td>\n<\/tr>\n<tr>\n<td>Prze\u0142\u0105cznik niskiego poziomu<\/td>\n<td>Kontakt NC<\/td>\n<\/tr>\n<\/tbody>\n<\/table>\n<h2>\u015arodki ostro\u017cno\u015bci<\/h2>\n<p>Maszyna do formowania wtryskowego: Pompa smaruj\u0105ca J100 s\u0142u\u017cy do smarowania \u0142o\u017cysk i prowadnic liniowych maszyn do formowania wtryskowego, co zwi\u0119ksza wydajno\u015b\u0107 pracy maszyny i wyd\u0142u\u017ca \u017cywotno\u015b\u0107 podzespo\u0142\u00f3w.<br \/>\nUk\u0142ad podnoszenia i wci\u0105gania: zapewnia smarowanie przek\u0142adni, k\u00f3\u0142 pasowych i innych ruchomych cz\u0119\u015bci w uk\u0142adach podnoszenia i wci\u0105gania, aby zagwarantowa\u0107 bezpieczn\u0105 prac\u0119 i wyd\u0142u\u017cy\u0107 \u017cywotno\u015b\u0107 sprz\u0119tu.<br \/>\nObs\u0142uga materia\u0142\u00f3w: W urz\u0105dzeniach do obs\u0142ugi materia\u0142\u00f3w, takich jak przeno\u015bniki ta\u015bmowe i w\u00f3zki wid\u0142owe, pompa smarownicza J100 zapewnia smarowanie \u0142o\u017cysk i po\u0142\u0105cze\u0144, zwi\u0119kszaj\u0105c wydajno\u015b\u0107 pracy i bezpiecze\u0144stwo.<br \/>\nObrabiarki: W r\u00f3\u017cnych obrabiarkach pompa smarownicza J100 zapewnia smarowanie kluczowych podzespo\u0142\u00f3w, takich jak prowadnice, \u0142o\u017cyska i ko\u0142a z\u0119bate, zmniejszaj\u0105c zu\u017cycie i zwi\u0119kszaj\u0105c dok\u0142adno\u015b\u0107 obr\u00f3bki oraz wydajno\u015b\u0107 produkcji.<\/p>\n<h2>Instrukcje<\/h2>\n<div class=\"sdm_download_button_box_default\"><div class=\"sdm_download_link\"><a href=\"https:\/\/www.jinpinlub.com\/pl\/?sdm_process_download=1&download_id=3960\" class=\"sdm_download white\" title=\"Prywatne: J100 Electric Grease Pump\" target=\"&quot;_blank&quot;\">Wy\u015bwietl kart\u0119 danych - Pompa smaru J100<\/a><\/div><\/div>","protected":false},"excerpt":{"rendered":"<p>J100 to wydajna i niezawodna kompaktowa pompa z nap\u0119dem elektrycznym przeznaczona do system\u00f3w smarowania jednoliniowego. Ma napi\u0119cie robocze 24 V DC i konfiguracj\u0119 z dwoma wyj\u015bciami, co umo\u017cliwia obs\u0142ug\u0119 dw\u00f3ch linii smarowania jednocze\u015bnie, wyd\u0142u\u017caj\u0105c okresy mi\u0119dzy przegl\u0105dami.<\/p>","protected":false},"featured_media":3998,"template":"","meta":{"ocean_post_layout":"","ocean_both_sidebars_style":"","ocean_both_sidebars_content_width":0,"ocean_both_sidebars_sidebars_width":0,"ocean_sidebar":"0","ocean_second_sidebar":"0","ocean_disable_margins":"enable","ocean_add_body_class":"","ocean_shortcode_before_top_bar":"","ocean_shortcode_after_top_bar":"","ocean_shortcode_before_header":"","ocean_shortcode_after_header":"","ocean_has_shortcode":"","ocean_shortcode_after_title":"","ocean_shortcode_before_footer_widgets":"","ocean_shortcode_after_footer_widgets":"","ocean_shortcode_before_footer_bottom":"","ocean_shortcode_after_footer_bottom":"","ocean_display_top_bar":"default","ocean_display_header":"default","ocean_header_style":"","ocean_center_header_left_menu":"0","ocean_custom_header_template":"0","ocean_custom_logo":0,"ocean_custom_retina_logo":0,"ocean_custom_logo_max_width":0,"ocean_custom_logo_tablet_max_width":0,"ocean_custom_logo_mobile_max_width":0,"ocean_custom_logo_max_height":0,"ocean_custom_logo_tablet_max_height":0,"ocean_custom_logo_mobile_max_height":0,"ocean_header_custom_menu":"0","ocean_menu_typo_font_family":"0","ocean_menu_typo_font_subset":"","ocean_menu_typo_font_size":0,"ocean_menu_typo_font_size_tablet":0,"ocean_menu_typo_font_size_mobile":0,"ocean_menu_typo_font_size_unit":"px","ocean_menu_typo_font_weight":"","ocean_menu_typo_font_weight_tablet":"","ocean_menu_typo_font_weight_mobile":"","ocean_menu_typo_transform":"","ocean_menu_typo_transform_tablet":"","ocean_menu_typo_transform_mobile":"","ocean_menu_typo_line_height":0,"ocean_menu_typo_line_height_tablet":0,"ocean_menu_typo_line_height_mobile":0,"ocean_menu_typo_line_height_unit":"","ocean_menu_typo_spacing":0,"ocean_menu_typo_spacing_tablet":0,"ocean_menu_typo_spacing_mobile":0,"ocean_menu_typo_spacing_unit":"","ocean_menu_link_color":"","ocean_menu_link_color_hover":"","ocean_menu_link_color_active":"","ocean_menu_link_background":"","ocean_menu_link_hover_background":"","ocean_menu_link_active_background":"","ocean_menu_social_links_bg":"","ocean_menu_social_hover_links_bg":"","ocean_menu_social_links_color":"","ocean_menu_social_hover_links_color":"","ocean_disable_title":"default","ocean_disable_heading":"default","ocean_post_title":"","ocean_post_subheading":"","ocean_post_title_style":"","ocean_post_title_background_color":"","ocean_post_title_background":0,"ocean_post_title_bg_image_position":"","ocean_post_title_bg_image_attachment":"","ocean_post_title_bg_image_repeat":"","ocean_post_title_bg_image_size":"","ocean_post_title_height":0,"ocean_post_title_bg_overlay":0.5,"ocean_post_title_bg_overlay_color":"","ocean_disable_breadcrumbs":"default","ocean_breadcrumbs_color":"","ocean_breadcrumbs_separator_color":"","ocean_breadcrumbs_links_color":"","ocean_breadcrumbs_links_hover_color":"","ocean_display_footer_widgets":"default","ocean_display_footer_bottom":"default","ocean_custom_footer_template":"0","osh_disable_topbar_sticky":"default","osh_disable_header_sticky":"default","osh_sticky_header_style":"default","osh_sticky_header_effect":"","osh_custom_sticky_logo":0,"osh_custom_retina_sticky_logo":0,"osh_custom_sticky_logo_height":0,"osh_background_color":"","osh_links_color":"","osh_links_hover_color":"","osh_links_active_color":"","osh_links_bg_color":"","osh_links_hover_bg_color":"","osh_links_active_bg_color":"","osh_menu_social_links_color":"","osh_menu_social_hover_links_color":""},"product_brand":[],"product_cat":[38,37],"product_tag":[185,76,93,320,92],"class_list":{"0":"post-3997","1":"product","2":"type-product","3":"status-publish","4":"has-post-thumbnail","6":"product_cat-electric-pressure-relief-pumps","7":"product_cat-single-line-grease-systems","8":"product_tag-electric-grease-pump","9":"product_tag-electric-lubrication-system","10":"product_tag-pressure-relief-lubrication-pump","11":"product_tag-single-line-grease-pump","12":"product_tag-single-line-lubrication-pump","14":"entry","15":"has-media","17":"first","18":"instock","19":"shipping-taxable","20":"product-type-external","21":"col","22":"span_1_of_3","23":"owp-content-center","24":"owp-thumbs-layout-horizontal","25":"owp-btn-very-big","26":"owp-tabs-layout-horizontal"},"_links":{"self":[{"href":"https:\/\/www.jinpinlub.com\/pl\/wp-json\/wp\/v2\/product\/3997","targetHints":{"allow":["GET"]}}],"collection":[{"href":"https:\/\/www.jinpinlub.com\/pl\/wp-json\/wp\/v2\/product"}],"about":[{"href":"https:\/\/www.jinpinlub.com\/pl\/wp-json\/wp\/v2\/types\/product"}],"wp:featuredmedia":[{"embeddable":true,"href":"https:\/\/www.jinpinlub.com\/pl\/wp-json\/wp\/v2\/media\/3998"}],"wp:attachment":[{"href":"https:\/\/www.jinpinlub.com\/pl\/wp-json\/wp\/v2\/media?parent=3997"}],"wp:term":[{"taxonomy":"product_brand","embeddable":true,"href":"https:\/\/www.jinpinlub.com\/pl\/wp-json\/wp\/v2\/product_brand?post=3997"},{"taxonomy":"product_cat","embeddable":true,"href":"https:\/\/www.jinpinlub.com\/pl\/wp-json\/wp\/v2\/product_cat?post=3997"},{"taxonomy":"product_tag","embeddable":true,"href":"https:\/\/www.jinpinlub.com\/pl\/wp-json\/wp\/v2\/product_tag?post=3997"}],"curies":[{"name":"wp","href":"https:\/\/api.w.org\/{rel}","templated":true}]}}