{"id":4002,"date":"2024-12-12T04:49:31","date_gmt":"2024-12-11T20:49:31","guid":{"rendered":"https:\/\/www.jinpinlub.com\/?post_type=product&#038;p=4002"},"modified":"2024-12-12T05:10:59","modified_gmt":"2024-12-11T21:10:59","slug":"j100-elektryczny-system-smarowania-smarem-z-wylacznikiem-poziomu","status":"publish","type":"product","link":"https:\/\/www.jinpinlub.com\/pl\/product\/j100-electric-grease-lubrication-system-with-level-switch\/","title":{"rendered":"J100 Elektryczny system smarowania smarem z wy\u0142\u0105cznikiem poziomu"},"content":{"rendered":"<h2>Cechy<\/h2>\n<p>\u2013 Kompaktowa konstrukcja: Zar\u00f3wno pompy smarownicze kartrid\u017cowe, jak i zbiornikowe s\u0105 zaprojektowane z kompaktow\u0105 konstrukcj\u0105 i s\u0105 \u0142atwe w instalacji. Nadaj\u0105 si\u0119 do system\u00f3w z ograniczon\u0105 przestrzeni\u0105 instalacyjn\u0105 i mog\u0105 zbudowa\u0107 jednoliniowy system smarowania z mniejsz\u0105 ilo\u015bci\u0105 prac instalacyjnych.<br \/>\n\u2013 Wygodna wymiana wk\u0142ad\u00f3w: Konstrukcja wk\u0142adu pompy smaruj\u0105cej pozwala na szybk\u0105 i \u0142atw\u0105 wymian\u0119 wk\u0142adu smaruj\u0105cego, co pozwala spe\u0142ni\u0107 potrzeby klient\u00f3w i u\u0142atwia u\u017cytkownikom dostosowanie \u015brodka smaruj\u0105cego do rzeczywistych warunk\u00f3w.<br \/>\n\u2013 Stabilny tryb nap\u0119du: Pompa smaruj\u0105ca J100 wykorzystuje silnik elektryczny do nap\u0119dzania t\u0142oka t\u0142ocz\u0105cego przez krzywk\u0119 mimo\u015brodow\u0105, co zapewnia stabiln\u0105 transmisj\u0119 mocy i umo\u017cliwia ci\u0105g\u0142e i efektywne dostarczanie \u015brodka smaruj\u0105cego do wylotu.<br \/>\n\u2013 Ochrona regulacji ci\u015bnienia: Zaw\u00f3r bezpiecze\u0144stwa uwalnia ci\u015bnienie uk\u0142adu zgromadzone w cyklu smarowania po wy\u0142\u0105czeniu silnika pompy, co jest niezb\u0119dne do normalnej pracy urz\u0105dzenia dozuj\u0105cego jednoprzewodowego. Jednocze\u015bnie zaw\u00f3r ograniczaj\u0105cy ci\u015bnienie mo\u017ce ograniczy\u0107 maksymalne ci\u015bnienie centralnego uk\u0142adu smarowania do 80 bar\u00f3w, aby zapewni\u0107 bezpieczn\u0105 prac\u0119 uk\u0142adu.<\/p>\n<h2>Specyfikacja<\/h2>\n<table>\n<tbody>\n<tr>\n<td>Model<\/td>\n<td>J100-5D<\/td>\n<\/tr>\n<tr>\n<td>Czas smarowania<\/td>\n<td>PLC lub sterownik zewn\u0119trzny<\/td>\n<\/tr>\n<tr>\n<td>Czas interwa\u0142u<\/td>\n<td>PLC lub sterownik zewn\u0119trzny<\/td>\n<\/tr>\n<tr>\n<td>Temperatura pracy<\/td>\n<td>0\u2103~ +50\u00b0C (niskie temperatury wymagaj\u0105 smaru zapobiegaj\u0105cego zamarzaniu)<\/td>\n<\/tr>\n<tr>\n<td>Liczba wyj\u015b\u0107<\/td>\n<td>1 lub 2<\/td>\n<\/tr>\n<tr>\n<td>Pojemno\u015b\u0107 zbiornika<\/td>\n<td>0,3 l, 0,5 l, 0,7 l, 1,5 l<\/td>\n<\/tr>\n<tr>\n<td>Uzupe\u0142nianie<\/td>\n<td>Port nape\u0142niania\/wyjmowany\/wk\u0142ad<\/td>\n<\/tr>\n<tr>\n<td>Smar<\/td>\n<td>NLGI 000#~2#<\/td>\n<\/tr>\n<tr>\n<td>Zaw\u00f3r bezpiecze\u0144stwa<\/td>\n<td>Fakultatywny<\/td>\n<\/tr>\n<tr>\n<td>Wypisa\u0107<\/td>\n<td>15 ml\/min<\/td>\n<\/tr>\n<tr>\n<td>Maksymalne ci\u015bnienie robocze<\/td>\n<td>8,0 MPa<\/td>\n<\/tr>\n<tr>\n<td>Gwint przy\u0142\u0105czeniowy<\/td>\n<td>Wylot \u03a66<\/td>\n<\/tr>\n<tr>\n<td>Napi\u0119cie robocze<\/td>\n<td>24 V pr\u0105du sta\u0142ego<\/td>\n<\/tr>\n<tr>\n<td>Orzecznictwo<\/td>\n<td>CE<\/td>\n<\/tr>\n<tr>\n<td>Prze\u0142\u0105cznik niskiego poziomu<\/td>\n<td>Kontakt NC<\/td>\n<\/tr>\n<\/tbody>\n<\/table>\n<h2>\u015arodki ostro\u017cno\u015bci<\/h2>\n<p>\u2013 Przed pod\u0142\u0105czeniem rury do punktu smarowania nale\u017cy najpierw nape\u0142ni\u0107 d\u0142ugi odcinek rury, aby pom\u00f3c usun\u0105\u0107 powietrze z centralnego uk\u0142adu smarowania.<br \/>\n\u2013 Pod\u0142\u0105cz przew\u00f3d smarowniczy do urz\u0105dzenia dozuj\u0105cego uk\u0142ad smarowania, ale nie pod\u0142\u0105czaj go jeszcze do zespo\u0142u pompy t\u0142okowej.<br \/>\n\u2013 W przypadku pomp smarowniczych typu kartrid\u017cowego wkr\u0119\u0107 kartrid\u017c. W przypadku pomp smarowniczych typu zbiornikowego nape\u0142nij zbiornik i upewnij si\u0119, \u017ce kartrid\u017c lub zbiornik jest gotowy.<br \/>\n\u2013 Obr\u00f3\u0107 \u015brub\u0119 odpowietrzaj\u0105c\u0105 pompy smarowania o jeden obr\u00f3t, naci\u015bnij i przytrzymaj przycisk odpowietrzania, a\u017c smar bez p\u0119cherzyk\u00f3w powietrza wyp\u0142ynie ze \u015bruby odpowietrzaj\u0105cej. Proces ten mo\u017ce usun\u0105\u0107 powietrze z korpusu pompy i pobliskich rur. Nast\u0119pnie dokr\u0119\u0107 \u015brub\u0119 odpowietrzaj\u0105c\u0105, aby zapobiec ponownemu przedostawaniu si\u0119 powietrza do uk\u0142adu.<br \/>\n\u2013 Pod\u0142\u0105cz przew\u00f3d smarowniczy do wylotu pompy, naci\u015bnij i przytrzymaj przycisk odpowietrzania, a\u017c smar bez p\u0119cherzyk\u00f3w zostanie wypuszczony z przewodu smarowniczego, a nast\u0119pnie ponownie pod\u0142\u0105cz przew\u00f3d smarowniczy. Zapewnia to, \u017ce powietrze w sekcji przewodu zosta\u0142o usuni\u0119te.<br \/>\n\u2013 Powt\u00f3rz powy\u017csz\u0105 procedur\u0119 odpowietrzania, aby odpowietrzy\u0107 wszystkie urz\u0105dzenia dozuj\u0105ce i mie\u0107 pewno\u015b\u0107, \u017ce do ca\u0142ego uk\u0142adu smarowania nie dosta\u0142o si\u0119 powietrze.<\/p>\n<h2>Instrukcje<\/h2>\n<div class=\"sdm_download_button_box_default\"><div class=\"sdm_download_link\"><a href=\"https:\/\/www.jinpinlub.com\/pl\/?sdm_process_download=1&download_id=3960\" class=\"sdm_download white\" title=\"Prywatne: J100 Electric Grease Pump\" target=\"&quot;_blank&quot;\">Wy\u015bwietl kart\u0119 danych - Pompa smaru J100<\/a><\/div><\/div>","protected":false},"excerpt":{"rendered":"<p>Silnik elektryczny J100 nap\u0119dza t\u0142ok, kt\u00f3ry dostarcza \u015brodek smarny do wylotu pompy przez zaw\u00f3r steruj\u0105cy, a nast\u0119pnie dostarcza go do jednoliniowego urz\u0105dzenia dozuj\u0105cego. Uk\u0142ad sterowania kontroluje cykl smarowania, a wy\u0142\u0105cznik ci\u015bnieniowy monitoruje ci\u015bnienie w uk\u0142adzie.<\/p>","protected":false},"featured_media":4003,"template":"","meta":{"ocean_post_layout":"","ocean_both_sidebars_style":"","ocean_both_sidebars_content_width":0,"ocean_both_sidebars_sidebars_width":0,"ocean_sidebar":"0","ocean_second_sidebar":"0","ocean_disable_margins":"enable","ocean_add_body_class":"","ocean_shortcode_before_top_bar":"","ocean_shortcode_after_top_bar":"","ocean_shortcode_before_header":"","ocean_shortcode_after_header":"","ocean_has_shortcode":"","ocean_shortcode_after_title":"","ocean_shortcode_before_footer_widgets":"","ocean_shortcode_after_footer_widgets":"","ocean_shortcode_before_footer_bottom":"","ocean_shortcode_after_footer_bottom":"","ocean_display_top_bar":"default","ocean_display_header":"default","ocean_header_style":"","ocean_center_header_left_menu":"0","ocean_custom_header_template":"0","ocean_custom_logo":0,"ocean_custom_retina_logo":0,"ocean_custom_logo_max_width":0,"ocean_custom_logo_tablet_max_width":0,"ocean_custom_logo_mobile_max_width":0,"ocean_custom_logo_max_height":0,"ocean_custom_logo_tablet_max_height":0,"ocean_custom_logo_mobile_max_height":0,"ocean_header_custom_menu":"0","ocean_menu_typo_font_family":"0","ocean_menu_typo_font_subset":"","ocean_menu_typo_font_size":0,"ocean_menu_typo_font_size_tablet":0,"ocean_menu_typo_font_size_mobile":0,"ocean_menu_typo_font_size_unit":"px","ocean_menu_typo_font_weight":"","ocean_menu_typo_font_weight_tablet":"","ocean_menu_typo_font_weight_mobile":"","ocean_menu_typo_transform":"","ocean_menu_typo_transform_tablet":"","ocean_menu_typo_transform_mobile":"","ocean_menu_typo_line_height":0,"ocean_menu_typo_line_height_tablet":0,"ocean_menu_typo_line_height_mobile":0,"ocean_menu_typo_line_height_unit":"","ocean_menu_typo_spacing":0,"ocean_menu_typo_spacing_tablet":0,"ocean_menu_typo_spacing_mobile":0,"ocean_menu_typo_spacing_unit":"","ocean_menu_link_color":"","ocean_menu_link_color_hover":"","ocean_menu_link_color_active":"","ocean_menu_link_background":"","ocean_menu_link_hover_background":"","ocean_menu_link_active_background":"","ocean_menu_social_links_bg":"","ocean_menu_social_hover_links_bg":"","ocean_menu_social_links_color":"","ocean_menu_social_hover_links_color":"","ocean_disable_title":"default","ocean_disable_heading":"default","ocean_post_title":"","ocean_post_subheading":"","ocean_post_title_style":"","ocean_post_title_background_color":"","ocean_post_title_background":0,"ocean_post_title_bg_image_position":"","ocean_post_title_bg_image_attachment":"","ocean_post_title_bg_image_repeat":"","ocean_post_title_bg_image_size":"","ocean_post_title_height":0,"ocean_post_title_bg_overlay":0.5,"ocean_post_title_bg_overlay_color":"","ocean_disable_breadcrumbs":"default","ocean_breadcrumbs_color":"","ocean_breadcrumbs_separator_color":"","ocean_breadcrumbs_links_color":"","ocean_breadcrumbs_links_hover_color":"","ocean_display_footer_widgets":"default","ocean_display_footer_bottom":"default","ocean_custom_footer_template":"0","osh_disable_topbar_sticky":"default","osh_disable_header_sticky":"default","osh_sticky_header_style":"default","osh_sticky_header_effect":"","osh_custom_sticky_logo":0,"osh_custom_retina_sticky_logo":0,"osh_custom_sticky_logo_height":0,"osh_background_color":"","osh_links_color":"","osh_links_hover_color":"","osh_links_active_color":"","osh_links_bg_color":"","osh_links_hover_bg_color":"","osh_links_active_bg_color":"","osh_menu_social_links_color":"","osh_menu_social_hover_links_color":""},"product_brand":[],"product_cat":[38,37],"product_tag":[74,185,76,93,92],"class_list":{"0":"post-4002","1":"product","2":"type-product","3":"status-publish","4":"has-post-thumbnail","6":"product_cat-electric-pressure-relief-pumps","7":"product_cat-single-line-grease-systems","8":"product_tag-automatic-lubrication-pump","9":"product_tag-electric-grease-pump","10":"product_tag-electric-lubrication-system","11":"product_tag-pressure-relief-lubrication-pump","12":"product_tag-single-line-lubrication-pump","14":"entry","15":"has-media","17":"first","18":"instock","19":"shipping-taxable","20":"product-type-external","21":"col","22":"span_1_of_3","23":"owp-content-center","24":"owp-thumbs-layout-horizontal","25":"owp-btn-very-big","26":"owp-tabs-layout-horizontal"},"_links":{"self":[{"href":"https:\/\/www.jinpinlub.com\/pl\/wp-json\/wp\/v2\/product\/4002","targetHints":{"allow":["GET"]}}],"collection":[{"href":"https:\/\/www.jinpinlub.com\/pl\/wp-json\/wp\/v2\/product"}],"about":[{"href":"https:\/\/www.jinpinlub.com\/pl\/wp-json\/wp\/v2\/types\/product"}],"wp:featuredmedia":[{"embeddable":true,"href":"https:\/\/www.jinpinlub.com\/pl\/wp-json\/wp\/v2\/media\/4003"}],"wp:attachment":[{"href":"https:\/\/www.jinpinlub.com\/pl\/wp-json\/wp\/v2\/media?parent=4002"}],"wp:term":[{"taxonomy":"product_brand","embeddable":true,"href":"https:\/\/www.jinpinlub.com\/pl\/wp-json\/wp\/v2\/product_brand?post=4002"},{"taxonomy":"product_cat","embeddable":true,"href":"https:\/\/www.jinpinlub.com\/pl\/wp-json\/wp\/v2\/product_cat?post=4002"},{"taxonomy":"product_tag","embeddable":true,"href":"https:\/\/www.jinpinlub.com\/pl\/wp-json\/wp\/v2\/product_tag?post=4002"}],"curies":[{"name":"wp","href":"https:\/\/api.w.org\/{rel}","templated":true}]}}