{"id":4008,"date":"2024-12-12T05:23:20","date_gmt":"2024-12-11T21:23:20","guid":{"rendered":"https:\/\/www.jinpinlub.com\/?post_type=product&#038;p=4008"},"modified":"2024-12-12T05:41:01","modified_gmt":"2024-12-11T21:41:01","slug":"j100-7c-24vdc-elektryczne-automatyczne-pompy-smarownicze","status":"publish","type":"product","link":"https:\/\/www.jinpinlub.com\/pl\/product\/j100-7c-24vdc-electric-automatic-grease-lubrication-pumps\/","title":{"rendered":"J100-7C 24VDC Elektryczne automatyczne pompy smarownicze"},"content":{"rendered":"<h2>Cechy<\/h2>\n<p>\u2013 Nap\u0119d elektryczny: Silnik elektryczny nap\u0119dza zesp\u00f3\u0142 pompy t\u0142okowej pompy smarowniczej J100 i za po\u015brednictwem mimo\u015brodu nap\u0119dza t\u0142ok t\u0142ocz\u0105cy w kierunku osiowym.<br \/>\n\u2013 Dostarczanie \u015brodka smarnego: T\u0142ok dostarczaj\u0105cy wypycha \u015brodek smarny z wk\u0142adu smarnego lub zbiornika oleju pompy smaruj\u0105cej poprzez wewn\u0119trzny zaw\u00f3r steruj\u0105cy do wylotu \u015brodka smarnego.<br \/>\n\u2013 Odci\u0105\u017cenie ci\u015bnienia: Po cyklu smarowania, po wy\u0142\u0105czeniu silnika pompy smaruj\u0105cej, zaw\u00f3r odci\u0105\u017caj\u0105cy ci\u015bnienie uwalnia ci\u015bnienie w uk\u0142adzie wymagane przez urz\u0105dzenia dozuj\u0105ce jednoliniowe.<br \/>\n\u2013 Ograniczenie ci\u015bnienia: Zintegrowany zaw\u00f3r ograniczaj\u0105cy ci\u015bnienie ogranicza maksymalne ci\u015bnienie uk\u0142adu centralnego smarowania do 80 bar\u00f3w.<br \/>\n\u2013 Dostarczanie \u015brodka smarnego: \u015arodek smarny mo\u017ce by\u0107 dostarczany za pomoc\u0105 jednorazowego wk\u0142adu smarnego lub zbiornika oleju.<br \/>\n\u2013 Monitorowanie poziomu nape\u0142nienia: Pompa smarownicza J100 mo\u017ce by\u0107 opcjonalnie wyposa\u017cona w czujnik poziomu nape\u0142nienia w celu monitorowania minimalnego poziomu nape\u0142nienia.<\/p>\n<h2>Specyfikacja<\/h2>\n<table>\n<tbody>\n<tr>\n<td>Model<\/td>\n<td>J100-3C<\/td>\n<\/tr>\n<tr>\n<td>Czas smarowania<\/td>\n<td>PLC lub sterownik zewn\u0119trzny<\/td>\n<\/tr>\n<tr>\n<td>Czas interwa\u0142u<\/td>\n<td>PLC lub sterownik zewn\u0119trzny<\/td>\n<\/tr>\n<tr>\n<td>Temperatura pracy<\/td>\n<td>0\u2103~ +50\u00b0C (niskie temperatury wymagaj\u0105 smaru zapobiegaj\u0105cego zamarzaniu)<\/td>\n<\/tr>\n<tr>\n<td>Liczba wyj\u015b\u0107<\/td>\n<td>1 lub 2<\/td>\n<\/tr>\n<tr>\n<td>Pojemno\u015b\u0107 zbiornika<\/td>\n<td>0,3 l, 0,5 l, 0,7 l, 1,5 l<\/td>\n<\/tr>\n<tr>\n<td>Uzupe\u0142nianie<\/td>\n<td>Port nape\u0142niania\/wyjmowany\/wk\u0142ad<\/td>\n<\/tr>\n<tr>\n<td>Smar<\/td>\n<td>NLGI 000#~2#<\/td>\n<\/tr>\n<tr>\n<td>Zaw\u00f3r bezpiecze\u0144stwa<\/td>\n<td>Fakultatywny<\/td>\n<\/tr>\n<tr>\n<td>Wypisa\u0107<\/td>\n<td>15 ml\/min<\/td>\n<\/tr>\n<tr>\n<td>Maksymalne ci\u015bnienie robocze<\/td>\n<td>8,0 MPa<\/td>\n<\/tr>\n<tr>\n<td>Gwint przy\u0142\u0105czeniowy<\/td>\n<td>Wylot \u03a66<\/td>\n<\/tr>\n<tr>\n<td>Napi\u0119cie robocze<\/td>\n<td>24 V pr\u0105du sta\u0142ego<\/td>\n<\/tr>\n<tr>\n<td>Orzecznictwo<\/td>\n<td>CE<\/td>\n<\/tr>\n<tr>\n<td>Prze\u0142\u0105cznik niskiego poziomu<\/td>\n<td>Kontakt NC<\/td>\n<\/tr>\n<\/tbody>\n<\/table>\n<h2>Konserwacja<\/h2>\n<p>\u2013 Sprawd\u017a poziom \u015brodka smarnego: Sprawdzaj regularnie, bior\u0105c pod uwag\u0119 liczb\u0119 cykli pompy i konfiguracj\u0119 systemu.<br \/>\n\u2013 Kontrola szczelno\u015bci uk\u0142adu: kontrola szczelno\u015bci podzespo\u0142\u00f3w uk\u0142adu podczas ka\u017cdego nape\u0142niania pompy; w przypadku wykrycia nieszczelno\u015bci nale\u017cy niezw\u0142ocznie je naprawi\u0107.<br \/>\n\u2013 Bezpiecze\u0144stwo elektryczne: Kable pompy smarowniczej elektrycznej nale\u017cy regularnie sprawdza\u0107 pod k\u0105tem uszkodze\u0144. Wszystkie prace elektryczne, takie jak naprawy i modyfikacje, musz\u0105 by\u0107 wykonywane przez wykwalifikowanego technika po od\u0142\u0105czeniu zasilania.<br \/>\n\u2013 Czyszczenie i zapobieganie zanieczyszczeniom: Aby zapobiec zanieczyszczeniu pompy smarowniczej J100, nale\u017cy u\u017cywa\u0107 kompatybilnego \u015brodka czyszcz\u0105cego.<br \/>\n\u2013 Post\u0119puj zgodnie z procedurami bezpiecze\u0144stwa: Przed rozpocz\u0119ciem jakichkolwiek prac konserwacyjnych, czyszczenia lub napraw pompy upewnij si\u0119, \u017ce nast\u0119puj\u0105ce \u015brodki bezpiecze\u0144stwa s\u0105 \u015bci\u015ble przestrzegane: od\u0142\u0105cz zasilanie, rozhermetyzuj, zablokuj\/oznacz sprz\u0119t i zastosuj sprz\u0119t ochrony osobistej.<\/p>\n<h2>Instrukcje<\/h2>\n<div class=\"sdm_download_button_box_default\"><div class=\"sdm_download_link\"><a href=\"https:\/\/www.jinpinlub.com\/pl\/?sdm_process_download=1&download_id=3960\" class=\"sdm_download white\" title=\"Prywatne: J100 Electric Grease Pump\" target=\"&quot;_blank&quot;\">Wy\u015bwietl kart\u0119 danych - Pompa smaru J100<\/a><\/div><\/div>","protected":false},"excerpt":{"rendered":"<p>Elektryczna pompa t\u0142okowa serii J100 to urz\u0105dzenie przeznaczone do jednoliniowych centralnych system\u00f3w smarowania, charakteryzuj\u0105ce si\u0119 kompaktow\u0105 konstrukcj\u0105, szybk\u0105 wymian\u0105 wk\u0142ad\u00f3w smaruj\u0105cych, podw\u00f3jnym wylotem smaru, automatycznym systemem sterowania i precyzyjnym wylotem \u015brodka smaruj\u0105cego.<\/p>","protected":false},"featured_media":4009,"template":"","meta":{"ocean_post_layout":"","ocean_both_sidebars_style":"","ocean_both_sidebars_content_width":0,"ocean_both_sidebars_sidebars_width":0,"ocean_sidebar":"0","ocean_second_sidebar":"0","ocean_disable_margins":"enable","ocean_add_body_class":"","ocean_shortcode_before_top_bar":"","ocean_shortcode_after_top_bar":"","ocean_shortcode_before_header":"","ocean_shortcode_after_header":"","ocean_has_shortcode":"","ocean_shortcode_after_title":"","ocean_shortcode_before_footer_widgets":"","ocean_shortcode_after_footer_widgets":"","ocean_shortcode_before_footer_bottom":"","ocean_shortcode_after_footer_bottom":"","ocean_display_top_bar":"default","ocean_display_header":"default","ocean_header_style":"","ocean_center_header_left_menu":"0","ocean_custom_header_template":"0","ocean_custom_logo":0,"ocean_custom_retina_logo":0,"ocean_custom_logo_max_width":0,"ocean_custom_logo_tablet_max_width":0,"ocean_custom_logo_mobile_max_width":0,"ocean_custom_logo_max_height":0,"ocean_custom_logo_tablet_max_height":0,"ocean_custom_logo_mobile_max_height":0,"ocean_header_custom_menu":"0","ocean_menu_typo_font_family":"0","ocean_menu_typo_font_subset":"","ocean_menu_typo_font_size":0,"ocean_menu_typo_font_size_tablet":0,"ocean_menu_typo_font_size_mobile":0,"ocean_menu_typo_font_size_unit":"px","ocean_menu_typo_font_weight":"","ocean_menu_typo_font_weight_tablet":"","ocean_menu_typo_font_weight_mobile":"","ocean_menu_typo_transform":"","ocean_menu_typo_transform_tablet":"","ocean_menu_typo_transform_mobile":"","ocean_menu_typo_line_height":0,"ocean_menu_typo_line_height_tablet":0,"ocean_menu_typo_line_height_mobile":0,"ocean_menu_typo_line_height_unit":"","ocean_menu_typo_spacing":0,"ocean_menu_typo_spacing_tablet":0,"ocean_menu_typo_spacing_mobile":0,"ocean_menu_typo_spacing_unit":"","ocean_menu_link_color":"","ocean_menu_link_color_hover":"","ocean_menu_link_color_active":"","ocean_menu_link_background":"","ocean_menu_link_hover_background":"","ocean_menu_link_active_background":"","ocean_menu_social_links_bg":"","ocean_menu_social_hover_links_bg":"","ocean_menu_social_links_color":"","ocean_menu_social_hover_links_color":"","ocean_disable_title":"default","ocean_disable_heading":"default","ocean_post_title":"","ocean_post_subheading":"","ocean_post_title_style":"","ocean_post_title_background_color":"","ocean_post_title_background":0,"ocean_post_title_bg_image_position":"","ocean_post_title_bg_image_attachment":"","ocean_post_title_bg_image_repeat":"","ocean_post_title_bg_image_size":"","ocean_post_title_height":0,"ocean_post_title_bg_overlay":0.5,"ocean_post_title_bg_overlay_color":"","ocean_disable_breadcrumbs":"default","ocean_breadcrumbs_color":"","ocean_breadcrumbs_separator_color":"","ocean_breadcrumbs_links_color":"","ocean_breadcrumbs_links_hover_color":"","ocean_display_footer_widgets":"default","ocean_display_footer_bottom":"default","ocean_custom_footer_template":"0","osh_disable_topbar_sticky":"default","osh_disable_header_sticky":"default","osh_sticky_header_style":"default","osh_sticky_header_effect":"","osh_custom_sticky_logo":0,"osh_custom_retina_sticky_logo":0,"osh_custom_sticky_logo_height":0,"osh_background_color":"","osh_links_color":"","osh_links_hover_color":"","osh_links_active_color":"","osh_links_bg_color":"","osh_links_hover_bg_color":"","osh_links_active_bg_color":"","osh_menu_social_links_color":"","osh_menu_social_hover_links_color":""},"product_brand":[],"product_cat":[38,37],"product_tag":[377,321,376,73,76],"class_list":{"0":"post-4008","1":"product","2":"type-product","3":"status-publish","4":"has-post-thumbnail","6":"product_cat-electric-pressure-relief-pumps","7":"product_cat-single-line-grease-systems","8":"product_tag-automatic-grease-pump","9":"product_tag-automatic-lubrication-system","10":"product_tag-cartridge-lubrication-pump","11":"product_tag-electric-lubrication-pump","12":"product_tag-electric-lubrication-system","14":"entry","15":"has-media","17":"first","18":"instock","19":"shipping-taxable","20":"product-type-external","21":"col","22":"span_1_of_3","23":"owp-content-center","24":"owp-thumbs-layout-horizontal","25":"owp-btn-very-big","26":"owp-tabs-layout-horizontal"},"_links":{"self":[{"href":"https:\/\/www.jinpinlub.com\/pl\/wp-json\/wp\/v2\/product\/4008","targetHints":{"allow":["GET"]}}],"collection":[{"href":"https:\/\/www.jinpinlub.com\/pl\/wp-json\/wp\/v2\/product"}],"about":[{"href":"https:\/\/www.jinpinlub.com\/pl\/wp-json\/wp\/v2\/types\/product"}],"wp:featuredmedia":[{"embeddable":true,"href":"https:\/\/www.jinpinlub.com\/pl\/wp-json\/wp\/v2\/media\/4009"}],"wp:attachment":[{"href":"https:\/\/www.jinpinlub.com\/pl\/wp-json\/wp\/v2\/media?parent=4008"}],"wp:term":[{"taxonomy":"product_brand","embeddable":true,"href":"https:\/\/www.jinpinlub.com\/pl\/wp-json\/wp\/v2\/product_brand?post=4008"},{"taxonomy":"product_cat","embeddable":true,"href":"https:\/\/www.jinpinlub.com\/pl\/wp-json\/wp\/v2\/product_cat?post=4008"},{"taxonomy":"product_tag","embeddable":true,"href":"https:\/\/www.jinpinlub.com\/pl\/wp-json\/wp\/v2\/product_tag?post=4008"}],"curies":[{"name":"wp","href":"https:\/\/api.w.org\/{rel}","templated":true}]}}