{"id":4013,"date":"2024-12-12T17:45:07","date_gmt":"2024-12-12T09:45:07","guid":{"rendered":"https:\/\/www.jinpinlub.com\/?post_type=product&#038;p=4013"},"modified":"2024-12-13T05:49:02","modified_gmt":"2024-12-12T21:49:02","slug":"pompa-smarownicza-jednoliniowa-j200-3r-do-precyzyjnego-smarowania","status":"publish","type":"product","link":"https:\/\/www.jinpinlub.com\/pl\/product\/j200-3r-single-line-lubrication-pump-for-precise-lubrication\/","title":{"rendered":"Pompa smarownicza jednoprzewodowa J200-3R do precyzyjnego smarowania"},"content":{"rendered":"<h2>Cechy<\/h2>\n<p>\u2013 Precyzyjne dostarczanie \u015brodka smarnego: precyzyjne dostarczanie ma\u0142ych ilo\u015bci \u015brodka smarnego odbywa si\u0119 za pomoc\u0105 zawor\u00f3w dozuj\u0105cych, co gwarantuje dok\u0142adne smarowanie ka\u017cdego punktu smarnego maszyny.<br \/>\n\u2013 Prze\u0142\u0105cznik poziomu cieczy: zintegrowany z adapterem wk\u0142adu, mo\u017ce zatrzyma\u0107 pomp\u0119 w momencie, gdy wk\u0142ad nie zawiera oleju, skutecznie zapobiega przedostawaniu si\u0119 powietrza do uk\u0142adu smarowania i zapewnia efekt smarowania.<br \/>\n\u2013 \u0141atwa wymiana wk\u0142adu: nale\u017cy wykona\u0107 j\u0105 zgodnie z poni\u017cszymi krokami: wyjmij stary wk\u0142ad, zamontuj nowy i dokr\u0119\u0107 pokryw\u0119.<br \/>\n\u2013 Wyjmowany zbiornik: opcjonalna wersja z wyjmowanym zbiornikiem, nie ma potrzeby wymiany wk\u0142adu, aby uzyska\u0107 proste i wielokrotne nape\u0142nianie smarem.<br \/>\n\u2013 Wysoka adaptowalno\u015b\u0107 do warunk\u00f3w \u015brodowiskowych: urz\u0105dzenie mo\u017ce pracowa\u0107 w temperaturach otoczenia od 0 do 50\u00b0C i wilgotno\u015bci 35\u201385%RH, a wymagania dotycz\u0105ce wibracji wynosz\u0105 poni\u017cej 9G (88m\/s\u00b2), co oznacza, \u017ce urz\u0105dzenie mo\u017ce w pewnym stopniu opiera\u0107 si\u0119 wp\u0142ywowi niekorzystnych czynnik\u00f3w \u015brodowiskowych, takich jak woda, olej, zanieczyszczenia, kurz itp.<\/p>\n<h2>Specyfikacja<\/h2>\n<table>\n<tbody>\n<tr>\n<td>Model<\/td>\n<td>J200-3D<\/td>\n<\/tr>\n<tr>\n<td>Czas smarowania<\/td>\n<td>PLC lub sterownik zewn\u0119trzny<\/td>\n<\/tr>\n<tr>\n<td>Czas interwa\u0142u<\/td>\n<td>PLC lub sterownik zewn\u0119trzny<\/td>\n<\/tr>\n<tr>\n<td>Temperatura pracy<\/td>\n<td>0\u2103~ +50\u00b0C (niskie temperatury wymagaj\u0105 smaru zapobiegaj\u0105cego zamarzaniu)<\/td>\n<\/tr>\n<tr>\n<td>Liczba wyj\u015b\u0107<\/td>\n<td>1 lub 2<\/td>\n<\/tr>\n<tr>\n<td>Pojemno\u015b\u0107 zbiornika<\/td>\n<td>0,3 l, 0,5 l, 0,7 l<\/td>\n<\/tr>\n<tr>\n<td>Uzupe\u0142nianie<\/td>\n<td>Wyjmowany zbiornik\/wk\u0142ad<\/td>\n<\/tr>\n<tr>\n<td>Smar<\/td>\n<td>Smary klasy NLGI 000~2#<\/td>\n<\/tr>\n<tr>\n<td>Zaw\u00f3r bezpiecze\u0144stwa<\/td>\n<td>Zmontowany<\/td>\n<\/tr>\n<tr>\n<td>Wypisa\u0107<\/td>\n<td>7 ml\/min<\/td>\n<\/tr>\n<tr>\n<td>Maksymalne ci\u015bnienie robocze<\/td>\n<td>5,0 lub 8,0 MPa<\/td>\n<\/tr>\n<tr>\n<td>Gwint przy\u0142\u0105czeniowy<\/td>\n<td>Wylot \u03a66<\/td>\n<\/tr>\n<tr>\n<td>Napi\u0119cie robocze<\/td>\n<td>24 V pr\u0105du sta\u0142ego<\/td>\n<\/tr>\n<tr>\n<td>Orzecznictwo<\/td>\n<td>CE<\/td>\n<\/tr>\n<tr>\n<td>Prze\u0142\u0105cznik niskiego poziomu<\/td>\n<td>Kontakt NC<\/td>\n<\/tr>\n<\/tbody>\n<\/table>\n<h2>Okablowanie<\/h2>\n<p><span id=\"input-sentence~0\">\u2013 Kwalifikacje personelu: Pod\u0142\u0105czenie pompy smarowniczej powinno zosta\u0107 wykonane przez personel posiadaj\u0105cy kwalifikacje do wykonywania prac elektrycznych, aby mie\u0107 pewno\u015b\u0107, \u017ce okablowanie jest w\u0142a\u015bciwe i bezpieczne.<br \/>\n\u2013 Potwierdzenie polaryzacji: Silnik ma biegunowo\u015b\u0107. Pod\u0142\u0105czaj\u0105c przewody (+) i (-), nale\u017cy zapozna\u0107 si\u0119 ze schematem w celu dok\u0142adnego potwierdzenia, aby unikn\u0105\u0107 awarii sprz\u0119tu z powodu nieprawid\u0142owej polaryzacji.<\/span><span id=\"input-sentence~1\"><br \/>\n\u2013 \u015arodki izolacji: Je\u017celi przewody zasilania 24 V DC mog\u0105 zetkn\u0105\u0107 si\u0119 z obudow\u0105 pompy smaruj\u0105cej, cia\u0142em cz\u0142owieka lub otaczaj\u0105cymi obiektami, nale\u017cy zastosowa\u0107 przewody izolowane, aby zapobiec wyciekom i pora\u017ceniom pr\u0105dem.<br \/>\n\u2013 Po\u0142\u0105czenie uziemiaj\u0105ce: Pod\u0142\u0105cz przew\u00f3d uziemiaj\u0105cy do wyznaczonego elementu, aby zapobiec wyciekowi i pora\u017ceniu pr\u0105dem. Jednocze\u015bnie, aby zapobiec po\u017carowi spowodowanemu nadmiernym pr\u0105dem, zwr\u00f3\u0107 uwag\u0119 na ograniczenie pr\u0105du. Je\u015bli pr\u0105d przekroczy 1,2 A, wewn\u0119trzny mechanizm nap\u0119dowy pompy smaruj\u0105cej powr\u00f3ci do pozycji pocz\u0105tkowej.<\/span><\/p>\n<h2>Instrukcje<\/h2>\n<div class=\"sdm_download_button_box_default\"><div class=\"sdm_download_link\"><a href=\"https:\/\/www.jinpinlub.com\/pl\/?sdm_process_download=1&download_id=3962\" class=\"sdm_download white\" title=\"Prywatne: J200 Electric Pump\" target=\"&quot;_blank&quot;\">Wy\u015bwietl kart\u0119 danych - Pompa smaru J200<\/a><\/div><\/div>","protected":false},"excerpt":{"rendered":"<p>J200 to wysoce wydajne urz\u0105dzenie smaruj\u0105ce o takich cechach jak: zasilanie DC24V, obj\u0119to\u015b\u0107 wyp\u0142ywu 7ml\/min i ci\u015bnienie wyp\u0142ywu 5-8MPa. Nadaje si\u0119 do r\u00f3\u017cnych zastosowa\u0144 przemys\u0142owych, aby zapewni\u0107 d\u0142ugoterminow\u0105 stabiln\u0105 prac\u0119 sprz\u0119tu.<\/p>","protected":false},"featured_media":4014,"template":"","meta":{"ocean_post_layout":"","ocean_both_sidebars_style":"","ocean_both_sidebars_content_width":0,"ocean_both_sidebars_sidebars_width":0,"ocean_sidebar":"0","ocean_second_sidebar":"0","ocean_disable_margins":"enable","ocean_add_body_class":"","ocean_shortcode_before_top_bar":"","ocean_shortcode_after_top_bar":"","ocean_shortcode_before_header":"","ocean_shortcode_after_header":"","ocean_has_shortcode":"","ocean_shortcode_after_title":"","ocean_shortcode_before_footer_widgets":"","ocean_shortcode_after_footer_widgets":"","ocean_shortcode_before_footer_bottom":"","ocean_shortcode_after_footer_bottom":"","ocean_display_top_bar":"default","ocean_display_header":"default","ocean_header_style":"","ocean_center_header_left_menu":"0","ocean_custom_header_template":"0","ocean_custom_logo":0,"ocean_custom_retina_logo":0,"ocean_custom_logo_max_width":0,"ocean_custom_logo_tablet_max_width":0,"ocean_custom_logo_mobile_max_width":0,"ocean_custom_logo_max_height":0,"ocean_custom_logo_tablet_max_height":0,"ocean_custom_logo_mobile_max_height":0,"ocean_header_custom_menu":"0","ocean_menu_typo_font_family":"0","ocean_menu_typo_font_subset":"","ocean_menu_typo_font_size":0,"ocean_menu_typo_font_size_tablet":0,"ocean_menu_typo_font_size_mobile":0,"ocean_menu_typo_font_size_unit":"px","ocean_menu_typo_font_weight":"","ocean_menu_typo_font_weight_tablet":"","ocean_menu_typo_font_weight_mobile":"","ocean_menu_typo_transform":"","ocean_menu_typo_transform_tablet":"","ocean_menu_typo_transform_mobile":"","ocean_menu_typo_line_height":0,"ocean_menu_typo_line_height_tablet":0,"ocean_menu_typo_line_height_mobile":0,"ocean_menu_typo_line_height_unit":"","ocean_menu_typo_spacing":0,"ocean_menu_typo_spacing_tablet":0,"ocean_menu_typo_spacing_mobile":0,"ocean_menu_typo_spacing_unit":"","ocean_menu_link_color":"","ocean_menu_link_color_hover":"","ocean_menu_link_color_active":"","ocean_menu_link_background":"","ocean_menu_link_hover_background":"","ocean_menu_link_active_background":"","ocean_menu_social_links_bg":"","ocean_menu_social_hover_links_bg":"","ocean_menu_social_links_color":"","ocean_menu_social_hover_links_color":"","ocean_disable_title":"default","ocean_disable_heading":"default","ocean_post_title":"","ocean_post_subheading":"","ocean_post_title_style":"","ocean_post_title_background_color":"","ocean_post_title_background":0,"ocean_post_title_bg_image_position":"","ocean_post_title_bg_image_attachment":"","ocean_post_title_bg_image_repeat":"","ocean_post_title_bg_image_size":"","ocean_post_title_height":0,"ocean_post_title_bg_overlay":0.5,"ocean_post_title_bg_overlay_color":"","ocean_disable_breadcrumbs":"default","ocean_breadcrumbs_color":"","ocean_breadcrumbs_separator_color":"","ocean_breadcrumbs_links_color":"","ocean_breadcrumbs_links_hover_color":"","ocean_display_footer_widgets":"default","ocean_display_footer_bottom":"default","ocean_custom_footer_template":"0","osh_disable_topbar_sticky":"default","osh_disable_header_sticky":"default","osh_sticky_header_style":"default","osh_sticky_header_effect":"","osh_custom_sticky_logo":0,"osh_custom_retina_sticky_logo":0,"osh_custom_sticky_logo_height":0,"osh_background_color":"","osh_links_color":"","osh_links_hover_color":"","osh_links_active_color":"","osh_links_bg_color":"","osh_links_hover_bg_color":"","osh_links_active_bg_color":"","osh_menu_social_links_color":"","osh_menu_social_hover_links_color":""},"product_brand":[],"product_cat":[38,37],"product_tag":[191,73,378,379,92],"class_list":{"0":"post-4013","1":"product","2":"type-product","3":"status-publish","4":"has-post-thumbnail","6":"product_cat-electric-pressure-relief-pumps","7":"product_cat-single-line-grease-systems","8":"product_tag-cnc-lubrication-pump","9":"product_tag-electric-lubrication-pump","10":"product_tag-lhl-lubrication-pump","11":"product_tag-machine-tool-lubrication-pump","12":"product_tag-single-line-lubrication-pump","14":"entry","15":"has-media","17":"first","18":"instock","19":"shipping-taxable","20":"product-type-external","21":"col","22":"span_1_of_3","23":"owp-content-center","24":"owp-thumbs-layout-horizontal","25":"owp-btn-very-big","26":"owp-tabs-layout-horizontal"},"_links":{"self":[{"href":"https:\/\/www.jinpinlub.com\/pl\/wp-json\/wp\/v2\/product\/4013","targetHints":{"allow":["GET"]}}],"collection":[{"href":"https:\/\/www.jinpinlub.com\/pl\/wp-json\/wp\/v2\/product"}],"about":[{"href":"https:\/\/www.jinpinlub.com\/pl\/wp-json\/wp\/v2\/types\/product"}],"wp:featuredmedia":[{"embeddable":true,"href":"https:\/\/www.jinpinlub.com\/pl\/wp-json\/wp\/v2\/media\/4014"}],"wp:attachment":[{"href":"https:\/\/www.jinpinlub.com\/pl\/wp-json\/wp\/v2\/media?parent=4013"}],"wp:term":[{"taxonomy":"product_brand","embeddable":true,"href":"https:\/\/www.jinpinlub.com\/pl\/wp-json\/wp\/v2\/product_brand?post=4013"},{"taxonomy":"product_cat","embeddable":true,"href":"https:\/\/www.jinpinlub.com\/pl\/wp-json\/wp\/v2\/product_cat?post=4013"},{"taxonomy":"product_tag","embeddable":true,"href":"https:\/\/www.jinpinlub.com\/pl\/wp-json\/wp\/v2\/product_tag?post=4013"}],"curies":[{"name":"wp","href":"https:\/\/api.w.org\/{rel}","templated":true}]}}