{"id":4018,"date":"2024-12-12T23:27:32","date_gmt":"2024-12-12T15:27:32","guid":{"rendered":"https:\/\/www.jinpinlub.com\/?post_type=product&#038;p=4018"},"modified":"2024-12-13T05:49:09","modified_gmt":"2024-12-12T21:49:09","slug":"j200-5d-elektryczna-pompa-smarujaca-z-odlaczanym-zbiornikiem","status":"publish","type":"product","link":"https:\/\/www.jinpinlub.com\/pl\/product\/j200-5d-electric-lubrication-pump-with-detachable-reservoir\/","title":{"rendered":"J200-5D Elektryczna pompa smarownicza z od\u0142\u0105czanym zbiornikiem"},"content":{"rendered":"<h2>Cechy<\/h2>\n<p><span id=\"input-sentence~0\">1. Zasilanie i uruchomienie<br \/>\nPompa smaruj\u0105ca jest zasilana przez zasilacz 24 V DC. Po w\u0142\u0105czeniu zasilania silnik uruchamia si\u0119. Pr\u0105d znamionowy silnika wynosi 0,8 A. W normalnym zakresie zasilania silnik mo\u017ce pracowa\u0107 stabilnie i dostarcza\u0107 energi\u0119 do pompy.<\/span><span id=\"input-sentence~1\"><br \/>\n2. Dostawa \u015brodka smarnego<br \/>\nSilnik nap\u0119dza pomp\u0119 smaruj\u0105c\u0105 do pracy. Smar jest wydobywany z pojemnika magazynowego lub wk\u0142adu przez wewn\u0119trzn\u0105 struktur\u0119, w tym t\u0142ok, ko\u0142a z\u0119bate itp. i dostarczany do ka\u017cdego punktu smarowania maszyny przez ruroci\u0105g z przemieszczeniem 7 ml\/min.<\/span><span id=\"input-sentence~2\"> W trakcie procesu dostarczania ci\u015bnienie wylotowe mo\u017ce osi\u0105gn\u0105\u0107 8 MPa.<br \/>\n3. Pomiar i kontrola<br \/>\nW systemie smarowania dystrybutor wyporowy jest u\u017cywany do precyzyjnej kontroli ilo\u015bci smaru, kt\u00f3ry ma zosta\u0107 dostarczony. Umo\u017cliwia to ka\u017cdemu punktowi smarowania uzyskanie odpowiedniej ilo\u015bci smaru w celu uzyskania zoptymalizowanego efektu smarowania, zamiast marnowania smar\u00f3w. Czas pracy i cykl interwa\u0142owy pompy smarowania s\u0105 ustawiane przez timer zainstalowany na maszynie i dzia\u0142aj\u0105 zgodnie z konfiguracj\u0105 programu.<\/span><\/p>\n<h2>Specyfikacja<\/h2>\n<table>\n<tbody>\n<tr>\n<td>Model<\/td>\n<td>J200-5D<\/td>\n<\/tr>\n<tr>\n<td>Czas smarowania<\/td>\n<td>PLC lub sterownik zewn\u0119trzny<\/td>\n<\/tr>\n<tr>\n<td>Czas interwa\u0142u<\/td>\n<td>PLC lub sterownik zewn\u0119trzny<\/td>\n<\/tr>\n<tr>\n<td>Temperatura pracy<\/td>\n<td>0\u2103~ +50\u00b0C (niskie temperatury wymagaj\u0105 smaru zapobiegaj\u0105cego zamarzaniu)<\/td>\n<\/tr>\n<tr>\n<td>Liczba wyj\u015b\u0107<\/td>\n<td>1 lub 2<\/td>\n<\/tr>\n<tr>\n<td>Pojemno\u015b\u0107 zbiornika<\/td>\n<td>0,3 l, 0,5 l, 0,7 l<\/td>\n<\/tr>\n<tr>\n<td>Uzupe\u0142nianie<\/td>\n<td>Wyjmowany zbiornik\/wk\u0142ad<\/td>\n<\/tr>\n<tr>\n<td>Smar<\/td>\n<td>Smary klasy NLGI 000~2#<\/td>\n<\/tr>\n<tr>\n<td>Zaw\u00f3r bezpiecze\u0144stwa<\/td>\n<td>Zmontowany<\/td>\n<\/tr>\n<tr>\n<td>Wypisa\u0107<\/td>\n<td>7 ml\/min<\/td>\n<\/tr>\n<tr>\n<td>Maksymalne ci\u015bnienie robocze<\/td>\n<td>5,0 lub 8,0 MPa<\/td>\n<\/tr>\n<tr>\n<td>Gwint przy\u0142\u0105czeniowy<\/td>\n<td>Wylot \u03a66<\/td>\n<\/tr>\n<tr>\n<td>Napi\u0119cie robocze<\/td>\n<td>24 V pr\u0105du sta\u0142ego<\/td>\n<\/tr>\n<tr>\n<td>Orzecznictwo<\/td>\n<td>CE<\/td>\n<\/tr>\n<tr>\n<td>Prze\u0142\u0105cznik niskiego poziomu<\/td>\n<td>Kontakt NC<\/td>\n<\/tr>\n<\/tbody>\n<\/table>\n<h2>Uzupe\u0142nianie<\/h2>\n<p><span id=\"input-sentence~0\">\u2013 Wymie\u0144 wk\u0142ad po ca\u0142kowitym wyczerpaniu smaru LHL w nim zawartego, aby zapobiec przedostaniu si\u0119 powietrza do wk\u0142adu z powodu resztek smaru, co mo\u017ce spowodowa\u0107 nieprawid\u0142owe dzia\u0142anie pompy smaruj\u0105cej.<br \/>\n\u2013 Podczas wymiany wk\u0142adu nale\u017cy upewni\u0107 si\u0119, \u017ce otoczenie jest czyste, aby zapobiec przedostaniu si\u0119 cia\u0142 obcych, takich jak kurz i zanieczyszczenia, do korpusu pompy smaruj\u0105cej lub wk\u0142adu.<\/span><span id=\"input-sentence~1\"><br \/>\n\u2013 Kategorycznie zabrania si\u0119 w\u0142\u0105czania zasilania, gdy wk\u0142ad nie jest zainstalowany na swoim miejscu lub nie zosta\u0142 wyj\u0119ty, w przeciwnym razie pompa smaruj\u0105ca mo\u017ce zasysa\u0107 powietrze lub cia\u0142a obce.<br \/>\n\u2013 Podczas wymiany wk\u0142adu, je\u015bli zajdzie potrzeba przetarcia okolic otworu ss\u0105cego oleju pompy, nale\u017cy u\u017cy\u0107 czystej szmatki, aby zapobiec zassaniu cia\u0142 obcych do pompy smaruj\u0105cej.<br \/>\n\u2013 U\u017cywaj wy\u0142\u0105cznie okre\u015blonego wk\u0142adu smarowego LHL. U\u017cycie innych, nieokre\u015blonych \u015brodk\u00f3w smarnych mo\u017ce spowodowa\u0107 awari\u0119 uk\u0142adu smarowania.<br \/>\n\u2013 Nigdy nie nape\u0142niaj zu\u017cytego, pustego pojemnika ze smarem \u015brodkiem smarnym i nie u\u017cywaj go ponownie.<\/span><\/p>\n<h2>Instrukcje<\/h2>\n<div class=\"sdm_download_button_box_default\"><div class=\"sdm_download_link\"><a href=\"https:\/\/www.jinpinlub.com\/pl\/?sdm_process_download=1&download_id=3962\" class=\"sdm_download white\" title=\"Prywatne: J200 Electric Pump\" target=\"&quot;_blank&quot;\">Wy\u015bwietl kart\u0119 danych - Pompa smaru J200<\/a><\/div><\/div>","protected":false},"excerpt":{"rendered":"<p>J200 to elektryczna pompa smaruj\u0105ca, jednostka pompy do jednoliniowego systemu smarowania. Jej g\u0142\u00f3wne cechy to: zasilanie DC24V, obj\u0119to\u015b\u0107 wyp\u0142ywu 7ml na minut\u0119, ci\u015bnienie wyp\u0142ywu 5MPa do 8MPa, odpowiednia do smaru na bazie litu, stopie\u0144 ochrony IP54.<\/p>","protected":false},"featured_media":4019,"template":"","meta":{"ocean_post_layout":"","ocean_both_sidebars_style":"","ocean_both_sidebars_content_width":0,"ocean_both_sidebars_sidebars_width":0,"ocean_sidebar":"0","ocean_second_sidebar":"0","ocean_disable_margins":"enable","ocean_add_body_class":"","ocean_shortcode_before_top_bar":"","ocean_shortcode_after_top_bar":"","ocean_shortcode_before_header":"","ocean_shortcode_after_header":"","ocean_has_shortcode":"","ocean_shortcode_after_title":"","ocean_shortcode_before_footer_widgets":"","ocean_shortcode_after_footer_widgets":"","ocean_shortcode_before_footer_bottom":"","ocean_shortcode_after_footer_bottom":"","ocean_display_top_bar":"default","ocean_display_header":"default","ocean_header_style":"","ocean_center_header_left_menu":"0","ocean_custom_header_template":"0","ocean_custom_logo":0,"ocean_custom_retina_logo":0,"ocean_custom_logo_max_width":0,"ocean_custom_logo_tablet_max_width":0,"ocean_custom_logo_mobile_max_width":0,"ocean_custom_logo_max_height":0,"ocean_custom_logo_tablet_max_height":0,"ocean_custom_logo_mobile_max_height":0,"ocean_header_custom_menu":"0","ocean_menu_typo_font_family":"0","ocean_menu_typo_font_subset":"","ocean_menu_typo_font_size":0,"ocean_menu_typo_font_size_tablet":0,"ocean_menu_typo_font_size_mobile":0,"ocean_menu_typo_font_size_unit":"px","ocean_menu_typo_font_weight":"","ocean_menu_typo_font_weight_tablet":"","ocean_menu_typo_font_weight_mobile":"","ocean_menu_typo_transform":"","ocean_menu_typo_transform_tablet":"","ocean_menu_typo_transform_mobile":"","ocean_menu_typo_line_height":0,"ocean_menu_typo_line_height_tablet":0,"ocean_menu_typo_line_height_mobile":0,"ocean_menu_typo_line_height_unit":"","ocean_menu_typo_spacing":0,"ocean_menu_typo_spacing_tablet":0,"ocean_menu_typo_spacing_mobile":0,"ocean_menu_typo_spacing_unit":"","ocean_menu_link_color":"","ocean_menu_link_color_hover":"","ocean_menu_link_color_active":"","ocean_menu_link_background":"","ocean_menu_link_hover_background":"","ocean_menu_link_active_background":"","ocean_menu_social_links_bg":"","ocean_menu_social_hover_links_bg":"","ocean_menu_social_links_color":"","ocean_menu_social_hover_links_color":"","ocean_disable_title":"default","ocean_disable_heading":"default","ocean_post_title":"","ocean_post_subheading":"","ocean_post_title_style":"","ocean_post_title_background_color":"","ocean_post_title_background":0,"ocean_post_title_bg_image_position":"","ocean_post_title_bg_image_attachment":"","ocean_post_title_bg_image_repeat":"","ocean_post_title_bg_image_size":"","ocean_post_title_height":0,"ocean_post_title_bg_overlay":0.5,"ocean_post_title_bg_overlay_color":"","ocean_disable_breadcrumbs":"default","ocean_breadcrumbs_color":"","ocean_breadcrumbs_separator_color":"","ocean_breadcrumbs_links_color":"","ocean_breadcrumbs_links_hover_color":"","ocean_display_footer_widgets":"default","ocean_display_footer_bottom":"default","ocean_custom_footer_template":"0","osh_disable_topbar_sticky":"default","osh_disable_header_sticky":"default","osh_sticky_header_style":"default","osh_sticky_header_effect":"","osh_custom_sticky_logo":0,"osh_custom_retina_sticky_logo":0,"osh_custom_sticky_logo_height":0,"osh_background_color":"","osh_links_color":"","osh_links_hover_color":"","osh_links_active_color":"","osh_links_bg_color":"","osh_links_hover_bg_color":"","osh_links_active_bg_color":"","osh_menu_social_links_color":"","osh_menu_social_hover_links_color":""},"product_brand":[],"product_cat":[38,37],"product_tag":[191,73,378,379,92],"class_list":{"0":"post-4018","1":"product","2":"type-product","3":"status-publish","4":"has-post-thumbnail","6":"product_cat-electric-pressure-relief-pumps","7":"product_cat-single-line-grease-systems","8":"product_tag-cnc-lubrication-pump","9":"product_tag-electric-lubrication-pump","10":"product_tag-lhl-lubrication-pump","11":"product_tag-machine-tool-lubrication-pump","12":"product_tag-single-line-lubrication-pump","14":"entry","15":"has-media","17":"first","18":"instock","19":"shipping-taxable","20":"product-type-external","21":"col","22":"span_1_of_3","23":"owp-content-center","24":"owp-thumbs-layout-horizontal","25":"owp-btn-very-big","26":"owp-tabs-layout-horizontal"},"_links":{"self":[{"href":"https:\/\/www.jinpinlub.com\/pl\/wp-json\/wp\/v2\/product\/4018","targetHints":{"allow":["GET"]}}],"collection":[{"href":"https:\/\/www.jinpinlub.com\/pl\/wp-json\/wp\/v2\/product"}],"about":[{"href":"https:\/\/www.jinpinlub.com\/pl\/wp-json\/wp\/v2\/types\/product"}],"wp:featuredmedia":[{"embeddable":true,"href":"https:\/\/www.jinpinlub.com\/pl\/wp-json\/wp\/v2\/media\/4019"}],"wp:attachment":[{"href":"https:\/\/www.jinpinlub.com\/pl\/wp-json\/wp\/v2\/media?parent=4018"}],"wp:term":[{"taxonomy":"product_brand","embeddable":true,"href":"https:\/\/www.jinpinlub.com\/pl\/wp-json\/wp\/v2\/product_brand?post=4018"},{"taxonomy":"product_cat","embeddable":true,"href":"https:\/\/www.jinpinlub.com\/pl\/wp-json\/wp\/v2\/product_cat?post=4018"},{"taxonomy":"product_tag","embeddable":true,"href":"https:\/\/www.jinpinlub.com\/pl\/wp-json\/wp\/v2\/product_tag?post=4018"}],"curies":[{"name":"wp","href":"https:\/\/api.w.org\/{rel}","templated":true}]}}