{"id":4023,"date":"2024-12-13T04:49:24","date_gmt":"2024-12-12T20:49:24","guid":{"rendered":"https:\/\/www.jinpinlub.com\/?post_type=product&#038;p=4023"},"modified":"2024-12-13T05:49:16","modified_gmt":"2024-12-12T21:49:16","slug":"pompa-smarownicza-jinpinlub-j200-cnc-do-wkladu-smarowego-lhl","status":"publish","type":"product","link":"https:\/\/www.jinpinlub.com\/pl\/product\/jinpinlub-j200-cnc-lubrication-pump-for-lhl-grease-cartridge\/","title":{"rendered":"Pompa smarownicza Jinpinlub J200 CNC do wk\u0142ad\u00f3w smarowych LHL"},"content":{"rendered":"<h2>Cechy<\/h2>\n<p><span id=\"input-sentence~0\">\u2013 Ci\u015bnienie robocze pompy smarowniczej J200 mie\u015bci si\u0119 w zakresie od 5 MPa do 8 MPa, co zapewnia stabilne dostarczanie \u015brodka smarnego pod wysokim ci\u015bnieniem.<br \/>\n\u2013 Wydajno\u015b\u0107 smaru z pompy smarowniczej wynosi 7 ml na minut\u0119. To stabilne roz\u0142adowanie pomaga w wydajnej pracy uk\u0142adu smarowania.<\/span><span id=\"input-sentence~1\"><br \/>\n\u2013 Pompa smarownicza J20 ma stopie\u0144 ochrony IP54, co oznacza, \u017ce jest odporna na kurz i wod\u0119 i mo\u017ce niezawodnie pracowa\u0107 w zapylonym i wilgotnym \u015brodowisku.<br \/>\n\u2013 Pompa smaruj\u0105ca korzysta z zasilania DC 24V. Taka konstrukcja nie tylko zapewnia wydajn\u0105 prac\u0119 pompy, ale tak\u017ce oszcz\u0119dza energi\u0119.<br \/>\n\u2013 Pompa smaruj\u0105ca jest wyposa\u017cona w opcjonalny prze\u0142\u0105cznik podawania i prze\u0142\u0105cznik poziomu smaru do monitorowania i obs\u0142ugi przez u\u017cytkownika. Ponadto, u\u017cywany jest specjalny wyjmowany wk\u0142ad smarowy.<\/span><\/p>\n<h2>Specyfikacja<\/h2>\n<table>\n<tbody>\n<tr>\n<td>Model<\/td>\n<td>J200-3D<\/td>\n<\/tr>\n<tr>\n<td>Czas smarowania<\/td>\n<td>PLC lub sterownik zewn\u0119trzny<\/td>\n<\/tr>\n<tr>\n<td>Czas interwa\u0142u<\/td>\n<td>PLC lub sterownik zewn\u0119trzny<\/td>\n<\/tr>\n<tr>\n<td>Temperatura pracy<\/td>\n<td>0\u2103~ +50\u00b0C (niskie temperatury wymagaj\u0105 smaru zapobiegaj\u0105cego zamarzaniu)<\/td>\n<\/tr>\n<tr>\n<td>Liczba wyj\u015b\u0107<\/td>\n<td>1 lub 2<\/td>\n<\/tr>\n<tr>\n<td>Pojemno\u015b\u0107 zbiornika<\/td>\n<td>0,3 l, 0,5 l, 0,7 l<\/td>\n<\/tr>\n<tr>\n<td>Uzupe\u0142nianie<\/td>\n<td>Wyjmowany zbiornik\/wk\u0142ad<\/td>\n<\/tr>\n<tr>\n<td>Smar<\/td>\n<td>Smary klasy NLGI 000~2#<\/td>\n<\/tr>\n<tr>\n<td>Zaw\u00f3r bezpiecze\u0144stwa<\/td>\n<td>Zmontowany<\/td>\n<\/tr>\n<tr>\n<td>Wypisa\u0107<\/td>\n<td>7 ml\/min<\/td>\n<\/tr>\n<tr>\n<td>Maksymalne ci\u015bnienie robocze<\/td>\n<td>5,0 lub 8,0 MPa<\/td>\n<\/tr>\n<tr>\n<td>Gwint przy\u0142\u0105czeniowy<\/td>\n<td>Wylot \u03a66<\/td>\n<\/tr>\n<tr>\n<td>Napi\u0119cie robocze<\/td>\n<td>24 V pr\u0105du sta\u0142ego<\/td>\n<\/tr>\n<tr>\n<td>Orzecznictwo<\/td>\n<td>CE<\/td>\n<\/tr>\n<tr>\n<td>Prze\u0142\u0105cznik niskiego poziomu<\/td>\n<td>Kontakt NC<\/td>\n<\/tr>\n<\/tbody>\n<\/table>\n<h2>Uzupe\u0142nianie<\/h2>\n<p>\u2013 Je\u015bli pompa smaruj\u0105ca nie wypuszcza smaru, w zbiorniku mo\u017ce pozosta\u0107 mniej smaru. Je\u015bli zaw\u00f3r nie wypuszcza smaru, zaw\u00f3r mo\u017ce by\u0107 zablokowany.<br \/>\n\u2013 Je\u015bli w pompie smaruj\u0105cej znajduje si\u0119 powietrze, nale\u017cy je odpowietrzy\u0107 zgodnie z instrukcjami podanymi w instrukcji obs\u0142ugi. Je\u015bli w g\u0142\u00f3wnym ruroci\u0105gu znajduje si\u0119 powietrze, nale\u017cy usun\u0105\u0107 korek ko\u0144cowy i uruchomi\u0107 pomp\u0119 w celu odpowietrzenia.<br \/>\n\u2013 Je\u015bli pompa smaruj\u0105ca nie dzia\u0142a, sprawd\u017a po\u0142\u0105czenie zasilania 24 V DC, aby upewni\u0107 si\u0119, \u017ce bieguny dodatnie i ujemne przewod\u00f3w s\u0105 prawid\u0142owo pod\u0142\u0105czone. Nawet je\u015bli biegunowo\u015b\u0107 jest nieprawid\u0142owa, pompa nie zostanie uszkodzona, ale nale\u017cy j\u0105 naprawi\u0107.<br \/>\n\u2013 Je\u015bli pompa smaruj\u0105ca wyrzuca niskie ci\u015bnienie, mo\u017ce wyst\u0105pi\u0107 wyciek na wylocie pompy lub cz\u0119\u015bciach po\u0142\u0105czenia ruroci\u0105gu maszyny. Je\u015bli ruroci\u0105g jest uszkodzony, nale\u017cy go wymieni\u0107.<br \/>\n\u2013 Je\u015bli ci\u015bnienie w g\u0142\u00f3wnym ruroci\u0105gu nie jest ustalone, zapoznaj si\u0119 z post\u0119powaniem z pomp\u0105 smaruj\u0105c\u0105, kt\u00f3ra nie odprowadza smaru. Mo\u017ce to by\u0107 r\u00f3wnie\u017c przerwa w dostawie pr\u0105du, uszkodzenie ruroci\u0105gu lub powietrze w uk\u0142adzie.<\/p>\n<h2>Instrukcje<\/h2>\n<div class=\"sdm_download_button_box_default\"><div class=\"sdm_download_link\"><a href=\"https:\/\/www.jinpinlub.com\/pl\/?sdm_process_download=1&download_id=3962\" class=\"sdm_download white\" title=\"Prywatne: J200 Electric Pump\" target=\"&quot;_blank&quot;\">Wy\u015bwietl kart\u0119 danych - Pompa smaru J200<\/a><\/div><\/div>","protected":false},"excerpt":{"rendered":"<p>Pompa smarownicza Jinpinlub J200 to ma\u0142a elektryczna pompa smarowa z funkcjami wygodnego uzupe\u0142niania, automatycznego wykrywania ci\u015bnienia w uk\u0142adzie, automatycznej kontroli czasu pracy i czasu interwa\u0142u oraz automatycznego odci\u0105\u017cenia ci\u015bnienia. Jest niewielkich rozmiar\u00f3w, niezawodna w dzia\u0142aniu.<\/p>","protected":false},"featured_media":4024,"template":"","meta":{"ocean_post_layout":"","ocean_both_sidebars_style":"","ocean_both_sidebars_content_width":0,"ocean_both_sidebars_sidebars_width":0,"ocean_sidebar":"0","ocean_second_sidebar":"0","ocean_disable_margins":"enable","ocean_add_body_class":"","ocean_shortcode_before_top_bar":"","ocean_shortcode_after_top_bar":"","ocean_shortcode_before_header":"","ocean_shortcode_after_header":"","ocean_has_shortcode":"","ocean_shortcode_after_title":"","ocean_shortcode_before_footer_widgets":"","ocean_shortcode_after_footer_widgets":"","ocean_shortcode_before_footer_bottom":"","ocean_shortcode_after_footer_bottom":"","ocean_display_top_bar":"default","ocean_display_header":"default","ocean_header_style":"","ocean_center_header_left_menu":"0","ocean_custom_header_template":"0","ocean_custom_logo":0,"ocean_custom_retina_logo":0,"ocean_custom_logo_max_width":0,"ocean_custom_logo_tablet_max_width":0,"ocean_custom_logo_mobile_max_width":0,"ocean_custom_logo_max_height":0,"ocean_custom_logo_tablet_max_height":0,"ocean_custom_logo_mobile_max_height":0,"ocean_header_custom_menu":"0","ocean_menu_typo_font_family":"0","ocean_menu_typo_font_subset":"","ocean_menu_typo_font_size":0,"ocean_menu_typo_font_size_tablet":0,"ocean_menu_typo_font_size_mobile":0,"ocean_menu_typo_font_size_unit":"px","ocean_menu_typo_font_weight":"","ocean_menu_typo_font_weight_tablet":"","ocean_menu_typo_font_weight_mobile":"","ocean_menu_typo_transform":"","ocean_menu_typo_transform_tablet":"","ocean_menu_typo_transform_mobile":"","ocean_menu_typo_line_height":0,"ocean_menu_typo_line_height_tablet":0,"ocean_menu_typo_line_height_mobile":0,"ocean_menu_typo_line_height_unit":"","ocean_menu_typo_spacing":0,"ocean_menu_typo_spacing_tablet":0,"ocean_menu_typo_spacing_mobile":0,"ocean_menu_typo_spacing_unit":"","ocean_menu_link_color":"","ocean_menu_link_color_hover":"","ocean_menu_link_color_active":"","ocean_menu_link_background":"","ocean_menu_link_hover_background":"","ocean_menu_link_active_background":"","ocean_menu_social_links_bg":"","ocean_menu_social_hover_links_bg":"","ocean_menu_social_links_color":"","ocean_menu_social_hover_links_color":"","ocean_disable_title":"default","ocean_disable_heading":"default","ocean_post_title":"","ocean_post_subheading":"","ocean_post_title_style":"","ocean_post_title_background_color":"","ocean_post_title_background":0,"ocean_post_title_bg_image_position":"","ocean_post_title_bg_image_attachment":"","ocean_post_title_bg_image_repeat":"","ocean_post_title_bg_image_size":"","ocean_post_title_height":0,"ocean_post_title_bg_overlay":0.5,"ocean_post_title_bg_overlay_color":"","ocean_disable_breadcrumbs":"default","ocean_breadcrumbs_color":"","ocean_breadcrumbs_separator_color":"","ocean_breadcrumbs_links_color":"","ocean_breadcrumbs_links_hover_color":"","ocean_display_footer_widgets":"default","ocean_display_footer_bottom":"default","ocean_custom_footer_template":"0","osh_disable_topbar_sticky":"default","osh_disable_header_sticky":"default","osh_sticky_header_style":"default","osh_sticky_header_effect":"","osh_custom_sticky_logo":0,"osh_custom_retina_sticky_logo":0,"osh_custom_sticky_logo_height":0,"osh_background_color":"","osh_links_color":"","osh_links_hover_color":"","osh_links_active_color":"","osh_links_bg_color":"","osh_links_hover_bg_color":"","osh_links_active_bg_color":"","osh_menu_social_links_color":"","osh_menu_social_hover_links_color":""},"product_brand":[],"product_cat":[38,37],"product_tag":[73,380,378,111,92],"class_list":{"0":"post-4023","1":"product","2":"type-product","3":"status-publish","4":"has-post-thumbnail","6":"product_cat-electric-pressure-relief-pumps","7":"product_cat-single-line-grease-systems","8":"product_tag-electric-lubrication-pump","9":"product_tag-jinpuinlub-lubrication-pump","10":"product_tag-lhl-lubrication-pump","11":"product_tag-oil-lubrication-pump","12":"product_tag-single-line-lubrication-pump","14":"entry","15":"has-media","17":"first","18":"instock","19":"shipping-taxable","20":"product-type-external","21":"col","22":"span_1_of_3","23":"owp-content-center","24":"owp-thumbs-layout-horizontal","25":"owp-btn-very-big","26":"owp-tabs-layout-horizontal"},"_links":{"self":[{"href":"https:\/\/www.jinpinlub.com\/pl\/wp-json\/wp\/v2\/product\/4023","targetHints":{"allow":["GET"]}}],"collection":[{"href":"https:\/\/www.jinpinlub.com\/pl\/wp-json\/wp\/v2\/product"}],"about":[{"href":"https:\/\/www.jinpinlub.com\/pl\/wp-json\/wp\/v2\/types\/product"}],"wp:featuredmedia":[{"embeddable":true,"href":"https:\/\/www.jinpinlub.com\/pl\/wp-json\/wp\/v2\/media\/4024"}],"wp:attachment":[{"href":"https:\/\/www.jinpinlub.com\/pl\/wp-json\/wp\/v2\/media?parent=4023"}],"wp:term":[{"taxonomy":"product_brand","embeddable":true,"href":"https:\/\/www.jinpinlub.com\/pl\/wp-json\/wp\/v2\/product_brand?post=4023"},{"taxonomy":"product_cat","embeddable":true,"href":"https:\/\/www.jinpinlub.com\/pl\/wp-json\/wp\/v2\/product_cat?post=4023"},{"taxonomy":"product_tag","embeddable":true,"href":"https:\/\/www.jinpinlub.com\/pl\/wp-json\/wp\/v2\/product_tag?post=4023"}],"curies":[{"name":"wp","href":"https:\/\/api.w.org\/{rel}","templated":true}]}}