{"id":4028,"date":"2024-12-13T05:32:23","date_gmt":"2024-12-12T21:32:23","guid":{"rendered":"https:\/\/www.jinpinlub.com\/?post_type=product&#038;p=4028"},"modified":"2024-12-13T05:48:01","modified_gmt":"2024-12-12T21:48:01","slug":"j200-detachable-precision-lubrication-pump-for-grinding-cnc","status":"publish","type":"product","link":"https:\/\/www.jinpinlub.com\/pl\/product\/j200-detachable-precision-lubrication-pump-for-grinding-cnc\/","title":{"rendered":"J200 Od\u0142\u0105czana precyzyjna pompa smaruj\u0105ca do szlifowania CNC"},"content":{"rendered":"<h2>Cechy<\/h2>\n<p>Funkcja prze\u0142\u0105cznika poziomu<br \/>\nWy\u0142\u0105cznik poziomu jest zintegrowany wewn\u0105trz pompy smarowniczej J200. Gdy wy\u0142\u0105cznik poziomu jest aktywowany, pomp\u0119 mo\u017cna zatrzyma\u0107 przed ca\u0142kowitym wyczerpaniem smaru, skutecznie zapobiegaj\u0105c mieszaniu si\u0119 powietrza ze smarem i zapewniaj\u0105c normaln\u0105 prac\u0119 uk\u0142adu smarowniczego.<br \/>\nOgraniczenia warunk\u00f3w pracy<br \/>\nWy\u0142\u0105cznik poziomu wysy\u0142a sygna\u0142 tylko wtedy, gdy pompa smaruj\u0105ca J200 jest w\u0142\u0105czona. Poniewa\u017c pompa zatrzymuje si\u0119 po aktywacji wy\u0142\u0105cznika poziomu, mo\u017ce to spowodowa\u0107, \u017ce wy\u0142\u0105cznik ci\u015bnienia nie b\u0119dzie dzia\u0142a\u0142 prawid\u0142owo i wy\u015ble nieprawid\u0142owy sygna\u0142 ci\u015bnienia.<br \/>\n\u015arodki ostro\u017cno\u015bci podczas operacji<br \/>\nPrze\u0142\u0105cznik poziomu i adapter filtra tworz\u0105 integraln\u0105 jednostk\u0119. Po wyj\u0119ciu pustego wk\u0142adu, nieprawid\u0142owy wynik po stronie urz\u0105dzenia pozostaje. Je\u015bli w tym przypadku zostanie w\u0142\u0105czone zasilanie, pompa smaruj\u0105ca J200 wci\u0105gnie powietrze. Dlatego pami\u0119taj o w\u0142o\u017ceniu nowego wk\u0142adu przed ponownym w\u0142\u0105czeniem zasilania i zwolnieniu nieprawid\u0142owego wyniku.<\/p>\n<h2>Specyfikacja<\/h2>\n<table>\n<tbody>\n<tr>\n<td>Model<\/td>\n<td>J200-5D<\/td>\n<\/tr>\n<tr>\n<td>Czas smarowania<\/td>\n<td>PLC lub sterownik zewn\u0119trzny<\/td>\n<\/tr>\n<tr>\n<td>Czas interwa\u0142u<\/td>\n<td>PLC lub sterownik zewn\u0119trzny<\/td>\n<\/tr>\n<tr>\n<td>Temperatura pracy<\/td>\n<td>0\u2103~ +50\u00b0C (niskie temperatury wymagaj\u0105 smaru zapobiegaj\u0105cego zamarzaniu)<\/td>\n<\/tr>\n<tr>\n<td>Liczba wyj\u015b\u0107<\/td>\n<td>1 lub 2<\/td>\n<\/tr>\n<tr>\n<td>Pojemno\u015b\u0107 zbiornika<\/td>\n<td>0,3 l, 0,5 l, 0,7 l<\/td>\n<\/tr>\n<tr>\n<td>Uzupe\u0142nianie<\/td>\n<td>Wyjmowany zbiornik\/wk\u0142ad<\/td>\n<\/tr>\n<tr>\n<td>Smar<\/td>\n<td>Smary klasy NLGI 000~2#<\/td>\n<\/tr>\n<tr>\n<td>Zaw\u00f3r bezpiecze\u0144stwa<\/td>\n<td>Zmontowany<\/td>\n<\/tr>\n<tr>\n<td>Wypisa\u0107<\/td>\n<td>7 ml\/min<\/td>\n<\/tr>\n<tr>\n<td>Maksymalne ci\u015bnienie robocze<\/td>\n<td>5,0 lub 8,0 MPa<\/td>\n<\/tr>\n<tr>\n<td>Gwint przy\u0142\u0105czeniowy<\/td>\n<td>Wylot \u03a66<\/td>\n<\/tr>\n<tr>\n<td>Napi\u0119cie robocze<\/td>\n<td>24 V pr\u0105du sta\u0142ego<\/td>\n<\/tr>\n<tr>\n<td>Orzecznictwo<\/td>\n<td>CE<\/td>\n<\/tr>\n<tr>\n<td>Prze\u0142\u0105cznik niskiego poziomu<\/td>\n<td>Kontakt NC<\/td>\n<\/tr>\n<\/tbody>\n<\/table>\n<h2>Ruroci\u0105g<\/h2>\n<p>1. Kroki po\u0142\u0105czenia<br \/>\nPod\u0142\u0105cz rur\u0119 do wylotu pompy smaruj\u0105cej. U\u017cyj rury o wytrzyma\u0142o\u015bci na ci\u015bnienie 10 MPa lub wy\u017cszej. Najpierw r\u0119cznie zamocuj po\u0142\u0105czenie, aby zapewni\u0107 pocz\u0105tkow\u0105 stabilno\u015b\u0107 po\u0142\u0105czenia. Nast\u0119pnie dokr\u0119\u0107 je kluczem. Zwr\u00f3\u0107 uwag\u0119 na umiarkowan\u0105 si\u0142\u0119 tej operacji. Odpowiedni moment obrotowy wynosi 7,1 N\uff65m.<br \/>\n2. Sprawd\u017a po pod\u0142\u0105czeniu<br \/>\nPo zako\u0144czeniu po\u0142\u0105czenia nale\u017cy dok\u0142adnie sprawdzi\u0107, czy nie ma wycieku smaru w z\u0142\u0105czu, aby zapewni\u0107 szczelno\u015b\u0107 po\u0142\u0105czenia. Nast\u0119pnie nale\u017cy wypu\u015bci\u0107 powietrze, aby usun\u0105\u0107 powietrze, kt\u00f3re mo\u017ce znajdowa\u0107 si\u0119 w rurze i pompie smaruj\u0105cej.<br \/>\n3. Opis sytuacji ci\u015bnieniowej<br \/>\nMimo \u017ce w przypadku kr\u00f3tkiego g\u0142\u00f3wnego ruroci\u0105gu mo\u017ce wyst\u0105pi\u0107 ci\u015bnienie wynosz\u0105ce 8 MPa lub wy\u017csze, nie powoduje to \u017cadnych problem\u00f3w podczas normalnego u\u017cytkowania, nale\u017cy jednak zwraca\u0107 uwag\u0119 na zmiany ci\u015bnienia w uk\u0142adzie smarowania, aby mie\u0107 pewno\u015b\u0107, \u017ce mie\u015bci si\u0119 ono w normalnym zakresie roboczym.<\/p>\n<h2>Instrukcje<\/h2>\n<div class=\"sdm_download_button_box_default\"><div class=\"sdm_download_link\"><a href=\"https:\/\/www.jinpinlub.com\/pl\/?sdm_process_download=1&download_id=3962\" class=\"sdm_download white\" title=\"Prywatne: J200 Electric Pump\" target=\"&quot;_blank&quot;\">Wy\u015bwietl kart\u0119 danych - Pompa smaru J200<\/a><\/div><\/div>","protected":false},"excerpt":{"rendered":"<p>Jinpinlub J200 to wysokowydajna pompa smaruj\u0105ca. Jej przep\u0142yw jest precyzyjny, konstrukcja jest wykwintna i kompaktowa, instalacja jest wygodna i nadaje si\u0119 do r\u00f3\u017cnych przestrzeni urz\u0105dze\u0144. Niezwykle niski poziom ha\u0142asu podczas pracy, tworz\u0105c ciche \u015brodowisko pracy.<\/p>","protected":false},"featured_media":4029,"template":"","meta":{"ocean_post_layout":"","ocean_both_sidebars_style":"","ocean_both_sidebars_content_width":0,"ocean_both_sidebars_sidebars_width":0,"ocean_sidebar":"0","ocean_second_sidebar":"0","ocean_disable_margins":"enable","ocean_add_body_class":"","ocean_shortcode_before_top_bar":"","ocean_shortcode_after_top_bar":"","ocean_shortcode_before_header":"","ocean_shortcode_after_header":"","ocean_has_shortcode":"","ocean_shortcode_after_title":"","ocean_shortcode_before_footer_widgets":"","ocean_shortcode_after_footer_widgets":"","ocean_shortcode_before_footer_bottom":"","ocean_shortcode_after_footer_bottom":"","ocean_display_top_bar":"default","ocean_display_header":"default","ocean_header_style":"","ocean_center_header_left_menu":"0","ocean_custom_header_template":"0","ocean_custom_logo":0,"ocean_custom_retina_logo":0,"ocean_custom_logo_max_width":0,"ocean_custom_logo_tablet_max_width":0,"ocean_custom_logo_mobile_max_width":0,"ocean_custom_logo_max_height":0,"ocean_custom_logo_tablet_max_height":0,"ocean_custom_logo_mobile_max_height":0,"ocean_header_custom_menu":"0","ocean_menu_typo_font_family":"0","ocean_menu_typo_font_subset":"","ocean_menu_typo_font_size":0,"ocean_menu_typo_font_size_tablet":0,"ocean_menu_typo_font_size_mobile":0,"ocean_menu_typo_font_size_unit":"px","ocean_menu_typo_font_weight":"","ocean_menu_typo_font_weight_tablet":"","ocean_menu_typo_font_weight_mobile":"","ocean_menu_typo_transform":"","ocean_menu_typo_transform_tablet":"","ocean_menu_typo_transform_mobile":"","ocean_menu_typo_line_height":0,"ocean_menu_typo_line_height_tablet":0,"ocean_menu_typo_line_height_mobile":0,"ocean_menu_typo_line_height_unit":"","ocean_menu_typo_spacing":0,"ocean_menu_typo_spacing_tablet":0,"ocean_menu_typo_spacing_mobile":0,"ocean_menu_typo_spacing_unit":"","ocean_menu_link_color":"","ocean_menu_link_color_hover":"","ocean_menu_link_color_active":"","ocean_menu_link_background":"","ocean_menu_link_hover_background":"","ocean_menu_link_active_background":"","ocean_menu_social_links_bg":"","ocean_menu_social_hover_links_bg":"","ocean_menu_social_links_color":"","ocean_menu_social_hover_links_color":"","ocean_disable_title":"default","ocean_disable_heading":"default","ocean_post_title":"","ocean_post_subheading":"","ocean_post_title_style":"","ocean_post_title_background_color":"","ocean_post_title_background":0,"ocean_post_title_bg_image_position":"","ocean_post_title_bg_image_attachment":"","ocean_post_title_bg_image_repeat":"","ocean_post_title_bg_image_size":"","ocean_post_title_height":0,"ocean_post_title_bg_overlay":0.5,"ocean_post_title_bg_overlay_color":"","ocean_disable_breadcrumbs":"default","ocean_breadcrumbs_color":"","ocean_breadcrumbs_separator_color":"","ocean_breadcrumbs_links_color":"","ocean_breadcrumbs_links_hover_color":"","ocean_display_footer_widgets":"default","ocean_display_footer_bottom":"default","ocean_custom_footer_template":"0","osh_disable_topbar_sticky":"default","osh_disable_header_sticky":"default","osh_sticky_header_style":"default","osh_sticky_header_effect":"","osh_custom_sticky_logo":0,"osh_custom_retina_sticky_logo":0,"osh_custom_sticky_logo_height":0,"osh_background_color":"","osh_links_color":"","osh_links_hover_color":"","osh_links_active_color":"","osh_links_bg_color":"","osh_links_hover_bg_color":"","osh_links_active_bg_color":"","osh_menu_social_links_color":"","osh_menu_social_hover_links_color":""},"product_brand":[],"product_cat":[38,37],"product_tag":[73,380,378,111,92],"class_list":{"0":"post-4028","1":"product","2":"type-product","3":"status-publish","4":"has-post-thumbnail","6":"product_cat-electric-pressure-relief-pumps","7":"product_cat-single-line-grease-systems","8":"product_tag-electric-lubrication-pump","9":"product_tag-jinpuinlub-lubrication-pump","10":"product_tag-lhl-lubrication-pump","11":"product_tag-oil-lubrication-pump","12":"product_tag-single-line-lubrication-pump","14":"entry","15":"has-media","17":"first","18":"instock","19":"shipping-taxable","20":"product-type-external","21":"col","22":"span_1_of_3","23":"owp-content-center","24":"owp-thumbs-layout-horizontal","25":"owp-btn-very-big","26":"owp-tabs-layout-horizontal"},"_links":{"self":[{"href":"https:\/\/www.jinpinlub.com\/pl\/wp-json\/wp\/v2\/product\/4028","targetHints":{"allow":["GET"]}}],"collection":[{"href":"https:\/\/www.jinpinlub.com\/pl\/wp-json\/wp\/v2\/product"}],"about":[{"href":"https:\/\/www.jinpinlub.com\/pl\/wp-json\/wp\/v2\/types\/product"}],"wp:featuredmedia":[{"embeddable":true,"href":"https:\/\/www.jinpinlub.com\/pl\/wp-json\/wp\/v2\/media\/4029"}],"wp:attachment":[{"href":"https:\/\/www.jinpinlub.com\/pl\/wp-json\/wp\/v2\/media?parent=4028"}],"wp:term":[{"taxonomy":"product_brand","embeddable":true,"href":"https:\/\/www.jinpinlub.com\/pl\/wp-json\/wp\/v2\/product_brand?post=4028"},{"taxonomy":"product_cat","embeddable":true,"href":"https:\/\/www.jinpinlub.com\/pl\/wp-json\/wp\/v2\/product_cat?post=4028"},{"taxonomy":"product_tag","embeddable":true,"href":"https:\/\/www.jinpinlub.com\/pl\/wp-json\/wp\/v2\/product_tag?post=4028"}],"curies":[{"name":"wp","href":"https:\/\/api.w.org\/{rel}","templated":true}]}}