{"id":4052,"date":"2025-01-01T21:06:51","date_gmt":"2025-01-01T13:06:51","guid":{"rendered":"https:\/\/www.jinpinlub.com\/?post_type=product&#038;p=4052"},"modified":"2025-01-02T00:29:16","modified_gmt":"2025-01-01T16:29:16","slug":"mls-05l-minimalna-jednostka-sterujaca-smarowaniem-do-pily","status":"publish","type":"product","link":"https:\/\/www.jinpinlub.com\/pl\/product\/mls-0-5l-minimal-lubrication-control-unit-for-sawing-machine\/","title":{"rendered":"MLS 4L Minimalna jednostka steruj\u0105ca smarowaniem do pi\u0142y"},"content":{"rendered":"<h2>Funkcja<\/h2>\n<p>1. Precyzyjne smarowanie: pompa mikrosmaruj\u0105ca ma dobr\u0105 regulacj\u0119, \u015brub\u0119 dozuj\u0105c\u0105 powietrze i pokr\u0119t\u0142o regulacji skoku pompy, kt\u00f3re dok\u0142adnie kontroluj\u0105 obj\u0119to\u015b\u0107 rozpylania pompy rozpylaj\u0105cej; generator impuls\u00f3w kontroluj\u0105cy szybko\u015b\u0107 cyklu pompy mo\u017ce by\u0107 prowadzony na kilka rodzaj\u00f3w precyzyjnych sposob\u00f3w regulacji.<br \/>\n2. Elastyczno\u015b\u0107 konfiguracji: Jest to modu\u0142owa konstrukcja, kt\u00f3r\u0105 klienci mog\u0105 sami konfigurowa\u0107 zgodnie ze swoimi potrzebami. System sk\u0142ada si\u0119 ze wszystkich rodzaj\u00f3w pomp, zawor\u00f3w regulacyjnych, zbiornik\u00f3w do przechowywania cieczy itd. R\u00f3\u017cne sceny aplikacji s\u0105 przyjmowane z r\u00f3\u017cnymi strukturami systemu i kolokacjami komponent\u00f3w.<br \/>\n3. Okre\u015bla si\u0119 nast\u0119puj\u0105ce parametry: ci\u015bnienie zasilania powietrzem, parametry pompy mikrosmaruj\u0105cej, przep\u0142yw powietrza, cz\u0119stotliwo\u015b\u0107 generatora impuls\u00f3w, zakres temperatur pracy i przechowywania itp.<\/p>\n<h2>Specyfikacja<\/h2>\n<table>\n<tbody>\n<tr>\n<td>Ci\u015bnienie powietrza zasilaj\u0105cego<\/td>\n<td>Czyste, suche spr\u0119\u017cone powietrze, 4~7 bar, minimum 708 LPM<\/td>\n<\/tr>\n<tr>\n<td>Lepko\u015b\u0107 pompy<\/td>\n<td>50~1000 SUS<\/td>\n<\/tr>\n<tr>\n<td>Wydajno\u015b\u0107 pompy przy pe\u0142nym skoku<\/td>\n<td>0,033 ml (standard 1 kropla), 0,100 ml (standard 3 krople)<\/td>\n<\/tr>\n<tr>\n<td>Wydajno\u015b\u0107 pompy<\/td>\n<td>0~396 ml\/godz. (standard 1 kropla), 0~1200 ml\/godz. (standard 3 krople)<\/td>\n<\/tr>\n<tr>\n<td>Przep\u0142yw powietrza<\/td>\n<td>0~4 SCFM dla ka\u017cdego wydatku powietrza i oleju, typowo 1~2 SCFM<\/td>\n<\/tr>\n<tr>\n<td>Generator impuls\u00f3w<\/td>\n<td>5~50 impuls\u00f3w\/min, maks. 200 impuls\u00f3w\/min (niezalecane)<\/td>\n<\/tr>\n<tr>\n<td>Temperatura pracy<\/td>\n<td>0\u2103 ~ +50\u02daC<\/td>\n<\/tr>\n<tr>\n<td>Temperatura przechowywania<\/td>\n<td>(-16\u2103 ~ +70\u02daC)<\/td>\n<\/tr>\n<tr>\n<td>Zbiornik na p\u0142yn<\/td>\n<td>Mo\u017cliwo\u015b\u0107 dostosowania, standardowo 0,5 l, 1,0 l, 2 l, 4 l<\/td>\n<\/tr>\n<\/tbody>\n<\/table>\n<h2><span data-slate-fragment=\"JTVCJTdCJTIydHlwZSUyMiUzQSUyMnBhcmFncmFwaCUyMiUyQyUyMmNoaWxkcmVuJTIyJTNBJTVCJTdCJTIyaWQlMjIlM0ElMjJXUDU4YUw0Snc3JTIyJTJDJTIycGFyYUlkeCUyMiUzQTAlMkMlMjJzcmMlMjIlM0ElMjJtYWludGVuYW5jZSUyMiUyQyUyMmRzdCUyMiUzQSUyMiVFNyVCQiVCNCVFNCVCRiVBRSUyMiUyQyUyMm1ldGFkYXRhJTIyJTNBJTIyJTIyJTJDJTIybWV0YURhdGElMjIlM0ElNUIlNUQlMkMlMjJ0ZXh0JTIyJTNBJTIybWFpbnRlbmFuY2UlMjIlN0QlNUQlN0QlNUQ=\">Montowanie<\/span><\/h2>\n<p><span id=\"input-sentence~0\">Miejsce instalacji<br \/>\nSystem mikrosmarowania jest instalowany w pobli\u017cu maszyny i zapewnia, \u017ce nie ma przeszk\u00f3d, kt\u00f3re mog\u0142yby \u015bciska\u0107 lub skr\u0119ca\u0107 przewody wyj\u015bciowe lub doprowadzaj\u0105ce gaz. Tymczasem urz\u0105dzenie musi by\u0107 instalowane ze zbiornikiem magazynowym skierowanym do g\u00f3ry i w pozycji poziomej.<\/span><span id=\"input-sentence~1\"><br \/>\nMetoda instalacji<br \/>\nBezpo\u015brednia instalacja: Bezpo\u015brednio zamontuj system mikrosmarowania na maszynie, przestrzegaj\u0105c instalacji dla osobistego bezpiecze\u0144stwa. U\u017cyj odpowiednich \u015brub w ka\u017cdej z pozycji instalacji z odpowiadaj\u0105cymi im \u015brubami, aby zapewni\u0107 prawid\u0142ow\u0105 instalacj\u0119.<br \/>\nInstalacja magnes\u00f3w: Instalacja z magnesami mo\u017ce by\u0107 r\u00f3wnie\u017c opcjonalnie stosowana w zale\u017cno\u015bci od tego, gdzie s\u0105 wymagane wymagania instalacyjne. Przestrzeganie zasad bezpiecze\u0144stwa podczas instalacji zapewni r\u00f3wnie\u017c stabilno\u015b\u0107 instalowanego systemu mikrosmarowania.<\/span><\/p>\n<h2>Instrukcje<\/h2>\n<div class=\"sdm_download_button_box_default\"><div class=\"sdm_download_link\"><a href=\"https:\/\/www.jinpinlub.com\/pl\/?sdm_process_download=1&download_id=4054\" class=\"sdm_download white\" title=\"Prywatne: Minimal Quantity Lubrication\" target=\"&quot;_blank&quot;\">Zobacz kart\u0119 danych - Minimalna ilo\u015b\u0107 smaru<\/a><\/div><\/div>","protected":false},"excerpt":{"rendered":"<p>System mikrosmarowania MLS wykorzystuje pomp\u0119 wyporow\u0105 zasilan\u0105 spr\u0119\u017conym powietrzem, kt\u00f3ra mo\u017ce dok\u0142adnie kontrolowa\u0107 wydajno\u015b\u0107 mg\u0142y olejowej. Charakteryzuje si\u0119 modu\u0142ow\u0105 konstrukcj\u0105, niezawodn\u0105 wydajno\u015bci\u0105, elastyczn\u0105 konfiguracj\u0105 i \u0142atw\u0105 instalacj\u0105.<\/p>","protected":false},"featured_media":4057,"template":"","meta":{"ocean_post_layout":"","ocean_both_sidebars_style":"","ocean_both_sidebars_content_width":0,"ocean_both_sidebars_sidebars_width":0,"ocean_sidebar":"0","ocean_second_sidebar":"0","ocean_disable_margins":"enable","ocean_add_body_class":"","ocean_shortcode_before_top_bar":"","ocean_shortcode_after_top_bar":"","ocean_shortcode_before_header":"","ocean_shortcode_after_header":"","ocean_has_shortcode":"","ocean_shortcode_after_title":"","ocean_shortcode_before_footer_widgets":"","ocean_shortcode_after_footer_widgets":"","ocean_shortcode_before_footer_bottom":"","ocean_shortcode_after_footer_bottom":"","ocean_display_top_bar":"default","ocean_display_header":"default","ocean_header_style":"","ocean_center_header_left_menu":"0","ocean_custom_header_template":"0","ocean_custom_logo":0,"ocean_custom_retina_logo":0,"ocean_custom_logo_max_width":0,"ocean_custom_logo_tablet_max_width":0,"ocean_custom_logo_mobile_max_width":0,"ocean_custom_logo_max_height":0,"ocean_custom_logo_tablet_max_height":0,"ocean_custom_logo_mobile_max_height":0,"ocean_header_custom_menu":"0","ocean_menu_typo_font_family":"0","ocean_menu_typo_font_subset":"","ocean_menu_typo_font_size":0,"ocean_menu_typo_font_size_tablet":0,"ocean_menu_typo_font_size_mobile":0,"ocean_menu_typo_font_size_unit":"px","ocean_menu_typo_font_weight":"","ocean_menu_typo_font_weight_tablet":"","ocean_menu_typo_font_weight_mobile":"","ocean_menu_typo_transform":"","ocean_menu_typo_transform_tablet":"","ocean_menu_typo_transform_mobile":"","ocean_menu_typo_line_height":0,"ocean_menu_typo_line_height_tablet":0,"ocean_menu_typo_line_height_mobile":0,"ocean_menu_typo_line_height_unit":"","ocean_menu_typo_spacing":0,"ocean_menu_typo_spacing_tablet":0,"ocean_menu_typo_spacing_mobile":0,"ocean_menu_typo_spacing_unit":"","ocean_menu_link_color":"","ocean_menu_link_color_hover":"","ocean_menu_link_color_active":"","ocean_menu_link_background":"","ocean_menu_link_hover_background":"","ocean_menu_link_active_background":"","ocean_menu_social_links_bg":"","ocean_menu_social_hover_links_bg":"","ocean_menu_social_links_color":"","ocean_menu_social_hover_links_color":"","ocean_disable_title":"default","ocean_disable_heading":"default","ocean_post_title":"","ocean_post_subheading":"","ocean_post_title_style":"","ocean_post_title_background_color":"","ocean_post_title_background":0,"ocean_post_title_bg_image_position":"","ocean_post_title_bg_image_attachment":"","ocean_post_title_bg_image_repeat":"","ocean_post_title_bg_image_size":"","ocean_post_title_height":0,"ocean_post_title_bg_overlay":0.5,"ocean_post_title_bg_overlay_color":"","ocean_disable_breadcrumbs":"default","ocean_breadcrumbs_color":"","ocean_breadcrumbs_separator_color":"","ocean_breadcrumbs_links_color":"","ocean_breadcrumbs_links_hover_color":"","ocean_display_footer_widgets":"default","ocean_display_footer_bottom":"default","ocean_custom_footer_template":"0","osh_disable_topbar_sticky":"default","osh_disable_header_sticky":"default","osh_sticky_header_style":"default","osh_sticky_header_effect":"","osh_custom_sticky_logo":0,"osh_custom_retina_sticky_logo":0,"osh_custom_sticky_logo_height":0,"osh_background_color":"","osh_links_color":"","osh_links_hover_color":"","osh_links_active_color":"","osh_links_bg_color":"","osh_links_hover_bg_color":"","osh_links_active_bg_color":"","osh_menu_social_links_color":"","osh_menu_social_hover_links_color":""},"product_brand":[],"product_cat":[46],"product_tag":[386,382,388,381,387],"class_list":{"0":"post-4052","1":"product","2":"type-product","3":"status-publish","4":"has-post-thumbnail","6":"product_cat-oil-mist-lubrication-systems","7":"product_tag-micro-lubrication-system","8":"product_tag-minimal-quantity-lubrication","9":"product_tag-minimum-quantity-lubrication","10":"product_tag-mql-lubrication-pump","11":"product_tag-oil-mist-coolant-pumps","13":"entry","14":"has-media","16":"first","17":"instock","18":"shipping-taxable","19":"product-type-external","20":"col","21":"span_1_of_3","22":"owp-content-center","23":"owp-thumbs-layout-horizontal","24":"owp-btn-very-big","25":"owp-tabs-layout-horizontal"},"_links":{"self":[{"href":"https:\/\/www.jinpinlub.com\/pl\/wp-json\/wp\/v2\/product\/4052","targetHints":{"allow":["GET"]}}],"collection":[{"href":"https:\/\/www.jinpinlub.com\/pl\/wp-json\/wp\/v2\/product"}],"about":[{"href":"https:\/\/www.jinpinlub.com\/pl\/wp-json\/wp\/v2\/types\/product"}],"wp:featuredmedia":[{"embeddable":true,"href":"https:\/\/www.jinpinlub.com\/pl\/wp-json\/wp\/v2\/media\/4057"}],"wp:attachment":[{"href":"https:\/\/www.jinpinlub.com\/pl\/wp-json\/wp\/v2\/media?parent=4052"}],"wp:term":[{"taxonomy":"product_brand","embeddable":true,"href":"https:\/\/www.jinpinlub.com\/pl\/wp-json\/wp\/v2\/product_brand?post=4052"},{"taxonomy":"product_cat","embeddable":true,"href":"https:\/\/www.jinpinlub.com\/pl\/wp-json\/wp\/v2\/product_cat?post=4052"},{"taxonomy":"product_tag","embeddable":true,"href":"https:\/\/www.jinpinlub.com\/pl\/wp-json\/wp\/v2\/product_tag?post=4052"}],"curies":[{"name":"wp","href":"https:\/\/api.w.org\/{rel}","templated":true}]}}