{"id":4064,"date":"2025-01-01T23:46:16","date_gmt":"2025-01-01T15:46:16","guid":{"rendered":"https:\/\/www.jinpinlub.com\/?post_type=product&#038;p=4064"},"modified":"2025-01-02T00:24:58","modified_gmt":"2025-01-01T16:24:58","slug":"jednostka-smarujaca-o-minimalnej-ilosci-mls-do-procesow-ciecia","status":"publish","type":"product","link":"https:\/\/www.jinpinlub.com\/pl\/product\/mls-minimal-quantity-lubrication-unit-for-cutting-processes\/","title":{"rendered":"Jednostka smarowania MLS o minimalnej ilo\u015bci do proces\u00f3w ci\u0119cia"},"content":{"rendered":"<h2>Funkcja<\/h2>\n<p><span id=\"input-sentence~0\">\u2013 Precyzyjne smarowanie: MLS wykorzystuje pomp\u0119 wyporow\u0105 o zmiennej wydajno\u015bci, kt\u00f3ra umo\u017cliwia wyrzucanie cieczy z precyzyjn\u0105 pr\u0119dko\u015bci\u0105, co zmniejsza ilo\u015b\u0107 odpad\u00f3w i zwi\u0119ksza wydajno\u015b\u0107.<br \/>\n\u2013 Konstrukcja modu\u0142owa: Konstrukcja modu\u0142owa umo\u017cliwia u\u017cytkownikom dodawanie lub zmniejszanie liczby pomp i konfigurowanie systemu mikrosmarowania z r\u00f3\u017cnymi portami wyj\u015bciowymi zgodnie z wymaganiami specyficznymi dla danego zastosowania.<\/span><span id=\"input-sentence~1\"><br \/>\n<span id=\"input-sentence~0\">&#8211; <\/span>Pompa wyporowa: Pompa wyporowa w systemie mikrosmarowania zapewnia sta\u0142y przep\u0142yw wyj\u015bciowy nawet przy zmianach ci\u015bnienia, co jest niezwykle istotne dla precyzyjnego smarowania.<br \/>\n<span id=\"input-sentence~0\">&#8211; <\/span>Dzia\u0142anie przy u\u017cyciu spr\u0119\u017conego powietrza: Ca\u0142y mikrosystem wykorzystuje wy\u0142\u0105cznie spr\u0119\u017cone powietrze, nie wymaga dodatkowego \u017ar\u00f3d\u0142a zasilania, co upraszcza instalacj\u0119 i obs\u0142ug\u0119, a jednocze\u015bnie zmniejsza zu\u017cycie energii.<\/span><\/p>\n<h2>Specyfikacja<\/h2>\n<table>\n<tbody>\n<tr>\n<td>Ci\u015bnienie powietrza zasilaj\u0105cego<\/td>\n<td>Czyste, suche spr\u0119\u017cone powietrze, 4~7 bar, minimum 708 LPM<\/td>\n<\/tr>\n<tr>\n<td>Lepko\u015b\u0107 pompy<\/td>\n<td>50~1000 SUS<\/td>\n<\/tr>\n<tr>\n<td>Wydajno\u015b\u0107 pompy przy pe\u0142nym skoku<\/td>\n<td>0,033 ml (standard 1 kropla), 0,100 ml (standard 3 krople)<\/td>\n<\/tr>\n<tr>\n<td>Wydajno\u015b\u0107 pompy<\/td>\n<td>0~396 ml\/godz. (standard 1 kropla), 0~1200 ml\/godz. (standard 3 krople)<\/td>\n<\/tr>\n<tr>\n<td>Przep\u0142yw powietrza<\/td>\n<td>0~4 SCFM dla ka\u017cdego wydatku powietrza i oleju, typowo 1~2 SCFM<\/td>\n<\/tr>\n<tr>\n<td>Generator impuls\u00f3w<\/td>\n<td>5~50 impuls\u00f3w\/min, maks. 200 impuls\u00f3w\/min (niezalecane)<\/td>\n<\/tr>\n<tr>\n<td>Temperatura pracy<\/td>\n<td>0\u2103 ~ +50\u02daC<\/td>\n<\/tr>\n<tr>\n<td>Temperatura przechowywania<\/td>\n<td>(-16\u2103 ~ +70\u02daC)<\/td>\n<\/tr>\n<tr>\n<td>Zbiornik na p\u0142yn<\/td>\n<td>Mo\u017cliwo\u015b\u0107 dostosowania, standardowo 0,5 l, 1,0 l, 2 l, 4 l<\/td>\n<\/tr>\n<\/tbody>\n<\/table>\n<h2>Modyfikacja<\/h2>\n<p>Po\u0142o\u017cenie dyszy ma kluczowe znaczenie dla efektu mikrosmarowania i powinno by\u0107 ustawione optymalnie w zale\u017cno\u015bci od r\u00f3\u017cnych metod obr\u00f3bki (takich jak frezowanie czo\u0142owe, frezowanie obwodowe itp.), upewniaj\u0105c si\u0119, \u017ce blok sprz\u0119gaj\u0105cy dyszy jest ustawiony poziomo lub skierowany w d\u00f3\u0142.<br \/>\nJe\u015bli w trakcie u\u017cytkowania efekt smarowania mg\u0142\u0105 olejow\u0105 nie jest zadowalaj\u0105cy lub zmieni si\u0119 po\u0142o\u017cenie dyszy, nale\u017cy j\u0105 na czas wyregulowa\u0107, co pomo\u017ce utrzyma\u0107 dobre w\u0142a\u015bciwo\u015bci smarne uk\u0142adu, a tak\u017ce jest cz\u0119\u015bci\u0105 prac konserwacyjnych.<br \/>\nR\u00f3\u017cne rodzaje dysz o minimalnej ilo\u015bci smaru (elastyczny plastik, p\u00f3\u0142sztywna mied\u017a, stal nierdzewna itp.) maj\u0105 swoje w\u0142asne cechy charakterystyczne i nale\u017cy zwr\u00f3ci\u0107 uwag\u0119 na unikanie uszkodze\u0144 podczas u\u017cytkowania. Na przyk\u0142ad elastyczne dysze plastikowe s\u0105 podatne na dotykanie i przemieszczanie, p\u00f3\u0142sztywne dysze miedziane mo\u017cna utwardzi\u0107 przez wielokrotne zginanie, a dysze ze stali nierdzewnej maj\u0105 dobr\u0105 sztywno\u015b\u0107, ale nie s\u0105 \u0142atwo zginane ani odkszta\u0142cane.<\/p>\n<h2>Instrukcje<\/h2>\n<div class=\"sdm_download_button_box_default\"><div class=\"sdm_download_link\"><a href=\"https:\/\/www.jinpinlub.com\/pl\/?sdm_process_download=1&download_id=4054\" class=\"sdm_download white\" title=\"Prywatne: Minimal Quantity Lubrication\" target=\"&quot;_blank&quot;\">Zobacz kart\u0119 danych - Minimalna ilo\u015b\u0107 smaru<\/a><\/div><\/div>","protected":false},"excerpt":{"rendered":"<p>System mikrosmarowania MLS jest znany z precyzyjnej, prostej i modu\u0142owej konstrukcji, pe\u0142ni\u0105c funkcj\u0119 pompy rozpylaj\u0105cej do mieszanek powietrza i oleju. System wykorzystuje pomp\u0119 wyporow\u0105, aby zapewni\u0107 ci\u0105g\u0142y i precyzyjny wtrysk, polegaj\u0105c na dzia\u0142aniu spr\u0119\u017conego powietrza.<\/p>","protected":false},"featured_media":4061,"template":"","meta":{"ocean_post_layout":"","ocean_both_sidebars_style":"","ocean_both_sidebars_content_width":0,"ocean_both_sidebars_sidebars_width":0,"ocean_sidebar":"0","ocean_second_sidebar":"0","ocean_disable_margins":"enable","ocean_add_body_class":"","ocean_shortcode_before_top_bar":"","ocean_shortcode_after_top_bar":"","ocean_shortcode_before_header":"","ocean_shortcode_after_header":"","ocean_has_shortcode":"","ocean_shortcode_after_title":"","ocean_shortcode_before_footer_widgets":"","ocean_shortcode_after_footer_widgets":"","ocean_shortcode_before_footer_bottom":"","ocean_shortcode_after_footer_bottom":"","ocean_display_top_bar":"default","ocean_display_header":"default","ocean_header_style":"","ocean_center_header_left_menu":"0","ocean_custom_header_template":"0","ocean_custom_logo":0,"ocean_custom_retina_logo":0,"ocean_custom_logo_max_width":0,"ocean_custom_logo_tablet_max_width":0,"ocean_custom_logo_mobile_max_width":0,"ocean_custom_logo_max_height":0,"ocean_custom_logo_tablet_max_height":0,"ocean_custom_logo_mobile_max_height":0,"ocean_header_custom_menu":"0","ocean_menu_typo_font_family":"0","ocean_menu_typo_font_subset":"","ocean_menu_typo_font_size":0,"ocean_menu_typo_font_size_tablet":0,"ocean_menu_typo_font_size_mobile":0,"ocean_menu_typo_font_size_unit":"px","ocean_menu_typo_font_weight":"","ocean_menu_typo_font_weight_tablet":"","ocean_menu_typo_font_weight_mobile":"","ocean_menu_typo_transform":"","ocean_menu_typo_transform_tablet":"","ocean_menu_typo_transform_mobile":"","ocean_menu_typo_line_height":0,"ocean_menu_typo_line_height_tablet":0,"ocean_menu_typo_line_height_mobile":0,"ocean_menu_typo_line_height_unit":"","ocean_menu_typo_spacing":0,"ocean_menu_typo_spacing_tablet":0,"ocean_menu_typo_spacing_mobile":0,"ocean_menu_typo_spacing_unit":"","ocean_menu_link_color":"","ocean_menu_link_color_hover":"","ocean_menu_link_color_active":"","ocean_menu_link_background":"","ocean_menu_link_hover_background":"","ocean_menu_link_active_background":"","ocean_menu_social_links_bg":"","ocean_menu_social_hover_links_bg":"","ocean_menu_social_links_color":"","ocean_menu_social_hover_links_color":"","ocean_disable_title":"default","ocean_disable_heading":"default","ocean_post_title":"","ocean_post_subheading":"","ocean_post_title_style":"","ocean_post_title_background_color":"","ocean_post_title_background":0,"ocean_post_title_bg_image_position":"","ocean_post_title_bg_image_attachment":"","ocean_post_title_bg_image_repeat":"","ocean_post_title_bg_image_size":"","ocean_post_title_height":0,"ocean_post_title_bg_overlay":0.5,"ocean_post_title_bg_overlay_color":"","ocean_disable_breadcrumbs":"default","ocean_breadcrumbs_color":"","ocean_breadcrumbs_separator_color":"","ocean_breadcrumbs_links_color":"","ocean_breadcrumbs_links_hover_color":"","ocean_display_footer_widgets":"default","ocean_display_footer_bottom":"default","ocean_custom_footer_template":"0","osh_disable_topbar_sticky":"default","osh_disable_header_sticky":"default","osh_sticky_header_style":"default","osh_sticky_header_effect":"","osh_custom_sticky_logo":0,"osh_custom_retina_sticky_logo":0,"osh_custom_sticky_logo_height":0,"osh_background_color":"","osh_links_color":"","osh_links_hover_color":"","osh_links_active_color":"","osh_links_bg_color":"","osh_links_hover_bg_color":"","osh_links_active_bg_color":"","osh_menu_social_links_color":"","osh_menu_social_hover_links_color":""},"product_brand":[],"product_cat":[46],"product_tag":[385,383,382,381,384],"class_list":{"0":"post-4064","1":"product","2":"type-product","3":"status-publish","4":"has-post-thumbnail","6":"product_cat-oil-mist-lubrication-systems","7":"product_tag-cooling-lubrication-system","8":"product_tag-micro-lubrication-pump","9":"product_tag-minimal-quantity-lubrication","10":"product_tag-mql-lubrication-pump","11":"product_tag-oil-mist-lubrication-system","13":"entry","14":"has-media","16":"first","17":"instock","18":"shipping-taxable","19":"product-type-external","20":"col","21":"span_1_of_3","22":"owp-content-center","23":"owp-thumbs-layout-horizontal","24":"owp-btn-very-big","25":"owp-tabs-layout-horizontal"},"_links":{"self":[{"href":"https:\/\/www.jinpinlub.com\/pl\/wp-json\/wp\/v2\/product\/4064","targetHints":{"allow":["GET"]}}],"collection":[{"href":"https:\/\/www.jinpinlub.com\/pl\/wp-json\/wp\/v2\/product"}],"about":[{"href":"https:\/\/www.jinpinlub.com\/pl\/wp-json\/wp\/v2\/types\/product"}],"wp:featuredmedia":[{"embeddable":true,"href":"https:\/\/www.jinpinlub.com\/pl\/wp-json\/wp\/v2\/media\/4061"}],"wp:attachment":[{"href":"https:\/\/www.jinpinlub.com\/pl\/wp-json\/wp\/v2\/media?parent=4064"}],"wp:term":[{"taxonomy":"product_brand","embeddable":true,"href":"https:\/\/www.jinpinlub.com\/pl\/wp-json\/wp\/v2\/product_brand?post=4064"},{"taxonomy":"product_cat","embeddable":true,"href":"https:\/\/www.jinpinlub.com\/pl\/wp-json\/wp\/v2\/product_cat?post=4064"},{"taxonomy":"product_tag","embeddable":true,"href":"https:\/\/www.jinpinlub.com\/pl\/wp-json\/wp\/v2\/product_tag?post=4064"}],"curies":[{"name":"wp","href":"https:\/\/api.w.org\/{rel}","templated":true}]}}