{"id":4075,"date":"2025-01-02T03:59:02","date_gmt":"2025-01-01T19:59:02","guid":{"rendered":"https:\/\/www.jinpinlub.com\/?post_type=product&#038;p=4075"},"modified":"2025-01-02T04:17:15","modified_gmt":"2025-01-01T20:17:15","slug":"pompa-smarujaca-o-minimalnej-ilosci-do-wiercenia-otworow","status":"publish","type":"product","link":"https:\/\/www.jinpinlub.com\/pl\/product\/custom-minimal-quantity-lubrication-pump-for-hole-drilling\/","title":{"rendered":"Niestandardowa pompa smaruj\u0105ca o minimalnej ilo\u015bci do wiercenia otwor\u00f3w"},"content":{"rendered":"<h2>Funkcja<\/h2>\n<p>1. Pojemno\u015b\u0107 zbiornika: System smarowania minimaln\u0105 ilo\u015bci\u0105 MLS zapewnia zbiorniki magazynowe o r\u00f3\u017cnych pojemno\u015bciach, przy czym standardowa pojemno\u015b\u0107 wynosi 0,5 l, 1 l, 2 l, 4 l. U\u017cytkownicy mog\u0105 wybra\u0107 odpowiedni zbiornik magazynowy na podstawie rzeczywistego zu\u017cycia.<br \/>\n2. Regulacja przep\u0142ywu powietrza: Przep\u0142yw powietrza w pompie rozpylaj\u0105cej jest kontrolowany przez \u015brub\u0119 dozuj\u0105c\u0105 powietrze, a g\u0119sto\u015b\u0107 i odleg\u0142o\u015b\u0107 rozpylenia s\u0105 okre\u015blane przez \u015brub\u0119 dozuj\u0105c\u0105 powietrze i pokr\u0119t\u0142o regulacji skoku pompy.<br \/>\n3. Regulacja cz\u0119stotliwo\u015bci generatora impuls\u00f3w: Generator impuls\u00f3w systemu smarowania minimaln\u0105 ilo\u015bci\u0105 MLS to specjalnie zaprojektowany i wyprodukowany pneumatyczny timer o zmiennym czasie dzia\u0142ania, s\u0142u\u017c\u0105cy do sterowania pr\u0119dko\u015bci\u0105 cyrkulacji pompy, przy zalecanej cz\u0119stotliwo\u015bci 5\u201350 impuls\u00f3w na minut\u0119.<br \/>\n4. Wyj\u015bcie sterowania zaworem elektromagnetycznym: Obw\u00f3d pneumatyczny minimalnego smarowania MLS mo\u017cna r\u00f3wnie\u017c kontrolowa\u0107 za pomoc\u0105 zaworu elektromagnetycznego, a cz\u0119stotliwo\u015b\u0107 wlotu powietrza mo\u017cna ustawi\u0107 w celu uzyskania precyzyjnej kontroli cz\u0119stotliwo\u015bci wyj\u015bciowej pompy atomizuj\u0105cej za pomoc\u0105 zaworu elektromagnetycznego.<\/p>\n<h2>Specyfikacja<\/h2>\n<table>\n<tbody>\n<tr>\n<td>Ci\u015bnienie powietrza zasilaj\u0105cego<\/td>\n<td>Czyste, suche spr\u0119\u017cone powietrze, 4~7 bar, minimum 708 LPM<\/td>\n<\/tr>\n<tr>\n<td>Lepko\u015b\u0107 pompy<\/td>\n<td>50~1000 SUS<\/td>\n<\/tr>\n<tr>\n<td>Wydajno\u015b\u0107 pompy przy pe\u0142nym skoku<\/td>\n<td>0,033 ml (standard 1 kropla), 0,100 ml (standard 3 krople)<\/td>\n<\/tr>\n<tr>\n<td>Wydajno\u015b\u0107 pompy<\/td>\n<td>0~396 ml\/godz. (standard 1 kropla), 0~1200 ml\/godz. (standard 3 krople)<\/td>\n<\/tr>\n<tr>\n<td>Przep\u0142yw powietrza<\/td>\n<td>0~4 SCFM dla ka\u017cdego wydatku powietrza i oleju, typowo 1~2 SCFM<\/td>\n<\/tr>\n<tr>\n<td>Generator impuls\u00f3w<\/td>\n<td>5~50 impuls\u00f3w\/min, maks. 200 impuls\u00f3w\/min (niezalecane)<\/td>\n<\/tr>\n<tr>\n<td>Temperatura pracy<\/td>\n<td>0\u2103 ~ +50\u02daC<\/td>\n<\/tr>\n<tr>\n<td>Temperatura przechowywania<\/td>\n<td>(-16\u2103 ~ +70\u02daC)<\/td>\n<\/tr>\n<tr>\n<td>Zbiornik na p\u0142yn<\/td>\n<td>Mo\u017cliwo\u015b\u0107 dostosowania, standardowo 0,5 l, 1,0 l, 2 l, 4 l<\/td>\n<\/tr>\n<\/tbody>\n<\/table>\n<h2>Dysze<\/h2>\n<p>\u2013 System MQL z elastyczn\u0105 dysz\u0105 plastikow\u0105<br \/>\nZalety: \u0141atwo ustawi\u0107 pozycj\u0119, w kt\u00f3rej potrzebny jest spray, i nie b\u0119dzie utwardza\u0107 si\u0119, gdy b\u0119dzie wielokrotnie wyginany w r\u00f3\u017cne kszta\u0142ty. Wady: \u0141atwo go dotkn\u0105\u0107 i przesun\u0105\u0107 z pozycji. Wyj\u015bcie sprayu jest sto\u017ckowe, z k\u0105tem zawartym oko\u0142o 15-20 stopni.<br \/>\n\u2013 System MQL z p\u00f3\u0142sztywn\u0105 dysz\u0105 miedzian\u0105<br \/>\nZalety: Osi\u0105ga dobr\u0105 r\u00f3wnowag\u0119 mi\u0119dzy elastyczno\u015bci\u0105 a sztywno\u015bci\u0105, \u0142atwo si\u0119 wygina i formuje w okre\u015blony kszta\u0142t, a tak\u017ce zachowuje sw\u00f3j kszta\u0142t, gdy jest poddawany umiarkowanemu uderzeniu si\u0142y. Wady: Powtarzaj\u0105ce si\u0119 wyginanie doprowadzi do utwardzenia roboczego, a w ko\u0144cu korpus dyszy mo\u017ce p\u0119kn\u0105\u0107. Wyj\u015bcie strumienia jest sto\u017ckowe, z k\u0105tem zawartym oko\u0142o 15-20 stopni.<br \/>\n\u2013 System MQL z dysz\u0105 ze stali nierdzewnej<br \/>\nZalety: Dobra sztywno\u015b\u0107, nie\u0142atwo si\u0119 wygina ani odkszta\u0142ca, nadaje si\u0119 do umieszczenia w sta\u0142ej pozycji i oczekuje si\u0119, \u017ce wytrzyma du\u017ce si\u0142y. Wady: Wyj\u015bcie strumienia jest sto\u017ckowe, a k\u0105t rozpylenia wynosi oko\u0142o 15-20 stopni.<\/p>\n<h2>Instrukcje<\/h2>\n<div class=\"sdm_download_button_box_default\"><div class=\"sdm_download_link\"><a href=\"https:\/\/www.jinpinlub.com\/pl\/?sdm_process_download=1&download_id=4054\" class=\"sdm_download white\" title=\"Prywatne: Minimal Quantity Lubrication\" target=\"&quot;_blank&quot;\">Zobacz kart\u0119 danych - Minimalna ilo\u015b\u0107 smaru<\/a><\/div><\/div>","protected":false},"excerpt":{"rendered":"<p>System smarowania minimaln\u0105 ilo\u015bci\u0105 MQL wykorzystuje pomp\u0119 wyporow\u0105, kt\u00f3ra dzia\u0142a na spr\u0119\u017cone powietrze. Jego modu\u0142owa konstrukcja obs\u0142uguje personalizacj\u0119, z precyzyjn\u0105 wydajno\u015bci\u0105 pompy, kt\u00f3r\u0105 mo\u017cna regulowa\u0107 za pomoc\u0105 \u015brub dozuj\u0105cych powietrze, pokr\u0119te\u0142 regulacji skoku pompy.<\/p>","protected":false},"featured_media":4079,"template":"","meta":{"ocean_post_layout":"","ocean_both_sidebars_style":"","ocean_both_sidebars_content_width":0,"ocean_both_sidebars_sidebars_width":0,"ocean_sidebar":"0","ocean_second_sidebar":"0","ocean_disable_margins":"enable","ocean_add_body_class":"","ocean_shortcode_before_top_bar":"","ocean_shortcode_after_top_bar":"","ocean_shortcode_before_header":"","ocean_shortcode_after_header":"","ocean_has_shortcode":"","ocean_shortcode_after_title":"","ocean_shortcode_before_footer_widgets":"","ocean_shortcode_after_footer_widgets":"","ocean_shortcode_before_footer_bottom":"","ocean_shortcode_after_footer_bottom":"","ocean_display_top_bar":"default","ocean_display_header":"default","ocean_header_style":"","ocean_center_header_left_menu":"0","ocean_custom_header_template":"0","ocean_custom_logo":0,"ocean_custom_retina_logo":0,"ocean_custom_logo_max_width":0,"ocean_custom_logo_tablet_max_width":0,"ocean_custom_logo_mobile_max_width":0,"ocean_custom_logo_max_height":0,"ocean_custom_logo_tablet_max_height":0,"ocean_custom_logo_mobile_max_height":0,"ocean_header_custom_menu":"0","ocean_menu_typo_font_family":"0","ocean_menu_typo_font_subset":"","ocean_menu_typo_font_size":0,"ocean_menu_typo_font_size_tablet":0,"ocean_menu_typo_font_size_mobile":0,"ocean_menu_typo_font_size_unit":"px","ocean_menu_typo_font_weight":"","ocean_menu_typo_font_weight_tablet":"","ocean_menu_typo_font_weight_mobile":"","ocean_menu_typo_transform":"","ocean_menu_typo_transform_tablet":"","ocean_menu_typo_transform_mobile":"","ocean_menu_typo_line_height":0,"ocean_menu_typo_line_height_tablet":0,"ocean_menu_typo_line_height_mobile":0,"ocean_menu_typo_line_height_unit":"","ocean_menu_typo_spacing":0,"ocean_menu_typo_spacing_tablet":0,"ocean_menu_typo_spacing_mobile":0,"ocean_menu_typo_spacing_unit":"","ocean_menu_link_color":"","ocean_menu_link_color_hover":"","ocean_menu_link_color_active":"","ocean_menu_link_background":"","ocean_menu_link_hover_background":"","ocean_menu_link_active_background":"","ocean_menu_social_links_bg":"","ocean_menu_social_hover_links_bg":"","ocean_menu_social_links_color":"","ocean_menu_social_hover_links_color":"","ocean_disable_title":"default","ocean_disable_heading":"default","ocean_post_title":"","ocean_post_subheading":"","ocean_post_title_style":"","ocean_post_title_background_color":"","ocean_post_title_background":0,"ocean_post_title_bg_image_position":"","ocean_post_title_bg_image_attachment":"","ocean_post_title_bg_image_repeat":"","ocean_post_title_bg_image_size":"","ocean_post_title_height":0,"ocean_post_title_bg_overlay":0.5,"ocean_post_title_bg_overlay_color":"","ocean_disable_breadcrumbs":"default","ocean_breadcrumbs_color":"","ocean_breadcrumbs_separator_color":"","ocean_breadcrumbs_links_color":"","ocean_breadcrumbs_links_hover_color":"","ocean_display_footer_widgets":"default","ocean_display_footer_bottom":"default","ocean_custom_footer_template":"0","osh_disable_topbar_sticky":"default","osh_disable_header_sticky":"default","osh_sticky_header_style":"default","osh_sticky_header_effect":"","osh_custom_sticky_logo":0,"osh_custom_retina_sticky_logo":0,"osh_custom_sticky_logo_height":0,"osh_background_color":"","osh_links_color":"","osh_links_hover_color":"","osh_links_active_color":"","osh_links_bg_color":"","osh_links_hover_bg_color":"","osh_links_active_bg_color":"","osh_menu_social_links_color":"","osh_menu_social_hover_links_color":""},"product_brand":[],"product_cat":[46],"product_tag":[385,386,382,389,390],"class_list":{"0":"post-4075","1":"product","2":"type-product","3":"status-publish","4":"has-post-thumbnail","6":"product_cat-oil-mist-lubrication-systems","7":"product_tag-cooling-lubrication-system","8":"product_tag-micro-lubrication-system","9":"product_tag-minimal-quantity-lubrication","10":"product_tag-pneumatic-oil-mist-pump","11":"product_tag-pneumatic-spray-pump","13":"entry","14":"has-media","16":"first","17":"instock","18":"shipping-taxable","19":"product-type-external","20":"col","21":"span_1_of_3","22":"owp-content-center","23":"owp-thumbs-layout-horizontal","24":"owp-btn-very-big","25":"owp-tabs-layout-horizontal"},"_links":{"self":[{"href":"https:\/\/www.jinpinlub.com\/pl\/wp-json\/wp\/v2\/product\/4075","targetHints":{"allow":["GET"]}}],"collection":[{"href":"https:\/\/www.jinpinlub.com\/pl\/wp-json\/wp\/v2\/product"}],"about":[{"href":"https:\/\/www.jinpinlub.com\/pl\/wp-json\/wp\/v2\/types\/product"}],"wp:featuredmedia":[{"embeddable":true,"href":"https:\/\/www.jinpinlub.com\/pl\/wp-json\/wp\/v2\/media\/4079"}],"wp:attachment":[{"href":"https:\/\/www.jinpinlub.com\/pl\/wp-json\/wp\/v2\/media?parent=4075"}],"wp:term":[{"taxonomy":"product_brand","embeddable":true,"href":"https:\/\/www.jinpinlub.com\/pl\/wp-json\/wp\/v2\/product_brand?post=4075"},{"taxonomy":"product_cat","embeddable":true,"href":"https:\/\/www.jinpinlub.com\/pl\/wp-json\/wp\/v2\/product_cat?post=4075"},{"taxonomy":"product_tag","embeddable":true,"href":"https:\/\/www.jinpinlub.com\/pl\/wp-json\/wp\/v2\/product_tag?post=4075"}],"curies":[{"name":"wp","href":"https:\/\/api.w.org\/{rel}","templated":true}]}}