{"id":4080,"date":"2025-01-02T04:38:57","date_gmt":"2025-01-01T20:38:57","guid":{"rendered":"https:\/\/www.jinpinlub.com\/?post_type=product&#038;p=4080"},"modified":"2025-01-02T04:50:49","modified_gmt":"2025-01-01T20:50:49","slug":"dostosowany-system-chlodzenia-z-minimalna-iloscia-smarowania-mql","status":"publish","type":"product","link":"https:\/\/www.jinpinlub.com\/pl\/product\/customized-mql-minimal-quantity-lubrication-cooling-system\/","title":{"rendered":"Dostosowany system ch\u0142odzenia MQL o minimalnej ilo\u015bci smarowania"},"content":{"rendered":"<h2>Funkcja<\/h2>\n<p>\u2013 Filtr powietrza: Standardowa konfiguracja uk\u0142adu smarowania MQL ze stalow\u0105 obudow\u0105, s\u0142u\u017c\u0105ca do filtrowania zanieczyszcze\u0144 w powietrzu.<br \/>\n\u2013 Zaw\u00f3r steruj\u0105cy: uk\u0142ad smarowania MQL obejmuje zaw\u00f3r elektromagnetyczny, zaw\u00f3r steruj\u0105cy powietrzem, zaw\u00f3r r\u0119czny lub zaw\u00f3r no\u017cny, a odpowiedni\u0105 metod\u0119 sterowania mo\u017cna wybra\u0107 zgodnie ze szczeg\u00f3\u0142owymi potrzebami.<br \/>\n\u2013 Pompa wyporowa: precyzyjna i niezawodna, o pe\u0142nej wydajno\u015bci skokowej 0,033 ml, 0,100 ml lub 0,045 ml.<br \/>\n\u2013 Generator impuls\u00f3w pneumatycznych: Steruje pr\u0119dko\u015bci\u0105 cyklu pompy rozpylaj\u0105cej, a jego cz\u0119stotliwo\u015b\u0107 zale\u017cy od zmian ci\u015bnienia powietrza i zmian mechanicznych; mo\u017cna j\u0105 regulowa\u0107.<br \/>\n\u2013 \u015aruba dozuj\u0105ca powietrze: S\u0142u\u017cy do kontrolowania przep\u0142ywu powietrza dyszy pompy rozpylaj\u0105cej oraz do regulacji efektu rozpylania za pomoc\u0105 pokr\u0119t\u0142a regulacji skoku pompy.<br \/>\n\u2013 Pokr\u0119t\u0142o regulacji skoku pompy: Kontroluje ilo\u015b\u0107 cieczy podawanej na skok, umo\u017cliwiaj\u0105c precyzyjn\u0105 regulacj\u0119 wydatku oleju.<br \/>\n\u2013 Zbiornik: system smarowania MQL ma r\u00f3\u017cne pojemno\u015bci do wyboru, takie jak 0,5 l, 1,0 l, 2,0 l, 4,0 l, i mo\u017ce by\u0107 r\u00f3wnie\u017c dostosowany do potrzeb.<\/p>\n<h2>Specyfikacja<\/h2>\n<table>\n<tbody>\n<tr>\n<td>Ci\u015bnienie powietrza zasilaj\u0105cego<\/td>\n<td>Czyste, suche spr\u0119\u017cone powietrze, 4~7 bar, minimum 708 LPM<\/td>\n<\/tr>\n<tr>\n<td>Lepko\u015b\u0107 pompy<\/td>\n<td>50~1000 SUS<\/td>\n<\/tr>\n<tr>\n<td>Wydajno\u015b\u0107 pompy przy pe\u0142nym skoku<\/td>\n<td>0,033 ml (standard 1 kropla), 0,100 ml (standard 3 krople)<\/td>\n<\/tr>\n<tr>\n<td>Wydajno\u015b\u0107 pompy<\/td>\n<td>0~396 ml\/godz. (standard 1 kropla), 0~1200 ml\/godz. (standard 3 krople)<\/td>\n<\/tr>\n<tr>\n<td>Przep\u0142yw powietrza<\/td>\n<td>0~4 SCFM dla ka\u017cdego wydatku powietrza i oleju, typowo 1~2 SCFM<\/td>\n<\/tr>\n<tr>\n<td>Generator impuls\u00f3w<\/td>\n<td>5~50 impuls\u00f3w\/min, maks. 200 impuls\u00f3w\/min (niezalecane)<\/td>\n<\/tr>\n<tr>\n<td>Temperatura pracy<\/td>\n<td>0\u2103 ~ +50\u02daC<\/td>\n<\/tr>\n<tr>\n<td>Temperatura przechowywania<\/td>\n<td>(-16\u2103 ~ +70\u02daC)<\/td>\n<\/tr>\n<tr>\n<td>Zbiornik na p\u0142yn<\/td>\n<td>Mo\u017cliwo\u015b\u0107 dostosowania, standardowo 0,5 l, 1,0 l, 2 l, 4 l<\/td>\n<\/tr>\n<\/tbody>\n<\/table>\n<h2>Zasada<\/h2>\n<p>Zasada dzia\u0142ania pompy<br \/>\n\u0179r\u00f3d\u0142o zasilania systemu MQL: System wykorzystuje pneumatyczn\u0105 pomp\u0119 wyporow\u0105 w celu zapewnienia dostarczania i dozowania oleju.<br \/>\nMetoda dozowania: Pompa rozpylaj\u0105ca steruje przep\u0142ywem powietrza przez \u015brub\u0119 dozuj\u0105c\u0105 powietrze i wsp\u00f3\u0142pracuje z pokr\u0119t\u0142em regulacji skoku, aby uzyska\u0107 dok\u0142adne proporcje i wydajno\u015b\u0107 mieszanki oleju i powietrza.<br \/>\nZasada atomizacji<br \/>\nW pompie rozpylaj\u0105cej systemu MQL olej i powietrze s\u0105 oddzielone w pompie, a\u017c dotr\u0105 do punktu aplikacji. Dzi\u0119ki metodzie wyj\u015bcia wsp\u00f3\u0142osiowego p\u0142yn i powietrze s\u0105 \u0142\u0105czone na ko\u0144cu dyszy, a \u201ep\u0142aszcz powietrzny\u201d wok\u00f3\u0142 wylotu p\u0142ynu r\u00f3wnomiernie rozpyla p\u0142yn<br \/>\nZasada dzia\u0142ania generatora impuls\u00f3w<br \/>\nGenerator impuls\u00f3w systemu MQL steruje szybko\u015bci\u0105 cyklu pompy poprzez kontrolowanie rytmu w\u0142\u0105czania i wy\u0142\u0105czania spr\u0119\u017conego powietrza. Je\u015bli wymagana jest precyzyjna kontrola, u\u017cyj regulowanego prze\u0142\u0105cznika powietrza i wyreguluj pokr\u0119t\u0142o, aby ustawi\u0107 cz\u0119stotliwo\u015b\u0107.<\/p>\n<h2>Instrukcje<\/h2>\n<div class=\"sdm_download_button_box_default\"><div class=\"sdm_download_link\"><a href=\"https:\/\/www.jinpinlub.com\/pl\/?sdm_process_download=1&download_id=4054\" class=\"sdm_download white\" title=\"Prywatne: Minimal Quantity Lubrication\" target=\"&quot;_blank&quot;\">Zobacz kart\u0119 danych - Minimalna ilo\u015b\u0107 smaru<\/a><\/div><\/div>","protected":false},"excerpt":{"rendered":"<p>System smarowania minimaln\u0105 ilo\u015bci\u0105 Jinpinlub MLS jest zwykle stosowany w procesach wiercenia, toczenia, frezowania i innych procesach przetwarzania. Dzi\u0119ki smarowaniu minimaln\u0105 ilo\u015bci\u0105 mg\u0142y olejowej mo\u017ce on skutecznie zmniejszy\u0107 zu\u017cycie, ciep\u0142o i wi\u00f3ry, jednocze\u015bnie utrzymuj\u0105c obrabiany przedmiot i narz\u0119dzie w czysto\u015bci.<\/p>","protected":false},"featured_media":4081,"template":"","meta":{"ocean_post_layout":"","ocean_both_sidebars_style":"","ocean_both_sidebars_content_width":0,"ocean_both_sidebars_sidebars_width":0,"ocean_sidebar":"0","ocean_second_sidebar":"0","ocean_disable_margins":"enable","ocean_add_body_class":"","ocean_shortcode_before_top_bar":"","ocean_shortcode_after_top_bar":"","ocean_shortcode_before_header":"","ocean_shortcode_after_header":"","ocean_has_shortcode":"","ocean_shortcode_after_title":"","ocean_shortcode_before_footer_widgets":"","ocean_shortcode_after_footer_widgets":"","ocean_shortcode_before_footer_bottom":"","ocean_shortcode_after_footer_bottom":"","ocean_display_top_bar":"default","ocean_display_header":"default","ocean_header_style":"","ocean_center_header_left_menu":"0","ocean_custom_header_template":"0","ocean_custom_logo":0,"ocean_custom_retina_logo":0,"ocean_custom_logo_max_width":0,"ocean_custom_logo_tablet_max_width":0,"ocean_custom_logo_mobile_max_width":0,"ocean_custom_logo_max_height":0,"ocean_custom_logo_tablet_max_height":0,"ocean_custom_logo_mobile_max_height":0,"ocean_header_custom_menu":"0","ocean_menu_typo_font_family":"0","ocean_menu_typo_font_subset":"","ocean_menu_typo_font_size":0,"ocean_menu_typo_font_size_tablet":0,"ocean_menu_typo_font_size_mobile":0,"ocean_menu_typo_font_size_unit":"px","ocean_menu_typo_font_weight":"","ocean_menu_typo_font_weight_tablet":"","ocean_menu_typo_font_weight_mobile":"","ocean_menu_typo_transform":"","ocean_menu_typo_transform_tablet":"","ocean_menu_typo_transform_mobile":"","ocean_menu_typo_line_height":0,"ocean_menu_typo_line_height_tablet":0,"ocean_menu_typo_line_height_mobile":0,"ocean_menu_typo_line_height_unit":"","ocean_menu_typo_spacing":0,"ocean_menu_typo_spacing_tablet":0,"ocean_menu_typo_spacing_mobile":0,"ocean_menu_typo_spacing_unit":"","ocean_menu_link_color":"","ocean_menu_link_color_hover":"","ocean_menu_link_color_active":"","ocean_menu_link_background":"","ocean_menu_link_hover_background":"","ocean_menu_link_active_background":"","ocean_menu_social_links_bg":"","ocean_menu_social_hover_links_bg":"","ocean_menu_social_links_color":"","ocean_menu_social_hover_links_color":"","ocean_disable_title":"default","ocean_disable_heading":"default","ocean_post_title":"","ocean_post_subheading":"","ocean_post_title_style":"","ocean_post_title_background_color":"","ocean_post_title_background":0,"ocean_post_title_bg_image_position":"","ocean_post_title_bg_image_attachment":"","ocean_post_title_bg_image_repeat":"","ocean_post_title_bg_image_size":"","ocean_post_title_height":0,"ocean_post_title_bg_overlay":0.5,"ocean_post_title_bg_overlay_color":"","ocean_disable_breadcrumbs":"default","ocean_breadcrumbs_color":"","ocean_breadcrumbs_separator_color":"","ocean_breadcrumbs_links_color":"","ocean_breadcrumbs_links_hover_color":"","ocean_display_footer_widgets":"default","ocean_display_footer_bottom":"default","ocean_custom_footer_template":"0","osh_disable_topbar_sticky":"default","osh_disable_header_sticky":"default","osh_sticky_header_style":"default","osh_sticky_header_effect":"","osh_custom_sticky_logo":0,"osh_custom_retina_sticky_logo":0,"osh_custom_sticky_logo_height":0,"osh_background_color":"","osh_links_color":"","osh_links_hover_color":"","osh_links_active_color":"","osh_links_bg_color":"","osh_links_hover_bg_color":"","osh_links_active_bg_color":"","osh_menu_social_links_color":"","osh_menu_social_hover_links_color":""},"product_brand":[],"product_cat":[46],"product_tag":[385,381,384,389,390],"class_list":{"0":"post-4080","1":"product","2":"type-product","3":"status-publish","4":"has-post-thumbnail","6":"product_cat-oil-mist-lubrication-systems","7":"product_tag-cooling-lubrication-system","8":"product_tag-mql-lubrication-pump","9":"product_tag-oil-mist-lubrication-system","10":"product_tag-pneumatic-oil-mist-pump","11":"product_tag-pneumatic-spray-pump","13":"entry","14":"has-media","16":"first","17":"instock","18":"shipping-taxable","19":"product-type-external","20":"col","21":"span_1_of_3","22":"owp-content-center","23":"owp-thumbs-layout-horizontal","24":"owp-btn-very-big","25":"owp-tabs-layout-horizontal"},"_links":{"self":[{"href":"https:\/\/www.jinpinlub.com\/pl\/wp-json\/wp\/v2\/product\/4080","targetHints":{"allow":["GET"]}}],"collection":[{"href":"https:\/\/www.jinpinlub.com\/pl\/wp-json\/wp\/v2\/product"}],"about":[{"href":"https:\/\/www.jinpinlub.com\/pl\/wp-json\/wp\/v2\/types\/product"}],"wp:featuredmedia":[{"embeddable":true,"href":"https:\/\/www.jinpinlub.com\/pl\/wp-json\/wp\/v2\/media\/4081"}],"wp:attachment":[{"href":"https:\/\/www.jinpinlub.com\/pl\/wp-json\/wp\/v2\/media?parent=4080"}],"wp:term":[{"taxonomy":"product_brand","embeddable":true,"href":"https:\/\/www.jinpinlub.com\/pl\/wp-json\/wp\/v2\/product_brand?post=4080"},{"taxonomy":"product_cat","embeddable":true,"href":"https:\/\/www.jinpinlub.com\/pl\/wp-json\/wp\/v2\/product_cat?post=4080"},{"taxonomy":"product_tag","embeddable":true,"href":"https:\/\/www.jinpinlub.com\/pl\/wp-json\/wp\/v2\/product_tag?post=4080"}],"curies":[{"name":"wp","href":"https:\/\/api.w.org\/{rel}","templated":true}]}}