{"id":4101,"date":"2025-01-12T03:58:27","date_gmt":"2025-01-11T19:58:27","guid":{"rendered":"https:\/\/www.jinpinlub.com\/?post_type=product&#038;p=4101"},"modified":"2025-01-12T04:24:39","modified_gmt":"2025-01-11T20:24:39","slug":"pompa-smarownicza-wyporowa-jhg4-do-cnc","status":"publish","type":"product","link":"https:\/\/www.jinpinlub.com\/pl\/product\/jhg4-positive-displacement-grease-lubrication-pump-for-cnc\/","title":{"rendered":"Pompa smarownicza wyporowa JHG4 do CNC"},"content":{"rendered":"<h2>Funkcja<\/h2>\n<p>1. Pompa smarownicza JHG4 nadaje si\u0119 do smarowania smarem i olejem smarowym o niskim przep\u0142ywie. Odpowiednia lepko\u015b\u0107 p\u0142ynnego mas\u0142a wynosi NLGI 000, 00, 0#.<br \/>\n2. Za pomoc\u0105 pistoletu smarowego lub automatycznej maszyny nape\u0142niaj\u0105cej uzupe\u0142nij smar przez wlot smarownicy, aby zapobiec przedostawaniu si\u0119 powietrza i zanieczyszcze\u0144.<br \/>\n3. Elektryczna pompa smaruj\u0105ca jest sterowana przez PLC i mo\u017ce by\u0107 u\u017cywana z rozdzielaczami ilo\u015bciowymi MU, MG2, MG w celu kontrolowania dostaw oleju. Rozdzielacze ilo\u015bciowe MU, MG2, MG maj\u0105 wiele opcji przep\u0142ywu, a ten sam zestaw rozdzielaczy mo\u017ce r\u00f3wnie\u017c mie\u0107 wiele opcji przep\u0142ywu.<br \/>\n4. Mo\u017cna wybra\u0107 czujnik niskiego poziomu cieczy, tzn. gdy ilo\u015b\u0107 \u015brodka smaruj\u0105cego b\u0119dzie zbyt niska, czujnik automatycznie wy\u015ble sygna\u0142.<br \/>\n5. Mo\u017cna wybra\u0107 manometr, aby bezpo\u015brednio wizualnie obserwowa\u0107 stan ci\u015bnienia podczas wypuszczania oleju.<br \/>\n6. Z zaworem reguluj\u0105cym ci\u015bnienie, umo\u017cliwiaj\u0105cym regulacj\u0119 ci\u015bnienia roboczego pompy smaruj\u0105cej i ochron\u0119 jej bezpiecze\u0144stwa pracy.<br \/>\n7. W przypadku zastosowania zaworu elektromagnetycznego nadmiarowego pompa smaruj\u0105ca przestaje pracowa\u0107, a ci\u015bnienie w ruroci\u0105gu zostaje zredukowane.<\/p>\n<h2>Specyfikacja<\/h2>\n<table>\n<tbody>\n<tr>\n<td>Model<\/td>\n<td>JHG4<\/td>\n<\/tr>\n<tr>\n<td>Czas smarowania<\/td>\n<td>PLC lub sterownik zewn\u0119trzny<\/td>\n<\/tr>\n<tr>\n<td>Czas interwa\u0142u<\/td>\n<td>PLC lub sterownik zewn\u0119trzny<\/td>\n<\/tr>\n<tr>\n<td>Temperatura pracy<\/td>\n<td>0\u2103~ +50\u00b0C (niskie temperatury wymagaj\u0105 smaru zapobiegaj\u0105cego zamarzaniu)<\/td>\n<\/tr>\n<tr>\n<td>Liczba wyj\u015b\u0107<\/td>\n<td>1<\/td>\n<\/tr>\n<tr>\n<td>Pojemno\u015b\u0107 zbiornika<\/td>\n<td>1,5 l<\/td>\n<\/tr>\n<tr>\n<td>Uzupe\u0142nianie<\/td>\n<td>Wlot (zbiornik)<\/td>\n<\/tr>\n<tr>\n<td>Smar<\/td>\n<td>Smary klasy NLGI 000~1#<\/td>\n<\/tr>\n<tr>\n<td>Zaw\u00f3r bezpiecze\u0144stwa<\/td>\n<td>Zmontowany<\/td>\n<\/tr>\n<tr>\n<td>Wypisa\u0107<\/td>\n<td>15 ml\/min<\/td>\n<\/tr>\n<tr>\n<td>Maksymalne ci\u015bnienie robocze<\/td>\n<td>8,0 MPa<\/td>\n<\/tr>\n<tr>\n<td>Gwint przy\u0142\u0105czeniowy<\/td>\n<td>Wylot \u03a66 lub \u03a68<\/td>\n<\/tr>\n<tr>\n<td>Napi\u0119cie robocze<\/td>\n<td>12\/24 V pr\u0105du sta\u0142ego, 110\/220 V pr\u0105du przemiennego, 220\/380 3~380 V pr\u0105du przemiennego<\/td>\n<\/tr>\n<tr>\n<td>Orzecznictwo<\/td>\n<td>CE<\/td>\n<\/tr>\n<tr>\n<td>Prze\u0142\u0105cznik niskiego poziomu<\/td>\n<td>NPN-NIE, PNP-NIE<\/td>\n<\/tr>\n<\/tbody>\n<\/table>\n<h2>Ostro\u017cno\u015b\u0107<\/h2>\n<p>1. Gdy nowa pompa smaruj\u0105ca jest u\u017cywana po raz pierwszy lub nie by\u0142a u\u017cywana przez d\u0142ugi czas, powietrze w niej musi zosta\u0107 ca\u0142kowicie opr\u00f3\u017cnione. Nape\u0142nij g\u0142\u00f3wny ruroci\u0105g i odga\u0142\u0119zienia ruroci\u0105gu smarem za pomoc\u0105 pompy smaruj\u0105cej lub maszyny do uzupe\u0142niania smaru, a nast\u0119pnie pod\u0142\u0105cz dystrybutor.<br \/>\n2. Pompa smaruj\u0105ca wykorzystuje gum\u0119 nitrylow\u0105 (NBR) i fluorokauczuk (VITON) jako elementy uszczelniaj\u0105ce. Nie nale\u017cy u\u017cywa\u0107 \u017cadnego \u015brodka smaruj\u0105cego, kt\u00f3ry m\u00f3g\u0142by uszkodzi\u0107 te materia\u0142y.<br \/>\n4. Gdy smar w zbiorniku JHG4 si\u0119 wyczerpie, nale\u017cy uzupe\u0142ni\u0107 go przez otw\u00f3r wlewowy smaru.<br \/>\n5. Je\u015bli pompa nie by\u0142a u\u017cywana przez d\u0142ugi czas, mo\u017ce doj\u015b\u0107 do p\u0119kni\u0119cia filmu olejowego. Najlepiej jest r\u0119cznie wymusi\u0107 dzia\u0142anie pompy smaruj\u0105cej, aby powierzchnia smarowania mia\u0142a odpowiedni\u0105 ilo\u015b\u0107 smaru, co zapobiegnie zu\u017cyciu lub spaleniu z powodu niewystarczaj\u0105cego smarowania.<br \/>\n6. Je\u017celi napi\u0119cie pompy smarowniczej wynosi 24 V DC, nale\u017cy zwr\u00f3ci\u0107 uwag\u0119 na bieguny dodatnie i ujemne podczas pod\u0142\u0105czania silnika.<br \/>\n7. Elektryczna pompa smaruj\u0105ca JHG4 mo\u017ce by\u0107 wyposa\u017cona w detektor kontaktronowy. Pozycja detektora kontaktronowego powinna unika\u0107 zak\u0142\u00f3ce\u0144 indukcji detektora kontaktronowego spowodowanych si\u0142\u0105 magnetyczn\u0105 silnika lub innymi czynnikami, powoduj\u0105cymi awari\u0119 indukcji detektora kontaktronowego.<\/p>\n<h2>Instrukcje<\/h2>\n<div class=\"sdm_download_button_box_default\"><div class=\"sdm_download_link\"><a href=\"https:\/\/www.jinpinlub.com\/pl\/?sdm_process_download=1&download_id=4090\" class=\"sdm_download white\" title=\"Prywatne: JHG4 Pressure-relief Pump\" target=\"&quot;_blank&quot;\">Wy\u015bwietl arkusz danych - Pompa smaru JHG4<\/a><\/div><\/div>","protected":false},"excerpt":{"rendered":"<p>JHG4 to jednoliniowa pompa smaruj\u0105ca, kt\u00f3ra jest rodzajem pompy smaruj\u0105cej z dodatnim wyporem ci\u015bnieniowym. G\u0142\u00f3wne cz\u0119\u015bci pompy smaruj\u0105cej to silnik, zaw\u00f3r bezpiecze\u0144stwa, manometr, czujnik niskiego poziomu cieczy, a zbiornik ma p\u0142yt\u0119 dociskow\u0105 i spr\u0119\u017cyn\u0119.<\/p>","protected":false},"featured_media":4096,"template":"","meta":{"ocean_post_layout":"","ocean_both_sidebars_style":"","ocean_both_sidebars_content_width":0,"ocean_both_sidebars_sidebars_width":0,"ocean_sidebar":"0","ocean_second_sidebar":"0","ocean_disable_margins":"enable","ocean_add_body_class":"","ocean_shortcode_before_top_bar":"","ocean_shortcode_after_top_bar":"","ocean_shortcode_before_header":"","ocean_shortcode_after_header":"","ocean_has_shortcode":"","ocean_shortcode_after_title":"","ocean_shortcode_before_footer_widgets":"","ocean_shortcode_after_footer_widgets":"","ocean_shortcode_before_footer_bottom":"","ocean_shortcode_after_footer_bottom":"","ocean_display_top_bar":"default","ocean_display_header":"default","ocean_header_style":"","ocean_center_header_left_menu":"0","ocean_custom_header_template":"0","ocean_custom_logo":0,"ocean_custom_retina_logo":0,"ocean_custom_logo_max_width":0,"ocean_custom_logo_tablet_max_width":0,"ocean_custom_logo_mobile_max_width":0,"ocean_custom_logo_max_height":0,"ocean_custom_logo_tablet_max_height":0,"ocean_custom_logo_mobile_max_height":0,"ocean_header_custom_menu":"0","ocean_menu_typo_font_family":"0","ocean_menu_typo_font_subset":"","ocean_menu_typo_font_size":0,"ocean_menu_typo_font_size_tablet":0,"ocean_menu_typo_font_size_mobile":0,"ocean_menu_typo_font_size_unit":"px","ocean_menu_typo_font_weight":"","ocean_menu_typo_font_weight_tablet":"","ocean_menu_typo_font_weight_mobile":"","ocean_menu_typo_transform":"","ocean_menu_typo_transform_tablet":"","ocean_menu_typo_transform_mobile":"","ocean_menu_typo_line_height":0,"ocean_menu_typo_line_height_tablet":0,"ocean_menu_typo_line_height_mobile":0,"ocean_menu_typo_line_height_unit":"","ocean_menu_typo_spacing":0,"ocean_menu_typo_spacing_tablet":0,"ocean_menu_typo_spacing_mobile":0,"ocean_menu_typo_spacing_unit":"","ocean_menu_link_color":"","ocean_menu_link_color_hover":"","ocean_menu_link_color_active":"","ocean_menu_link_background":"","ocean_menu_link_hover_background":"","ocean_menu_link_active_background":"","ocean_menu_social_links_bg":"","ocean_menu_social_hover_links_bg":"","ocean_menu_social_links_color":"","ocean_menu_social_hover_links_color":"","ocean_disable_title":"default","ocean_disable_heading":"default","ocean_post_title":"","ocean_post_subheading":"","ocean_post_title_style":"","ocean_post_title_background_color":"","ocean_post_title_background":0,"ocean_post_title_bg_image_position":"","ocean_post_title_bg_image_attachment":"","ocean_post_title_bg_image_repeat":"","ocean_post_title_bg_image_size":"","ocean_post_title_height":0,"ocean_post_title_bg_overlay":0.5,"ocean_post_title_bg_overlay_color":"","ocean_disable_breadcrumbs":"default","ocean_breadcrumbs_color":"","ocean_breadcrumbs_separator_color":"","ocean_breadcrumbs_links_color":"","ocean_breadcrumbs_links_hover_color":"","ocean_display_footer_widgets":"default","ocean_display_footer_bottom":"default","ocean_custom_footer_template":"0","osh_disable_topbar_sticky":"default","osh_disable_header_sticky":"default","osh_sticky_header_style":"default","osh_sticky_header_effect":"","osh_custom_sticky_logo":0,"osh_custom_retina_sticky_logo":0,"osh_custom_sticky_logo_height":0,"osh_background_color":"","osh_links_color":"","osh_links_hover_color":"","osh_links_active_color":"","osh_links_bg_color":"","osh_links_hover_bg_color":"","osh_links_active_bg_color":"","osh_menu_social_links_color":"","osh_menu_social_hover_links_color":""},"product_brand":[],"product_cat":[38,37],"product_tag":[74,321,73,320,92],"class_list":{"0":"post-4101","1":"product","2":"type-product","3":"status-publish","4":"has-post-thumbnail","6":"product_cat-electric-pressure-relief-pumps","7":"product_cat-single-line-grease-systems","8":"product_tag-automatic-lubrication-pump","9":"product_tag-automatic-lubrication-system","10":"product_tag-electric-lubrication-pump","11":"product_tag-single-line-grease-pump","12":"product_tag-single-line-lubrication-pump","14":"entry","15":"has-media","17":"first","18":"instock","19":"shipping-taxable","20":"product-type-external","21":"col","22":"span_1_of_3","23":"owp-content-center","24":"owp-thumbs-layout-horizontal","25":"owp-btn-very-big","26":"owp-tabs-layout-horizontal"},"_links":{"self":[{"href":"https:\/\/www.jinpinlub.com\/pl\/wp-json\/wp\/v2\/product\/4101","targetHints":{"allow":["GET"]}}],"collection":[{"href":"https:\/\/www.jinpinlub.com\/pl\/wp-json\/wp\/v2\/product"}],"about":[{"href":"https:\/\/www.jinpinlub.com\/pl\/wp-json\/wp\/v2\/types\/product"}],"wp:featuredmedia":[{"embeddable":true,"href":"https:\/\/www.jinpinlub.com\/pl\/wp-json\/wp\/v2\/media\/4096"}],"wp:attachment":[{"href":"https:\/\/www.jinpinlub.com\/pl\/wp-json\/wp\/v2\/media?parent=4101"}],"wp:term":[{"taxonomy":"product_brand","embeddable":true,"href":"https:\/\/www.jinpinlub.com\/pl\/wp-json\/wp\/v2\/product_brand?post=4101"},{"taxonomy":"product_cat","embeddable":true,"href":"https:\/\/www.jinpinlub.com\/pl\/wp-json\/wp\/v2\/product_cat?post=4101"},{"taxonomy":"product_tag","embeddable":true,"href":"https:\/\/www.jinpinlub.com\/pl\/wp-json\/wp\/v2\/product_tag?post=4101"}],"curies":[{"name":"wp","href":"https:\/\/api.w.org\/{rel}","templated":true}]}}