{"id":4106,"date":"2025-01-12T04:27:01","date_gmt":"2025-01-11T20:27:01","guid":{"rendered":"https:\/\/www.jinpinlub.com\/?post_type=product&#038;p=4106"},"modified":"2025-01-12T05:38:44","modified_gmt":"2025-01-11T21:38:44","slug":"jhgs4-wklad-pompy-smarownicze-elektryczne-odciazajace-cisnienie","status":"publish","type":"product","link":"https:\/\/www.jinpinlub.com\/pl\/product\/jhgs4-cartridge-pressure-relief-electric-lubrication-pumps\/","title":{"rendered":"Pompy smarownicze elektryczne JHGS4 z funkcj\u0105 odci\u0105\u017cenia ci\u015bnienia"},"content":{"rendered":"<h2>Dzia\u0142anie<\/h2>\n<p>1. W przypadku typu JHGS4 nale\u017cy u\u017cy\u0107 metody wymiany wk\u0142adu, aby uzupe\u0142ni\u0107 smar. Poniewa\u017c w pokrywie zainstalowano mocn\u0105 spr\u0119\u017cyn\u0119, po poluzowaniu pokrywy nale\u017cy unika\u0107 wyskakiwania pokrywy z powodu si\u0142y spr\u0119\u017cyny.<br \/>\n2. Zakres lepko\u015bci \u015brodka smarnego wynosi NLGI 000, 00, 0, 1#. Je\u015bli obj\u0119to\u015b\u0107 smaru jest ni\u017csza od normalnego poziomu, nale\u017cy natychmiast wymieni\u0107 wk\u0142ad.<br \/>\n3. Przy pierwszym u\u017cyciu pompki smarowniczej lub gdy nie mo\u017cna wypompowa\u0107 smaru albo gdy wymieniany jest wk\u0142ad, nale\u017cy najpierw wykona\u0107 czynno\u015b\u0107 odpowietrzania za pomoc\u0105 funkcji wymuszonego smarowania i portu wydechowego zgodnie z instrukcj\u0105 obs\u0142ugi.<br \/>\n4. Przy pierwszym u\u017cyciu pompy smarowniczej nale\u017cy nape\u0142ni\u0107 g\u0142\u00f3wny ruroci\u0105g i odga\u0142\u0119zienia smarem za pomoc\u0105 pompy smarowniczej lub urz\u0105dzenia do uzupe\u0142niania smaru, a nast\u0119pnie pod\u0142\u0105czy\u0107 dystrybutor.<br \/>\n5. Je\u015bli ilo\u015b\u0107 \u015brodka smaruj\u0105cego w pompie smaruj\u0105cej jest zbyt niska, nale\u017cy natychmiast wymieni\u0107 wk\u0142ad, aby zapobiec zasysaniu powietrza przez pomp\u0119 i uniemo\u017cliwieniu pompowania oleju.<br \/>\n6. Je\u015bli warto\u015b\u0107 ci\u015bnienia pompy smaruj\u0105cej elektrycznej nie odpowiada warto\u015bci domy\u015blnej, mo\u017cna wyregulowa\u0107 zaw\u00f3r reguluj\u0105cy ci\u015bnienie zgodnie z instrukcj\u0105 obs\u0142ugi.<\/p>\n<h2>Specyfikacja<\/h2>\n<table>\n<tbody>\n<tr>\n<td>Model<\/td>\n<td>JHGS4<\/td>\n<\/tr>\n<tr>\n<td>Czas smarowania<\/td>\n<td>PLC lub sterownik zewn\u0119trzny<\/td>\n<\/tr>\n<tr>\n<td>Czas interwa\u0142u<\/td>\n<td>PLC lub sterownik zewn\u0119trzny<\/td>\n<\/tr>\n<tr>\n<td>Temperatura pracy<\/td>\n<td>0\u2103~ +50\u00b0C (niskie temperatury wymagaj\u0105 smaru zapobiegaj\u0105cego zamarzaniu)<\/td>\n<\/tr>\n<tr>\n<td>Liczba wyj\u015b\u0107<\/td>\n<td>1<\/td>\n<\/tr>\n<tr>\n<td>Pojemno\u015b\u0107 zbiornika<\/td>\n<td>0,7 l<\/td>\n<\/tr>\n<tr>\n<td>Uzupe\u0142nianie<\/td>\n<td>Nab\u00f3j<\/td>\n<\/tr>\n<tr>\n<td>Smar<\/td>\n<td>Smary klasy NLGI 000~1#<\/td>\n<\/tr>\n<tr>\n<td>Zaw\u00f3r bezpiecze\u0144stwa<\/td>\n<td>Zmontowany<\/td>\n<\/tr>\n<tr>\n<td>Wypisa\u0107<\/td>\n<td>15 ml\/min<\/td>\n<\/tr>\n<tr>\n<td>Maksymalne ci\u015bnienie robocze<\/td>\n<td>8,0 MPa<\/td>\n<\/tr>\n<tr>\n<td>Gwint przy\u0142\u0105czeniowy<\/td>\n<td>Wylot \u03a66 lub \u03a68<\/td>\n<\/tr>\n<tr>\n<td>Napi\u0119cie robocze<\/td>\n<td>12\/24 V pr\u0105du sta\u0142ego, 110\/220 V pr\u0105du przemiennego, 220\/380 3~380 V pr\u0105du przemiennego<\/td>\n<\/tr>\n<tr>\n<td>Orzecznictwo<\/td>\n<td>CE<\/td>\n<\/tr>\n<tr>\n<td>Prze\u0142\u0105cznik niskiego poziomu<\/td>\n<td>Kontakt NPN-NO, PNP-NO<\/td>\n<\/tr>\n<\/tbody>\n<\/table>\n<h2>Ostro\u017cno\u015b\u0107<\/h2>\n<p>1. Ta pompa smaruj\u0105ca wykorzystuje NBR i VITON jako elementy uszczelniaj\u0105ce. Nie nale\u017cy u\u017cywa\u0107 \u017cadnych \u015brodk\u00f3w smarnych, kt\u00f3re mog\u0105 uszkodzi\u0107 te materia\u0142y.<br \/>\n2. Aby zapobiec przedostawaniu si\u0119 powietrza do wk\u0142adu, przed jego zamontowaniem, nale\u017cy wycisn\u0105\u0107 odrobin\u0119 smaru przy wymianie wk\u0142adu.<br \/>\n3. Gdy smar w kartrid\u017cu JHGS4 si\u0119 wyczerpie, nie wolno uzupe\u0142nia\u0107 smaru i u\u017cywa\u0107 go ponownie. W celu wymiany nale\u017cy u\u017cy\u0107 nowego kartrid\u017ca.<br \/>\n4. Je\u015bli elektryczna pompa smaruj\u0105ca JHGS4 pracuje przez d\u0142ugi czas, spowoduje to, \u017ce wewn\u0119trzny silnik b\u0119dzie gor\u0105cy, co wp\u0142ynie na temperatur\u0119 samej maszyny. Dlatego czas interwa\u0142u pompy smaruj\u0105cej musi by\u0107 ustawiony na ponad 10-krotno\u015b\u0107 czasu dzia\u0142ania, aby umo\u017cliwi\u0107 silnikowi skuteczne rozproszenie ciep\u0142a. Na przyk\u0142ad: czas dzia\u0142ania jest ustawiony na 60 sekund, wi\u0119c minimalna warto\u015b\u0107 ustawienia czasu interwa\u0142u musi wynosi\u0107 600 sekund.<br \/>\n5. Je\u015bli chodzi o ustawienie czasu elektrycznej pompy smaruj\u0105cej, pierwsza czynno\u015b\u0107 smarowania po w\u0142\u0105czeniu maszyny nast\u0119pnego dnia po wy\u0142\u0105czeniu mo\u017ce mie\u0107 niewystarczaj\u0105ce ci\u015bnienie. Dzieje si\u0119 tak, poniewa\u017c ci\u015bnienie resztkowe wewn\u0105trz przewodu olejowego zosta\u0142o ca\u0142kowicie uwolnione. Zaleca si\u0119, aby czas pierwszej czynno\u015bci rozruchowej by\u0142 d\u0142u\u017cszy ni\u017c 140% normalnego dzia\u0142ania.<\/p>\n<h2>Instrukcje<\/h2>\n<div class=\"sdm_download_button_box_default\"><div class=\"sdm_download_link\"><a href=\"https:\/\/www.jinpinlub.com\/pl\/?sdm_process_download=1&download_id=4088\" class=\"sdm_download white\" title=\"Prywatne: JHGS4 Pressure-relief Pump\" target=\"&quot;_blank&quot;\">Wy\u015bwietl arkusz danych - Pompa smaru JHGS4<\/a><\/div><\/div>","protected":false},"excerpt":{"rendered":"<p>JHGS4 to pompa smaruj\u0105ca typu kartrid\u017cowego z jednym przewodem i redukcj\u0105 ci\u015bnienia, sterowana przez sterownik PLC hosta. Gdy smar w kartrid\u017cu si\u0119 wyczerpie, u\u017cytkownicy musz\u0105 go jedynie wymieni\u0107 na standardowy kartrid\u017c, co jest wygodne w obs\u0142udze i konserwacji.<\/p>","protected":false},"featured_media":4102,"template":"","meta":{"ocean_post_layout":"","ocean_both_sidebars_style":"","ocean_both_sidebars_content_width":0,"ocean_both_sidebars_sidebars_width":0,"ocean_sidebar":"0","ocean_second_sidebar":"0","ocean_disable_margins":"enable","ocean_add_body_class":"","ocean_shortcode_before_top_bar":"","ocean_shortcode_after_top_bar":"","ocean_shortcode_before_header":"","ocean_shortcode_after_header":"","ocean_has_shortcode":"","ocean_shortcode_after_title":"","ocean_shortcode_before_footer_widgets":"","ocean_shortcode_after_footer_widgets":"","ocean_shortcode_before_footer_bottom":"","ocean_shortcode_after_footer_bottom":"","ocean_display_top_bar":"default","ocean_display_header":"default","ocean_header_style":"","ocean_center_header_left_menu":"0","ocean_custom_header_template":"0","ocean_custom_logo":0,"ocean_custom_retina_logo":0,"ocean_custom_logo_max_width":0,"ocean_custom_logo_tablet_max_width":0,"ocean_custom_logo_mobile_max_width":0,"ocean_custom_logo_max_height":0,"ocean_custom_logo_tablet_max_height":0,"ocean_custom_logo_mobile_max_height":0,"ocean_header_custom_menu":"0","ocean_menu_typo_font_family":"0","ocean_menu_typo_font_subset":"","ocean_menu_typo_font_size":0,"ocean_menu_typo_font_size_tablet":0,"ocean_menu_typo_font_size_mobile":0,"ocean_menu_typo_font_size_unit":"px","ocean_menu_typo_font_weight":"","ocean_menu_typo_font_weight_tablet":"","ocean_menu_typo_font_weight_mobile":"","ocean_menu_typo_transform":"","ocean_menu_typo_transform_tablet":"","ocean_menu_typo_transform_mobile":"","ocean_menu_typo_line_height":0,"ocean_menu_typo_line_height_tablet":0,"ocean_menu_typo_line_height_mobile":0,"ocean_menu_typo_line_height_unit":"","ocean_menu_typo_spacing":0,"ocean_menu_typo_spacing_tablet":0,"ocean_menu_typo_spacing_mobile":0,"ocean_menu_typo_spacing_unit":"","ocean_menu_link_color":"","ocean_menu_link_color_hover":"","ocean_menu_link_color_active":"","ocean_menu_link_background":"","ocean_menu_link_hover_background":"","ocean_menu_link_active_background":"","ocean_menu_social_links_bg":"","ocean_menu_social_hover_links_bg":"","ocean_menu_social_links_color":"","ocean_menu_social_hover_links_color":"","ocean_disable_title":"default","ocean_disable_heading":"default","ocean_post_title":"","ocean_post_subheading":"","ocean_post_title_style":"","ocean_post_title_background_color":"","ocean_post_title_background":0,"ocean_post_title_bg_image_position":"","ocean_post_title_bg_image_attachment":"","ocean_post_title_bg_image_repeat":"","ocean_post_title_bg_image_size":"","ocean_post_title_height":0,"ocean_post_title_bg_overlay":0.5,"ocean_post_title_bg_overlay_color":"","ocean_disable_breadcrumbs":"default","ocean_breadcrumbs_color":"","ocean_breadcrumbs_separator_color":"","ocean_breadcrumbs_links_color":"","ocean_breadcrumbs_links_hover_color":"","ocean_display_footer_widgets":"default","ocean_display_footer_bottom":"default","ocean_custom_footer_template":"0","osh_disable_topbar_sticky":"default","osh_disable_header_sticky":"default","osh_sticky_header_style":"default","osh_sticky_header_effect":"","osh_custom_sticky_logo":0,"osh_custom_retina_sticky_logo":0,"osh_custom_sticky_logo_height":0,"osh_background_color":"","osh_links_color":"","osh_links_hover_color":"","osh_links_active_color":"","osh_links_bg_color":"","osh_links_hover_bg_color":"","osh_links_active_bg_color":"","osh_menu_social_links_color":"","osh_menu_social_hover_links_color":""},"product_brand":[],"product_cat":[38,37],"product_tag":[393,392,391,73,76],"class_list":{"0":"post-4106","1":"product","2":"type-product","3":"status-publish","4":"has-post-thumbnail","6":"product_cat-electric-pressure-relief-pumps","7":"product_cat-single-line-grease-systems","8":"product_tag-dc-pressure-lubricator","9":"product_tag-electric-lube-system","10":"product_tag-electric-lubricant-pump","11":"product_tag-electric-lubrication-pump","12":"product_tag-electric-lubrication-system","14":"entry","15":"has-media","17":"first","18":"instock","19":"shipping-taxable","20":"product-type-external","21":"col","22":"span_1_of_3","23":"owp-content-center","24":"owp-thumbs-layout-horizontal","25":"owp-btn-very-big","26":"owp-tabs-layout-horizontal"},"_links":{"self":[{"href":"https:\/\/www.jinpinlub.com\/pl\/wp-json\/wp\/v2\/product\/4106","targetHints":{"allow":["GET"]}}],"collection":[{"href":"https:\/\/www.jinpinlub.com\/pl\/wp-json\/wp\/v2\/product"}],"about":[{"href":"https:\/\/www.jinpinlub.com\/pl\/wp-json\/wp\/v2\/types\/product"}],"wp:featuredmedia":[{"embeddable":true,"href":"https:\/\/www.jinpinlub.com\/pl\/wp-json\/wp\/v2\/media\/4102"}],"wp:attachment":[{"href":"https:\/\/www.jinpinlub.com\/pl\/wp-json\/wp\/v2\/media?parent=4106"}],"wp:term":[{"taxonomy":"product_brand","embeddable":true,"href":"https:\/\/www.jinpinlub.com\/pl\/wp-json\/wp\/v2\/product_brand?post=4106"},{"taxonomy":"product_cat","embeddable":true,"href":"https:\/\/www.jinpinlub.com\/pl\/wp-json\/wp\/v2\/product_cat?post=4106"},{"taxonomy":"product_tag","embeddable":true,"href":"https:\/\/www.jinpinlub.com\/pl\/wp-json\/wp\/v2\/product_tag?post=4106"}],"curies":[{"name":"wp","href":"https:\/\/api.w.org\/{rel}","templated":true}]}}