{"id":4119,"date":"2025-01-18T18:26:38","date_gmt":"2025-01-18T10:26:38","guid":{"rendered":"https:\/\/www.jinpinlub.com\/?post_type=product&#038;p=4119"},"modified":"2025-01-18T21:30:25","modified_gmt":"2025-01-18T13:30:25","slug":"adaptery-tulei-zaciskowych-mosieznych-pa-zlaczki-zaciskowe","status":"publish","type":"product","link":"https:\/\/www.jinpinlub.com\/pl\/product\/pa-brass-compression-bushing-adapters-compression-fittings\/","title":{"rendered":"Tuleje zaciskowe PA Brass Z\u0142\u0105czki zaciskowe"},"content":{"rendered":"<h2>Funkcja<\/h2>\n<p>\u2013 Tuleja \u015bciskana jest zamontowana w formie tulei, kt\u00f3ra jest \u015bci\u015ble po\u0142\u0105czona, nie luzuj\u0105c si\u0119 i nie odpadaj\u0105c, ma dobre uszczelnienie i skutecznie zapobiega przeciekom.<br \/>\n\u2013 Tuleja kompresyjna wytrzymuje ci\u015bnienie 3 MPa i pracuje stabilnie w wysokoci\u015bnieniowych obiegach olejowych lub uk\u0142adach pneumatycznych.<br \/>\n\u2013 Zakres temperatur pracy tulei kompresyjnej wynosi od -20\u2103 do 80\u2103, co pozwala na eksploatacj\u0119 w r\u00f3\u017cnych klimatach i \u015brodowiskach przemys\u0142owych.<br \/>\n\u2013 Materia\u0142em tulei \u015bciskanej jest mosi\u0105dz, kt\u00f3ry charakteryzuje si\u0119 du\u017c\u0105 wytrzyma\u0142o\u015bci\u0105 i odporno\u015bci\u0105 na korozj\u0119, wyd\u0142u\u017ca \u017cywotno\u015b\u0107 i obni\u017ca koszty konserwacji.<\/p>\n<h2>Specyfikacja<\/h2>\n<figure id=\"attachment_4125\" aria-describedby=\"caption-attachment-4125\" style=\"width: 800px\" class=\"wp-caption alignnone\"><img loading=\"lazy\" decoding=\"async\" class=\"size-full wp-image-4125\" src=\"https:\/\/www.jinpinlub.com\/wp-content\/uploads\/2025\/01\/brass-compression-bushing-6.jpg\" alt=\"tuleja kompresyjna mosi\u0119\u017cna (6)\" width=\"800\" height=\"508\" srcset=\"https:\/\/www.jinpinlub.com\/wp-content\/uploads\/2025\/01\/brass-compression-bushing-6.jpg 800w, https:\/\/www.jinpinlub.com\/wp-content\/uploads\/2025\/01\/brass-compression-bushing-6-300x191.jpg 300w, https:\/\/www.jinpinlub.com\/wp-content\/uploads\/2025\/01\/brass-compression-bushing-6-768x488.jpg 768w, https:\/\/www.jinpinlub.com\/wp-content\/uploads\/2025\/01\/brass-compression-bushing-6-18x12.jpg 18w\" sizes=\"auto, (max-width: 800px) 100vw, 800px\" \/><figcaption id=\"caption-attachment-4125\" class=\"wp-caption-text\">tuleja kompresyjna mosi\u0119\u017cna (6)<\/figcaption><\/figure>\n<h2>Zasada<\/h2>\n<p>Uszczelnienie kompresyjne: Podstawowa zasada dzia\u0142ania z\u0142\u0105cz kompresyjnych PA polega na tym, \u017ce podczas dokr\u0119cania nakr\u0119tki wewn\u0119trzna tuleja lub pier\u015bcie\u0144 uszczelniaj\u0105cy odkszta\u0142ca si\u0119 i jest \u015bciskany, aby mocno chwyci\u0107 zewn\u0119trzn\u0105 \u015bcian\u0119 rury i zapewni\u0107 szczelne po\u0142\u0105czenie, kt\u00f3re zapobiega wyciekaniu p\u0142ynu.<br \/>\nMocowanie mechaniczne odnosi si\u0119 do techniki polegaj\u0105cej na wkr\u0119ceniu gwintu, kt\u00f3ry tworzy trwa\u0142e po\u0142\u0105czenie mi\u0119dzy \u0142\u0105cznikiem a rur\u0105 lub innymi elementami rurowymi, wytrzymuj\u0105c jednocze\u015bnie okre\u015blony nacisk i napr\u0119\u017cenie, co zapewnia stabilno\u015b\u0107 po\u0142\u0105czenia.<\/p>\n<figure id=\"attachment_4124\" aria-describedby=\"caption-attachment-4124\" style=\"width: 800px\" class=\"wp-caption alignnone\"><img loading=\"lazy\" decoding=\"async\" class=\"size-full wp-image-4124\" src=\"https:\/\/www.jinpinlub.com\/wp-content\/uploads\/2025\/01\/brass-compression-bushing-5.jpg\" alt=\"tuleja kompresyjna mosi\u0119\u017cna (5)\" width=\"800\" height=\"800\" srcset=\"https:\/\/www.jinpinlub.com\/wp-content\/uploads\/2025\/01\/brass-compression-bushing-5.jpg 800w, https:\/\/www.jinpinlub.com\/wp-content\/uploads\/2025\/01\/brass-compression-bushing-5-300x300.jpg 300w, https:\/\/www.jinpinlub.com\/wp-content\/uploads\/2025\/01\/brass-compression-bushing-5-150x150.jpg 150w, https:\/\/www.jinpinlub.com\/wp-content\/uploads\/2025\/01\/brass-compression-bushing-5-768x768.jpg 768w, https:\/\/www.jinpinlub.com\/wp-content\/uploads\/2025\/01\/brass-compression-bushing-5-12x12.jpg 12w, https:\/\/www.jinpinlub.com\/wp-content\/uploads\/2025\/01\/brass-compression-bushing-5-600x600.jpg 600w, https:\/\/www.jinpinlub.com\/wp-content\/uploads\/2025\/01\/brass-compression-bushing-5-100x100.jpg 100w\" sizes=\"auto, (max-width: 800px) 100vw, 800px\" \/><figcaption id=\"caption-attachment-4124\" class=\"wp-caption-text\">tuleja kompresyjna mosi\u0119\u017cna (5)<\/figcaption><\/figure>\n<h2>Instrukcje<\/h2>\n<div class=\"sdm_download_button_box_default\"><div class=\"sdm_download_link\"><a href=\"https:\/\/www.jinpinlub.com\/pl\/?sdm_process_download=1&download_id=3172\" class=\"sdm_download white\" title=\"Prywatne: PA\/PB\/PD\/Connector\" target=\"&quot;_blank&quot;\">Wy\u015bwietl kart\u0119 katalogow\u0105 - Z\u0142\u0105cze PA\/PB\/PD<\/a><\/div><\/div>","protected":false},"excerpt":{"rendered":"<p>Tuleje zaciskowe PA s\u0105 zwykle u\u017cywane do \u0142\u0105czenia przewod\u00f3w olejowych i przewod\u00f3w powietrznych w uk\u0142adach hydraulicznych i pneumatycznych obrabiarek. S\u0105 r\u00f3wnie\u017c u\u017cywane do po\u0142\u0105cze\u0144 ruroci\u0105g\u00f3w w zautomatyzowanych liniach produkcyjnych, takich jak transport spr\u0119\u017conego powietrza, ch\u0142odziw.<\/p>","protected":false},"featured_media":4120,"template":"","meta":{"ocean_post_layout":"","ocean_both_sidebars_style":"","ocean_both_sidebars_content_width":0,"ocean_both_sidebars_sidebars_width":0,"ocean_sidebar":"0","ocean_second_sidebar":"0","ocean_disable_margins":"enable","ocean_add_body_class":"","ocean_shortcode_before_top_bar":"","ocean_shortcode_after_top_bar":"","ocean_shortcode_before_header":"","ocean_shortcode_after_header":"","ocean_has_shortcode":"","ocean_shortcode_after_title":"","ocean_shortcode_before_footer_widgets":"","ocean_shortcode_after_footer_widgets":"","ocean_shortcode_before_footer_bottom":"","ocean_shortcode_after_footer_bottom":"","ocean_display_top_bar":"default","ocean_display_header":"default","ocean_header_style":"","ocean_center_header_left_menu":"0","ocean_custom_header_template":"0","ocean_custom_logo":0,"ocean_custom_retina_logo":0,"ocean_custom_logo_max_width":0,"ocean_custom_logo_tablet_max_width":0,"ocean_custom_logo_mobile_max_width":0,"ocean_custom_logo_max_height":0,"ocean_custom_logo_tablet_max_height":0,"ocean_custom_logo_mobile_max_height":0,"ocean_header_custom_menu":"0","ocean_menu_typo_font_family":"0","ocean_menu_typo_font_subset":"","ocean_menu_typo_font_size":0,"ocean_menu_typo_font_size_tablet":0,"ocean_menu_typo_font_size_mobile":0,"ocean_menu_typo_font_size_unit":"px","ocean_menu_typo_font_weight":"","ocean_menu_typo_font_weight_tablet":"","ocean_menu_typo_font_weight_mobile":"","ocean_menu_typo_transform":"","ocean_menu_typo_transform_tablet":"","ocean_menu_typo_transform_mobile":"","ocean_menu_typo_line_height":0,"ocean_menu_typo_line_height_tablet":0,"ocean_menu_typo_line_height_mobile":0,"ocean_menu_typo_line_height_unit":"","ocean_menu_typo_spacing":0,"ocean_menu_typo_spacing_tablet":0,"ocean_menu_typo_spacing_mobile":0,"ocean_menu_typo_spacing_unit":"","ocean_menu_link_color":"","ocean_menu_link_color_hover":"","ocean_menu_link_color_active":"","ocean_menu_link_background":"","ocean_menu_link_hover_background":"","ocean_menu_link_active_background":"","ocean_menu_social_links_bg":"","ocean_menu_social_hover_links_bg":"","ocean_menu_social_links_color":"","ocean_menu_social_hover_links_color":"","ocean_disable_title":"default","ocean_disable_heading":"default","ocean_post_title":"","ocean_post_subheading":"","ocean_post_title_style":"","ocean_post_title_background_color":"","ocean_post_title_background":0,"ocean_post_title_bg_image_position":"","ocean_post_title_bg_image_attachment":"","ocean_post_title_bg_image_repeat":"","ocean_post_title_bg_image_size":"","ocean_post_title_height":0,"ocean_post_title_bg_overlay":0.5,"ocean_post_title_bg_overlay_color":"","ocean_disable_breadcrumbs":"default","ocean_breadcrumbs_color":"","ocean_breadcrumbs_separator_color":"","ocean_breadcrumbs_links_color":"","ocean_breadcrumbs_links_hover_color":"","ocean_display_footer_widgets":"default","ocean_display_footer_bottom":"default","ocean_custom_footer_template":"0","osh_disable_topbar_sticky":"default","osh_disable_header_sticky":"default","osh_sticky_header_style":"default","osh_sticky_header_effect":"","osh_custom_sticky_logo":0,"osh_custom_retina_sticky_logo":0,"osh_custom_sticky_logo_height":0,"osh_background_color":"","osh_links_color":"","osh_links_hover_color":"","osh_links_active_color":"","osh_links_bg_color":"","osh_links_hover_bg_color":"","osh_links_active_bg_color":"","osh_menu_social_links_color":"","osh_menu_social_hover_links_color":""},"product_brand":[],"product_cat":[31],"product_tag":[400,401,399,397,398],"class_list":{"0":"post-4119","1":"product","2":"type-product","3":"status-publish","4":"has-post-thumbnail","6":"product_cat-lube-system-accessories","7":"product_tag-brass-connector","8":"product_tag-brass-pipe-fittings","9":"product_tag-compression-adapter","10":"product_tag-compression-bushing","11":"product_tag-compression-connector","13":"entry","14":"has-media","16":"first","17":"instock","18":"shipping-taxable","19":"product-type-external","20":"col","21":"span_1_of_3","22":"owp-content-center","23":"owp-thumbs-layout-horizontal","24":"owp-btn-very-big","25":"owp-tabs-layout-horizontal"},"_links":{"self":[{"href":"https:\/\/www.jinpinlub.com\/pl\/wp-json\/wp\/v2\/product\/4119","targetHints":{"allow":["GET"]}}],"collection":[{"href":"https:\/\/www.jinpinlub.com\/pl\/wp-json\/wp\/v2\/product"}],"about":[{"href":"https:\/\/www.jinpinlub.com\/pl\/wp-json\/wp\/v2\/types\/product"}],"wp:featuredmedia":[{"embeddable":true,"href":"https:\/\/www.jinpinlub.com\/pl\/wp-json\/wp\/v2\/media\/4120"}],"wp:attachment":[{"href":"https:\/\/www.jinpinlub.com\/pl\/wp-json\/wp\/v2\/media?parent=4119"}],"wp:term":[{"taxonomy":"product_brand","embeddable":true,"href":"https:\/\/www.jinpinlub.com\/pl\/wp-json\/wp\/v2\/product_brand?post=4119"},{"taxonomy":"product_cat","embeddable":true,"href":"https:\/\/www.jinpinlub.com\/pl\/wp-json\/wp\/v2\/product_cat?post=4119"},{"taxonomy":"product_tag","embeddable":true,"href":"https:\/\/www.jinpinlub.com\/pl\/wp-json\/wp\/v2\/product_tag?post=4119"}],"curies":[{"name":"wp","href":"https:\/\/api.w.org\/{rel}","templated":true}]}}