{"id":4175,"date":"2025-03-17T17:58:16","date_gmt":"2025-03-17T09:58:16","guid":{"rendered":"https:\/\/www.jinpinlub.com\/?post_type=product&#038;p=4175"},"modified":"2025-03-17T18:19:00","modified_gmt":"2025-03-17T10:19:00","slug":"lhl-x100-gf-00-grease-cartridge-700ml-for-cnc-machine-tools","status":"publish","type":"product","link":"https:\/\/www.jinpinlub.com\/pl\/product\/lhl-x100-gf-00-grease-cartridge-700ml-for-cnc-machine-tools\/","title":{"rendered":"LHL-X100 GF-00 Wk\u0142ad smarny 700ml do obrabiarek CNC"},"content":{"rendered":"<h2>Funkcja<\/h2>\n<p>1. Wk\u0142ady stosuje si\u0119 w po\u0142\u0105czeniu z pompami smarowymi serii JGHS, EGM, J100 i J200.<br \/>\n2. Zakres temperatur stosowania smaru wynosi -25 \u2103 -130 \u2103.<br \/>\n3. Wk\u0142ad ten charakteryzuje si\u0119 wysok\u0105 temperatur\u0105 kroplenia, du\u017c\u0105 odporno\u015bci\u0105 na ekstremalne ci\u015bnienie, doskona\u0142ym efektem smarowania oraz dobr\u0105 stabilno\u015bci\u0105 mechaniczn\u0105 i koloidaln\u0105.<br \/>\n4. Bezpo\u015brednia wymiana wk\u0142ad\u00f3w, \u0142atwa obs\u0142uga, przyjazno\u015b\u0107 dla \u015brodowiska i higiena.<br \/>\n5. Bran\u017ce: centralne systemy smarowania urz\u0105dze\u0144 mechanicznych w takich ga\u0142\u0119ziach przemys\u0142u, jak: przetw\u00f3rstwo tworzyw sztucznych, produkcja \u017cywno\u015bci, robotyka przemys\u0142owa, maszyny do ci\u0119cia metali, kucie oraz produkcja podwozi samochodowych.<\/p>\n<h2>Ostro\u017cno\u015b\u0107<\/h2>\n<p>1. Wk\u0142ady smarowe s\u0105 produktami jednorazowego u\u017cytku i nie wolno ich ponownie nape\u0142nia\u0107 ani u\u017cywa\u0107.<br \/>\n2. Podczas przechowywania i u\u017cytkowania nale\u017cy zapobiega\u0107 przedostawaniu si\u0119 kurzu i zanieczyszcze\u0144.<br \/>\n3. Nie miesza\u0107 z innymi smarami, poniewa\u017c mo\u017ce doj\u015b\u0107 do reakcji fizycznych lub chemicznych mi\u0119dzy r\u00f3\u017cnymi smarami, co mo\u017ce prowadzi\u0107 do znacznego obni\u017cenia ich wydajno\u015bci.<br \/>\n4. Podczas przechowywania i u\u017cytkowania nale\u017cy unika\u0107 bezpo\u015bredniego \u015bwiat\u0142a s\u0142onecznego.<\/p>\n<h2>Instrukcje<\/h2>\n<div class=\"sdm_download_button_box_default\"><div class=\"sdm_download_link\"><a href=\"https:\/\/www.jinpinlub.com\/pl\/?sdm_process_download=1&download_id=4164\" class=\"sdm_download white\" title=\"Prywatne: GF Elastic Cartridge\" target=\"&quot;_blank&quot;\">Zobacz kart\u0119 danych - wk\u0142ad GF<\/a><\/div><\/div>","protected":false},"excerpt":{"rendered":"<p>Wk\u0142ady LHL-X100 nadaj\u0105 si\u0119 do szybkich maszyn dziurkuj\u0105cych, frezarek CNC, wtryskarek itp. Mog\u0105 one zmniejszy\u0107 zu\u017cycie, zmniejszy\u0107 tarcie, zmniejszy\u0107 zu\u017cycie i wyd\u0142u\u017cy\u0107 \u017cywotno\u015b\u0107 mechaniczn\u0105. Nale\u017cy zwr\u00f3ci\u0107 uwag\u0119 na uszczelnienie podczas u\u017cytkowania.<\/p>","protected":false},"featured_media":4167,"template":"","meta":{"ocean_post_layout":"","ocean_both_sidebars_style":"","ocean_both_sidebars_content_width":0,"ocean_both_sidebars_sidebars_width":0,"ocean_sidebar":"0","ocean_second_sidebar":"0","ocean_disable_margins":"enable","ocean_add_body_class":"","ocean_shortcode_before_top_bar":"","ocean_shortcode_after_top_bar":"","ocean_shortcode_before_header":"","ocean_shortcode_after_header":"","ocean_has_shortcode":"","ocean_shortcode_after_title":"","ocean_shortcode_before_footer_widgets":"","ocean_shortcode_after_footer_widgets":"","ocean_shortcode_before_footer_bottom":"","ocean_shortcode_after_footer_bottom":"","ocean_display_top_bar":"default","ocean_display_header":"default","ocean_header_style":"","ocean_center_header_left_menu":"0","ocean_custom_header_template":"0","ocean_custom_logo":0,"ocean_custom_retina_logo":0,"ocean_custom_logo_max_width":0,"ocean_custom_logo_tablet_max_width":0,"ocean_custom_logo_mobile_max_width":0,"ocean_custom_logo_max_height":0,"ocean_custom_logo_tablet_max_height":0,"ocean_custom_logo_mobile_max_height":0,"ocean_header_custom_menu":"0","ocean_menu_typo_font_family":"0","ocean_menu_typo_font_subset":"","ocean_menu_typo_font_size":0,"ocean_menu_typo_font_size_tablet":0,"ocean_menu_typo_font_size_mobile":0,"ocean_menu_typo_font_size_unit":"px","ocean_menu_typo_font_weight":"","ocean_menu_typo_font_weight_tablet":"","ocean_menu_typo_font_weight_mobile":"","ocean_menu_typo_transform":"","ocean_menu_typo_transform_tablet":"","ocean_menu_typo_transform_mobile":"","ocean_menu_typo_line_height":0,"ocean_menu_typo_line_height_tablet":0,"ocean_menu_typo_line_height_mobile":0,"ocean_menu_typo_line_height_unit":"","ocean_menu_typo_spacing":0,"ocean_menu_typo_spacing_tablet":0,"ocean_menu_typo_spacing_mobile":0,"ocean_menu_typo_spacing_unit":"","ocean_menu_link_color":"","ocean_menu_link_color_hover":"","ocean_menu_link_color_active":"","ocean_menu_link_background":"","ocean_menu_link_hover_background":"","ocean_menu_link_active_background":"","ocean_menu_social_links_bg":"","ocean_menu_social_hover_links_bg":"","ocean_menu_social_links_color":"","ocean_menu_social_hover_links_color":"","ocean_disable_title":"default","ocean_disable_heading":"default","ocean_post_title":"","ocean_post_subheading":"","ocean_post_title_style":"","ocean_post_title_background_color":"","ocean_post_title_background":0,"ocean_post_title_bg_image_position":"","ocean_post_title_bg_image_attachment":"","ocean_post_title_bg_image_repeat":"","ocean_post_title_bg_image_size":"","ocean_post_title_height":0,"ocean_post_title_bg_overlay":0.5,"ocean_post_title_bg_overlay_color":"","ocean_disable_breadcrumbs":"default","ocean_breadcrumbs_color":"","ocean_breadcrumbs_separator_color":"","ocean_breadcrumbs_links_color":"","ocean_breadcrumbs_links_hover_color":"","ocean_display_footer_widgets":"default","ocean_display_footer_bottom":"default","ocean_custom_footer_template":"0","osh_disable_topbar_sticky":"default","osh_disable_header_sticky":"default","osh_sticky_header_style":"default","osh_sticky_header_effect":"","osh_custom_sticky_logo":0,"osh_custom_retina_sticky_logo":0,"osh_custom_sticky_logo_height":0,"osh_background_color":"","osh_links_color":"","osh_links_hover_color":"","osh_links_active_color":"","osh_links_bg_color":"","osh_links_hover_bg_color":"","osh_links_active_bg_color":"","osh_menu_social_links_color":"","osh_menu_social_hover_links_color":""},"product_brand":[],"product_cat":[31],"product_tag":[417,418,414,415,416],"class_list":{"0":"post-4175","1":"product","2":"type-product","3":"status-publish","4":"has-post-thumbnail","6":"product_cat-lube-system-accessories","7":"product_tag-700cc-grease-cartridge","8":"product_tag-elastic-grease-cartridge","9":"product_tag-lhl-grease-cartridge","10":"product_tag-p107-grease-cartridge","11":"product_tag-p207-grease-cartridge","13":"entry","14":"has-media","16":"first","17":"instock","18":"shipping-taxable","19":"product-type-external","20":"col","21":"span_1_of_3","22":"owp-content-center","23":"owp-thumbs-layout-horizontal","24":"owp-btn-very-big","25":"owp-tabs-layout-horizontal"},"_links":{"self":[{"href":"https:\/\/www.jinpinlub.com\/pl\/wp-json\/wp\/v2\/product\/4175","targetHints":{"allow":["GET"]}}],"collection":[{"href":"https:\/\/www.jinpinlub.com\/pl\/wp-json\/wp\/v2\/product"}],"about":[{"href":"https:\/\/www.jinpinlub.com\/pl\/wp-json\/wp\/v2\/types\/product"}],"wp:featuredmedia":[{"embeddable":true,"href":"https:\/\/www.jinpinlub.com\/pl\/wp-json\/wp\/v2\/media\/4167"}],"wp:attachment":[{"href":"https:\/\/www.jinpinlub.com\/pl\/wp-json\/wp\/v2\/media?parent=4175"}],"wp:term":[{"taxonomy":"product_brand","embeddable":true,"href":"https:\/\/www.jinpinlub.com\/pl\/wp-json\/wp\/v2\/product_brand?post=4175"},{"taxonomy":"product_cat","embeddable":true,"href":"https:\/\/www.jinpinlub.com\/pl\/wp-json\/wp\/v2\/product_cat?post=4175"},{"taxonomy":"product_tag","embeddable":true,"href":"https:\/\/www.jinpinlub.com\/pl\/wp-json\/wp\/v2\/product_tag?post=4175"}],"curies":[{"name":"wp","href":"https:\/\/api.w.org\/{rel}","templated":true}]}}