{"id":1817,"date":"2024-06-26T23:57:12","date_gmt":"2024-06-26T23:57:12","guid":{"rendered":"https:\/\/www.jinpinlub.com\/?page_id=1817"},"modified":"2024-07-28T11:36:08","modified_gmt":"2024-07-28T11:36:08","slug":"perguntas-frequentes","status":"publish","type":"page","link":"https:\/\/www.jinpinlub.com\/pt\/faqs\/","title":{"rendered":"Perguntas frequentes"},"content":{"rendered":"<div class=\"wp-block-ogb-columns ogb-block ogb-columns ogb-columns-a90745be\"><div class=\"ogb-columns-container\">\n<div class=\"ogb-block ogb-column ogb-column-73727ad4\"><div class=\"ogb-column-container\">\n<ol class=\"wp-block-list\">\n<li><strong>Voc\u00ea \u00e9 uma empresa comercial ou um fabricante?<\/strong><br>\u2014\u2014Somos um fornecedor especializado em fornecer v\u00e1rios sistemas de lubrifica\u00e7\u00e3o centralizada, com f\u00e1bricas profissionais e equipes t\u00e9cnicas. Nossos produtos obtiveram certifica\u00e7\u00f5es CE e RoHS, nossas f\u00e1bricas t\u00eam certifica\u00e7\u00e3o ISO-9001 e t\u00eam uma s\u00e9rie de patentes de tecnologia de produtos.<\/li>\n\n\n\n<li><strong>Quais s\u00e3o os principais produtos da nossa empresa?<\/strong><br>\u2014\u2014N\u00f3s nos concentramos em v\u00e1rios sistemas de lubrifica\u00e7\u00e3o centralizada, incluindo sistemas de lubrifica\u00e7\u00e3o com graxa, sistemas de lubrifica\u00e7\u00e3o com \u00f3leo fino, sistemas de lubrifica\u00e7\u00e3o de linha \u00fanica, sistemas de lubrifica\u00e7\u00e3o progressiva, sistemas de lubrifica\u00e7\u00e3o de linha dupla, bombas de lubrifica\u00e7\u00e3o de ponto \u00fanico, sistemas de lubrifica\u00e7\u00e3o manual, etc. Nossa equipe t\u00e9cnica tem mais de 10 anos de experi\u00eancia, excelente qualidade de produto e forte competitividade.<\/li>\n\n\n\n<li><strong>Por que nos escolher?<\/strong><br>\u2014\u2014Temos nos concentrado em provedores de solu\u00e7\u00f5es de sistemas de lubrifica\u00e7\u00e3o centralizados por mais de 10 anos. Atendemos clientes em mais de 30 pa\u00edses. Fornecemos dezenas de milhares de esta\u00e7\u00f5es de bombeamento de lubrifica\u00e7\u00e3o para clientes em todo o mundo. Podemos fornecer a voc\u00ea uma solu\u00e7\u00e3o total. Se necess\u00e1rio, produtos OEM e ODM podem ser fornecidos. Forneceremos a voc\u00ea o melhor pre\u00e7o e a melhor qualidade e servi\u00e7o. Nossos produtos est\u00e3o posicionados no mercado m\u00e9dio e alto. Todos os produtos garantem qualidade e quantidade, bem como p\u00f3s-venda, e o pre\u00e7o tem vantagens no mercado.<\/li>\n\n\n\n<li><strong>Como garantimos a qualidade?<\/strong><br>\u2014\u2014Durante a produ\u00e7\u00e3o, temos uma equipe completa de controle de qualidade e processos que atendem aos padr\u00f5es internacionais. Temos equipamentos de teste profissionais e conduzimos testes rigorosos em produtos, incluindo teste de vida, teste de temperatura, teste de press\u00e3o, etc. Temos certifica\u00e7\u00e3o ISO9001 e certifica\u00e7\u00e3o CE. Cada lote de produtos ser\u00e1 testado antes de sair da f\u00e1brica e a lista de verifica\u00e7\u00e3o ser\u00e1 verificada uma por uma para garantir que a quantidade seja precisa.<\/li>\n\n\n\n<li><strong>Como obter um or\u00e7amento?<\/strong><br>\u2014\u2014Antes de nos consultar, voc\u00ea pode consultar nosso cat\u00e1logo de produtos e folha de dados do produto e, em seguida, nos informar o c\u00f3digo do pedido do produto que deseja com base nisso. Voc\u00ea tamb\u00e9m pode nos informar alguns detalhes das suas necessidades de sistema de lubrifica\u00e7\u00e3o, como a capacidade da bomba de lubrifica\u00e7\u00e3o, o lubrificante usado, voltagem, press\u00e3o, n\u00famero de pontos de lubrifica\u00e7\u00e3o, comprimento do tubo, etc. Nossos engenheiros profissionais fornecer\u00e3o sugest\u00f5es detalhadas sobre modelos e especifica\u00e7\u00f5es.<\/li>\n\n\n\n<li><strong>Em quanto tempo posso obter um or\u00e7amento?<\/strong><br>\u2014\u2014Normalmente fazemos o or\u00e7amento em at\u00e9 8 horas ap\u00f3s receber sua consulta. Se precisar obter um pre\u00e7o urgentemente, ligue para n\u00f3s ou deixe uma mensagem ou envie uma mensagem via Whatsapp.<\/li>\n\n\n\n<li><strong>Qual \u00e9 o seu pre\u00e7o?<\/strong><br>\u2014\u2014Oferecemos produtos competitivos e de alta qualidade, garantindo qualidade superior e oferecendo pre\u00e7os competitivos.<\/li>\n\n\n\n<li><strong>Como \u00e9 o seu prazo de entrega?<\/strong><br>\u2014\u2014Se for um pedido de lote pequeno, ele pode ser enviado em 3 dias. Se for um lote grande de produtos, tamb\u00e9m podemos entregar em cerca de meio m\u00eas. O tempo espec\u00edfico depende do produto e da personaliza\u00e7\u00e3o.<\/li>\n\n\n\n<li><strong>Qual \u00e9 a quantidade m\u00ednima do seu pedido?<\/strong><br>\u2014\u2014Para produtos padr\u00e3o, a quantidade m\u00ednima do pedido pode ser negociada. A quantidade m\u00ednima do pedido de diferentes modelos \u00e9 diferente, e alguns n\u00e3o t\u00eam quantidade m\u00ednima do pedido. Para pedidos OEM, podemos fornecer e ajustar nossos produtos para atender a v\u00e1rias necessidades. Portanto, a quantidade m\u00ednima do pedido e o pre\u00e7o podem variar muito devido ao tamanho, material e outras especifica\u00e7\u00f5es, como produtos caros ou produtos padr\u00e3o. A quantidade m\u00ednima do pedido geralmente \u00e9 menor.<\/li>\n\n\n\n<li><strong>Voc\u00eas podem fornecer produtos OEM ou ODM?<\/strong><br>\u2014\u2014Sim, podemos produzir de acordo com suas amostras ou desenhos t\u00e9cnicos, e podemos fazer moldes e acess\u00f3rios. Normalmente, suas necessidades podem ser modificadas em nossa tecnologia de produto para atingir.<\/li>\n\n\n\n<li><strong>Posso ser seu agente no meu pa\u00eds?<\/strong><br>\u2014\u2014Estamos ansiosos por uma coopera\u00e7\u00e3o de longo prazo. Se voc\u00ea tiver ideias, podemos nos comunicar em detalhes. Precisamos de parceiros para criar valor juntos.<\/li>\n\n\n\n<li><strong>Qual \u00e9 o per\u00edodo de garantia do produto?<\/strong><br>\u2014\u2014O per\u00edodo de garantia do nosso produto \u00e9 de um ano.<\/li>\n\n\n\n<li><strong>Como posso obter algumas amostras?<\/strong><br>\u2014\u2014Normalmente n\u00e3o podemos fornecer amostras gr\u00e1tis. Pague pelas taxas de amostra e entrega. A taxa de amostra pode ser deduzida no seu primeiro pedido grande.<\/li>\n\n\n\n<li><strong>Qual \u00e9 a sua capacidade de produ\u00e7\u00e3o competitiva?<\/strong><br>\u2014\u2014Produ\u00e7\u00e3o mensal de mais de 5000 conjuntos.<\/li>\n\n\n\n<li><strong>Quais m\u00e9todos de pagamento sua empresa aceita?<\/strong><br>\u2014\u2014Aceitamos T\/T (transfer\u00eancia banc\u00e1ria), Western Union, Paypal, Alipay, WeChat Pay.<\/li>\n\n\n\n<li><strong>Quais s\u00e3o os seus termos de entrega?<\/strong><br>\u2014\u2014EXW, FOB, CFR, CIF, DAP, DDP<\/li>\n\n\n\n<li><strong>Que tipo de m\u00e9todo de envio voc\u00eas oferecem?<\/strong><br>\u2014\u2014Se voc\u00ea encomendar uma pequena quantidade de produtos, recomendamos a entrega por expresso internacional, como DHL, FedEx, UPS, EMS, etc. Se a quantidade do pedido for grande, oferecemos suporte a v\u00e1rios m\u00e9todos de envio, como expresso, a\u00e9reo, mar\u00edtimo, ferrovi\u00e1rio, etc. Tamb\u00e9m podemos ajud\u00e1-lo a armazenar produtos de outros fornecedores em nosso dep\u00f3sito e envi\u00e1-los juntos.<\/li>\n\n\n\n<li><strong>Como \u00e9 a embalagem?<\/strong><br>\u2014\u2014Caixas de exporta\u00e7\u00e3o padr\u00e3o, caixas de madeira e outras embalagens naveg\u00e1veis. Antes de pagar o saldo, para garantir que todos os produtos sejam o que voc\u00ea precisa, mostraremos fotos, desenhos, v\u00eddeos, etc. antes do envio.<\/li>\n\n\n\n<li><strong>Como \u00e9 o servi\u00e7o p\u00f3s-venda?<\/strong><br>\u2014\u2014Ap\u00f3s o cliente fazer uma pergunta, responderemos dentro de 24 horas.<\/li>\n<\/ol>\n<\/div><\/div>\n<\/div><\/div>","protected":false},"excerpt":{"rendered":"","protected":false},"author":1,"featured_media":0,"parent":0,"menu_order":0,"comment_status":"closed","ping_status":"closed","template":"","meta":{"ocean_post_layout":"full-screen","ocean_both_sidebars_style":"","ocean_both_sidebars_content_width":0,"ocean_both_sidebars_sidebars_width":0,"ocean_sidebar":"0","ocean_second_sidebar":"0","ocean_disable_margins":"on","ocean_add_body_class":"","ocean_shortcode_before_top_bar":"","ocean_shortcode_after_top_bar":"","ocean_shortcode_before_header":"","ocean_shortcode_after_header":"","ocean_has_shortcode":"","ocean_shortcode_after_title":"","ocean_shortcode_before_footer_widgets":"","ocean_shortcode_after_footer_widgets":"","ocean_shortcode_before_footer_bottom":"","ocean_shortcode_after_footer_bottom":"","ocean_display_top_bar":"default","ocean_display_header":"default","ocean_header_style":"","ocean_center_header_left_menu":"0","ocean_custom_header_template":"0","ocean_custom_logo":0,"ocean_custom_retina_logo":0,"ocean_custom_logo_max_width":0,"ocean_custom_logo_tablet_max_width":0,"ocean_custom_logo_mobile_max_width":0,"ocean_custom_logo_max_height":0,"ocean_custom_logo_tablet_max_height":0,"ocean_custom_logo_mobile_max_height":0,"ocean_header_custom_menu":"0","ocean_menu_typo_font_family":"0","ocean_menu_typo_font_subset":"","ocean_menu_typo_font_size":0,"ocean_menu_typo_font_size_tablet":0,"ocean_menu_typo_font_size_mobile":0,"ocean_menu_typo_font_size_unit":"px","ocean_menu_typo_font_weight":"","ocean_menu_typo_font_weight_tablet":"","ocean_menu_typo_font_weight_mobile":"","ocean_menu_typo_transform":"","ocean_menu_typo_transform_tablet":"","ocean_menu_typo_transform_mobile":"","ocean_menu_typo_line_height":0,"ocean_menu_typo_line_height_tablet":0,"ocean_menu_typo_line_height_mobile":0,"ocean_menu_typo_line_height_unit":"","ocean_menu_typo_spacing":0,"ocean_menu_typo_spacing_tablet":0,"ocean_menu_typo_spacing_mobile":0,"ocean_menu_typo_spacing_unit":"","ocean_menu_link_color":"","ocean_menu_link_color_hover":"","ocean_menu_link_color_active":"","ocean_menu_link_background":"","ocean_menu_link_hover_background":"","ocean_menu_link_active_background":"","ocean_menu_social_links_bg":"","ocean_menu_social_hover_links_bg":"","ocean_menu_social_links_color":"","ocean_menu_social_hover_links_color":"","ocean_disable_title":"default","ocean_disable_heading":"default","ocean_post_title":"","ocean_post_subheading":"","ocean_post_title_style":"","ocean_post_title_background_color":"","ocean_post_title_background":0,"ocean_post_title_bg_image_position":"","ocean_post_title_bg_image_attachment":"","ocean_post_title_bg_image_repeat":"","ocean_post_title_bg_image_size":"","ocean_post_title_height":0,"ocean_post_title_bg_overlay":0.5,"ocean_post_title_bg_overlay_color":"","ocean_disable_breadcrumbs":"default","ocean_breadcrumbs_color":"","ocean_breadcrumbs_separator_color":"","ocean_breadcrumbs_links_color":"","ocean_breadcrumbs_links_hover_color":"","ocean_display_footer_widgets":"default","ocean_display_footer_bottom":"default","ocean_custom_footer_template":"0","osh_disable_topbar_sticky":"default","osh_disable_header_sticky":"default","osh_sticky_header_style":"default","osh_sticky_header_effect":"","osh_custom_sticky_logo":0,"osh_custom_retina_sticky_logo":0,"osh_custom_sticky_logo_height":0,"osh_background_color":"","osh_links_color":"","osh_links_hover_color":"","osh_links_active_color":"","osh_links_bg_color":"","osh_links_hover_bg_color":"","osh_links_active_bg_color":"","osh_menu_social_links_color":"","osh_menu_social_hover_links_color":"","footnotes":""},"class_list":["post-1817","page","type-page","status-publish","hentry","entry","owp-thumbs-layout-horizontal","owp-btn-very-big","owp-tabs-layout-horizontal","has-no-thumbnails"],"_links":{"self":[{"href":"https:\/\/www.jinpinlub.com\/pt\/wp-json\/wp\/v2\/pages\/1817","targetHints":{"allow":["GET"]}}],"collection":[{"href":"https:\/\/www.jinpinlub.com\/pt\/wp-json\/wp\/v2\/pages"}],"about":[{"href":"https:\/\/www.jinpinlub.com\/pt\/wp-json\/wp\/v2\/types\/page"}],"author":[{"embeddable":true,"href":"https:\/\/www.jinpinlub.com\/pt\/wp-json\/wp\/v2\/users\/1"}],"replies":[{"embeddable":true,"href":"https:\/\/www.jinpinlub.com\/pt\/wp-json\/wp\/v2\/comments?post=1817"}],"version-history":[{"count":0,"href":"https:\/\/www.jinpinlub.com\/pt\/wp-json\/wp\/v2\/pages\/1817\/revisions"}],"wp:attachment":[{"href":"https:\/\/www.jinpinlub.com\/pt\/wp-json\/wp\/v2\/media?parent=1817"}],"curies":[{"name":"wp","href":"https:\/\/api.w.org\/{rel}","templated":true}]}}