{"id":2437,"date":"2024-07-16T09:24:04","date_gmt":"2024-07-16T09:24:04","guid":{"rendered":"https:\/\/www.jinpinlub.com\/?post_type=product&#038;p=2437"},"modified":"2025-01-11T11:50:24","modified_gmt":"2025-01-11T03:50:24","slug":"bomba-de-lubrificacao-com-graxa-j203-para-sistema-de-lubrificacao-progressiva","status":"publish","type":"product","link":"https:\/\/www.jinpinlub.com\/pt\/product\/j203-grease-lubricaton-pump-for-progressive-lubrication-system\/","title":{"rendered":"Bomba de lubrifica\u00e7\u00e3o com graxa J203 para sistema de lubrifica\u00e7\u00e3o progressiva"},"content":{"rendered":"<h2>Caracter\u00edsticas<\/h2>\n<p>1. Alta efici\u00eancia: O J203 usa tecnologia avan\u00e7ada de bomba de \u00eambolo para garantir uma entrega est\u00e1vel com alta press\u00e3o e alta velocidade, melhorando significativamente a efici\u00eancia da lubrifica\u00e7\u00e3o.<br \/>\n2. Confiabilidade: O corpo da bomba de lubrifica\u00e7\u00e3o \u00e9 feito de materiais de alta resist\u00eancia, com controle de qualidade e testes longitudinalmente rigorosos para garantir sua opera\u00e7\u00e3o est\u00e1vel a longo prazo sob v\u00e1rias condi\u00e7\u00f5es de trabalho.<br \/>\n3. Ajust\u00e1vel: A press\u00e3o de sa\u00edda e o fluxo da bomba de graxa s\u00e3o ajust\u00e1veis de acordo com as necessidades reais, de modo a atender aos requisitos de lubrifica\u00e7\u00e3o de diferentes equipamentos.<br \/>\n4. Seguro: V\u00e1rios conjuntos de dispositivos de prote\u00e7\u00e3o de seguran\u00e7a, como prote\u00e7\u00e3o contra sobrecarga e alarme de press\u00e3o, garantem o desligamento oportuno do equipamento durante condi\u00e7\u00f5es anormais para evitar danos e ocorr\u00eancia de acidentes.<\/p>\n<h2>Especifica\u00e7\u00e3o<\/h2>\n<table>\n<tbody>\n<tr>\n<td>Temperatura de opera\u00e7\u00e3o<\/td>\n<td>(-40\u00b0C a +70\u00b0C)<\/td>\n<\/tr>\n<tr>\n<td>N\u00famero de pontos de venda<\/td>\n<td>1, 2 ou 3<\/td>\n<\/tr>\n<tr>\n<td>Capacidade do reservat\u00f3rio<\/td>\n<td>2L, 4L, 8L<\/td>\n<\/tr>\n<tr>\n<td>Reabastecimento<\/td>\n<td>Conex\u00e3o de lubrifica\u00e7\u00e3o hidr\u00e1ulica ou de cima<\/td>\n<\/tr>\n<tr>\n<td>Lubrificante<\/td>\n<td>Graxas de no m\u00ednimo grau NLGI 2, \u00d3leos at\u00e9 40 mm\u00b2\/s (cSt) a 40\u00b0 C<\/td>\n<\/tr>\n<tr>\n<td>Classe de prote\u00e7\u00e3o<\/td>\n<td>IP6K 9K<\/td>\n<\/tr>\n<tr>\n<td>Di\u00e2metro do pist\u00e3o, K5<\/td>\n<td>5 mm, aprox. 2 cm\u00b3\/min<\/td>\n<\/tr>\n<tr>\n<td>Di\u00e2metro do pist\u00e3o, (padr\u00e3o) K6<\/td>\n<td>6 mm, aprox. 2,8 cm\u00b3\/min<\/td>\n<\/tr>\n<tr>\n<td>Di\u00e2metro do pist\u00e3o, K7<\/td>\n<td>7 mm, aprox. 4 cm\u00b3\/min<\/td>\n<\/tr>\n<tr>\n<td>Press\u00e3o m\u00e1xima de opera\u00e7\u00e3o<\/td>\n<td>350 barras<\/td>\n<\/tr>\n<tr>\n<td>Fio de conex\u00e3o<\/td>\n<td>Sol 1\/4<\/td>\n<\/tr>\n<tr>\n<td>Tens\u00e3o de opera\u00e7\u00e3o<\/td>\n<td>12 VCC, 24 VCC, 110-240 VCA<\/td>\n<\/tr>\n<\/tbody>\n<\/table>\n<h2>Aplica\u00e7\u00f5es<\/h2>\n<p>1. Fabrica\u00e7\u00e3o de m\u00e1quinas: fornece um sistema de lubrifica\u00e7\u00e3o cont\u00ednuo e est\u00e1vel para alguns componentes importantes, como rolamentos e engrenagens usados em m\u00e1quinas-ferramentas, m\u00e1quinas de constru\u00e7\u00e3o e m\u00e1quinas de minera\u00e7\u00e3o.<br \/>\n2. Transporte: Trabalhar nas principais partes funcionais do motor e dos sistemas de transmiss\u00e3o de meios de transporte em terra, \u00e1gua e ar.<br \/>\n3. Petroqu\u00edmica: Na produ\u00e7\u00e3o de equipamentos de uma ind\u00fastria petroqu\u00edmica, garante o bom funcionamento e diminui o desgaste e a falha dos principais equipamentos.<br \/>\n4. Metalurgia do ferro e do a\u00e7o: D\u00e1 suporte aos sistemas de lubrifica\u00e7\u00e3o das linhas de produ\u00e7\u00e3o de laminadores, equipamentos sider\u00fargicos e outros.<\/p>\n<h2>Manuais<\/h2>\n<div class=\"sdm_download_button_box_default\"><div class=\"sdm_download_link\"><a href=\"https:\/\/www.jinpinlub.com\/pt\/?sdm_process_download=1&download_id=2429\" class=\"sdm_download white\" title=\"Privado: J203 Grease Pump\" target=\"&quot;_blank&quot;\">Ver Ficha T\u00e9cnica - Bomba de Graxa J203<\/a><\/div><\/div>","protected":false},"excerpt":{"rendered":"<p>A bomba de lubrifica\u00e7\u00e3o J203 \u00e9 uma bomba de lubrifica\u00e7\u00e3o profissional projetada para aplica\u00e7\u00f5es industriais. Ela adota um design de economia de energia e pode fornecer sa\u00edda de lubrificante est\u00e1vel e cont\u00ednua para lubrificar pe\u00e7as-chave do equipamento, estendendo assim efetivamente a vida \u00fatil do equipamento.<\/p>","protected":false},"featured_media":2438,"template":"","meta":{"ocean_post_layout":"","ocean_both_sidebars_style":"","ocean_both_sidebars_content_width":0,"ocean_both_sidebars_sidebars_width":0,"ocean_sidebar":"0","ocean_second_sidebar":"0","ocean_disable_margins":"enable","ocean_add_body_class":"","ocean_shortcode_before_top_bar":"","ocean_shortcode_after_top_bar":"","ocean_shortcode_before_header":"","ocean_shortcode_after_header":"","ocean_has_shortcode":"","ocean_shortcode_after_title":"","ocean_shortcode_before_footer_widgets":"","ocean_shortcode_after_footer_widgets":"","ocean_shortcode_before_footer_bottom":"","ocean_shortcode_after_footer_bottom":"","ocean_display_top_bar":"default","ocean_display_header":"default","ocean_header_style":"","ocean_center_header_left_menu":"0","ocean_custom_header_template":"0","ocean_custom_logo":0,"ocean_custom_retina_logo":0,"ocean_custom_logo_max_width":0,"ocean_custom_logo_tablet_max_width":0,"ocean_custom_logo_mobile_max_width":0,"ocean_custom_logo_max_height":0,"ocean_custom_logo_tablet_max_height":0,"ocean_custom_logo_mobile_max_height":0,"ocean_header_custom_menu":"0","ocean_menu_typo_font_family":"0","ocean_menu_typo_font_subset":"","ocean_menu_typo_font_size":0,"ocean_menu_typo_font_size_tablet":0,"ocean_menu_typo_font_size_mobile":0,"ocean_menu_typo_font_size_unit":"px","ocean_menu_typo_font_weight":"","ocean_menu_typo_font_weight_tablet":"","ocean_menu_typo_font_weight_mobile":"","ocean_menu_typo_transform":"","ocean_menu_typo_transform_tablet":"","ocean_menu_typo_transform_mobile":"","ocean_menu_typo_line_height":0,"ocean_menu_typo_line_height_tablet":0,"ocean_menu_typo_line_height_mobile":0,"ocean_menu_typo_line_height_unit":"","ocean_menu_typo_spacing":0,"ocean_menu_typo_spacing_tablet":0,"ocean_menu_typo_spacing_mobile":0,"ocean_menu_typo_spacing_unit":"","ocean_menu_link_color":"","ocean_menu_link_color_hover":"","ocean_menu_link_color_active":"","ocean_menu_link_background":"","ocean_menu_link_hover_background":"","ocean_menu_link_active_background":"","ocean_menu_social_links_bg":"","ocean_menu_social_hover_links_bg":"","ocean_menu_social_links_color":"","ocean_menu_social_hover_links_color":"","ocean_disable_title":"default","ocean_disable_heading":"default","ocean_post_title":"","ocean_post_subheading":"","ocean_post_title_style":"","ocean_post_title_background_color":"","ocean_post_title_background":0,"ocean_post_title_bg_image_position":"","ocean_post_title_bg_image_attachment":"","ocean_post_title_bg_image_repeat":"","ocean_post_title_bg_image_size":"","ocean_post_title_height":0,"ocean_post_title_bg_overlay":0.5,"ocean_post_title_bg_overlay_color":"","ocean_disable_breadcrumbs":"default","ocean_breadcrumbs_color":"","ocean_breadcrumbs_separator_color":"","ocean_breadcrumbs_links_color":"","ocean_breadcrumbs_links_hover_color":"","ocean_display_footer_widgets":"default","ocean_display_footer_bottom":"default","ocean_custom_footer_template":"0","osh_disable_topbar_sticky":"default","osh_disable_header_sticky":"default","osh_sticky_header_style":"default","osh_sticky_header_effect":"","osh_custom_sticky_logo":0,"osh_custom_retina_sticky_logo":0,"osh_custom_sticky_logo_height":0,"osh_background_color":"","osh_links_color":"","osh_links_hover_color":"","osh_links_active_color":"","osh_links_bg_color":"","osh_links_hover_bg_color":"","osh_links_active_bg_color":"","osh_menu_social_links_color":"","osh_menu_social_hover_links_color":""},"product_brand":[],"product_cat":[42,41],"product_tag":[74,73,75],"class_list":{"0":"post-2437","1":"product","2":"type-product","3":"status-publish","4":"has-post-thumbnail","6":"product_cat-electric-progressive-pumps","7":"product_cat-progressive-grease-systems","8":"product_tag-automatic-lubrication-pump","9":"product_tag-electric-lubrication-pump","10":"product_tag-electric-lubrication-station","12":"entry","13":"has-media","15":"first","16":"instock","17":"shipping-taxable","18":"product-type-external","19":"col","20":"span_1_of_3","21":"owp-content-center","22":"owp-thumbs-layout-horizontal","23":"owp-btn-very-big","24":"owp-tabs-layout-horizontal"},"_links":{"self":[{"href":"https:\/\/www.jinpinlub.com\/pt\/wp-json\/wp\/v2\/product\/2437","targetHints":{"allow":["GET"]}}],"collection":[{"href":"https:\/\/www.jinpinlub.com\/pt\/wp-json\/wp\/v2\/product"}],"about":[{"href":"https:\/\/www.jinpinlub.com\/pt\/wp-json\/wp\/v2\/types\/product"}],"wp:featuredmedia":[{"embeddable":true,"href":"https:\/\/www.jinpinlub.com\/pt\/wp-json\/wp\/v2\/media\/2438"}],"wp:attachment":[{"href":"https:\/\/www.jinpinlub.com\/pt\/wp-json\/wp\/v2\/media?parent=2437"}],"wp:term":[{"taxonomy":"product_brand","embeddable":true,"href":"https:\/\/www.jinpinlub.com\/pt\/wp-json\/wp\/v2\/product_brand?post=2437"},{"taxonomy":"product_cat","embeddable":true,"href":"https:\/\/www.jinpinlub.com\/pt\/wp-json\/wp\/v2\/product_cat?post=2437"},{"taxonomy":"product_tag","embeddable":true,"href":"https:\/\/www.jinpinlub.com\/pt\/wp-json\/wp\/v2\/product_tag?post=2437"}],"curies":[{"name":"wp","href":"https:\/\/api.w.org\/{rel}","templated":true}]}}