{"id":2485,"date":"2024-07-17T02:49:22","date_gmt":"2024-07-17T02:49:22","guid":{"rendered":"https:\/\/www.jinpinlub.com\/?post_type=product&#038;p=2485"},"modified":"2024-07-17T04:02:47","modified_gmt":"2024-07-17T04:02:47","slug":"injetor-de-deslocamento-positivo-lt-para-sistema-de-lubrificacao-a-oleo","status":"publish","type":"product","link":"https:\/\/www.jinpinlub.com\/pt\/product\/lt-positive-displacement-injector-for-oil-lubrication-system\/","title":{"rendered":"Injetor de deslocamento positivo LT para sistema de lubrifica\u00e7\u00e3o a \u00f3leo"},"content":{"rendered":"<h2>Caracter\u00edsticas<\/h2>\n<p>1. Ele precisa ser equipado com uma bomba de lubrifica\u00e7\u00e3o de al\u00edvio de press\u00e3o com quantidade precisa de \u00f3leo, que pode ser selecionada de acordo com as necessidades.<br \/>\n2. Cada tomada possui uma haste indicadora para detec\u00e7\u00e3o visual, e um interruptor de proximidade ou microinterruptor pode ser selecionado para detec\u00e7\u00e3o de sinal.<br \/>\n3. O interruptor de proximidade padr\u00e3o \u00e9 um contato normalmente fechado, e um contato normalmente aberto tamb\u00e9m pode ser selecionado.<br \/>\n4. O microinterruptor s\u00f3 pode ser instalado na sa\u00edda de 0,5 ml, e os contatos NA e NF s\u00e3o opcionais.<br \/>\n5. O distribuidor LT padr\u00e3o \u00e9 equipado com um conector de ponteira, e um conector de encaixe r\u00e1pido \u00e9 opcional.<\/p>\n<h2>Especifica\u00e7\u00e3o<\/h2>\n<table>\n<tbody>\n<tr>\n<td>Princ\u00edpio de funcionamento<\/td>\n<td>Injetor de deslocamento positivo<\/td>\n<\/tr>\n<tr>\n<td>Pontos de venda<\/td>\n<td>2, 3, 4, 5, 6, 7<\/td>\n<\/tr>\n<tr>\n<td>Medi\u00e7\u00e3o de quantidade de \u00f3leo<\/td>\n<td>0,1, 0,2, 0,3, 0,4, 0,5, 0,06 mL\/ciclo<\/td>\n<\/tr>\n<tr>\n<td>Lubrificante<\/td>\n<td>32~90 cSt@40\u00b0C<\/td>\n<\/tr>\n<tr>\n<td>Temperatura de opera\u00e7\u00e3o<\/td>\n<td>0 a +80 \u00b0C<\/td>\n<\/tr>\n<tr>\n<td>Press\u00e3o de opera\u00e7\u00e3o<\/td>\n<td>8~30bar<\/td>\n<\/tr>\n<tr>\n<td>Material<\/td>\n<td>Zinco fundido, lat\u00e3o<\/td>\n<\/tr>\n<tr>\n<td>Tomada de conex\u00e3o<\/td>\n<td>Entrada \u03a66(M10x1), Sa\u00edda \u03a64(M8x1)<\/td>\n<\/tr>\n<tr>\n<td>Conex\u00f5es de sa\u00edda<\/td>\n<td>Tipo de manga, tipo r\u00e1pido<\/td>\n<\/tr>\n<tr>\n<td>Posi\u00e7\u00e3o de montagem<\/td>\n<td>Qualquer<\/td>\n<\/tr>\n<\/tbody>\n<\/table>\n<h2>Princ\u00edpio<\/h2>\n<p>O LT \u00e9 baseado principalmente na a\u00e7\u00e3o do pist\u00e3o de medi\u00e7\u00e3o e na coopera\u00e7\u00e3o da v\u00e1lvula bidirecional em forma de guarda-chuva. Quando o \u00f3leo bombeado pela bomba de lubrifica\u00e7\u00e3o \u00e9 injetado do tubo principal, a v\u00e1lvula bidirecional em forma de guarda-chuva \u00e9 empurrada, de modo que o \u00f3leo flui para a c\u00e2mara do pist\u00e3o e \u00e9 pressionado atrav\u00e9s da passagem. Sob a a\u00e7\u00e3o do \u00f3leo de press\u00e3o, o pist\u00e3o de medi\u00e7\u00e3o se move para baixo, acumula \u00f3leo e comprime a mola. Quando a press\u00e3o do \u00f3leo no tubo principal \u00e9 liberada (ou seja, al\u00edvio de press\u00e3o), a v\u00e1lvula em forma de guarda-chuva se move devido \u00e0 diferen\u00e7a de press\u00e3o e abre a sa\u00edda ao mesmo tempo, de modo que o \u00f3leo acumulado na c\u00e2mara viva \u00e9 enviado para o tubo de \u00f3leo atrav\u00e9s da sa\u00edda.<\/p>\n<h2>Manuais<\/h2>\n<div class=\"sdm_download_button_box_default\"><div class=\"sdm_download_link\"><a href=\"https:\/\/www.jinpinlub.com\/pt\/?sdm_process_download=1&download_id=2475\" class=\"sdm_download white\" title=\"Privado: LT Pressure-relief Distributor\" target=\"&quot;_blank&quot;\">Ver Ficha T\u00e9cnica - Distribuidor LT<\/a><\/div><\/div>","protected":false},"excerpt":{"rendered":"<p>Os distribuidores despressurizados LT s\u00e3o amplamente utilizados em equipamentos industriais que exigem lubrifica\u00e7\u00e3o precisa, como equipamentos de processo de lamina\u00e7\u00e3o a frio, m\u00e1quinas de moldagem por inje\u00e7\u00e3o, m\u00e1quinas de fundi\u00e7\u00e3o sob press\u00e3o, etc. Eles exigem um fornecimento est\u00e1vel de \u00f3leo lubrificante para garantir uma opera\u00e7\u00e3o de longo prazo.<\/p>","protected":false},"featured_media":2490,"template":"","meta":{"ocean_post_layout":"","ocean_both_sidebars_style":"","ocean_both_sidebars_content_width":0,"ocean_both_sidebars_sidebars_width":0,"ocean_sidebar":"0","ocean_second_sidebar":"0","ocean_disable_margins":"enable","ocean_add_body_class":"","ocean_shortcode_before_top_bar":"","ocean_shortcode_after_top_bar":"","ocean_shortcode_before_header":"","ocean_shortcode_after_header":"","ocean_has_shortcode":"","ocean_shortcode_after_title":"","ocean_shortcode_before_footer_widgets":"","ocean_shortcode_after_footer_widgets":"","ocean_shortcode_before_footer_bottom":"","ocean_shortcode_after_footer_bottom":"","ocean_display_top_bar":"default","ocean_display_header":"default","ocean_header_style":"","ocean_center_header_left_menu":"0","ocean_custom_header_template":"0","ocean_custom_logo":0,"ocean_custom_retina_logo":0,"ocean_custom_logo_max_width":0,"ocean_custom_logo_tablet_max_width":0,"ocean_custom_logo_mobile_max_width":0,"ocean_custom_logo_max_height":0,"ocean_custom_logo_tablet_max_height":0,"ocean_custom_logo_mobile_max_height":0,"ocean_header_custom_menu":"0","ocean_menu_typo_font_family":"0","ocean_menu_typo_font_subset":"","ocean_menu_typo_font_size":0,"ocean_menu_typo_font_size_tablet":0,"ocean_menu_typo_font_size_mobile":0,"ocean_menu_typo_font_size_unit":"px","ocean_menu_typo_font_weight":"","ocean_menu_typo_font_weight_tablet":"","ocean_menu_typo_font_weight_mobile":"","ocean_menu_typo_transform":"","ocean_menu_typo_transform_tablet":"","ocean_menu_typo_transform_mobile":"","ocean_menu_typo_line_height":0,"ocean_menu_typo_line_height_tablet":0,"ocean_menu_typo_line_height_mobile":0,"ocean_menu_typo_line_height_unit":"","ocean_menu_typo_spacing":0,"ocean_menu_typo_spacing_tablet":0,"ocean_menu_typo_spacing_mobile":0,"ocean_menu_typo_spacing_unit":"","ocean_menu_link_color":"","ocean_menu_link_color_hover":"","ocean_menu_link_color_active":"","ocean_menu_link_background":"","ocean_menu_link_hover_background":"","ocean_menu_link_active_background":"","ocean_menu_social_links_bg":"","ocean_menu_social_hover_links_bg":"","ocean_menu_social_links_color":"","ocean_menu_social_hover_links_color":"","ocean_disable_title":"default","ocean_disable_heading":"default","ocean_post_title":"","ocean_post_subheading":"","ocean_post_title_style":"","ocean_post_title_background_color":"","ocean_post_title_background":0,"ocean_post_title_bg_image_position":"","ocean_post_title_bg_image_attachment":"","ocean_post_title_bg_image_repeat":"","ocean_post_title_bg_image_size":"","ocean_post_title_height":0,"ocean_post_title_bg_overlay":0.5,"ocean_post_title_bg_overlay_color":"","ocean_disable_breadcrumbs":"default","ocean_breadcrumbs_color":"","ocean_breadcrumbs_separator_color":"","ocean_breadcrumbs_links_color":"","ocean_breadcrumbs_links_hover_color":"","ocean_display_footer_widgets":"default","ocean_display_footer_bottom":"default","ocean_custom_footer_template":"0","osh_disable_topbar_sticky":"default","osh_disable_header_sticky":"default","osh_sticky_header_style":"default","osh_sticky_header_effect":"","osh_custom_sticky_logo":0,"osh_custom_retina_sticky_logo":0,"osh_custom_sticky_logo_height":0,"osh_background_color":"","osh_links_color":"","osh_links_hover_color":"","osh_links_active_color":"","osh_links_bg_color":"","osh_links_hover_bg_color":"","osh_links_active_bg_color":"","osh_menu_social_links_color":"","osh_menu_social_hover_links_color":""},"product_brand":[],"product_cat":[49,47],"product_tag":[82,83,84],"class_list":{"0":"post-2485","1":"product","2":"type-product","3":"status-publish","4":"has-post-thumbnail","6":"product_cat-volumetric-oil-injectors","7":"product_cat-volumetric-thin-oil-systems","8":"product_tag-positive-displacement-injector","9":"product_tag-pressure-relief-distributor","10":"product_tag-volumetric-distributor","12":"entry","13":"has-media","15":"first","16":"instock","17":"shipping-taxable","18":"product-type-external","19":"col","20":"span_1_of_3","21":"owp-content-center","22":"owp-thumbs-layout-horizontal","23":"owp-btn-very-big","24":"owp-tabs-layout-horizontal"},"_links":{"self":[{"href":"https:\/\/www.jinpinlub.com\/pt\/wp-json\/wp\/v2\/product\/2485","targetHints":{"allow":["GET"]}}],"collection":[{"href":"https:\/\/www.jinpinlub.com\/pt\/wp-json\/wp\/v2\/product"}],"about":[{"href":"https:\/\/www.jinpinlub.com\/pt\/wp-json\/wp\/v2\/types\/product"}],"wp:featuredmedia":[{"embeddable":true,"href":"https:\/\/www.jinpinlub.com\/pt\/wp-json\/wp\/v2\/media\/2490"}],"wp:attachment":[{"href":"https:\/\/www.jinpinlub.com\/pt\/wp-json\/wp\/v2\/media?parent=2485"}],"wp:term":[{"taxonomy":"product_brand","embeddable":true,"href":"https:\/\/www.jinpinlub.com\/pt\/wp-json\/wp\/v2\/product_brand?post=2485"},{"taxonomy":"product_cat","embeddable":true,"href":"https:\/\/www.jinpinlub.com\/pt\/wp-json\/wp\/v2\/product_cat?post=2485"},{"taxonomy":"product_tag","embeddable":true,"href":"https:\/\/www.jinpinlub.com\/pt\/wp-json\/wp\/v2\/product_tag?post=2485"}],"curies":[{"name":"wp","href":"https:\/\/api.w.org\/{rel}","templated":true}]}}