{"id":2494,"date":"2024-07-17T08:36:45","date_gmt":"2024-07-17T08:36:45","guid":{"rendered":"https:\/\/www.jinpinlub.com\/?post_type=product&#038;p=2494"},"modified":"2024-08-06T18:08:15","modified_gmt":"2024-08-06T18:08:15","slug":"distribuidor-de-alivio-de-pressao-mgk-para-sistema-de-graxa-de-linha-unica","status":"publish","type":"product","link":"https:\/\/www.jinpinlub.com\/pt\/product\/mgk-pressure-relief-distributor-for-single-line-grease-system\/","title":{"rendered":"Distribuidor de al\u00edvio de press\u00e3o MGK para sistema de graxa de linha \u00fanica"},"content":{"rendered":"<h2>Caracter\u00edsticas<\/h2>\n<p>1. V\u00e1lvula dosadora quantitativa pressurizada, do tipo a\u00e7\u00e3o de press\u00e3o direta.<br \/>\nA press\u00e3o do \u00f3leo fornecida pela bomba empurra o pist\u00e3o embutido na v\u00e1lvula dosadora para se mover, for\u00e7ando a descarga do lubrificante quantitativo.<br \/>\nQuando a bomba para de funcionar, o pist\u00e3o da parte dosadora \u00e9 redefinido sob a a\u00e7\u00e3o da for\u00e7a da mola, ou seja, o lubrificante quantitativo \u00e9 armazenado.<br \/>\n2. Descarga precisa, a parte de medi\u00e7\u00e3o \u00e9 descarregada apenas uma vez em um ciclo, e a dist\u00e2ncia entre elas no sistema, seja longe, perto, alta ou baixa, instala\u00e7\u00e3o horizontal ou vertical, n\u00e3o tem efeito na descarga.<br \/>\n3. Descarga for\u00e7ada, a\u00e7\u00e3o sens\u00edvel. Duas veda\u00e7\u00f5es s\u00e3o usadas para evitar que o descarregado retorne.<br \/>\n4. As v\u00e1lvulas dosadoras podem ser selecionadas com base nas necessidades de cada ponto de lubrifica\u00e7\u00e3o e podem ser usadas em combina\u00e7\u00e3o com a jun\u00e7\u00e3o MGJ, em s\u00e9rie ou em paralelo.<br \/>\n5. Tipo de luva: tubo de nylon \u03a64 precisa ser combinado com junta PA-4 e virola de cone duplo PB-4. Tipo de encaixe r\u00e1pido: tubo de nylon \u03a64 pode ser inserido.<br \/>\n6. Aplic\u00e1vel \u00e0 graxa NLGI 000#, 00#.<\/p>\n<h2>Especifica\u00e7\u00e3o<\/h2>\n<table>\n<tbody>\n<tr>\n<td>Princ\u00edpio de funcionamento<\/td>\n<td>V\u00e1lvula de al\u00edvio de press\u00e3o<\/td>\n<\/tr>\n<tr>\n<td>N\u00fameros de pontos de venda<\/td>\n<td>1, 2, 3, 4, 5<\/td>\n<\/tr>\n<tr>\n<td>Quantidade de medi\u00e7\u00e3o<\/td>\n<td>0,03, 0,05, 0,13, 0,20, 0,30, 0,50 mL\/ciclo<\/td>\n<\/tr>\n<tr>\n<td>Lubrificante<\/td>\n<td>Graxa NLGI 000#, 00#.<\/td>\n<\/tr>\n<tr>\n<td>Temperatura de opera\u00e7\u00e3o<\/td>\n<td>0 a +80 \u00b0C<\/td>\n<\/tr>\n<tr>\n<td>Press\u00e3o de opera\u00e7\u00e3o<\/td>\n<td>0,5~1,5 MPa<\/td>\n<\/tr>\n<tr>\n<td>Material<\/td>\n<td>Cobre, liga de alum\u00ednio<\/td>\n<\/tr>\n<tr>\n<td>Tomada de conex\u00e3o<\/td>\n<td>Entrada Rc1\/8, Sa\u00edda \u03a64(Rc1\/8)<\/td>\n<\/tr>\n<tr>\n<td>Conex\u00f5es de sa\u00edda<\/td>\n<td>Tipo de manga, tipo r\u00e1pido<\/td>\n<\/tr>\n<tr>\n<td>Posi\u00e7\u00e3o de montagem<\/td>\n<td>Qualquer<\/td>\n<\/tr>\n<\/tbody>\n<\/table>\n<h2>Aplicativo<\/h2>\n<p>Distribuidores especiais de sistema de lubrifica\u00e7\u00e3o com graxa de al\u00edvio de press\u00e3o de linha \u00fanica s\u00e3o amplamente utilizados em equipamentos mec\u00e2nicos que exigem lubrifica\u00e7\u00e3o precisa, como m\u00e1quinas de constru\u00e7\u00e3o, m\u00e1quinas de minera\u00e7\u00e3o, fabrica\u00e7\u00e3o de autom\u00f3veis, etc. Eles s\u00e3o particularmente adequados para aquelas ocasi\u00f5es em que h\u00e1 muitos pontos de lubrifica\u00e7\u00e3o e \u00e9 necess\u00e1rio garantir que cada ponto possa ser lubrificado adequadamente.<\/p>\n<h2>Manuais<\/h2>\n<div class=\"sdm_download_button_box_default\"><div class=\"sdm_download_link\"><a href=\"https:\/\/www.jinpinlub.com\/pt\/?sdm_process_download=1&download_id=2470\" class=\"sdm_download white\" title=\"Privado: MGK Metering Valve\" target=\"&quot;_blank&quot;\">Ver Ficha T\u00e9cnica - V\u00e1lvula de Medi\u00e7\u00e3o MGK<\/a><\/div><\/div>","protected":false},"excerpt":{"rendered":"<p>O distribuidor de graxa de al\u00edvio de press\u00e3o de linha \u00fanica MGK fornece lubrificante para v\u00e1rios pontos de lubrifica\u00e7\u00e3o por meio de uma \u00fanica linha de suprimento. Cada distribuidor pode controlar com precis\u00e3o a quantidade de lubrificante para garantir a opera\u00e7\u00e3o e manuten\u00e7\u00e3o normais do equipamento.<\/p>","protected":false},"featured_media":2495,"template":"","meta":{"ocean_post_layout":"","ocean_both_sidebars_style":"","ocean_both_sidebars_content_width":0,"ocean_both_sidebars_sidebars_width":0,"ocean_sidebar":"0","ocean_second_sidebar":"0","ocean_disable_margins":"enable","ocean_add_body_class":"","ocean_shortcode_before_top_bar":"","ocean_shortcode_after_top_bar":"","ocean_shortcode_before_header":"","ocean_shortcode_after_header":"","ocean_has_shortcode":"","ocean_shortcode_after_title":"","ocean_shortcode_before_footer_widgets":"","ocean_shortcode_after_footer_widgets":"","ocean_shortcode_before_footer_bottom":"","ocean_shortcode_after_footer_bottom":"","ocean_display_top_bar":"default","ocean_display_header":"default","ocean_header_style":"","ocean_center_header_left_menu":"0","ocean_custom_header_template":"0","ocean_custom_logo":0,"ocean_custom_retina_logo":0,"ocean_custom_logo_max_width":0,"ocean_custom_logo_tablet_max_width":0,"ocean_custom_logo_mobile_max_width":0,"ocean_custom_logo_max_height":0,"ocean_custom_logo_tablet_max_height":0,"ocean_custom_logo_mobile_max_height":0,"ocean_header_custom_menu":"0","ocean_menu_typo_font_family":"0","ocean_menu_typo_font_subset":"","ocean_menu_typo_font_size":0,"ocean_menu_typo_font_size_tablet":0,"ocean_menu_typo_font_size_mobile":0,"ocean_menu_typo_font_size_unit":"px","ocean_menu_typo_font_weight":"","ocean_menu_typo_font_weight_tablet":"","ocean_menu_typo_font_weight_mobile":"","ocean_menu_typo_transform":"","ocean_menu_typo_transform_tablet":"","ocean_menu_typo_transform_mobile":"","ocean_menu_typo_line_height":0,"ocean_menu_typo_line_height_tablet":0,"ocean_menu_typo_line_height_mobile":0,"ocean_menu_typo_line_height_unit":"","ocean_menu_typo_spacing":0,"ocean_menu_typo_spacing_tablet":0,"ocean_menu_typo_spacing_mobile":0,"ocean_menu_typo_spacing_unit":"","ocean_menu_link_color":"","ocean_menu_link_color_hover":"","ocean_menu_link_color_active":"","ocean_menu_link_background":"","ocean_menu_link_hover_background":"","ocean_menu_link_active_background":"","ocean_menu_social_links_bg":"","ocean_menu_social_hover_links_bg":"","ocean_menu_social_links_color":"","ocean_menu_social_hover_links_color":"","ocean_disable_title":"default","ocean_disable_heading":"default","ocean_post_title":"","ocean_post_subheading":"","ocean_post_title_style":"","ocean_post_title_background_color":"","ocean_post_title_background":0,"ocean_post_title_bg_image_position":"","ocean_post_title_bg_image_attachment":"","ocean_post_title_bg_image_repeat":"","ocean_post_title_bg_image_size":"","ocean_post_title_height":0,"ocean_post_title_bg_overlay":0.5,"ocean_post_title_bg_overlay_color":"","ocean_disable_breadcrumbs":"default","ocean_breadcrumbs_color":"","ocean_breadcrumbs_separator_color":"","ocean_breadcrumbs_links_color":"","ocean_breadcrumbs_links_hover_color":"","ocean_display_footer_widgets":"default","ocean_display_footer_bottom":"default","ocean_custom_footer_template":"0","osh_disable_topbar_sticky":"default","osh_disable_header_sticky":"default","osh_sticky_header_style":"default","osh_sticky_header_effect":"","osh_custom_sticky_logo":0,"osh_custom_retina_sticky_logo":0,"osh_custom_sticky_logo_height":0,"osh_background_color":"","osh_links_color":"","osh_links_hover_color":"","osh_links_active_color":"","osh_links_bg_color":"","osh_links_hover_bg_color":"","osh_links_active_bg_color":"","osh_menu_social_links_color":"","osh_menu_social_hover_links_color":""},"product_brand":[],"product_cat":[40,37],"product_tag":[87,85,86],"class_list":{"0":"post-2494","1":"product","2":"type-product","3":"status-publish","4":"has-post-thumbnail","6":"product_cat-pressure-relief-metering-valves","7":"product_cat-single-line-grease-systems","8":"product_tag-grease-distributor","9":"product_tag-pressure-relief-metering-valve","10":"product_tag-single-line-distributor","12":"entry","13":"has-media","15":"first","16":"instock","17":"shipping-taxable","18":"product-type-external","19":"col","20":"span_1_of_3","21":"owp-content-center","22":"owp-thumbs-layout-horizontal","23":"owp-btn-very-big","24":"owp-tabs-layout-horizontal"},"_links":{"self":[{"href":"https:\/\/www.jinpinlub.com\/pt\/wp-json\/wp\/v2\/product\/2494","targetHints":{"allow":["GET"]}}],"collection":[{"href":"https:\/\/www.jinpinlub.com\/pt\/wp-json\/wp\/v2\/product"}],"about":[{"href":"https:\/\/www.jinpinlub.com\/pt\/wp-json\/wp\/v2\/types\/product"}],"wp:featuredmedia":[{"embeddable":true,"href":"https:\/\/www.jinpinlub.com\/pt\/wp-json\/wp\/v2\/media\/2495"}],"wp:attachment":[{"href":"https:\/\/www.jinpinlub.com\/pt\/wp-json\/wp\/v2\/media?parent=2494"}],"wp:term":[{"taxonomy":"product_brand","embeddable":true,"href":"https:\/\/www.jinpinlub.com\/pt\/wp-json\/wp\/v2\/product_brand?post=2494"},{"taxonomy":"product_cat","embeddable":true,"href":"https:\/\/www.jinpinlub.com\/pt\/wp-json\/wp\/v2\/product_cat?post=2494"},{"taxonomy":"product_tag","embeddable":true,"href":"https:\/\/www.jinpinlub.com\/pt\/wp-json\/wp\/v2\/product_tag?post=2494"}],"curies":[{"name":"wp","href":"https:\/\/api.w.org\/{rel}","templated":true}]}}