{"id":2519,"date":"2024-07-17T10:46:12","date_gmt":"2024-07-17T10:46:12","guid":{"rendered":"https:\/\/www.jinpinlub.com\/?post_type=product&#038;p=2519"},"modified":"2024-08-02T09:06:52","modified_gmt":"2024-08-02T09:06:52","slug":"bomba-de-alivio-de-pressao-j200-para-sistemas-de-lubrificacao-de-linha-unica","status":"publish","type":"product","link":"https:\/\/www.jinpinlub.com\/pt\/product\/j200-pressure-relief-pump-for-single-line-lubrication-systems\/","title":{"rendered":"Bomba de al\u00edvio de press\u00e3o J200 para sistemas de lubrifica\u00e7\u00e3o de linha \u00fanica"},"content":{"rendered":"<h2>Caracter\u00edsticas<\/h2>\n<p>1. Alta efici\u00eancia: O design mec\u00e2nico avan\u00e7ado torna a bomba de lubrifica\u00e7\u00e3o J200 altamente eficiente, trabalhando em alta velocidade e grande capacidade de fluxo, fazendo com que ela entregue rapidamente seu \u00f3leo lubrificante para v\u00e1rios pontos de lubrifica\u00e7\u00e3o em um per\u00edodo de tempo muito curto para garantir que o equipamento funcione sem problemas.<br \/>\n2. Confiabilidade: Material fino e processo de fabrica\u00e7\u00e3o preciso garantem que a bomba tenha excelente resist\u00eancia \u00e0 abras\u00e3o e \u00e0 corros\u00e3o para permitir uma opera\u00e7\u00e3o est\u00e1vel por um longo per\u00edodo de tempo em condi\u00e7\u00f5es de trabalho adversas, al\u00e9m de reduzir os custos de manuten\u00e7\u00e3o.<br \/>\n3. Intelig\u00eancia: A bomba de lubrifica\u00e7\u00e3o J200 foi aplicada em sistemas de lubrifica\u00e7\u00e3o de al\u00edvio de press\u00e3o de linha \u00fanica que ajustam o fluxo e a press\u00e3o do \u00f3leo lubrificante de acordo com as necessidades reais do equipamento, em um esfor\u00e7o para evitar desperd\u00edcio por meio de lubrifica\u00e7\u00e3o precisa.<br \/>\n4. F\u00e1cil manuten\u00e7\u00e3o: A bomba tem um design simples e \u00e9 f\u00e1cil de desmontar para fornecer a manuten\u00e7\u00e3o necess\u00e1ria. Todos os tipos de limpeza di\u00e1ria e trabalho de manuten\u00e7\u00e3o podem ser feitos pelo pr\u00f3prio usu\u00e1rio para sua extens\u00e3o de vida \u00fatil.<\/p>\n<h2>Especifica\u00e7\u00e3o<\/h2>\n<table>\n<tbody>\n<tr>\n<td>Temperatura de opera\u00e7\u00e3o<\/td>\n<td>0~+50\u00b0C<\/td>\n<\/tr>\n<tr>\n<td>N\u00famero de pontos de venda<\/td>\n<td>1, 2<\/td>\n<\/tr>\n<tr>\n<td>Capacidade do reservat\u00f3rio<\/td>\n<td>0,3L, 1,5L(reservat\u00f3rio), 0,3L, 0,7L(Cartucho)<\/td>\n<\/tr>\n<tr>\n<td>Reabastecimento<\/td>\n<td>Conex\u00e3o de lubrifica\u00e7\u00e3o hidr\u00e1ulica<\/td>\n<\/tr>\n<tr>\n<td>Lubrificante<\/td>\n<td>Graxas NLGI grau 000~2#<\/td>\n<\/tr>\n<tr>\n<td>Classe de prote\u00e7\u00e3o<\/td>\n<td>IP54<\/td>\n<\/tr>\n<tr>\n<td>Descarga<\/td>\n<td>15 mL\/minuto<\/td>\n<\/tr>\n<tr>\n<td>Press\u00e3o m\u00e1xima de opera\u00e7\u00e3o<\/td>\n<td>8 MPa<\/td>\n<\/tr>\n<tr>\n<td>Fio de conex\u00e3o<\/td>\n<td>\u03a66 ou \u03a68<\/td>\n<\/tr>\n<tr>\n<td>Tens\u00e3o de opera\u00e7\u00e3o<\/td>\n<td>24 VCC<\/td>\n<\/tr>\n<tr>\n<td>Certifica\u00e7\u00e3o<\/td>\n<td>CE<\/td>\n<\/tr>\n<tr>\n<td>Posi\u00e7\u00e3o de montagem<\/td>\n<td>Em p\u00e9<\/td>\n<\/tr>\n<\/tbody>\n<\/table>\n<h2>Aplica\u00e7\u00f5es<\/h2>\n<p>Fabrica\u00e7\u00e3o: V\u00e1rios tipos de equipamentos mec\u00e2nicos, como m\u00e1quinas-ferramentas, m\u00e1quinas de moldagem por inje\u00e7\u00e3o, m\u00e1quinas de fundi\u00e7\u00e3o sob press\u00e3o, etc. Ela fornece um fluxo constante de \u00f3leo lubrificante, ao mesmo tempo em que garante uma opera\u00e7\u00e3o eficaz do equipamento.<br \/>\nInd\u00fastria de minera\u00e7\u00e3o: fornece lubrifica\u00e7\u00e3o brilhante para m\u00e1quinas pesadas, como elevadores de minas, escavadeiras, etc., reduzindo o desgaste do equipamento e melhorando a efici\u00eancia operacional.<br \/>\nInd\u00fastria de energia: Aplique em conjuntos geradores, gera\u00e7\u00e3o de energia e\u00f3lica e outros equipamentos. Garanta o fornecimento oportuno de \u00f3leo lubrificante para o equipamento e reduza a taxa de falhas do equipamento, garantindo o fornecimento est\u00e1vel de energia.<\/p>\n<h2>Manuais<\/h2>\n<div class=\"sdm_download_button_box_default\"><div class=\"sdm_download_link\"><a href=\"https:\/\/www.jinpinlub.com\/pt\/?sdm_process_download=1&download_id=2464\" class=\"sdm_download white\" title=\"Privado: J200 Grease Pump\" target=\"&quot;_blank&quot;\">Ver Ficha T\u00e9cnica - Bomba de Graxa J200<\/a><\/div><\/div>","protected":false},"excerpt":{"rendered":"<p>A bomba de lubrifica\u00e7\u00e3o J200 \u00e9 usada em sistema de lubrifica\u00e7\u00e3o de linha \u00fanica, com uma press\u00e3o m\u00e1xima de 8MPa, um intervalo m\u00ednimo de lubrifica\u00e7\u00e3o de 5 minutos e uma linha principal m\u00e1xima de 15 metros. Ela desempenha um papel importante em muitos campos com sua alta efici\u00eancia, confiabilidade e f\u00e1cil manuten\u00e7\u00e3o.<\/p>","protected":false},"featured_media":2520,"template":"","meta":{"ocean_post_layout":"","ocean_both_sidebars_style":"","ocean_both_sidebars_content_width":0,"ocean_both_sidebars_sidebars_width":0,"ocean_sidebar":"0","ocean_second_sidebar":"0","ocean_disable_margins":"enable","ocean_add_body_class":"","ocean_shortcode_before_top_bar":"","ocean_shortcode_after_top_bar":"","ocean_shortcode_before_header":"","ocean_shortcode_after_header":"","ocean_has_shortcode":"","ocean_shortcode_after_title":"","ocean_shortcode_before_footer_widgets":"","ocean_shortcode_after_footer_widgets":"","ocean_shortcode_before_footer_bottom":"","ocean_shortcode_after_footer_bottom":"","ocean_display_top_bar":"default","ocean_display_header":"default","ocean_header_style":"","ocean_center_header_left_menu":"0","ocean_custom_header_template":"0","ocean_custom_logo":0,"ocean_custom_retina_logo":0,"ocean_custom_logo_max_width":0,"ocean_custom_logo_tablet_max_width":0,"ocean_custom_logo_mobile_max_width":0,"ocean_custom_logo_max_height":0,"ocean_custom_logo_tablet_max_height":0,"ocean_custom_logo_mobile_max_height":0,"ocean_header_custom_menu":"0","ocean_menu_typo_font_family":"0","ocean_menu_typo_font_subset":"","ocean_menu_typo_font_size":0,"ocean_menu_typo_font_size_tablet":0,"ocean_menu_typo_font_size_mobile":0,"ocean_menu_typo_font_size_unit":"px","ocean_menu_typo_font_weight":"","ocean_menu_typo_font_weight_tablet":"","ocean_menu_typo_font_weight_mobile":"","ocean_menu_typo_transform":"","ocean_menu_typo_transform_tablet":"","ocean_menu_typo_transform_mobile":"","ocean_menu_typo_line_height":0,"ocean_menu_typo_line_height_tablet":0,"ocean_menu_typo_line_height_mobile":0,"ocean_menu_typo_line_height_unit":"","ocean_menu_typo_spacing":0,"ocean_menu_typo_spacing_tablet":0,"ocean_menu_typo_spacing_mobile":0,"ocean_menu_typo_spacing_unit":"","ocean_menu_link_color":"","ocean_menu_link_color_hover":"","ocean_menu_link_color_active":"","ocean_menu_link_background":"","ocean_menu_link_hover_background":"","ocean_menu_link_active_background":"","ocean_menu_social_links_bg":"","ocean_menu_social_hover_links_bg":"","ocean_menu_social_links_color":"","ocean_menu_social_hover_links_color":"","ocean_disable_title":"default","ocean_disable_heading":"default","ocean_post_title":"","ocean_post_subheading":"","ocean_post_title_style":"","ocean_post_title_background_color":"","ocean_post_title_background":0,"ocean_post_title_bg_image_position":"","ocean_post_title_bg_image_attachment":"","ocean_post_title_bg_image_repeat":"","ocean_post_title_bg_image_size":"","ocean_post_title_height":0,"ocean_post_title_bg_overlay":0.5,"ocean_post_title_bg_overlay_color":"","ocean_disable_breadcrumbs":"default","ocean_breadcrumbs_color":"","ocean_breadcrumbs_separator_color":"","ocean_breadcrumbs_links_color":"","ocean_breadcrumbs_links_hover_color":"","ocean_display_footer_widgets":"default","ocean_display_footer_bottom":"default","ocean_custom_footer_template":"0","osh_disable_topbar_sticky":"default","osh_disable_header_sticky":"default","osh_sticky_header_style":"default","osh_sticky_header_effect":"","osh_custom_sticky_logo":0,"osh_custom_retina_sticky_logo":0,"osh_custom_sticky_logo_height":0,"osh_background_color":"","osh_links_color":"","osh_links_hover_color":"","osh_links_active_color":"","osh_links_bg_color":"","osh_links_hover_bg_color":"","osh_links_active_bg_color":"","osh_menu_social_links_color":"","osh_menu_social_hover_links_color":""},"product_brand":[],"product_cat":[38,37],"product_tag":[77,93,92],"class_list":{"0":"post-2519","1":"product","2":"type-product","3":"status-publish","4":"has-post-thumbnail","6":"product_cat-electric-pressure-relief-pumps","7":"product_cat-single-line-grease-systems","8":"product_tag-grease-lubrication-pump","9":"product_tag-pressure-relief-lubrication-pump","10":"product_tag-single-line-lubrication-pump","12":"entry","13":"has-media","15":"first","16":"instock","17":"featured","18":"shipping-taxable","19":"product-type-external","20":"col","21":"span_1_of_3","22":"owp-content-center","23":"owp-thumbs-layout-horizontal","24":"owp-btn-very-big","25":"owp-tabs-layout-horizontal"},"_links":{"self":[{"href":"https:\/\/www.jinpinlub.com\/pt\/wp-json\/wp\/v2\/product\/2519","targetHints":{"allow":["GET"]}}],"collection":[{"href":"https:\/\/www.jinpinlub.com\/pt\/wp-json\/wp\/v2\/product"}],"about":[{"href":"https:\/\/www.jinpinlub.com\/pt\/wp-json\/wp\/v2\/types\/product"}],"wp:featuredmedia":[{"embeddable":true,"href":"https:\/\/www.jinpinlub.com\/pt\/wp-json\/wp\/v2\/media\/2520"}],"wp:attachment":[{"href":"https:\/\/www.jinpinlub.com\/pt\/wp-json\/wp\/v2\/media?parent=2519"}],"wp:term":[{"taxonomy":"product_brand","embeddable":true,"href":"https:\/\/www.jinpinlub.com\/pt\/wp-json\/wp\/v2\/product_brand?post=2519"},{"taxonomy":"product_cat","embeddable":true,"href":"https:\/\/www.jinpinlub.com\/pt\/wp-json\/wp\/v2\/product_cat?post=2519"},{"taxonomy":"product_tag","embeddable":true,"href":"https:\/\/www.jinpinlub.com\/pt\/wp-json\/wp\/v2\/product_tag?post=2519"}],"curies":[{"name":"wp","href":"https:\/\/api.w.org\/{rel}","templated":true}]}}