{"id":2540,"date":"2024-07-17T13:29:01","date_gmt":"2024-07-17T13:29:01","guid":{"rendered":"https:\/\/www.jinpinlub.com\/?post_type=product&#038;p=2540"},"modified":"2025-06-06T19:31:30","modified_gmt":"2025-06-06T11:31:30","slug":"dispositivo-de-dosagem-de-graxa-jsv8-para-sistema-de-lubrificacao-progressiva","status":"publish","type":"product","link":"https:\/\/www.jinpinlub.com\/pt\/produto\/dispositivo-de-dosagem-de-graxa-jsv8-para-sistema-de-lubrificacao-progressiva\/","title":{"rendered":"Dispositivo de medi\u00e7\u00e3o de graxa JSV8 para sistema de lubrifica\u00e7\u00e3o progressiva"},"content":{"rendered":"<h2>Caracter\u00edsticas<\/h2>\n<p>1. Distribuidor progressivo JSV atrav\u00e9s da a\u00e7\u00e3o da sequ\u00eancia do \u00eambolo, ponto progressivo por ponto para descarregar.<br \/>\n2. O volume de medi\u00e7\u00e3o de cada sa\u00edda em cada ciclo \u00e9 de 0,17 mL.<br \/>\n3. Uma sa\u00edda pode ser bloqueada por um plugue de fechamento especial, o que dobra o volume de medi\u00e7\u00e3o da pr\u00f3xima sa\u00edda.<br \/>\n4. \u00c9 poss\u00edvel selecionar de 6 a 20 sa\u00eddas, as sa\u00eddas t\u00eam v\u00e1lvulas unidirecionais para evitar que o lubrificante retorne.<br \/>\n5. F\u00e1cil de monitorar, monitoramento visual ou monitoramento eletr\u00f4nico. \u00c9 f\u00e1cil de substituir e n\u00e3o afeta outros oleodutos.<br \/>\n6. Lubrificantes aplic\u00e1veis: graxa NLGI 000# ~ 2#, \u00f3leo 32-220cSt@40\u2103.<br \/>\n7. A temperatura operacional \u00e9 de -20\u2103~+80\u2103.<\/p>\n<h2>Especifica\u00e7\u00e3o<\/h2>\n<table>\n<tbody>\n<tr>\n<td>Princ\u00edpio de funcionamento<\/td>\n<td>Dispositivos de medi\u00e7\u00e3o<\/td>\n<\/tr>\n<tr>\n<td>N\u00fameros de pontos de venda<\/td>\n<td>6-20<\/td>\n<\/tr>\n<tr>\n<td>Quantidade de medi\u00e7\u00e3o<\/td>\n<td>0,2 mL\/ciclo<\/td>\n<\/tr>\n<tr>\n<td>Lubrificante<\/td>\n<td>Lubrifique at\u00e9 NLGI 2, \u00f3leo 32-220cSt@40\u2103<\/td>\n<\/tr>\n<tr>\n<td>Temperatura de opera\u00e7\u00e3o<\/td>\n<td>\u201320 a +80 \u00b0C<\/td>\n<\/tr>\n<tr>\n<td>Press\u00e3o de opera\u00e7\u00e3o<\/td>\n<td>M\u00e1x. 350 bar<\/td>\n<\/tr>\n<tr>\n<td>Material<\/td>\n<td>Galvanizado preto<\/td>\n<\/tr>\n<tr>\n<td>Entrada de conex\u00e3o<\/td>\n<td>\u03a66\/\u03a68 (M10x1)<\/td>\n<\/tr>\n<tr>\n<td>Tomada de conex\u00e3o<\/td>\n<td>\u03a66\/\u03a68 (M10x1)<\/td>\n<\/tr>\n<tr>\n<td>Posi\u00e7\u00e3o de montagem<\/td>\n<td>Qualquer<\/td>\n<\/tr>\n<\/tbody>\n<\/table>\n<h2>Aplicativo<\/h2>\n<p>1. Constru\u00e7\u00e3o e Minera\u00e7\u00e3o: Nesses campos, o equipamento geralmente opera em ambientes operacionais severos e alta carga. Por exemplo, sob a a\u00e7\u00e3o da lubrifica\u00e7\u00e3o JSV, a opera\u00e7\u00e3o normal do equipamento distribui lubrifica\u00e7\u00e3o confi\u00e1vel.<br \/>\n2. M\u00e1quinas agr\u00edcolas: M\u00e1quinas agr\u00edcolas devem ser lubrificadas com relativa frequ\u00eancia para garantir que as m\u00e1quinas funcionem suavemente. Distribuidores JSV podem operar sob v\u00e1rias condi\u00e7\u00f5es de temperatura e press\u00e3o para se adaptar a diferentes ambientes agr\u00edcolas.<br \/>\n3. Equipamentos industriais: as ind\u00fastrias de manufatura e processamento t\u00eam equipamentos mec\u00e2nicos diversificados que desempenham um papel de lubrifica\u00e7\u00e3o na extens\u00e3o da vida \u00fatil do equipamento mec\u00e2nico e, portanto, na redu\u00e7\u00e3o dos custos associados aos reparos.<br \/>\n4. Energia renov\u00e1vel: Distribuidores para JSV s\u00e3o usados para lubrificar pe\u00e7as importantes em equipamentos de gera\u00e7\u00e3o de energia e\u00f3lica e energia solar para garantir uma opera\u00e7\u00e3o longa, eficiente e est\u00e1vel.<\/p>\n<h2>Manuais<\/h2>\n<div class=\"sdm_download_button_box_default\"><div class=\"sdm_download_link\"><a href=\"https:\/\/www.jinpinlub.com\/pt\/?sdm_process_download=1&download_id=2474\" class=\"sdm_download white\" title=\"Privado: JSV Progressive Distributor\" target=\"&quot;_blank&quot;\">Ver Ficha T\u00e9cnica - Distribuidor JSV<\/a><\/div><\/div>","protected":false},"excerpt":{"rendered":"<p>O distribuidor JSV \u00e9 um dispositivo de medi\u00e7\u00e3o progressiva integral para sistemas de lubrifica\u00e7\u00e3o progressiva. Ele pode ser usado em condi\u00e7\u00f5es de alta contrapress\u00e3o e \u00e9 adequado para diferentes faixas de temperatura. A press\u00e3o m\u00e1xima de opera\u00e7\u00e3o \u00e9 de 350 bar e tem de 6 a 22 sa\u00eddas.<\/p>","protected":false},"featured_media":2544,"template":"","meta":{"ocean_post_layout":"","ocean_both_sidebars_style":"","ocean_both_sidebars_content_width":0,"ocean_both_sidebars_sidebars_width":0,"ocean_sidebar":"0","ocean_second_sidebar":"0","ocean_disable_margins":"enable","ocean_add_body_class":"","ocean_shortcode_before_top_bar":"","ocean_shortcode_after_top_bar":"","ocean_shortcode_before_header":"","ocean_shortcode_after_header":"","ocean_has_shortcode":"","ocean_shortcode_after_title":"","ocean_shortcode_before_footer_widgets":"","ocean_shortcode_after_footer_widgets":"","ocean_shortcode_before_footer_bottom":"","ocean_shortcode_after_footer_bottom":"","ocean_display_top_bar":"default","ocean_display_header":"default","ocean_header_style":"","ocean_center_header_left_menu":"0","ocean_custom_header_template":"0","ocean_custom_logo":0,"ocean_custom_retina_logo":0,"ocean_custom_logo_max_width":0,"ocean_custom_logo_tablet_max_width":0,"ocean_custom_logo_mobile_max_width":0,"ocean_custom_logo_max_height":0,"ocean_custom_logo_tablet_max_height":0,"ocean_custom_logo_mobile_max_height":0,"ocean_header_custom_menu":"0","ocean_menu_typo_font_family":"0","ocean_menu_typo_font_subset":"","ocean_menu_typo_font_size":0,"ocean_menu_typo_font_size_tablet":0,"ocean_menu_typo_font_size_mobile":0,"ocean_menu_typo_font_size_unit":"px","ocean_menu_typo_font_weight":"","ocean_menu_typo_font_weight_tablet":"","ocean_menu_typo_font_weight_mobile":"","ocean_menu_typo_transform":"","ocean_menu_typo_transform_tablet":"","ocean_menu_typo_transform_mobile":"","ocean_menu_typo_line_height":0,"ocean_menu_typo_line_height_tablet":0,"ocean_menu_typo_line_height_mobile":0,"ocean_menu_typo_line_height_unit":"","ocean_menu_typo_spacing":0,"ocean_menu_typo_spacing_tablet":0,"ocean_menu_typo_spacing_mobile":0,"ocean_menu_typo_spacing_unit":"","ocean_menu_link_color":"","ocean_menu_link_color_hover":"","ocean_menu_link_color_active":"","ocean_menu_link_background":"","ocean_menu_link_hover_background":"","ocean_menu_link_active_background":"","ocean_menu_social_links_bg":"","ocean_menu_social_hover_links_bg":"","ocean_menu_social_links_color":"","ocean_menu_social_hover_links_color":"","ocean_disable_title":"default","ocean_disable_heading":"default","ocean_post_title":"","ocean_post_subheading":"","ocean_post_title_style":"","ocean_post_title_background_color":"","ocean_post_title_background":0,"ocean_post_title_bg_image_position":"","ocean_post_title_bg_image_attachment":"","ocean_post_title_bg_image_repeat":"","ocean_post_title_bg_image_size":"","ocean_post_title_height":0,"ocean_post_title_bg_overlay":0.5,"ocean_post_title_bg_overlay_color":"","ocean_disable_breadcrumbs":"default","ocean_breadcrumbs_color":"","ocean_breadcrumbs_separator_color":"","ocean_breadcrumbs_links_color":"","ocean_breadcrumbs_links_hover_color":"","ocean_display_footer_widgets":"default","ocean_display_footer_bottom":"default","ocean_custom_footer_template":"0","osh_disable_topbar_sticky":"default","osh_disable_header_sticky":"default","osh_sticky_header_style":"default","osh_sticky_header_effect":"","osh_custom_sticky_logo":0,"osh_custom_retina_sticky_logo":0,"osh_custom_sticky_logo_height":0,"osh_background_color":"","osh_links_color":"","osh_links_hover_color":"","osh_links_active_color":"","osh_links_bg_color":"","osh_links_hover_bg_color":"","osh_links_active_bg_color":"","osh_menu_social_links_color":"","osh_menu_social_hover_links_color":""},"product_brand":[],"product_cat":[41,44],"product_tag":[101,100,99],"class_list":{"0":"post-2540","1":"product","2":"type-product","3":"status-publish","4":"has-post-thumbnail","6":"product_cat-progressive-grease-systems","7":"product_cat-progressive-grease-dividers","8":"product_tag-grease-distributor-block","9":"product_tag-grease-metering-valve","10":"product_tag-progressive-distributor","12":"entry","13":"has-media","15":"first","16":"instock","17":"shipping-taxable","18":"product-type-external","19":"col","20":"span_1_of_3","21":"owp-content-center","22":"owp-thumbs-layout-horizontal","23":"owp-btn-very-big","24":"owp-tabs-layout-horizontal"},"_links":{"self":[{"href":"https:\/\/www.jinpinlub.com\/pt\/wp-json\/wp\/v2\/product\/2540","targetHints":{"allow":["GET"]}}],"collection":[{"href":"https:\/\/www.jinpinlub.com\/pt\/wp-json\/wp\/v2\/product"}],"about":[{"href":"https:\/\/www.jinpinlub.com\/pt\/wp-json\/wp\/v2\/types\/product"}],"wp:featuredmedia":[{"embeddable":true,"href":"https:\/\/www.jinpinlub.com\/pt\/wp-json\/wp\/v2\/media\/2544"}],"wp:attachment":[{"href":"https:\/\/www.jinpinlub.com\/pt\/wp-json\/wp\/v2\/media?parent=2540"}],"wp:term":[{"taxonomy":"product_brand","embeddable":true,"href":"https:\/\/www.jinpinlub.com\/pt\/wp-json\/wp\/v2\/product_brand?post=2540"},{"taxonomy":"product_cat","embeddable":true,"href":"https:\/\/www.jinpinlub.com\/pt\/wp-json\/wp\/v2\/product_cat?post=2540"},{"taxonomy":"product_tag","embeddable":true,"href":"https:\/\/www.jinpinlub.com\/pt\/wp-json\/wp\/v2\/product_tag?post=2540"}],"curies":[{"name":"wp","href":"https:\/\/api.w.org\/{rel}","templated":true}]}}