{"id":2547,"date":"2024-07-18T09:49:55","date_gmt":"2024-07-18T09:49:55","guid":{"rendered":"https:\/\/www.jinpinlub.com\/?post_type=product&#038;p=2547"},"modified":"2025-04-30T15:28:50","modified_gmt":"2025-04-30T07:28:50","slug":"sml-60-lubrificador-automatico-ajustavel-de-ponto-unico-a-gas","status":"publish","type":"product","link":"https:\/\/www.jinpinlub.com\/pt\/product\/sml-60-gas-driven-adjustable-automatic-single-point-lubricator\/","title":{"rendered":"Lubrificador de ponto \u00fanico autom\u00e1tico ajust\u00e1vel a g\u00e1s SML-60"},"content":{"rendered":"<h2>Caracter\u00edsticas<\/h2>\n<p>1. Pode ser configurado para descarregar automaticamente, uniformemente, no hor\u00e1rio e com precis\u00e3o todos os dias durante 1 a 12 meses.<br \/>\n2. Controle ativamente a lubrifica\u00e7\u00e3o, economize custos de manuten\u00e7\u00e3o do equipamento e evite vazamento de \u00f3leo e polui\u00e7\u00e3o ambiental.<br \/>\n4. Opera\u00e7\u00e3o com bateria seca, n\u00e3o afetada por fatores externos.<br \/>\n5. Reutiliz\u00e1vel e com pre\u00e7o razo\u00e1vel.<br \/>\n6. Opera\u00e7\u00e3o de energia mec\u00e2nica, seguran\u00e7a \u00e0 prova de explos\u00e3o.<br \/>\n7. Pode ser interrompido e continuado conforme necess\u00e1rio a qualquer momento.<br \/>\n8. Recipiente transparente para verificar a capacidade restante a qualquer momento.<\/p>\n<h2>Especifica\u00e7\u00e3o<\/h2>\n<p>Nome: Lubrificador a g\u00e1s SML<br \/>\nM\u00e9todo de condu\u00e7\u00e3o: g\u00e1s eletroqu\u00edmico<br \/>\nPress\u00e3o de trabalho: m\u00e1ximo 5 bar<br \/>\nTempo de esvaziamento: 1-12 meses<br \/>\nDescarga: 0,17-4,17 mL\/dia<br \/>\nTemperatura de trabalho: -20 \u2103~+55 \u2103<br \/>\nLubrificantes: \u00f3leo ou graxa \u2264 NLGI#2<br \/>\nN\u00edvel de prote\u00e7\u00e3o: IP68<br \/>\nVida \u00fatil: 2 anos<br \/>\nTemperatura do invent\u00e1rio: 20 \u2103\u00b1 5 \u2103<br \/>\nPeso cheio: 115g(60mL), 190g(125mL)<br \/>\nCertificado: Certifica\u00e7\u00e3o CE<\/p>\n<h2>Aplica\u00e7\u00f5es<\/h2>\n<p>Rolamentos: garantem que os rolamentos sejam continuamente lubrificados durante a opera\u00e7\u00e3o, reduzindo o desgaste e os custos de manuten\u00e7\u00e3o.<br \/>\nCorrentes: fornecem lubrifica\u00e7\u00e3o cont\u00ednua durante a opera\u00e7\u00e3o da corrente para evitar danos prematuros.<br \/>\nGuias e guias deslizantes: Mantenha as guias funcionando suavemente e reduza o atrito.<br \/>\nBombas e motores: certifique-se de que os principais componentes desses dispositivos estejam devidamente lubrificados para prolongar sua vida \u00fatil.<br \/>\nEngrenagens e fusos: fornecem lubrifica\u00e7\u00e3o precisa para reduzir desgaste e falhas.<br \/>\nSistemas de ventila\u00e7\u00e3o: Utilizados em equipamentos de ventila\u00e7\u00e3o para garantir seu bom funcionamento<\/p>\n<h2>Manuais<\/h2>\n<div class=\"sdm_download_button_box_default\"><div class=\"sdm_download_link\"><a href=\"https:\/\/www.jinpinlub.com\/pt\/?sdm_process_download=1&download_id=2479\" class=\"sdm_download white\" title=\"Privado: SML Single-point Lubricator\" target=\"&quot;_blank&quot;\">Ver Ficha T\u00e9cnica - Lubrificador SML<\/a><\/div><\/div>","protected":false},"excerpt":{"rendered":"<p>O lubrificador SML pode ser instalado em qualquer local m\u00f3vel, vibrat\u00f3rio, subaqu\u00e1tico, de alta altitude ou contaminado, e tamb\u00e9m pode ser instalado de cabe\u00e7a para baixo ou horizontalmente. Este lubrificador \u00e9 normalmente um produto descart\u00e1vel, mas pode ser recarregado at\u00e9 tr\u00eas vezes e \u00e9 f\u00e1cil de descartar ap\u00f3s o uso.<\/p>","protected":false},"featured_media":3182,"template":"","meta":{"ocean_post_layout":"","ocean_both_sidebars_style":"","ocean_both_sidebars_content_width":0,"ocean_both_sidebars_sidebars_width":0,"ocean_sidebar":"0","ocean_second_sidebar":"0","ocean_disable_margins":"enable","ocean_add_body_class":"","ocean_shortcode_before_top_bar":"","ocean_shortcode_after_top_bar":"","ocean_shortcode_before_header":"","ocean_shortcode_after_header":"","ocean_has_shortcode":"","ocean_shortcode_after_title":"","ocean_shortcode_before_footer_widgets":"","ocean_shortcode_after_footer_widgets":"","ocean_shortcode_before_footer_bottom":"","ocean_shortcode_after_footer_bottom":"","ocean_display_top_bar":"default","ocean_display_header":"default","ocean_header_style":"","ocean_center_header_left_menu":"0","ocean_custom_header_template":"0","ocean_custom_logo":0,"ocean_custom_retina_logo":0,"ocean_custom_logo_max_width":0,"ocean_custom_logo_tablet_max_width":0,"ocean_custom_logo_mobile_max_width":0,"ocean_custom_logo_max_height":0,"ocean_custom_logo_tablet_max_height":0,"ocean_custom_logo_mobile_max_height":0,"ocean_header_custom_menu":"0","ocean_menu_typo_font_family":"0","ocean_menu_typo_font_subset":"","ocean_menu_typo_font_size":0,"ocean_menu_typo_font_size_tablet":0,"ocean_menu_typo_font_size_mobile":0,"ocean_menu_typo_font_size_unit":"px","ocean_menu_typo_font_weight":"","ocean_menu_typo_font_weight_tablet":"","ocean_menu_typo_font_weight_mobile":"","ocean_menu_typo_transform":"","ocean_menu_typo_transform_tablet":"","ocean_menu_typo_transform_mobile":"","ocean_menu_typo_line_height":0,"ocean_menu_typo_line_height_tablet":0,"ocean_menu_typo_line_height_mobile":0,"ocean_menu_typo_line_height_unit":"","ocean_menu_typo_spacing":0,"ocean_menu_typo_spacing_tablet":0,"ocean_menu_typo_spacing_mobile":0,"ocean_menu_typo_spacing_unit":"","ocean_menu_link_color":"","ocean_menu_link_color_hover":"","ocean_menu_link_color_active":"","ocean_menu_link_background":"","ocean_menu_link_hover_background":"","ocean_menu_link_active_background":"","ocean_menu_social_links_bg":"","ocean_menu_social_hover_links_bg":"","ocean_menu_social_links_color":"","ocean_menu_social_hover_links_color":"","ocean_disable_title":"default","ocean_disable_heading":"default","ocean_post_title":"","ocean_post_subheading":"","ocean_post_title_style":"","ocean_post_title_background_color":"","ocean_post_title_background":0,"ocean_post_title_bg_image_position":"","ocean_post_title_bg_image_attachment":"","ocean_post_title_bg_image_repeat":"","ocean_post_title_bg_image_size":"","ocean_post_title_height":0,"ocean_post_title_bg_overlay":0.5,"ocean_post_title_bg_overlay_color":"","ocean_disable_breadcrumbs":"default","ocean_breadcrumbs_color":"","ocean_breadcrumbs_separator_color":"","ocean_breadcrumbs_links_color":"","ocean_breadcrumbs_links_hover_color":"","ocean_display_footer_widgets":"default","ocean_display_footer_bottom":"default","ocean_custom_footer_template":"0","osh_disable_topbar_sticky":"default","osh_disable_header_sticky":"default","osh_sticky_header_style":"default","osh_sticky_header_effect":"","osh_custom_sticky_logo":0,"osh_custom_retina_sticky_logo":0,"osh_custom_sticky_logo_height":0,"osh_background_color":"","osh_links_color":"","osh_links_hover_color":"","osh_links_active_color":"","osh_links_bg_color":"","osh_links_hover_bg_color":"","osh_links_active_bg_color":"","osh_menu_social_links_color":"","osh_menu_social_hover_links_color":""},"product_brand":[],"product_cat":[33],"product_tag":[104,102,103],"class_list":{"0":"post-2547","1":"product","2":"type-product","3":"status-publish","4":"has-post-thumbnail","6":"product_cat-single-point-lubricators","7":"product_tag-gas-single-point-lubricator","8":"product_tag-single-point-lubrication-pump","9":"product_tag-single-point-lubricator","11":"entry","12":"has-media","14":"first","15":"instock","16":"featured","17":"shipping-taxable","18":"product-type-external","19":"col","20":"span_1_of_3","21":"owp-content-center","22":"owp-thumbs-layout-horizontal","23":"owp-btn-very-big","24":"owp-tabs-layout-horizontal"},"_links":{"self":[{"href":"https:\/\/www.jinpinlub.com\/pt\/wp-json\/wp\/v2\/product\/2547","targetHints":{"allow":["GET"]}}],"collection":[{"href":"https:\/\/www.jinpinlub.com\/pt\/wp-json\/wp\/v2\/product"}],"about":[{"href":"https:\/\/www.jinpinlub.com\/pt\/wp-json\/wp\/v2\/types\/product"}],"wp:featuredmedia":[{"embeddable":true,"href":"https:\/\/www.jinpinlub.com\/pt\/wp-json\/wp\/v2\/media\/3182"}],"wp:attachment":[{"href":"https:\/\/www.jinpinlub.com\/pt\/wp-json\/wp\/v2\/media?parent=2547"}],"wp:term":[{"taxonomy":"product_brand","embeddable":true,"href":"https:\/\/www.jinpinlub.com\/pt\/wp-json\/wp\/v2\/product_brand?post=2547"},{"taxonomy":"product_cat","embeddable":true,"href":"https:\/\/www.jinpinlub.com\/pt\/wp-json\/wp\/v2\/product_cat?post=2547"},{"taxonomy":"product_tag","embeddable":true,"href":"https:\/\/www.jinpinlub.com\/pt\/wp-json\/wp\/v2\/product_tag?post=2547"}],"curies":[{"name":"wp","href":"https:\/\/api.w.org\/{rel}","templated":true}]}}