{"id":2989,"date":"2024-08-05T18:32:14","date_gmt":"2024-08-05T18:32:14","guid":{"rendered":"https:\/\/www.jinpinlub.com\/?post_type=product&#038;p=2989"},"modified":"2024-08-29T05:35:45","modified_gmt":"2024-08-28T21:35:45","slug":"bomba-de-engrenagem-de-lubrificacao-a-oleo-de-resistencia-eletrica-jdl1-com-sensor","status":"publish","type":"product","link":"https:\/\/www.jinpinlub.com\/pt\/product\/jdl1-electric-resistance-oil-lubrication-gear-pump-with-sensor\/","title":{"rendered":"Bomba de engrenagem de lubrifica\u00e7\u00e3o de \u00f3leo de resist\u00eancia el\u00e9trica JDL1 com sensor"},"content":{"rendered":"<h2>Caracter\u00edsticas<\/h2>\n<p>1. Dois modos de a\u00e7\u00e3o:<br \/>\n\u2460 Lubrifica\u00e7\u00e3o: o tempo de lubrifica\u00e7\u00e3o \u00e9 executado primeiro na partida.<br \/>\n\u2461 Mem\u00f3ria: continua a executar o tempo de intervalo inacabado ao iniciar.<br \/>\n2. O pressostato pode detectar danos no circuito de \u00f3leo.<br \/>\n3. O interruptor de flutua\u00e7\u00e3o pode detectar o n\u00edvel de \u00f3leo e enviar um sinal.<br \/>\n4. O man\u00f4metro pode detectar a press\u00e3o do circuito de \u00f3leo.<br \/>\n5. O temporizador pode ser ajustado e tem uma fun\u00e7\u00e3o de travamento autom\u00e1tico, tempo LUB: 1-999 segundos (minutos), tempo de intervalo: 1-999 minutos (segundos\/horas\/ciclos).<br \/>\n6. O indicador do painel mostra o status da lubrifica\u00e7\u00e3o e do intervalo da bomba.<br \/>\n7. O bot\u00e3o \u201cRST\u201d pode for\u00e7ar a lubrifica\u00e7\u00e3o ou eliminar sinais anormais.<br \/>\n8. O tempo de lubrifica\u00e7\u00e3o deve ser inferior a 2 minutos, o tempo de intervalo deve ser superior a 5 vezes o tempo de lubrifica\u00e7\u00e3o para evitar o acionamento do dispositivo de prote\u00e7\u00e3o contra alta temperatura.<\/p>\n<h2>Especifica\u00e7\u00e3o<\/h2>\n<table>\n<tbody>\n<tr>\n<td>Modelo<\/td>\n<td>JDL1<\/td>\n<\/tr>\n<tr>\n<td>Tempo de lubrifica\u00e7\u00e3o<\/td>\n<td>1-999 minutos<\/td>\n<\/tr>\n<tr>\n<td>Tempo de intervalo<\/td>\n<td>1-999 minutos<\/td>\n<\/tr>\n<tr>\n<td>Temperatura de opera\u00e7\u00e3o<\/td>\n<td>0~+50\u00b0C<\/td>\n<\/tr>\n<tr>\n<td>N\u00famero de pontos de venda<\/td>\n<td>1<\/td>\n<\/tr>\n<tr>\n<td>Capacidade do reservat\u00f3rio<\/td>\n<td>2L, 3L, 4L, 8L<\/td>\n<\/tr>\n<tr>\n<td>Reabastecimento<\/td>\n<td>Do topo<\/td>\n<\/tr>\n<tr>\n<td>Lubrificante<\/td>\n<td>32-68cSt a 40\u2103<\/td>\n<\/tr>\n<tr>\n<td>Pot\u00eancia do motor<\/td>\n<td>30 W<\/td>\n<\/tr>\n<tr>\n<td>Descarga<\/td>\n<td>150 mL\/minuto<\/td>\n<\/tr>\n<tr>\n<td>Press\u00e3o m\u00e1xima de opera\u00e7\u00e3o<\/td>\n<td>1,5 MPa<\/td>\n<\/tr>\n<tr>\n<td>Fio de conex\u00e3o<\/td>\n<td>Sa\u00edda \u03a66<\/td>\n<\/tr>\n<tr>\n<td>Tens\u00e3o de opera\u00e7\u00e3o<\/td>\n<td>110 VCA, 220 VCA<\/td>\n<\/tr>\n<tr>\n<td>Certifica\u00e7\u00e3o<\/td>\n<td>CE<\/td>\n<\/tr>\n<tr>\n<td>Interruptor de baixo n\u00edvel<\/td>\n<td>Contato NC<\/td>\n<\/tr>\n<\/tbody>\n<\/table>\n<h2>Aplica\u00e7\u00f5es<\/h2>\n<p>1. Lubrifica\u00e7\u00e3o de rolamentos: especialmente rolamentos de fuso el\u00e9tricos de alta velocidade.<br \/>\n2. Lubrifica\u00e7\u00e3o da m\u00e1quina de transmiss\u00e3o: apropriada para a parte de transmiss\u00e3o de v\u00e1rios dispositivos mec\u00e2nicos.<br \/>\n3. Lubrifica\u00e7\u00e3o do trilho manual deslizante e da cremalheira: garante o bom funcionamento do dispositivo mec\u00e2nico.<br \/>\n4. Lubrifica\u00e7\u00e3o durante toda a montagem e processamento: melhora o desempenho da produ\u00e7\u00e3o e a vida \u00fatil do dispositivo.<br \/>\n5. Engrenagens, trilhos-guia, correntes e muitos outros. De m\u00e1quinas-ferramentas CNC, tornos, m\u00e1quinas de tecido, elevadores e m\u00e1quinas para trabalhar madeira.<br \/>\n6. Dispositivo de lubrifica\u00e7\u00e3o centralizada para dispositivos de automa\u00e7\u00e3o, como m\u00e1quinas de moldagem por inje\u00e7\u00e3o, m\u00e1quinas de fundi\u00e7\u00e3o sob press\u00e3o, m\u00e1quinas de borracha e ferramentas de dispositivos CNC.<\/p>\n<h2>Manuais<\/h2>\n<div class=\"sdm_download_button_box_default\"><div class=\"sdm_download_link\"><a href=\"https:\/\/www.jinpinlub.com\/pt\/?sdm_process_download=1&download_id=3000\" class=\"sdm_download white\" title=\"Privado: JDL1 Resistance Pump\" target=\"&quot;_blank&quot;\">Ver Ficha T\u00e9cnica - Bomba JDL1<\/a><\/div><\/div>","protected":false},"excerpt":{"rendered":"<p>A bomba de lubrifica\u00e7\u00e3o por resist\u00eancia JDL1 \u00e9 acionada por um motor el\u00e9trico para obter suc\u00e7\u00e3o e entrega de \u00f3leo. O design da bomba de engrenagem permite que ela forne\u00e7a press\u00e3o de sa\u00edda e fluxo est\u00e1veis, e \u00e9 adequada para ocasi\u00f5es que exigem lubrifica\u00e7\u00e3o quantitativa e temporizada.<\/p>","protected":false},"featured_media":2994,"template":"","meta":{"ocean_post_layout":"","ocean_both_sidebars_style":"","ocean_both_sidebars_content_width":0,"ocean_both_sidebars_sidebars_width":0,"ocean_sidebar":"0","ocean_second_sidebar":"0","ocean_disable_margins":"enable","ocean_add_body_class":"","ocean_shortcode_before_top_bar":"","ocean_shortcode_after_top_bar":"","ocean_shortcode_before_header":"","ocean_shortcode_after_header":"","ocean_has_shortcode":"","ocean_shortcode_after_title":"","ocean_shortcode_before_footer_widgets":"","ocean_shortcode_after_footer_widgets":"","ocean_shortcode_before_footer_bottom":"","ocean_shortcode_after_footer_bottom":"","ocean_display_top_bar":"default","ocean_display_header":"default","ocean_header_style":"","ocean_center_header_left_menu":"0","ocean_custom_header_template":"0","ocean_custom_logo":0,"ocean_custom_retina_logo":0,"ocean_custom_logo_max_width":0,"ocean_custom_logo_tablet_max_width":0,"ocean_custom_logo_mobile_max_width":0,"ocean_custom_logo_max_height":0,"ocean_custom_logo_tablet_max_height":0,"ocean_custom_logo_mobile_max_height":0,"ocean_header_custom_menu":"0","ocean_menu_typo_font_family":"0","ocean_menu_typo_font_subset":"","ocean_menu_typo_font_size":0,"ocean_menu_typo_font_size_tablet":0,"ocean_menu_typo_font_size_mobile":0,"ocean_menu_typo_font_size_unit":"px","ocean_menu_typo_font_weight":"","ocean_menu_typo_font_weight_tablet":"","ocean_menu_typo_font_weight_mobile":"","ocean_menu_typo_transform":"","ocean_menu_typo_transform_tablet":"","ocean_menu_typo_transform_mobile":"","ocean_menu_typo_line_height":0,"ocean_menu_typo_line_height_tablet":0,"ocean_menu_typo_line_height_mobile":0,"ocean_menu_typo_line_height_unit":"","ocean_menu_typo_spacing":0,"ocean_menu_typo_spacing_tablet":0,"ocean_menu_typo_spacing_mobile":0,"ocean_menu_typo_spacing_unit":"","ocean_menu_link_color":"","ocean_menu_link_color_hover":"","ocean_menu_link_color_active":"","ocean_menu_link_background":"","ocean_menu_link_hover_background":"","ocean_menu_link_active_background":"","ocean_menu_social_links_bg":"","ocean_menu_social_hover_links_bg":"","ocean_menu_social_links_color":"","ocean_menu_social_hover_links_color":"","ocean_disable_title":"default","ocean_disable_heading":"default","ocean_post_title":"","ocean_post_subheading":"","ocean_post_title_style":"","ocean_post_title_background_color":"","ocean_post_title_background":0,"ocean_post_title_bg_image_position":"","ocean_post_title_bg_image_attachment":"","ocean_post_title_bg_image_repeat":"","ocean_post_title_bg_image_size":"","ocean_post_title_height":0,"ocean_post_title_bg_overlay":0.5,"ocean_post_title_bg_overlay_color":"","ocean_disable_breadcrumbs":"default","ocean_breadcrumbs_color":"","ocean_breadcrumbs_separator_color":"","ocean_breadcrumbs_links_color":"","ocean_breadcrumbs_links_hover_color":"","ocean_display_footer_widgets":"default","ocean_display_footer_bottom":"default","ocean_custom_footer_template":"0","osh_disable_topbar_sticky":"default","osh_disable_header_sticky":"default","osh_sticky_header_style":"default","osh_sticky_header_effect":"","osh_custom_sticky_logo":0,"osh_custom_retina_sticky_logo":0,"osh_custom_sticky_logo_height":0,"osh_background_color":"","osh_links_color":"","osh_links_hover_color":"","osh_links_active_color":"","osh_links_bg_color":"","osh_links_hover_bg_color":"","osh_links_active_bg_color":"","osh_menu_social_links_color":"","osh_menu_social_hover_links_color":""},"product_brand":[],"product_cat":[51,50],"product_tag":[109,108,110],"class_list":{"0":"post-2989","1":"product","2":"type-product","3":"status-publish","4":"has-post-thumbnail","6":"product_cat-electric-resistance-pumps","7":"product_cat-resistance-thin-oil-systems","8":"product_tag-electric-gear-pump","9":"product_tag-resistance-lubrication-pump","10":"product_tag-resistance-lubrication-system","12":"entry","13":"has-media","15":"first","16":"instock","17":"featured","18":"shipping-taxable","19":"product-type-external","20":"col","21":"span_1_of_3","22":"owp-content-center","23":"owp-thumbs-layout-horizontal","24":"owp-btn-very-big","25":"owp-tabs-layout-horizontal"},"_links":{"self":[{"href":"https:\/\/www.jinpinlub.com\/pt\/wp-json\/wp\/v2\/product\/2989","targetHints":{"allow":["GET"]}}],"collection":[{"href":"https:\/\/www.jinpinlub.com\/pt\/wp-json\/wp\/v2\/product"}],"about":[{"href":"https:\/\/www.jinpinlub.com\/pt\/wp-json\/wp\/v2\/types\/product"}],"wp:featuredmedia":[{"embeddable":true,"href":"https:\/\/www.jinpinlub.com\/pt\/wp-json\/wp\/v2\/media\/2994"}],"wp:attachment":[{"href":"https:\/\/www.jinpinlub.com\/pt\/wp-json\/wp\/v2\/media?parent=2989"}],"wp:term":[{"taxonomy":"product_brand","embeddable":true,"href":"https:\/\/www.jinpinlub.com\/pt\/wp-json\/wp\/v2\/product_brand?post=2989"},{"taxonomy":"product_cat","embeddable":true,"href":"https:\/\/www.jinpinlub.com\/pt\/wp-json\/wp\/v2\/product_cat?post=2989"},{"taxonomy":"product_tag","embeddable":true,"href":"https:\/\/www.jinpinlub.com\/pt\/wp-json\/wp\/v2\/product_tag?post=2989"}],"curies":[{"name":"wp","href":"https:\/\/api.w.org\/{rel}","templated":true}]}}