{"id":3009,"date":"2024-08-06T08:05:14","date_gmt":"2024-08-06T08:05:14","guid":{"rendered":"https:\/\/www.jinpinlub.com\/?post_type=product&#038;p=3009"},"modified":"2024-08-29T05:36:12","modified_gmt":"2024-08-28T21:36:12","slug":"bomba-de-oleo-de-lubrificacao-de-engrenagem-de-resistencia-eletrica-jdl2-com-motor","status":"publish","type":"product","link":"https:\/\/www.jinpinlub.com\/pt\/product\/jdl2-electric-resistance-gear-lubrication-oil-pump-with-motor\/","title":{"rendered":"Bomba de \u00f3leo de lubrifica\u00e7\u00e3o de engrenagem de resist\u00eancia el\u00e9trica JDL2 com motor"},"content":{"rendered":"<h2>Caracter\u00edsticas<\/h2>\n<p>1. A lubrifica\u00e7\u00e3o e o tempo de intervalo s\u00e3o controlados pelo CLP host.<br \/>\n2. Um pressostato pode ser instalado para detectar se o circuito de \u00f3leo est\u00e1 danificado.<br \/>\n3. Um interruptor flutuante \u00e9 conectado para detectar o n\u00edvel do l\u00edquido e enviar um sinal automaticamente.<br \/>\n4. Um man\u00f4metro \u00e9 conectado para detectar a press\u00e3o operacional da bomba de \u00f3leo.<br \/>\n5. Uma chave de fornecimento for\u00e7ado de \u00f3leo \u00e9 acoplada para lubrificar continuamente por menos de 3 minutos para evitar sobrecarga do motor.<br \/>\n6. A alta temperatura do motor aciona o dispositivo de prote\u00e7\u00e3o de controle de temperatura e ele desliga por cerca de 10 minutos.<br \/>\n7. Um eliminador de fa\u00edscas pode ser adicionado para suprimir a interfer\u00eancia de tens\u00e3o e fa\u00edscas no CLP.<br \/>\n8. Uma v\u00e1lvula de al\u00edvio \u00e9 fornecida para evitar que a bomba de lubrifica\u00e7\u00e3o e a tubula\u00e7\u00e3o fiquem sob sobrepress\u00e3o.<\/p>\n<h2>Especifica\u00e7\u00e3o<\/h2>\n<table>\n<tbody>\n<tr>\n<td>Modelo<\/td>\n<td>JDL2<\/td>\n<\/tr>\n<tr>\n<td>Temporizador<\/td>\n<td>CLP<\/td>\n<\/tr>\n<tr>\n<td>Temperatura de opera\u00e7\u00e3o<\/td>\n<td>0~+50\u00b0C<\/td>\n<\/tr>\n<tr>\n<td>N\u00famero de pontos de venda<\/td>\n<td>1<\/td>\n<\/tr>\n<tr>\n<td>Capacidade do reservat\u00f3rio<\/td>\n<td>2L, 3L, 4L, 8L<\/td>\n<\/tr>\n<tr>\n<td>Reabastecimento<\/td>\n<td>Do topo<\/td>\n<\/tr>\n<tr>\n<td>Lubrificante<\/td>\n<td>32-68cSt a 40\u2103<\/td>\n<\/tr>\n<tr>\n<td>Pot\u00eancia do motor<\/td>\n<td>30 W<\/td>\n<\/tr>\n<tr>\n<td>Descarga<\/td>\n<td>150 mL\/minuto<\/td>\n<\/tr>\n<tr>\n<td>Press\u00e3o m\u00e1xima de opera\u00e7\u00e3o<\/td>\n<td>1,5 MPa<\/td>\n<\/tr>\n<tr>\n<td>Fio de conex\u00e3o<\/td>\n<td>Sa\u00edda \u03a66<\/td>\n<\/tr>\n<tr>\n<td>Tens\u00e3o de opera\u00e7\u00e3o<\/td>\n<td>110 VCA, 220 VCA<\/td>\n<\/tr>\n<tr>\n<td>Certifica\u00e7\u00e3o<\/td>\n<td>CE<\/td>\n<\/tr>\n<tr>\n<td>Posi\u00e7\u00e3o de montagem<\/td>\n<td>Em p\u00e9<\/td>\n<\/tr>\n<\/tbody>\n<\/table>\n<h2>Aplica\u00e7\u00f5es<\/h2>\n<p><span id=\"input-sentence~0\">Bombas de \u00f3leo el\u00e9tricas s\u00e3o amplamente utilizadas na lubrifica\u00e7\u00e3o centralizada de equipamentos de automa\u00e7\u00e3o.<br \/>\nSistema de moldagem por inje\u00e7\u00e3o: usado para lubrificar os v\u00e1rios componentes m\u00f3veis do dispositivo de moldagem por inje\u00e7\u00e3o para garantir sua opera\u00e7\u00e3o limpa.<br \/>\nSistema de fundi\u00e7\u00e3o sob press\u00e3o: oferece lubrifica\u00e7\u00e3o essencial durante todo o procedimento de fundi\u00e7\u00e3o sob press\u00e3o para reduzir o atrito e o desgaste.<\/span><span id=\"input-sentence~1\"><br \/>\nDispositivo de borracha: usado para lubrifica\u00e7\u00e3o do dispositivo de processamento de borracha para estender a exist\u00eancia do transportador do sistema.<br \/>\nFerramentas de dispositivos CNC: oferecem lubrifica\u00e7\u00e3o espec\u00edfica para ferramentas de sistema CNC para garantir precis\u00e3o e desempenho de processamento.<br \/>\nAs bombas el\u00e9tricas de lubrifica\u00e7\u00e3o de engrenagens geralmente s\u00e3o ecol\u00f3gicas, incorporadas e econ\u00f4micas, al\u00e9m de serem adequadas para v\u00e1rios sistemas de automa\u00e7\u00e3o empresarial.<\/span><\/p>\n<h2>Manuais<\/h2>\n<div class=\"sdm_download_button_box_default\"><div class=\"sdm_download_link\"><a href=\"https:\/\/www.jinpinlub.com\/pt\/?sdm_process_download=1&download_id=3010\" class=\"sdm_download white\" title=\"Privado: JDL2 Resistance Pump\" target=\"&quot;_blank&quot;\">Ver Ficha T\u00e9cnica - Bomba JDL2<\/a><\/div><\/div>","protected":false},"excerpt":{"rendered":"<p>A bomba el\u00e9trica de lubrifica\u00e7\u00e3o de engrenagens a \u00f3leo \u00e9 um dispositivo especialmente projetado para fornecer lubrifica\u00e7\u00e3o para v\u00e1rios equipamentos mec\u00e2nicos, amplamente utilizado em m\u00e1quinas CNC, centros de usinagem, linhas de produ\u00e7\u00e3o, t\u00eaxteis, pl\u00e1sticos, impress\u00e3o, produtos qu\u00edmicos, marcenaria, alimentos e outras ind\u00fastrias.<\/p>","protected":false},"featured_media":3011,"template":"","meta":{"ocean_post_layout":"","ocean_both_sidebars_style":"","ocean_both_sidebars_content_width":0,"ocean_both_sidebars_sidebars_width":0,"ocean_sidebar":"0","ocean_second_sidebar":"0","ocean_disable_margins":"enable","ocean_add_body_class":"","ocean_shortcode_before_top_bar":"","ocean_shortcode_after_top_bar":"","ocean_shortcode_before_header":"","ocean_shortcode_after_header":"","ocean_has_shortcode":"","ocean_shortcode_after_title":"","ocean_shortcode_before_footer_widgets":"","ocean_shortcode_after_footer_widgets":"","ocean_shortcode_before_footer_bottom":"","ocean_shortcode_after_footer_bottom":"","ocean_display_top_bar":"default","ocean_display_header":"default","ocean_header_style":"","ocean_center_header_left_menu":"0","ocean_custom_header_template":"0","ocean_custom_logo":0,"ocean_custom_retina_logo":0,"ocean_custom_logo_max_width":0,"ocean_custom_logo_tablet_max_width":0,"ocean_custom_logo_mobile_max_width":0,"ocean_custom_logo_max_height":0,"ocean_custom_logo_tablet_max_height":0,"ocean_custom_logo_mobile_max_height":0,"ocean_header_custom_menu":"0","ocean_menu_typo_font_family":"0","ocean_menu_typo_font_subset":"","ocean_menu_typo_font_size":0,"ocean_menu_typo_font_size_tablet":0,"ocean_menu_typo_font_size_mobile":0,"ocean_menu_typo_font_size_unit":"px","ocean_menu_typo_font_weight":"","ocean_menu_typo_font_weight_tablet":"","ocean_menu_typo_font_weight_mobile":"","ocean_menu_typo_transform":"","ocean_menu_typo_transform_tablet":"","ocean_menu_typo_transform_mobile":"","ocean_menu_typo_line_height":0,"ocean_menu_typo_line_height_tablet":0,"ocean_menu_typo_line_height_mobile":0,"ocean_menu_typo_line_height_unit":"","ocean_menu_typo_spacing":0,"ocean_menu_typo_spacing_tablet":0,"ocean_menu_typo_spacing_mobile":0,"ocean_menu_typo_spacing_unit":"","ocean_menu_link_color":"","ocean_menu_link_color_hover":"","ocean_menu_link_color_active":"","ocean_menu_link_background":"","ocean_menu_link_hover_background":"","ocean_menu_link_active_background":"","ocean_menu_social_links_bg":"","ocean_menu_social_hover_links_bg":"","ocean_menu_social_links_color":"","ocean_menu_social_hover_links_color":"","ocean_disable_title":"default","ocean_disable_heading":"default","ocean_post_title":"","ocean_post_subheading":"","ocean_post_title_style":"","ocean_post_title_background_color":"","ocean_post_title_background":0,"ocean_post_title_bg_image_position":"","ocean_post_title_bg_image_attachment":"","ocean_post_title_bg_image_repeat":"","ocean_post_title_bg_image_size":"","ocean_post_title_height":0,"ocean_post_title_bg_overlay":0.5,"ocean_post_title_bg_overlay_color":"","ocean_disable_breadcrumbs":"default","ocean_breadcrumbs_color":"","ocean_breadcrumbs_separator_color":"","ocean_breadcrumbs_links_color":"","ocean_breadcrumbs_links_hover_color":"","ocean_display_footer_widgets":"default","ocean_display_footer_bottom":"default","ocean_custom_footer_template":"0","osh_disable_topbar_sticky":"default","osh_disable_header_sticky":"default","osh_sticky_header_style":"default","osh_sticky_header_effect":"","osh_custom_sticky_logo":0,"osh_custom_retina_sticky_logo":0,"osh_custom_sticky_logo_height":0,"osh_background_color":"","osh_links_color":"","osh_links_hover_color":"","osh_links_active_color":"","osh_links_bg_color":"","osh_links_hover_bg_color":"","osh_links_active_bg_color":"","osh_menu_social_links_color":"","osh_menu_social_hover_links_color":""},"product_brand":[],"product_cat":[51,50],"product_tag":[112,113,111],"class_list":{"0":"post-3009","1":"product","2":"type-product","3":"status-publish","4":"has-post-thumbnail","6":"product_cat-electric-resistance-pumps","7":"product_cat-resistance-thin-oil-systems","8":"product_tag-centralized-lubrication-system","9":"product_tag-motor-lubrication-pump","10":"product_tag-oil-lubrication-pump","12":"entry","13":"has-media","15":"first","16":"instock","17":"shipping-taxable","18":"product-type-external","19":"col","20":"span_1_of_3","21":"owp-content-center","22":"owp-thumbs-layout-horizontal","23":"owp-btn-very-big","24":"owp-tabs-layout-horizontal"},"_links":{"self":[{"href":"https:\/\/www.jinpinlub.com\/pt\/wp-json\/wp\/v2\/product\/3009","targetHints":{"allow":["GET"]}}],"collection":[{"href":"https:\/\/www.jinpinlub.com\/pt\/wp-json\/wp\/v2\/product"}],"about":[{"href":"https:\/\/www.jinpinlub.com\/pt\/wp-json\/wp\/v2\/types\/product"}],"wp:featuredmedia":[{"embeddable":true,"href":"https:\/\/www.jinpinlub.com\/pt\/wp-json\/wp\/v2\/media\/3011"}],"wp:attachment":[{"href":"https:\/\/www.jinpinlub.com\/pt\/wp-json\/wp\/v2\/media?parent=3009"}],"wp:term":[{"taxonomy":"product_brand","embeddable":true,"href":"https:\/\/www.jinpinlub.com\/pt\/wp-json\/wp\/v2\/product_brand?post=3009"},{"taxonomy":"product_cat","embeddable":true,"href":"https:\/\/www.jinpinlub.com\/pt\/wp-json\/wp\/v2\/product_cat?post=3009"},{"taxonomy":"product_tag","embeddable":true,"href":"https:\/\/www.jinpinlub.com\/pt\/wp-json\/wp\/v2\/product_tag?post=3009"}],"curies":[{"name":"wp","href":"https:\/\/api.w.org\/{rel}","templated":true}]}}