{"id":3016,"date":"2024-08-06T09:33:15","date_gmt":"2024-08-06T09:33:15","guid":{"rendered":"https:\/\/www.jinpinlub.com\/?post_type=product&#038;p=3016"},"modified":"2024-08-29T05:36:28","modified_gmt":"2024-08-28T21:36:28","slug":"bomba-de-lubrificacao-de-oleo-de-engrenagem-eletrica-de-deslocamento-positivo-jdl3","status":"publish","type":"product","link":"https:\/\/www.jinpinlub.com\/pt\/product\/jdl3-positive-displacement-electric-gear-oil-lubrication-pump\/","title":{"rendered":"Bomba de lubrifica\u00e7\u00e3o de \u00f3leo de engrenagem el\u00e9trica de deslocamento positivo JDL3"},"content":{"rendered":"<h2>Caracter\u00edsticas<\/h2>\n<p>1. O temporizador pode ser ajustado para dois modos de a\u00e7\u00e3o:<br \/>\n\u2460 Lubrifica\u00e7\u00e3o: o tempo de lubrifica\u00e7\u00e3o \u00e9 executado primeiro quando a m\u00e1quina \u00e9 ligada.<br \/>\n\u2461 Mem\u00f3ria: continua a executar o intervalo de tempo anterior quando a energia \u00e9 ligada novamente.<br \/>\n2. Com um interruptor de press\u00e3o, ele pode detectar se o circuito de \u00f3leo est\u00e1 danificado.<br \/>\n3. Com um interruptor flutuante, ele pode detectar o n\u00edvel do l\u00edquido e enviar um sinal automaticamente.<br \/>\n4. Com um man\u00f4metro, ele pode detectar a press\u00e3o de a\u00e7\u00e3o da bomba de \u00f3leo.<br \/>\n5. O tempo do timer pode ser ajustado e possui uma fun\u00e7\u00e3o de travamento autom\u00e1tico para impedir que outras pessoas o operem \u00e0 vontade.<br \/>\n6. O sistema pode usar a tecla \u201cRST\u201d para for\u00e7ar a lubrifica\u00e7\u00e3o ou eliminar sinais de alarme anormais.<br \/>\n7. O tempo m\u00e1ximo de lubrifica\u00e7\u00e3o \u00fanica \u00e9 menor ou igual a 2 minutos, e o tempo de intervalo \u00e9 maior que 5 vezes o tempo de lubrifica\u00e7\u00e3o para evitar sobrecarga do motor.<br \/>\n8. A alta temperatura do motor aciona o dispositivo de prote\u00e7\u00e3o de controle de temperatura e para por cerca de 10 minutos.<\/p>\n<h2>Especifica\u00e7\u00e3o<\/h2>\n<table>\n<tbody>\n<tr>\n<td>Modelo<\/td>\n<td>JDL3<\/td>\n<\/tr>\n<tr>\n<td>Tempo de lubrifica\u00e7\u00e3o<\/td>\n<td>1-999 minutos<\/td>\n<\/tr>\n<tr>\n<td>Tempo de intervalo<\/td>\n<td>1-999 minutos<\/td>\n<\/tr>\n<tr>\n<td>Temperatura de opera\u00e7\u00e3o<\/td>\n<td>0~+50\u00b0C<\/td>\n<\/tr>\n<tr>\n<td>N\u00famero de pontos de venda<\/td>\n<td>1<\/td>\n<\/tr>\n<tr>\n<td>Capacidade do reservat\u00f3rio<\/td>\n<td>2L, 3L, 4L, 8L<\/td>\n<\/tr>\n<tr>\n<td>Reabastecimento<\/td>\n<td>Do topo<\/td>\n<\/tr>\n<tr>\n<td>Lubrificante<\/td>\n<td>32-68cSt a 40\u2103<\/td>\n<\/tr>\n<tr>\n<td>Pot\u00eancia do motor<\/td>\n<td>30 W<\/td>\n<\/tr>\n<tr>\n<td>Descarga<\/td>\n<td>150 mL\/minuto<\/td>\n<\/tr>\n<tr>\n<td>Press\u00e3o m\u00e1xima de opera\u00e7\u00e3o<\/td>\n<td>1,8 MPa<\/td>\n<\/tr>\n<tr>\n<td>Fio de conex\u00e3o<\/td>\n<td>Sa\u00edda \u03a66<\/td>\n<\/tr>\n<tr>\n<td>Tens\u00e3o de opera\u00e7\u00e3o<\/td>\n<td>110 VCA, 220 VCA<\/td>\n<\/tr>\n<tr>\n<td>Certifica\u00e7\u00e3o<\/td>\n<td>CE<\/td>\n<\/tr>\n<tr>\n<td>Interruptor de baixo n\u00edvel<\/td>\n<td>Contato NC<\/td>\n<\/tr>\n<\/tbody>\n<\/table>\n<h2>Aplica\u00e7\u00f5es<\/h2>\n<p><span id=\"input-sentence~0\">A bomba de lubrifica\u00e7\u00e3o a \u00f3leo de deslocamento positivo JDL3 encontra ampla aplica\u00e7\u00e3o em todos os tipos de equipamentos mec\u00e2nicos.<br \/>\n1. M\u00e1quinas-ferramentas: suavizam a opera\u00e7\u00e3o de v\u00e1rias partes m\u00f3veis das m\u00e1quinas-ferramentas lubrificando-as.<br \/>\n2. M\u00e1quinas de \u00eambolo: a bomba de lubrifica\u00e7\u00e3o de \u00f3leo de deslocamento positivo garante lubrifica\u00e7\u00e3o est\u00e1vel e reduz o desgaste por atrito em m\u00e1quinas de \u00eambolo.<\/span><span id=\"input-sentence~1\"><br \/>\n3. Equipamento de fundi\u00e7\u00e3o sob press\u00e3o: no processo de fundi\u00e7\u00e3o sob press\u00e3o de alta temperatura e alta press\u00e3o, a bomba de lubrifica\u00e7\u00e3o pode reduzir efetivamente o atrito e o ac\u00famulo de calor.<br \/>\n4. M\u00e1quinas t\u00eaxteis: usadas para lubrifica\u00e7\u00e3o de m\u00e1quinas t\u00eaxteis para garantir uma opera\u00e7\u00e3o suave e dur\u00e1vel com alta velocidade.<br \/>\n5. M\u00e1quinas para trabalhar madeira: Em m\u00e1quinas para trabalhar madeira, uma bomba de lubrifica\u00e7\u00e3o pode prolongar a vida \u00fatil do equipamento.<br \/>\n6. M\u00e1quinas de impress\u00e3o: Garanta a lubrifica\u00e7\u00e3o completa de todas as pe\u00e7as das m\u00e1quinas de impress\u00e3o em alta velocidade.<br \/>\n7. M\u00e1quinas de alimentos e embalagens: A bomba de lubrifica\u00e7\u00e3o pode manter as m\u00e1quinas de alimentos e embalagens limpas e funcionando de forma eficiente.<\/span><\/p>\n<h2>Manuais<\/h2>\n<div class=\"sdm_download_button_box_default\"><div class=\"sdm_download_link\"><a href=\"https:\/\/www.jinpinlub.com\/pt\/?sdm_process_download=1&download_id=3015\" class=\"sdm_download white\" title=\"Privado: JDL3 Volumetric Oil Pump\" target=\"&quot;_blank&quot;\">Ver Ficha T\u00e9cnica - Bomba JDL3<\/a><\/div><\/div>","protected":false},"excerpt":{"rendered":"<p>A bomba de lubrifica\u00e7\u00e3o de \u00f3leo de deslocamento positivo JDL3 \u00e9 um sistema de lubrifica\u00e7\u00e3o usado em equipamentos mec\u00e2nicos. Sua principal caracter\u00edstica \u00e9 o controle preciso do fornecimento de \u00f3leo lubrificante por meio de distribuidores de deslocamento positivo.<\/p>","protected":false},"featured_media":3017,"template":"","meta":{"ocean_post_layout":"","ocean_both_sidebars_style":"","ocean_both_sidebars_content_width":0,"ocean_both_sidebars_sidebars_width":0,"ocean_sidebar":"0","ocean_second_sidebar":"0","ocean_disable_margins":"enable","ocean_add_body_class":"","ocean_shortcode_before_top_bar":"","ocean_shortcode_after_top_bar":"","ocean_shortcode_before_header":"","ocean_shortcode_after_header":"","ocean_has_shortcode":"","ocean_shortcode_after_title":"","ocean_shortcode_before_footer_widgets":"","ocean_shortcode_after_footer_widgets":"","ocean_shortcode_before_footer_bottom":"","ocean_shortcode_after_footer_bottom":"","ocean_display_top_bar":"default","ocean_display_header":"default","ocean_header_style":"","ocean_center_header_left_menu":"0","ocean_custom_header_template":"0","ocean_custom_logo":0,"ocean_custom_retina_logo":0,"ocean_custom_logo_max_width":0,"ocean_custom_logo_tablet_max_width":0,"ocean_custom_logo_mobile_max_width":0,"ocean_custom_logo_max_height":0,"ocean_custom_logo_tablet_max_height":0,"ocean_custom_logo_mobile_max_height":0,"ocean_header_custom_menu":"0","ocean_menu_typo_font_family":"0","ocean_menu_typo_font_subset":"","ocean_menu_typo_font_size":0,"ocean_menu_typo_font_size_tablet":0,"ocean_menu_typo_font_size_mobile":0,"ocean_menu_typo_font_size_unit":"px","ocean_menu_typo_font_weight":"","ocean_menu_typo_font_weight_tablet":"","ocean_menu_typo_font_weight_mobile":"","ocean_menu_typo_transform":"","ocean_menu_typo_transform_tablet":"","ocean_menu_typo_transform_mobile":"","ocean_menu_typo_line_height":0,"ocean_menu_typo_line_height_tablet":0,"ocean_menu_typo_line_height_mobile":0,"ocean_menu_typo_line_height_unit":"","ocean_menu_typo_spacing":0,"ocean_menu_typo_spacing_tablet":0,"ocean_menu_typo_spacing_mobile":0,"ocean_menu_typo_spacing_unit":"","ocean_menu_link_color":"","ocean_menu_link_color_hover":"","ocean_menu_link_color_active":"","ocean_menu_link_background":"","ocean_menu_link_hover_background":"","ocean_menu_link_active_background":"","ocean_menu_social_links_bg":"","ocean_menu_social_hover_links_bg":"","ocean_menu_social_links_color":"","ocean_menu_social_hover_links_color":"","ocean_disable_title":"default","ocean_disable_heading":"default","ocean_post_title":"","ocean_post_subheading":"","ocean_post_title_style":"","ocean_post_title_background_color":"","ocean_post_title_background":0,"ocean_post_title_bg_image_position":"","ocean_post_title_bg_image_attachment":"","ocean_post_title_bg_image_repeat":"","ocean_post_title_bg_image_size":"","ocean_post_title_height":0,"ocean_post_title_bg_overlay":0.5,"ocean_post_title_bg_overlay_color":"","ocean_disable_breadcrumbs":"default","ocean_breadcrumbs_color":"","ocean_breadcrumbs_separator_color":"","ocean_breadcrumbs_links_color":"","ocean_breadcrumbs_links_hover_color":"","ocean_display_footer_widgets":"default","ocean_display_footer_bottom":"default","ocean_custom_footer_template":"0","osh_disable_topbar_sticky":"default","osh_disable_header_sticky":"default","osh_sticky_header_style":"default","osh_sticky_header_effect":"","osh_custom_sticky_logo":0,"osh_custom_retina_sticky_logo":0,"osh_custom_sticky_logo_height":0,"osh_background_color":"","osh_links_color":"","osh_links_hover_color":"","osh_links_active_color":"","osh_links_bg_color":"","osh_links_hover_bg_color":"","osh_links_active_bg_color":"","osh_menu_social_links_color":"","osh_menu_social_hover_links_color":""},"product_brand":[],"product_cat":[48,47],"product_tag":[111,114,96],"class_list":{"0":"post-3016","1":"product","2":"type-product","3":"status-publish","4":"has-post-thumbnail","6":"product_cat-electric-volumetric-pumps","7":"product_cat-volumetric-thin-oil-systems","8":"product_tag-oil-lubrication-pump","9":"product_tag-oil-lubrication-system","10":"product_tag-volumetric-lubrication-pump","12":"entry","13":"has-media","15":"first","16":"instock","17":"shipping-taxable","18":"product-type-external","19":"col","20":"span_1_of_3","21":"owp-content-center","22":"owp-thumbs-layout-horizontal","23":"owp-btn-very-big","24":"owp-tabs-layout-horizontal"},"_links":{"self":[{"href":"https:\/\/www.jinpinlub.com\/pt\/wp-json\/wp\/v2\/product\/3016","targetHints":{"allow":["GET"]}}],"collection":[{"href":"https:\/\/www.jinpinlub.com\/pt\/wp-json\/wp\/v2\/product"}],"about":[{"href":"https:\/\/www.jinpinlub.com\/pt\/wp-json\/wp\/v2\/types\/product"}],"wp:featuredmedia":[{"embeddable":true,"href":"https:\/\/www.jinpinlub.com\/pt\/wp-json\/wp\/v2\/media\/3017"}],"wp:attachment":[{"href":"https:\/\/www.jinpinlub.com\/pt\/wp-json\/wp\/v2\/media?parent=3016"}],"wp:term":[{"taxonomy":"product_brand","embeddable":true,"href":"https:\/\/www.jinpinlub.com\/pt\/wp-json\/wp\/v2\/product_brand?post=3016"},{"taxonomy":"product_cat","embeddable":true,"href":"https:\/\/www.jinpinlub.com\/pt\/wp-json\/wp\/v2\/product_cat?post=3016"},{"taxonomy":"product_tag","embeddable":true,"href":"https:\/\/www.jinpinlub.com\/pt\/wp-json\/wp\/v2\/product_tag?post=3016"}],"curies":[{"name":"wp","href":"https:\/\/api.w.org\/{rel}","templated":true}]}}