{"id":3028,"date":"2024-08-06T15:50:15","date_gmt":"2024-08-06T15:50:15","guid":{"rendered":"https:\/\/www.jinpinlub.com\/?post_type=product&#038;p=3028"},"modified":"2024-08-06T16:32:32","modified_gmt":"2024-08-06T16:32:32","slug":"hgh-84-mpa-tres-camadas-de-fibra-lubrificante-de-resina-mangueira-de-alta-pressao","status":"publish","type":"product","link":"https:\/\/www.jinpinlub.com\/pt\/product\/hgh-84-mpa-three-layer-fiber-resin-lubricant-high-pressure-hose\/","title":{"rendered":"Mangueira de alta press\u00e3o lubrificante de resina de fibra de tr\u00eas camadas HGH 84MPa"},"content":{"rendered":"<h2>Caracter\u00edsticas<\/h2>\n<p>A mangueira de graxa de alta press\u00e3o HGH 84MPa \u00e9 uma mangueira especialmente projetada para aplica\u00e7\u00f5es de alta press\u00e3o, geralmente usada em sistemas hidr\u00e1ulicos, sistemas de lubrifica\u00e7\u00e3o e outras ocasi\u00f5es que exigem transmiss\u00e3o de alta press\u00e3o.<br \/>\n1. Capacidade de suporte de alta press\u00e3o: pode suportar press\u00f5es de trabalho de at\u00e9 84 MPa.<br \/>\n2. Resist\u00eancia \u00e0 corros\u00e3o: geralmente feito de materiais resistentes \u00e0 corros\u00e3o, adequado para v\u00e1rios ambientes adversos.<br \/>\n3. Flexibilidade: tem boa flexibilidade, f\u00e1cil de instalar e usar.<br \/>\n4. Longa vida \u00fatil: projetado com longa vida \u00fatil, pode ser usado por muito tempo em ambientes de alta press\u00e3o.<\/p>\n<h2>Especifica\u00e7\u00e3o<\/h2>\n<table>\n<tbody>\n<tr>\n<td>Modelo<\/td>\n<td>HGH40, HGH63<\/td>\n<\/tr>\n<tr>\n<td>Espessura da mangueira<\/td>\n<td>HGH40-2,3 mm, HGH63-2,45 mm<\/td>\n<\/tr>\n<tr>\n<td>Di\u00e2metro interno da mangueira<\/td>\n<td>HGH40-4,0 mm, HGH63-6,3 mm<\/td>\n<\/tr>\n<tr>\n<td>Di\u00e2metro externo da mangueira<\/td>\n<td>HGH40-8,6 mm, HGH63-11,3 mm<\/td>\n<\/tr>\n<tr>\n<td>Peso por metro<\/td>\n<td>HGH40-53g, HGH63-79g<\/td>\n<\/tr>\n<tr>\n<td>Comprimento do rolo<\/td>\n<td>200m\/rolo<\/td>\n<\/tr>\n<tr>\n<td>Temperatura de opera\u00e7\u00e3o<\/td>\n<td>(-40\u2103 +80\u2103)<\/td>\n<\/tr>\n<tr>\n<td>Press\u00e3o m\u00ednima de ruptura<\/td>\n<td>84 MPa<\/td>\n<\/tr>\n<\/tbody>\n<\/table>\n<h2>Aplicativo<\/h2>\n<p>1. Sistema hidr\u00e1ulico: O sistema de transmiss\u00e3o de \u00f3leo hidr\u00e1ulico de alta press\u00e3o encontra sua aplica\u00e7\u00e3o em m\u00e1quinas de engenharia, equipamentos de constru\u00e7\u00e3o e sistemas de automa\u00e7\u00e3o industrial na mais ampla escala.<br \/>\n2. Sistema de lubrifica\u00e7\u00e3o: A finalidade \u00e9 a lubrifica\u00e7\u00e3o de alta press\u00e3o, usada principalmente para dispositivos de \u00faltima gera\u00e7\u00e3o, como grandes m\u00e1quinas e equipamentos industriais.<br \/>\n3. Perfura\u00e7\u00e3o e minera\u00e7\u00e3o: a transmiss\u00e3o de lubrificante de fluido de alta press\u00e3o garante que o equipamento funcione normalmente em ambientes hostis.<br \/>\n4. Ind\u00fastria de petr\u00f3leo e g\u00e1s: usada para transmiss\u00e3o de alta press\u00e3o de \u00f3leos, gases e outros produtos qu\u00edmicos para se adaptar a condi\u00e7\u00f5es de trabalho adversas.<br \/>\n5. Ind\u00fastria qu\u00edmica: usada para transmiss\u00e3o de alta press\u00e3o de l\u00edquidos e gases corrosivos para garantir seguran\u00e7a e efici\u00eancia.<\/p>\n<h2>Manuais<\/h2>\n<div class=\"sdm_download_button_box_default\"><div class=\"sdm_download_link\"><a href=\"https:\/\/www.jinpinlub.com\/pt\/?sdm_process_download=1&download_id=3029\" class=\"sdm_download white\" title=\"Privado: HGH high-pressure hose\" target=\"&quot;_blank&quot;\">Ver Ficha T\u00e9cnica - Mangueira HGH<\/a><\/div><\/div>","protected":false},"excerpt":{"rendered":"<p>A mangueira consiste em um tubo interno (nylon PA11), uma camada intermedi\u00e1ria (fibra sint\u00e9tica) e uma camada externa (poliuretano flex\u00edvel). A mangueira \u00e9 leve e macia, com um tubo interno liso, baixa resist\u00eancia ao fluxo m\u00e9dio e boa resist\u00eancia qu\u00edmica e resist\u00eancia ao impacto.<\/p>","protected":false},"featured_media":3031,"template":"","meta":{"ocean_post_layout":"","ocean_both_sidebars_style":"","ocean_both_sidebars_content_width":0,"ocean_both_sidebars_sidebars_width":0,"ocean_sidebar":"0","ocean_second_sidebar":"0","ocean_disable_margins":"enable","ocean_add_body_class":"","ocean_shortcode_before_top_bar":"","ocean_shortcode_after_top_bar":"","ocean_shortcode_before_header":"","ocean_shortcode_after_header":"","ocean_has_shortcode":"","ocean_shortcode_after_title":"","ocean_shortcode_before_footer_widgets":"","ocean_shortcode_after_footer_widgets":"","ocean_shortcode_before_footer_bottom":"","ocean_shortcode_after_footer_bottom":"","ocean_display_top_bar":"default","ocean_display_header":"default","ocean_header_style":"","ocean_center_header_left_menu":"0","ocean_custom_header_template":"0","ocean_custom_logo":0,"ocean_custom_retina_logo":0,"ocean_custom_logo_max_width":0,"ocean_custom_logo_tablet_max_width":0,"ocean_custom_logo_mobile_max_width":0,"ocean_custom_logo_max_height":0,"ocean_custom_logo_tablet_max_height":0,"ocean_custom_logo_mobile_max_height":0,"ocean_header_custom_menu":"0","ocean_menu_typo_font_family":"0","ocean_menu_typo_font_subset":"","ocean_menu_typo_font_size":0,"ocean_menu_typo_font_size_tablet":0,"ocean_menu_typo_font_size_mobile":0,"ocean_menu_typo_font_size_unit":"px","ocean_menu_typo_font_weight":"","ocean_menu_typo_font_weight_tablet":"","ocean_menu_typo_font_weight_mobile":"","ocean_menu_typo_transform":"","ocean_menu_typo_transform_tablet":"","ocean_menu_typo_transform_mobile":"","ocean_menu_typo_line_height":0,"ocean_menu_typo_line_height_tablet":0,"ocean_menu_typo_line_height_mobile":0,"ocean_menu_typo_line_height_unit":"","ocean_menu_typo_spacing":0,"ocean_menu_typo_spacing_tablet":0,"ocean_menu_typo_spacing_mobile":0,"ocean_menu_typo_spacing_unit":"","ocean_menu_link_color":"","ocean_menu_link_color_hover":"","ocean_menu_link_color_active":"","ocean_menu_link_background":"","ocean_menu_link_hover_background":"","ocean_menu_link_active_background":"","ocean_menu_social_links_bg":"","ocean_menu_social_hover_links_bg":"","ocean_menu_social_links_color":"","ocean_menu_social_hover_links_color":"","ocean_disable_title":"default","ocean_disable_heading":"default","ocean_post_title":"","ocean_post_subheading":"","ocean_post_title_style":"","ocean_post_title_background_color":"","ocean_post_title_background":0,"ocean_post_title_bg_image_position":"","ocean_post_title_bg_image_attachment":"","ocean_post_title_bg_image_repeat":"","ocean_post_title_bg_image_size":"","ocean_post_title_height":0,"ocean_post_title_bg_overlay":0.5,"ocean_post_title_bg_overlay_color":"","ocean_disable_breadcrumbs":"default","ocean_breadcrumbs_color":"","ocean_breadcrumbs_separator_color":"","ocean_breadcrumbs_links_color":"","ocean_breadcrumbs_links_hover_color":"","ocean_display_footer_widgets":"default","ocean_display_footer_bottom":"default","ocean_custom_footer_template":"0","osh_disable_topbar_sticky":"default","osh_disable_header_sticky":"default","osh_sticky_header_style":"default","osh_sticky_header_effect":"","osh_custom_sticky_logo":0,"osh_custom_retina_sticky_logo":0,"osh_custom_sticky_logo_height":0,"osh_background_color":"","osh_links_color":"","osh_links_hover_color":"","osh_links_active_color":"","osh_links_bg_color":"","osh_links_hover_bg_color":"","osh_links_active_bg_color":"","osh_menu_social_links_color":"","osh_menu_social_hover_links_color":""},"product_brand":[],"product_cat":[31],"product_tag":[117,119,118],"class_list":{"0":"post-3028","1":"product","2":"type-product","3":"status-publish","4":"has-post-thumbnail","6":"product_cat-lube-system-accessories","7":"product_tag-grease-hose","8":"product_tag-high-pressure-hose","9":"product_tag-lubrication-system-hose","11":"entry","12":"has-media","14":"first","15":"instock","16":"shipping-taxable","17":"product-type-external","18":"col","19":"span_1_of_3","20":"owp-content-center","21":"owp-thumbs-layout-horizontal","22":"owp-btn-very-big","23":"owp-tabs-layout-horizontal"},"_links":{"self":[{"href":"https:\/\/www.jinpinlub.com\/pt\/wp-json\/wp\/v2\/product\/3028","targetHints":{"allow":["GET"]}}],"collection":[{"href":"https:\/\/www.jinpinlub.com\/pt\/wp-json\/wp\/v2\/product"}],"about":[{"href":"https:\/\/www.jinpinlub.com\/pt\/wp-json\/wp\/v2\/types\/product"}],"wp:featuredmedia":[{"embeddable":true,"href":"https:\/\/www.jinpinlub.com\/pt\/wp-json\/wp\/v2\/media\/3031"}],"wp:attachment":[{"href":"https:\/\/www.jinpinlub.com\/pt\/wp-json\/wp\/v2\/media?parent=3028"}],"wp:term":[{"taxonomy":"product_brand","embeddable":true,"href":"https:\/\/www.jinpinlub.com\/pt\/wp-json\/wp\/v2\/product_brand?post=3028"},{"taxonomy":"product_cat","embeddable":true,"href":"https:\/\/www.jinpinlub.com\/pt\/wp-json\/wp\/v2\/product_cat?post=3028"},{"taxonomy":"product_tag","embeddable":true,"href":"https:\/\/www.jinpinlub.com\/pt\/wp-json\/wp\/v2\/product_tag?post=3028"}],"curies":[{"name":"wp","href":"https:\/\/api.w.org\/{rel}","templated":true}]}}